{"id":1057,"date":"2020-01-27T13:21:48","date_gmt":"2020-01-27T12:21:48","guid":{"rendered":"http:\/\/localhost\/yogashri\/neu\/online\/?page_id=1057"},"modified":"2020-02-23T21:49:58","modified_gmt":"2020-02-23T20:49:58","slug":"die-zeit-mit-shri-prakash-ji-im-mai-2019","status":"publish","type":"page","link":"http:\/\/yoga-shri.de\/index.php\/veranstaltungen-in-berlin-und-treffen-mit-shri-prakash-ji-weltweit\/die-zeit-mit-shri-prakash-ji-im-mai-2019\/","title":{"rendered":"Die Zeit mit Shri Prakash Ji im Mai 2019"},"content":{"rendered":"<p><img decoding=\"async\" loading=\"lazy\" class=\"wp-image-1531 aligncenter\" src=\"http:\/\/localhost\/yogashri\/neu\/online\/wp-content\/uploads\/2020\/02\/Segen-von-Shri-Prakash-Ji_Berlin_Mai-2019.jpg\" alt=\"\" width=\"735\" height=\"285\" srcset=\"http:\/\/yoga-shri.de\/wp-content\/uploads\/2020\/02\/Segen-von-Shri-Prakash-Ji_Berlin_Mai-2019.jpg 800w, http:\/\/yoga-shri.de\/wp-content\/uploads\/2020\/02\/Segen-von-Shri-Prakash-Ji_Berlin_Mai-2019-300x116.jpg 300w, http:\/\/yoga-shri.de\/wp-content\/uploads\/2020\/02\/Segen-von-Shri-Prakash-Ji_Berlin_Mai-2019-768x298.jpg 768w\" sizes=\"(max-width: 735px) 100vw, 735px\" \/><\/p>\n<p>Der spirituelle Lehrer Shri Prakash Ji, der Leiter des &#8222;Spiritual and Cultural Centre Shri Prakash Dham&#8220;, das sich der Pflege der indischen geistigen Kultur widmet, besuchte k\u00fcrzlich die deutsche Hauptstadt Berlin.<\/p>\n<p>Am 18. und 19. Mai kamen zahlreiche Berliner und G\u00e4ste der Hauptstadt in das Indische Kulturzentrum \u201eShri Prakash Dham e.V.\u201c nach Berlin-Lichtenberg, um Shri Prakash Ji bei pers\u00f6nlichen Gespr\u00e4chen und einem Satsang zu begegnen.<\/p>\n<p><strong>Darshan<\/strong><\/p>\n<p>Wie an jedem Donnerstag trafen sich Sch\u00fcler von Shri Praksh Ji auch am 16. Mai zur gemeinsamen Meditations\u00fcbung, dem Anschauen einer Videoaufzeichnung eines Satsangs und der Aarti im Altarraum des Vereins. Im Anschluss begr\u00fc\u00dfte unser geistiger Lehrer, Shri Prakash Ji, die Sch\u00fcler mit einem Darshan. Er begr\u00fc\u00dfte alle mit herzlichen Worten und reichte Prasad aus. Shrimati Shivani Ji, die Ehefrau unseres Lehrers, wurde ebenso herzlich begr\u00fc\u00dft. Sie verbrachte einige Zeit mit den Bhaktas und erz\u00e4hlte \u00fcber Neuigkeiten im Ashram und in ihrer Familie.<\/p>\n<p><strong>Pers\u00f6nliche Begegnungen<\/strong><\/p>\n<p>Am Samstag und Sonntag gab es dann die M\u00f6glichkeit, den Sadguru pers\u00f6nlich zu sprechen. An beiden Tagen kamen viele Sch\u00fcler und Anh\u00e4nger von Shri Prakash Ji aus Berlin und ganz Deutschland, einige reisten aus Litauen, Ungarn, \u00d6sterreich und Russland an.<\/p>\n<p>Einige seiner Sch\u00fcler besuchten den Lehrer gemeinsam mit ihren Familien, Kindern und Enkeln.<\/p>\n<p>Der Lehrer stand jedem und jeder mit Anleitung, Motivation und Segen f\u00fcr die weitere spirituelle Entwicklung zur Seite. Er ist ein exzellenter Zuh\u00f6rer und interessiert sich f\u00fcr die Erfolge und das Vorankommen, aber auch die allt\u00e4glichen Sorgen und N\u00f6te seiner Gespr\u00e4chspartner. Er gibt allen die Hoffnung, dass es auch aus schwierigsten Situationen einen Ausweg gibt. Die allermeisten Besucher versp\u00fcrten eine gro\u00dfe seelische Freude \u00fcber die Begegnung mit diesem herzlichen, guten Menschen.<\/p>\n<p>Auch dieses Mal<\/p>\n<p><img decoding=\"async\" loading=\"lazy\" class=\"alignright wp-image-1532 \" src=\"http:\/\/localhost\/yogashri\/neu\/online\/wp-content\/uploads\/2020\/02\/Mai-2019.jpg\" alt=\"\" width=\"267\" height=\"259\" srcset=\"http:\/\/yoga-shri.de\/wp-content\/uploads\/2020\/02\/Mai-2019.jpg 618w, http:\/\/yoga-shri.de\/wp-content\/uploads\/2020\/02\/Mai-2019-300x291.jpg 300w\" sizes=\"(max-width: 267px) 100vw, 267px\" \/><\/p>\n<p>nahm der Lehrer neue Sch\u00fcler auf, denen er Einweihung in die Mediation und die spirituelle Praxis gab. Die Neusch\u00fcler lie\u00dfen ihre Mala, die Gebetskette f\u00fcr ihre Sadhana, die Jap Praxis, von Shri Prakash Ji segnen.<\/p>\n<p>Jeder Besucher erhielt heilsame Segnungen sowie Prasad, gesegnete Fr\u00fcchte, pers\u00f6nlich vom Lehrer.<\/p>\n<p>Besucher, die zum ersten Mal in das Zentrum kamen, wurden durch Sch\u00fclerinnen und Sch\u00fcler von Shri Praksh Ji begr\u00fc\u00dft, und ihre Fragen wurden ausf\u00fchrlich beantwortet, zum Beispiel, wie man die Gebetskette benutzt, was bei der geistigen Praxis wichtig ist und anderes.<\/p>\n<p><strong>Satsang<\/strong><\/p>\n<p>Shri Prakash Ji gab am Sonntag, dem 19. Mai 2019 einen Satsang. Der Lehrer sprach dar\u00fcber, wie wichtig es f\u00fcr die Arbeit an sich selbst, f\u00fcr die spirituelle Reinigung, ist, sich regelm\u00e4\u00dfig in spiritueller Praxis zu \u00fcben. Er rief alle Sch\u00fclerinnen und Sch\u00fcler auf, Jap und Sadhana t\u00e4glich am Morgen und am Abend zu praktizieren, um sein Karma zu reinigen. Das Ziel unseres menschlichen Daseins auf diesem Planeten ist, sagt der Lehrer, Moksha (Nirwana) zu erreichen \u2013 einen Zustand, da sich die menschliche Seele mit der g\u00f6ttlichen Seele vereint und der Mensch vom ewigen Kreislauf der Wiedergeburten befreit wird.<\/p>\n<p>Er w\u00fcnschte allen, sie m\u00f6gen auf ihrem spirituellen Weg vorangehen, nie aufgeben, an sich selbst mit Disziplin und Zuversicht arbeiten. Und jeden Tag versuchen, ein bisschen besser zu werden als gestern. Der Mensch solle sich ein Ziel im Leben setzen und daran stetig arbeiten, seine Zeit nicht mit sinnlosen Dingen vergeuden und stattdessen versuchen, alles was er denkt, spricht und tut, im Einklang mit Gott und wie einen Gottesdienst zu tun.<\/p>\n<p>Shri Prakash Ji f\u00fchrte dann eine sehr interessante und h\u00f6chst informative Frage-Antwort-Stunde durch. Einen vollst\u00e4ndigen Mit<img decoding=\"async\" loading=\"lazy\" class=\"alignright wp-image-1533 \" src=\"http:\/\/localhost\/yogashri\/neu\/online\/wp-content\/uploads\/2020\/02\/Shri-Prakash-Dham-Berlin-Vorwort-zum-Satsang-Mai-2019.jpg\" alt=\"\" width=\"275\" height=\"235\" srcset=\"http:\/\/yoga-shri.de\/wp-content\/uploads\/2020\/02\/Shri-Prakash-Dham-Berlin-Vorwort-zum-Satsang-Mai-2019.jpg 701w, http:\/\/yoga-shri.de\/wp-content\/uploads\/2020\/02\/Shri-Prakash-Dham-Berlin-Vorwort-zum-Satsang-Mai-2019-300x257.jpg 300w\" sizes=\"(max-width: 275px) 100vw, 275px\" \/>schnitt des Satsangs kann man auf der Facebook-Seite von Shri Prakash Dham International Spiritual And Cultural Centre anh\u00f6ren.<\/p>\n<p>Zum Abschied \u00fcberreichte der Lehrer allen Besuchern Fr\u00fcchte und gab seinen Segen.<\/p>\n<p>Shivani Ji war beim Satsang zugegen und wurde wie Shri Prakash Ji mit Verneigungen und Blumen geehrt.<\/p>\n<p>Radhe, Radhe Shri Prakash Ji!<\/p>\n<p>Wir warten sehns\u00fcchtig auf ein Wiedersehen beim Satsang mit Ihnen, Guruji!<\/p>\n<p><a href=\"http:\/\/yoga-shri.de\/index.php\/veranstaltungen-in-berlin-und-treffen-mit-shri-prakash-ji-weltweit\/\">Zur\u00fcck zu Veranstaltungen<\/a><\/p>\n","protected":false},"excerpt":{"rendered":"<p>Der spirituelle Lehrer Shri Prakash Ji, der Leiter des &#8222;Spiritual and Cultural Centre Shri Prakash Dham&#8220;, das sich der Pflege der indischen geistigen Kultur widmet, besuchte k\u00fcrzlich die deutsche Hauptstadt Berlin. Am 18. und 19. Mai kamen zahlreiche Berliner und G\u00e4ste der Hauptstadt in das Indische Kulturzentrum \u201eShri Prakash Dham e.V.\u201c nach Berlin-Lichtenberg, um Shri Prakash Ji bei pers\u00f6nlichen Gespr\u00e4chen und einem Satsang zu begegnen. Darshan Wie an jedem Donnerstag trafen sich Sch\u00fcler von Shri &hellip; <\/p>\n","protected":false},"author":1,"featured_media":0,"parent":113,"menu_order":0,"comment_status":"closed","ping_status":"closed","template":"","meta":{"ngg_post_thumbnail":0},"_links":{"self":[{"href":"http:\/\/yoga-shri.de\/index.php\/wp-json\/wp\/v2\/pages\/1057"}],"collection":[{"href":"http:\/\/yoga-shri.de\/index.php\/wp-json\/wp\/v2\/pages"}],"about":[{"href":"http:\/\/yoga-shri.de\/index.php\/wp-json\/wp\/v2\/types\/page"}],"author":[{"embeddable":true,"href":"http:\/\/yoga-shri.de\/index.php\/wp-json\/wp\/v2\/users\/1"}],"replies":[{"embeddable":true,"href":"http:\/\/yoga-shri.de\/index.php\/wp-json\/wp\/v2\/comments?post=1057"}],"version-history":[{"count":6,"href":"http:\/\/yoga-shri.de\/index.php\/wp-json\/wp\/v2\/pages\/1057\/revisions"}],"predecessor-version":[{"id":1854,"href":"http:\/\/yoga-shri.de\/index.php\/wp-json\/wp\/v2\/pages\/1057\/revisions\/1854"}],"up":[{"embeddable":true,"href":"http:\/\/yoga-shri.de\/index.php\/wp-json\/wp\/v2\/pages\/113"}],"wp:attachment":[{"href":"http:\/\/yoga-shri.de\/index.php\/wp-json\/wp\/v2\/media?parent=1057"}],"curies":[{"name":"wp","href":"https:\/\/api.w.org\/{rel}","templated":true}]}}