{"id":1092,"date":"2020-01-27T21:39:22","date_gmt":"2020-01-27T20:39:22","guid":{"rendered":"http:\/\/localhost\/yogashri\/neu\/online\/?page_id=1092"},"modified":"2020-02-23T22:09:29","modified_gmt":"2020-02-23T21:09:29","slug":"herbstbesuch-von-shri-prakash-ji-in-berlin-2018","status":"publish","type":"page","link":"http:\/\/yoga-shri.de\/index.php\/veranstaltungen-in-berlin-und-treffen-mit-shri-prakash-ji-weltweit\/herbstbesuch-von-shri-prakash-ji-in-berlin-2018\/","title":{"rendered":"Herbstbesuch von Shri Prakash Ji in Berlin 2018"},"content":{"rendered":"<p><img decoding=\"async\" loading=\"lazy\" class=\"wp-image-1535 size-full aligncenter\" src=\"http:\/\/localhost\/yogashri\/neu\/online\/wp-content\/uploads\/2020\/02\/2018_Spaziergang-mit-Shri-Prakash-Ji.jpg\" alt=\"\" width=\"800\" height=\"225\" srcset=\"http:\/\/yoga-shri.de\/wp-content\/uploads\/2020\/02\/2018_Spaziergang-mit-Shri-Prakash-Ji.jpg 800w, http:\/\/yoga-shri.de\/wp-content\/uploads\/2020\/02\/2018_Spaziergang-mit-Shri-Prakash-Ji-300x84.jpg 300w, http:\/\/yoga-shri.de\/wp-content\/uploads\/2020\/02\/2018_Spaziergang-mit-Shri-Prakash-Ji-768x216.jpg 768w\" sizes=\"(max-width: 800px) 100vw, 800px\" \/><\/p>\n<p>Vom 5. bis 12. November besuchte der geistige Lehrer Shri Prakash Ji mit seiner Familie, seine Sch\u00fcler in der deutschen Hauptstadt. Sowohl f\u00fcr seine langj\u00e4hrigen Sch\u00fcler in Deutschland, als auch f\u00fcr die Menschen, die den Lehrer zum ersten Mal trafen, war es eine aufregende Zeit voller Freude und gl\u00fccklicher Momente.<\/p>\n<p>Gleich zu Beginn der Woche f\u00fchrte Shri Prakash Ji einen Meditationsabend durch, der allen Anwesenden viel Kraft und Harmonie schenkte. Im Anschluss an die Meditation beantwortete der Lehrer viele Fragen der Teilnehmer, v.a. zum Thema Meditation, so dass einem bewusst wurde, wie viel man noch dazu lernen kann und darf, und wie wichtig dabei die Rolle eines Lehrers ist, wenn man sich ernsthaft vervollkommnen&nbsp; m\u00f6chte. <a href=\"http:\/\/yoga-shri.de\/index.php\/meditation\/\">Hier einige Fragen und Antworten&#8230;<\/a>&nbsp;und <a href=\"https:\/\/www.facebook.com\/shriprakashdhaminternational\/videos\/603075303441476\/\">Videoausschnitte &#8230;<\/a><\/p>\n<p><img decoding=\"async\" loading=\"lazy\" class=\"alignright wp-image-1538 \" src=\"http:\/\/localhost\/yogashri\/neu\/online\/wp-content\/uploads\/2020\/02\/2018_Herbstspaziergang-in-Babelsberg.jpg\" alt=\"\" width=\"220\" height=\"202\" srcset=\"http:\/\/yoga-shri.de\/wp-content\/uploads\/2020\/02\/2018_Herbstspaziergang-in-Babelsberg.jpg 652w, http:\/\/yoga-shri.de\/wp-content\/uploads\/2020\/02\/2018_Herbstspaziergang-in-Babelsberg-300x276.jpg 300w\" sizes=\"(max-width: 220px) 100vw, 220px\" \/><\/p>\n<p>Am 6. November unternahmen die Sch\u00fcler mit Shri Prakash Ji einen Ausflug zum Park Babelsberg. Es war ein wunderbarer Herbsttag und das Wetter belohnte alle mit sonnigen 18\u00b0C. Die Atmosph\u00e4re war von Freude und guter Laune erf\u00fcllt. Der Lehrer betonte wie sehr ihm der lange, bunte Herbst in Deutschland gefiel und die Sch\u00fcler genossen die interessanten und aufschlussreichen Gespr\u00e4che sowohl mit ihm, als auch seiner Familie.<br \/>\n<a href=\"https:\/\/www.facebook.com\/ShriPrakashJiGermany\/posts\/1967201543316957\">Hier einige Fotos&#8230;<\/a>&nbsp;<\/p>\n<p>Der H\u00f6hepunkt des Besuchs fand am Mittwoch den 7. November statt. Die Sch\u00fcler stimmten sich zu Beginn der Veranstaltung, unter professioneller Anleitung und Begleitung, mit dem Singen wundersch\u00f6ner Bhajans (traditionell, spirituelle Lieder) ein. Anschlie\u00dfend f\u00fchrte der Lehrer eine Lakshmi Puja, in Anwesenheit seiner Sch\u00fcler und Besucher, durch.&nbsp;<\/p>\n<p><img decoding=\"async\" loading=\"lazy\" class=\"wp-image-1539 alignleft\" src=\"http:\/\/localhost\/yogashri\/neu\/online\/wp-content\/uploads\/2020\/02\/Shri-Prakash-Ji-Lakshmi-Puja-Berlin-2018.jpg\" alt=\"\" width=\"242\" height=\"208\" srcset=\"http:\/\/yoga-shri.de\/wp-content\/uploads\/2020\/02\/Shri-Prakash-Ji-Lakshmi-Puja-Berlin-2018.jpg 701w, http:\/\/yoga-shri.de\/wp-content\/uploads\/2020\/02\/Shri-Prakash-Ji-Lakshmi-Puja-Berlin-2018-300x257.jpg 300w\" sizes=\"(max-width: 242px) 100vw, 242px\" \/><\/p>\n<p>Es war nahezu ergreifend, den Lehrer bei der Durchf\u00fchrung dieses Rituals beobachten zu d\u00fcrfen und gleichzeitig eine Inspiration f\u00fcr jeden Teilnehmer dieser Veranstaltung, mit wie viel Hingabe und Disziplin eine so wunderbare Seele wie Shri Prakash Ji auf seinen Dienst f\u00fcr Gott und die Menschen konzentriert ist. Im Anschluss an die traditionelle Lichterzeremonie \u00fcberreichte er jedem Anwesenden Prasad (Gesegnete Speise) und verabschiedete sich mit wohlwollenden Worten f\u00fcr die n\u00e4chsten Tage. <a href=\"https:\/\/www.facebook.com\/shriprakashji\/videos\/408811006321243\/\">Hier ein Video von der Lakshmi Puja<\/a>&#8230;<\/p>\n<p>Am 9., 11. und 12. November f\u00fchrte Shri Prakash Ji pers\u00f6nliche Gespr\u00e4che mit vielen Besuchern und Sch\u00fclern durch. Mit viel Geduld lauschte er den Sorgen und Problemen vieler Menschen, gab Rat f\u00fcr verschiedene Themen wie Partnerschaft, Beruf, Gesundheit und Beziehungen in den Familien. Er beschenkte die neuen G\u00e4ste mit seiner Aufmerksamkeit, seiner Liebe und seinem Segen. Viele Besucher kamen mit einem L\u00e4cheln aus dem Gespr\u00e4ch, zeigten Erleichterung in ihrem Gesicht oder waren so tief ber\u00fchrt, dass ihnen die Tr\u00e4nen liefen. Vor allem aber konnte man bei vielen Menschen eine tiefe Dankbarkeit sp\u00fcren, wenn sie nach dem Gespr\u00e4ch nach Hause fuhren.<\/p>\n<p>Am Samstag f\u00fchrte Shri Prakash Ji einen Satsang (Vortrag) zum Thema \u00c4ngste und Depressionen, auf &nbsp;Wunsch seiner Sch\u00fcler, durch. Einiges hatte er bereits in fr\u00fcheren Satsang zu diesen Themen erw\u00e4hnt, doch es gab auch viel Neues und Aufschlussreiches zu h\u00f6ren. Das war sowohl f\u00fcr die Sch\u00fcler, als auch die Besucher, in Anbetracht der Aktualit\u00e4t dieser Themen, sehr hilfreich. Trotz der weniger fr\u00f6hlichen Themen war die Stimmung entspannt und fr\u00f6hlich.&nbsp; Zum Abschied gab der Lehrer allen seinen Segen und Prasad.<\/p>\n<p><img decoding=\"async\" loading=\"lazy\" class=\"alignright wp-image-1855\" src=\"http:\/\/yoga-shri.de\/wp-content\/uploads\/2020\/02\/Satsang-mit-Shri-Prakash-Ji-reinigende-Wirkung-1.jpg\" alt=\"\" width=\"437\" height=\"246\" srcset=\"http:\/\/yoga-shri.de\/wp-content\/uploads\/2020\/02\/Satsang-mit-Shri-Prakash-Ji-reinigende-Wirkung-1.jpg 800w, http:\/\/yoga-shri.de\/wp-content\/uploads\/2020\/02\/Satsang-mit-Shri-Prakash-Ji-reinigende-Wirkung-1-300x169.jpg 300w, http:\/\/yoga-shri.de\/wp-content\/uploads\/2020\/02\/Satsang-mit-Shri-Prakash-Ji-reinigende-Wirkung-1-768x432.jpg 768w\" sizes=\"(max-width: 437px) 100vw, 437px\" \/><\/p>\n<p>Am letzten Abend gab es noch einmal eine gemeinsame Meditation mit dem Lehrer und auch diesmal durften wieder Fragen gestellt werden. Bei der Beantwortung der Fragen kann man nicht nur die Geduld und das Mitgef\u00fchl von Shri Prakash Ji erkennen, sonder auch seinen wunderbaren&nbsp; und mitrei\u00dfenden Humor, der alle Anwesenden ansteckte. <a href=\"http:\/\/yoga-shri.de\/index.php\/fotogalerie\/\">Hier noch mehr Fotos zum Besuch von Shri Prakash Ji in Berlin&#8230;<\/a><\/p>\n<p>Leider war diese sch\u00f6ne Zeit viel zu schnell vorbei und alle freuen sich auf eine baldige Wiederholung.<\/p>\n<p><a href=\"http:\/\/yoga-shri.de\/index.php\/veranstaltungen-in-berlin-und-treffen-mit-shri-prakash-ji-weltweit\/\">Zur\u00fcck zu Veranstaltungen<\/a><\/p>\n","protected":false},"excerpt":{"rendered":"<p>Vom 5. bis 12. November besuchte der geistige Lehrer Shri Prakash Ji mit seiner Familie, seine Sch\u00fcler in der deutschen Hauptstadt. Sowohl f\u00fcr seine langj\u00e4hrigen Sch\u00fcler in Deutschland, als auch f\u00fcr die Menschen, die den Lehrer zum ersten Mal trafen, war es eine aufregende Zeit voller Freude und gl\u00fccklicher Momente. Gleich zu Beginn der Woche f\u00fchrte Shri Prakash Ji einen Meditationsabend durch, der allen Anwesenden viel Kraft und Harmonie schenkte. Im Anschluss an die Meditation &hellip; <\/p>\n","protected":false},"author":1,"featured_media":0,"parent":113,"menu_order":0,"comment_status":"closed","ping_status":"closed","template":"","meta":{"ngg_post_thumbnail":0},"_links":{"self":[{"href":"http:\/\/yoga-shri.de\/index.php\/wp-json\/wp\/v2\/pages\/1092"}],"collection":[{"href":"http:\/\/yoga-shri.de\/index.php\/wp-json\/wp\/v2\/pages"}],"about":[{"href":"http:\/\/yoga-shri.de\/index.php\/wp-json\/wp\/v2\/types\/page"}],"author":[{"embeddable":true,"href":"http:\/\/yoga-shri.de\/index.php\/wp-json\/wp\/v2\/users\/1"}],"replies":[{"embeddable":true,"href":"http:\/\/yoga-shri.de\/index.php\/wp-json\/wp\/v2\/comments?post=1092"}],"version-history":[{"count":4,"href":"http:\/\/yoga-shri.de\/index.php\/wp-json\/wp\/v2\/pages\/1092\/revisions"}],"predecessor-version":[{"id":1856,"href":"http:\/\/yoga-shri.de\/index.php\/wp-json\/wp\/v2\/pages\/1092\/revisions\/1856"}],"up":[{"embeddable":true,"href":"http:\/\/yoga-shri.de\/index.php\/wp-json\/wp\/v2\/pages\/113"}],"wp:attachment":[{"href":"http:\/\/yoga-shri.de\/index.php\/wp-json\/wp\/v2\/media?parent=1092"}],"curies":[{"name":"wp","href":"https:\/\/api.w.org\/{rel}","templated":true}]}}