{"id":1115,"date":"2020-01-28T11:30:33","date_gmt":"2020-01-28T10:30:33","guid":{"rendered":"http:\/\/localhost\/yogashri\/neu\/online\/?page_id=1115"},"modified":"2020-02-23T22:02:40","modified_gmt":"2020-02-23T21:02:40","slug":"holi-das-farbenfrohe-indische-fruehlingsfest","status":"publish","type":"page","link":"http:\/\/yoga-shri.de\/index.php\/veranstaltungen-in-berlin-und-treffen-mit-shri-prakash-ji-weltweit\/holi-das-farbenfrohe-indische-fruehlingsfest\/","title":{"rendered":"Holi &#8211; das farbenfrohe indische Fr\u00fchlingsfest"},"content":{"rendered":"<p>Am Samstag, dem 3. M\u00e4rz 2018, feierten wir alle gemeinsam im Berliner Zentrum das farbenfrohe Holi-Fest.<\/p>\n<p>Nach einem wunderbaren Satsang, in dem Guru Ji \u00fcber einige wichtige Lehren aus dem Mahabharata-Epos und der Bhagavadgita, den bekanntesten heiligen Texten des alten Indien, sprach, und der anschlie\u00dfenden Aarti, feierten wir Holi.<\/p>\n<p><img decoding=\"async\" loading=\"lazy\" class=\"wp-image-1546 alignleft\" src=\"http:\/\/localhost\/yogashri\/neu\/online\/wp-content\/uploads\/2020\/02\/Shri-Prakash-Dham-2018.-Das-Fest-der-Farben..jpg\" alt=\"\" width=\"308\" height=\"205\" srcset=\"http:\/\/yoga-shri.de\/wp-content\/uploads\/2020\/02\/Shri-Prakash-Dham-2018.-Das-Fest-der-Farben..jpg 800w, http:\/\/yoga-shri.de\/wp-content\/uploads\/2020\/02\/Shri-Prakash-Dham-2018.-Das-Fest-der-Farben.-300x200.jpg 300w, http:\/\/yoga-shri.de\/wp-content\/uploads\/2020\/02\/Shri-Prakash-Dham-2018.-Das-Fest-der-Farben.-768x513.jpg 768w, http:\/\/yoga-shri.de\/wp-content\/uploads\/2020\/02\/Shri-Prakash-Dham-2018.-Das-Fest-der-Farben.-700x465.jpg 700w\" sizes=\"(max-width: 308px) 100vw, 308px\" \/>Mit dem Farbpulver in allen Farben des Regenbogens bemalten sich alle gegenseitig ihre lachenden Gesichter. Eine bunte festliche Tafel, geschm\u00fcckt mit liebevoll zubereiteten kulinarischen Leckereien nach indischen und internationalen Rezepten erwartete uns. Allen war die Freude buchst\u00e4blich ins Gesicht geschrieben.<\/p>\n<p>Holi ist ein strahlendes Fest der Farben, es sind unsere Farben, die unser eigenes Licht ausmachen, die Farben die wir uns f\u00fcr unser Leben w\u00fcnschen, Farben der Freude, des Gl\u00fccksgef\u00fchls, des frohen Neubeginns.<\/p>\n<p>Holi ist auch ein Fr\u00fchlingsfest, ein Erwachen nach einer langen Zeit der K\u00e4lte, der Dunkelheit und Ungewissheit. Mit jedem Farbtupfer auf deinem Gesicht bl\u00fcht eine neue Blume in deinem Leben auf. Du f\u00fchlst dich wie neugeboren, gereinigt, freust dich auf eine neue sch\u00f6ne Zeit voller Leben, sinnvollem Schaffen, einer Zukunft die uns zu unserer wahren Natur zur\u00fcckf\u00fchren wird.<\/p>\n<p>Unser Singen der indischen Bhajanges\u00e4nge wird zur Meditation, Kl\u00e4nge kommen in Resonanz mit den Farben der Erde, des Ozeans, der Fr\u00fchlingsbl\u00fcten und der B\u00e4ume voller Mangos, und der schneebedeckten Berge und des azurblauen Himmels, des Mondscheins und der Sonne.<\/p>\n<p>Holi sind auch die Farben der Chakras, die jeder in sich tr\u00e4gt, die Schwingungen in deiner Seele. Die Holi-Feier ist ein Freudenfest f\u00fcr alle, und alle verstehen: es ist gleich woher du kommst, wieviel du besitzt, oder wieviel Macht du hast, egal welche Religion du aus\u00fcbst oder welche Hautfarbe du hast. An diesem Tag haben wir uns als eine Gemeinschaft von Gleichen gef\u00fchlt. Das macht stark.<\/p>\n<p>Hari Om Tat Sat.<\/p>\n<!-- default-view.php -->\n<div\n\tclass=\"ngg-galleryoverview default-view \"\n\tid=\"ngg-gallery-9a4ef02f6df186ac5f7e66966e9831cc-1\">\n\n\t\t<!-- Thumbnails -->\n\t\t\t\t<div id=\"ngg-image-0\" class=\"ngg-gallery-thumbnail-box ngg-2-columns\" >\n\t\t\t\t        <div class=\"ngg-gallery-thumbnail\">\n            <a href=\"http:\/\/yoga-shri.de\/wp-content\/gallery\/holi\/Shri-Prakash-Dham-2018.-Altar-mit-Weihgaben..jpg\"\n               title=\"\"\n               data-src=\"http:\/\/yoga-shri.de\/wp-content\/gallery\/holi\/Shri-Prakash-Dham-2018.-Altar-mit-Weihgaben..jpg\"\n               data-thumbnail=\"http:\/\/yoga-shri.de\/wp-content\/gallery\/holi\/thumbs\/thumbs_Shri-Prakash-Dham-2018.-Altar-mit-Weihgaben..jpg\"\n               data-image-id=\"4\"\n               data-title=\"Shri Prakash Dham 2018. Altar mit Weihgaben.\"\n               data-description=\"\"\n               data-image-slug=\"shri-prakash-dham-2018-altar-mit-weihgaben\"\n               class=\"ngg-simplelightbox\" rel=\"9a4ef02f6df186ac5f7e66966e9831cc\">\n                <img\n                    title=\"Shri Prakash Dham 2018. Altar mit Weihgaben.\"\n                    alt=\"Shri Prakash Dham 2018. Altar mit Weihgaben.\"\n                    src=\"http:\/\/yoga-shri.de\/wp-content\/gallery\/holi\/thumbs\/thumbs_Shri-Prakash-Dham-2018.-Altar-mit-Weihgaben..jpg\"\n                    width=\"240\"\n                    height=\"160\"\n                    style=\"max-width:100%;\"\n                \/>\n            <\/a>\n        <\/div>\n\t\t\t\t\t\t\t<\/div> \n\t\t\t\n\t\t\t\t<div id=\"ngg-image-1\" class=\"ngg-gallery-thumbnail-box ngg-2-columns\" >\n\t\t\t\t        <div class=\"ngg-gallery-thumbnail\">\n            <a href=\"http:\/\/yoga-shri.de\/wp-content\/gallery\/holi\/Shri-Prakash-Dham-2018.-Holi-gegenseitige-Bemalen.jpg\"\n               title=\"\"\n               data-src=\"http:\/\/yoga-shri.de\/wp-content\/gallery\/holi\/Shri-Prakash-Dham-2018.-Holi-gegenseitige-Bemalen.jpg\"\n               data-thumbnail=\"http:\/\/yoga-shri.de\/wp-content\/gallery\/holi\/thumbs\/thumbs_Shri-Prakash-Dham-2018.-Holi-gegenseitige-Bemalen.jpg\"\n               data-image-id=\"6\"\n               data-title=\"Shri Prakash Dham 2018. Holi - gegenseitiges Bemalen\"\n               data-description=\"\"\n               data-image-slug=\"shri-prakash-dham-2018-holi-gegenseitige-bemalen\"\n               class=\"ngg-simplelightbox\" rel=\"9a4ef02f6df186ac5f7e66966e9831cc\">\n                <img\n                    title=\"Shri Prakash Dham 2018. Holi - gegenseitiges Bemalen\"\n                    alt=\"Shri Prakash Dham 2018. Holi - gegenseitiges Bemalen\"\n                    src=\"http:\/\/yoga-shri.de\/wp-content\/gallery\/holi\/thumbs\/thumbs_Shri-Prakash-Dham-2018.-Holi-gegenseitige-Bemalen.jpg\"\n                    width=\"240\"\n                    height=\"160\"\n                    style=\"max-width:100%;\"\n                \/>\n            <\/a>\n        <\/div>\n\t\t\t\t\t\t\t<\/div> \n\t\t\t\n\t\t\t\t<div id=\"ngg-image-2\" class=\"ngg-gallery-thumbnail-box ngg-2-columns\" >\n\t\t\t\t        <div class=\"ngg-gallery-thumbnail\">\n            <a href=\"http:\/\/yoga-shri.de\/wp-content\/gallery\/holi\/Shri-Prakash-Dham-2018.-Suesses-zum-Holi.jpg\"\n               title=\"\"\n               data-src=\"http:\/\/yoga-shri.de\/wp-content\/gallery\/holi\/Shri-Prakash-Dham-2018.-Suesses-zum-Holi.jpg\"\n               data-thumbnail=\"http:\/\/yoga-shri.de\/wp-content\/gallery\/holi\/thumbs\/thumbs_Shri-Prakash-Dham-2018.-Suesses-zum-Holi.jpg\"\n               data-image-id=\"7\"\n               data-title=\"Shri Prakash Dham 2018. Suesses zum Holi-Fest\"\n               data-description=\"\"\n               data-image-slug=\"shri-prakash-dham-2018-suesses-zum-holi\"\n               class=\"ngg-simplelightbox\" rel=\"9a4ef02f6df186ac5f7e66966e9831cc\">\n                <img\n                    title=\"Shri Prakash Dham 2018. Suesses zum Holi-Fest\"\n                    alt=\"Shri Prakash Dham 2018. Suesses zum Holi-Fest\"\n                    src=\"http:\/\/yoga-shri.de\/wp-content\/gallery\/holi\/thumbs\/thumbs_Shri-Prakash-Dham-2018.-Suesses-zum-Holi.jpg\"\n                    width=\"240\"\n                    height=\"160\"\n                    style=\"max-width:100%;\"\n                \/>\n            <\/a>\n        <\/div>\n\t\t\t\t\t\t\t<\/div> \n\t\t\t\n\t\t\t\t<div id=\"ngg-image-3\" class=\"ngg-gallery-thumbnail-box ngg-2-columns\" >\n\t\t\t\t        <div class=\"ngg-gallery-thumbnail\">\n            <a href=\"http:\/\/yoga-shri.de\/wp-content\/gallery\/holi\/Shri-Prakash-Dham.-Happy-Holi-2018..jpg\"\n               title=\"\"\n               data-src=\"http:\/\/yoga-shri.de\/wp-content\/gallery\/holi\/Shri-Prakash-Dham.-Happy-Holi-2018..jpg\"\n               data-thumbnail=\"http:\/\/yoga-shri.de\/wp-content\/gallery\/holi\/thumbs\/thumbs_Shri-Prakash-Dham.-Happy-Holi-2018..jpg\"\n               data-image-id=\"5\"\n               data-title=\"Shri Prakash Dham. Happy Holi 2018.\"\n               data-description=\"\"\n               data-image-slug=\"shri-prakash-dham-happy-holi-2018\"\n               class=\"ngg-simplelightbox\" rel=\"9a4ef02f6df186ac5f7e66966e9831cc\">\n                <img\n                    title=\"Shri Prakash Dham. Happy Holi 2018.\"\n                    alt=\"Shri Prakash Dham. Happy Holi 2018.\"\n                    src=\"http:\/\/yoga-shri.de\/wp-content\/gallery\/holi\/thumbs\/thumbs_Shri-Prakash-Dham.-Happy-Holi-2018..jpg\"\n                    width=\"240\"\n                    height=\"160\"\n                    style=\"max-width:100%;\"\n                \/>\n            <\/a>\n        <\/div>\n\t\t\t\t\t\t\t<\/div> \n\t\t\t\n\t\n\t<br style=\"clear: both\" \/>\n\n\t\n\t\t<!-- Pagination -->\n\t<div class='ngg-clear'><\/div>\t<\/div>\n\n<p><a href=\"http:\/\/yoga-shri.de\/index.php\/veranstaltungen-in-berlin-und-treffen-mit-shri-prakash-ji-weltweit\/\">zur\u00fcck zu Veranstaltungen<\/a><\/p>\n","protected":false},"excerpt":{"rendered":"<p>Am Samstag, dem 3. M\u00e4rz 2018, feierten wir alle gemeinsam im Berliner Zentrum das farbenfrohe Holi-Fest. Nach einem wunderbaren Satsang, in dem Guru Ji \u00fcber einige wichtige Lehren aus dem Mahabharata-Epos und der Bhagavadgita, den bekanntesten heiligen Texten des alten Indien, sprach, und der anschlie\u00dfenden Aarti, feierten wir Holi. Mit dem Farbpulver in allen Farben des Regenbogens bemalten sich alle gegenseitig ihre lachenden Gesichter. Eine bunte festliche Tafel, geschm\u00fcckt mit liebevoll zubereiteten kulinarischen Leckereien nach &hellip; <\/p>\n","protected":false},"author":1,"featured_media":0,"parent":113,"menu_order":0,"comment_status":"closed","ping_status":"closed","template":"","meta":{"ngg_post_thumbnail":0},"_links":{"self":[{"href":"http:\/\/yoga-shri.de\/index.php\/wp-json\/wp\/v2\/pages\/1115"}],"collection":[{"href":"http:\/\/yoga-shri.de\/index.php\/wp-json\/wp\/v2\/pages"}],"about":[{"href":"http:\/\/yoga-shri.de\/index.php\/wp-json\/wp\/v2\/types\/page"}],"author":[{"embeddable":true,"href":"http:\/\/yoga-shri.de\/index.php\/wp-json\/wp\/v2\/users\/1"}],"replies":[{"embeddable":true,"href":"http:\/\/yoga-shri.de\/index.php\/wp-json\/wp\/v2\/comments?post=1115"}],"version-history":[{"count":8,"href":"http:\/\/yoga-shri.de\/index.php\/wp-json\/wp\/v2\/pages\/1115\/revisions"}],"predecessor-version":[{"id":1858,"href":"http:\/\/yoga-shri.de\/index.php\/wp-json\/wp\/v2\/pages\/1115\/revisions\/1858"}],"up":[{"embeddable":true,"href":"http:\/\/yoga-shri.de\/index.php\/wp-json\/wp\/v2\/pages\/113"}],"wp:attachment":[{"href":"http:\/\/yoga-shri.de\/index.php\/wp-json\/wp\/v2\/media?parent=1115"}],"curies":[{"name":"wp","href":"https:\/\/api.w.org\/{rel}","templated":true}]}}