{"id":113,"date":"2020-01-19T01:28:24","date_gmt":"2020-01-19T00:28:24","guid":{"rendered":"http:\/\/localhost\/yogashri\/neu\/online\/?page_id=113"},"modified":"2023-02-02T18:33:28","modified_gmt":"2023-02-02T17:33:28","slug":"veranstaltungen-in-berlin-und-treffen-mit-shri-prakash-ji-weltweit","status":"publish","type":"page","link":"http:\/\/yoga-shri.de\/index.php\/veranstaltungen-in-berlin-und-treffen-mit-shri-prakash-ji-weltweit\/","title":{"rendered":"Veranstaltungen in Berlin und Treffen mit Shri Prakash Ji weltweit"},"content":{"rendered":"<section class=\"ce_text block\"><img decoding=\"async\" loading=\"lazy\" class=\"aligncenter wp-image-282 size-medium\" src=\"http:\/\/localhost\/yogashri\/neu\/online\/wp-content\/uploads\/2020\/01\/Berlin-2-300x206.jpg\" alt=\"\" width=\"300\" height=\"206\" srcset=\"http:\/\/yoga-shri.de\/wp-content\/uploads\/2020\/01\/Berlin-2-300x206.jpg 300w, http:\/\/yoga-shri.de\/wp-content\/uploads\/2020\/01\/Berlin-2-768x526.jpg 768w, http:\/\/yoga-shri.de\/wp-content\/uploads\/2020\/01\/Berlin-2.jpg 800w\" sizes=\"(max-width: 300px) 100vw, 300px\" \/>Die n\u00e4chsten Termine:&nbsp;<\/section>\n<section class=\"ce_text block\"><span style=\"color: #ff6600;\">Aufgrund der Coronavirus-Pandemie finden zur Zeit keine \u00f6ffentlichen Veranstaltungen in unserem Zentrum statt.<\/span><\/p>\n<table dir=\"ltr\" frame=\"hsides\" rules=\"rows\" align=\"left\">\n<tbody>\n<tr>\n<td>Jeden Mo&amp;Do&nbsp;<\/p>\n<p>Jeden Sa<\/td>\n<td>18:00 &#8211; 20:00&nbsp;<\/p>\n<p>11:00 &#8211; 13:30<\/td>\n<td>&nbsp;<\/td>\n<td>Meditation, Satsang (Vortrag), Aarti&nbsp;<\/p>\n<p><a href=\"http:\/\/yoga-shri.de\/index.php\/kontakte-und-anfahrt\/\">Meditation, Satsang (online), Aarti<\/a><\/td>\n<\/tr>\n<tr>\n<td>11.04.2020<\/td>\n<td>11:00 &#8211; 13:30<\/td>\n<td>&nbsp;<\/td>\n<td>Live-\u00dcbertragung der Mantra-<br \/>\nMeditation und des Satsangs<br \/>\nmit Shri Prakash Ji in das<br \/>\nBerliner Meditationszentrum<br \/>\nShri Prakash Dham e.V.<\/td>\n<\/tr>\n<tr>\n<td>&nbsp;<\/td>\n<td>&nbsp;<\/td>\n<td>&nbsp;<\/td>\n<td>\u00c4nderungen vorbehalten!<\/td>\n<\/tr>\n<\/tbody>\n<\/table>\n<p>&nbsp;<\/p>\n<\/section>\n<section class=\"ce_text block\">\n<h1>Einblick in vergangene Veranstaltungen<\/h1>\n<div>\n<div>\n<ul>\n<li>Offene T\u00fcren zur&nbsp;8. Langen Nacht der Religionen, Juni 2019<br \/>\n<div class=\"bg-margin-for-link\"><input type='hidden' bg_collapse_expand='69e1e97746b620054749053' value='69e1e97746b620054749053'><input type='hidden' id='bg-show-more-text-69e1e97746b620054749053' value='mehr zeigen'><input type='hidden' id='bg-show-less-text-69e1e97746b620054749053' value='weniger zeigen'><a id='bg-showmore-action-69e1e97746b620054749053' class='bg-showmore-plg-link  '  style=\" color:#0599f5;;\" href='#'>mehr zeigen<\/a><div id='bg-showmore-hidden-69e1e97746b620054749053' >&nbsp;<\/p>\n<h5><span style=\"color: #008080;\">Lange Nacht der Religionen zum Thema &#8222;Wasser des Lebens&#8220;<\/span><\/h5>\n<figure class=\"image_container float_right\"><img decoding=\"async\" loading=\"lazy\" class=\"alignright wp-image-1525 \" src=\"http:\/\/localhost\/yogashri\/neu\/online\/wp-content\/uploads\/2020\/02\/weihwasser.jpg\" alt=\"\" width=\"189\" height=\"335\" srcset=\"http:\/\/yoga-shri.de\/wp-content\/uploads\/2020\/02\/weihwasser.jpg 226w, http:\/\/yoga-shri.de\/wp-content\/uploads\/2020\/02\/weihwasser-170x300.jpg 170w\" sizes=\"(max-width: 189px) 100vw, 189px\" \/><\/figure>\n<p>Im Juni feierten wir in unserem Ashram Shri Prakash Dham e.V. die 8. Lange Nacht der Religionen in Berlin.<br \/>\nMit einem bunten Programm und interessanten Beitr\u00e4gen zum Thema \u201eWasser des Lebens\u201c, f\u00fchrten wir durch den Abend.<br \/>\nZur Einstimmung begr\u00fc\u00dften wir unsere G\u00e4ste mit einer Mantra Meditation und sprachen \u00fcber die Wirkung des Wassers auf den physischen K\u00f6rper.<br \/>\nIn einem Satsangsausschnitt erkl\u00e4rte Shri Prakash Ji den Effekt von Kupfer- und Silberwasser auf die Gesundheit und die damit verbundene spirituelle Lebensweise f\u00fcr den Menschen.<\/p>\n<p>Im Anschluss verzauberten wir unsere Besucher mit kleinen Geschichten aus der indischen Mythologie und sahen uns gemeinsam mit ihnen eine Episode aus dem Leben des kleinen Krishnas, passend zum Thema, an.<br \/>\nBei der Altarzeremonie &#8211; dem Aarti &#8211; wurde die Verwendung des Wassers als ein wichtiges Element in hinduistischen Ritualen vorgestellt.<br \/>\nNach einer kleinen Teepause mit traditionellem indischen Yogitee und leckerem Kuchen, sangen wir gemeinsam mit unseren Besuchern Bhajans und genossen die tief empfundene Freude, die dabei entstand.<\/div><\/div><\/li>\n<li>Shri Prakash Ji im Januar 2023 in Berlin<\/li>\n<li><a href=\"http:\/\/yoga-shri.de\/index.php\/veranstaltungen-in-berlin-und-treffen-mit-shri-prakash-ji-weltweit\/die-zeit-mit-shri-prakash-ji-im-mai-2019\/\">Die Zeit mit Shri Prakash Ji im Mai 2019<\/a><\/li>\n<li><a href=\"http:\/\/yoga-shri.de\/index.php\/veranstaltungen-in-berlin-und-treffen-mit-shri-prakash-ji-weltweit\/herbstbesuch-von-shri-prakash-ji-in-berlin-2018\/\">Herbstbesuch von Shri Prakash Ji in Berlin 2018<\/a><\/li>\n<li><a href=\"http:\/\/yoga-shri.de\/index.php\/veranstaltungen-in-berlin-und-treffen-mit-shri-prakash-ji-weltweit\/besuch-von-shri-prakash-ji-in-berlin-mai-2018\/\">\u00dcber den Besuch von Shri Prakash Ji in Berlin Mai 2018<\/a><\/li>\n<li><a href=\"https:\/\/www.facebook.com\/shriprakashji\/videos\/2091185847795381\/\" target=\"_blank\" rel=\"noopener noreferrer\">Live-\u00dcbertragung des Satsangs am 05.05.2018&nbsp;aus Berlin<\/a><\/li>\n<li><a href=\"https:\/\/www.facebook.com\/shriprakashji\/videos\/2070697039844262\/\" target=\"_blank\" rel=\"noopener noreferrer\">Satsang zum Ramanavami-Fest am 25. M\u00e4rz 2018<br \/>\nauf der&nbsp;Facebook-Seite von Shri Prakash Ji<\/a><\/li>\n<li><a href=\"http:\/\/yoga-shri.de\/index.php\/veranstaltungen-in-berlin-und-treffen-mit-shri-prakash-ji-weltweit\/holi-das-farbenfrohe-indische-fruehlingsfest\/\">Holi &#8211; das farbenfrohe indische Fr\u00fchlingsfest<br \/>\n<\/a>im Vereinszentrum Shri Prakash Dham am 3. M\u00e4rz 2018<\/li>\n<li><a href=\"http:\/\/yoga-shri.de\/index.php\/veranstaltungen-in-berlin-und-treffen-mit-shri-prakash-ji-weltweit\/weihnachtszeit-mit-shri-prakash-ji-in-berlin\/\">Weihnachtszeit 2017 mit Shri Prakash Ji in Berlin<\/a><\/li>\n<li><a href=\"https:\/\/www.youtube.com\/watch?v=WpMoCa1BMP4\" target=\"_blank\" rel=\"noopener noreferrer\">Video Online-Satsang zum Weltyogatag 2017 mit \u00dcbersetzung ins Englische<\/a><\/li>\n<li><a href=\"http:\/\/yoga-shri.de\/index.php\/veranstaltungen-in-berlin-und-treffen-mit-shri-prakash-ji-weltweit\/tag-der-offenen-tuer-im-mai-2017\/\">Tag der offenen T\u00fcr sowie R\u00fcckblick auf den Besuch von Shri Prakash Ji im Mai 2017<\/a><\/li>\n<li>Besuch von Shri Prakash Ji in Berlin Anfang November 2016<div class=\"bg-margin-for-link\"><input type='hidden' bg_collapse_expand='69e1e97746bab2037025863' value='69e1e97746bab2037025863'><input type='hidden' id='bg-show-more-text-69e1e97746bab2037025863' value='mehr zeigen'><input type='hidden' id='bg-show-less-text-69e1e97746bab2037025863' value='weniger zeigen'><a id='bg-showmore-action-69e1e97746bab2037025863' class='bg-showmore-plg-link  '  style=\" color:#0599f5;;\" href='#'>mehr zeigen<\/a><div id='bg-showmore-hidden-69e1e97746bab2037025863' ><br \/>\nIn dieser Zeit hatten wir die M\u00f6glichkeit seinen inspirierenden Worten beim Satsang zu lauschen. Am 5. November sprach er in seinem Vortrag \u00fcber Ruhe und Harmonie im Leben. An drei Tagen fanden pers\u00f6nliche Treffen mit dem Lehrer statt. Die strahlenden Gesichter der Menschen nach dem Gespr\u00e4ch mit ihm hinterlie\u00dfen den Eindruck von Zufriedenheit.<br \/>\n<!-- default-view.php -->\n<div\n\tclass=\"ngg-galleryoverview default-view \"\n\tid=\"ngg-gallery-c14449b3e866e6662c12a999e97a1535-1\">\n\n\t\t<!-- Thumbnails -->\n\t\t\t\t<div id=\"ngg-image-0\" class=\"ngg-gallery-thumbnail-box \" >\n\t\t\t\t        <div class=\"ngg-gallery-thumbnail\">\n            <a href=\"http:\/\/yoga-shri.de\/wp-content\/gallery\/guruji-visit-berlin-nov-2016\/2016.Nov_.jpg\"\n               title=\"\"\n               data-src=\"http:\/\/yoga-shri.de\/wp-content\/gallery\/guruji-visit-berlin-nov-2016\/2016.Nov_.jpg\"\n               data-thumbnail=\"http:\/\/yoga-shri.de\/wp-content\/gallery\/guruji-visit-berlin-nov-2016\/thumbs\/thumbs_2016.Nov_.jpg\"\n               data-image-id=\"1\"\n               data-title=\"2016. November Im Empfangsraum f\u00fcr persoenliche Gespr\u00e4che\"\n               data-description=\"\"\n               data-image-slug=\"2016-nov_\"\n               class=\"ngg-simplelightbox\" rel=\"c14449b3e866e6662c12a999e97a1535\">\n                <img\n                    title=\"2016. November Im Empfangsraum f\u00fcr persoenliche Gespr\u00e4che\"\n                    alt=\"2016. November Im Empfangsraum f\u00fcr persoenliche Gespr\u00e4che\"\n                    src=\"http:\/\/yoga-shri.de\/wp-content\/gallery\/guruji-visit-berlin-nov-2016\/thumbs\/thumbs_2016.Nov_.jpg\"\n                    width=\"240\"\n                    height=\"160\"\n                    style=\"max-width:100%;\"\n                \/>\n            <\/a>\n        <\/div>\n\t\t\t\t\t\t\t<\/div> \n\t\t\t\n\t\t\t\t<div id=\"ngg-image-1\" class=\"ngg-gallery-thumbnail-box \" >\n\t\t\t\t        <div class=\"ngg-gallery-thumbnail\">\n            <a href=\"http:\/\/yoga-shri.de\/wp-content\/gallery\/guruji-visit-berlin-nov-2016\/2016.Nov2_.jpg\"\n               title=\"\"\n               data-src=\"http:\/\/yoga-shri.de\/wp-content\/gallery\/guruji-visit-berlin-nov-2016\/2016.Nov2_.jpg\"\n               data-thumbnail=\"http:\/\/yoga-shri.de\/wp-content\/gallery\/guruji-visit-berlin-nov-2016\/thumbs\/thumbs_2016.Nov2_.jpg\"\n               data-image-id=\"2\"\n               data-title=\"2016 November Im Schlosspark Sans Souci mit Guru Ji\"\n               data-description=\"\"\n               data-image-slug=\"2016-nov2_\"\n               class=\"ngg-simplelightbox\" rel=\"c14449b3e866e6662c12a999e97a1535\">\n                <img\n                    title=\"2016 November Im Schlosspark Sans Souci mit Guru Ji\"\n                    alt=\"2016 November Im Schlosspark Sans Souci mit Guru Ji\"\n                    src=\"http:\/\/yoga-shri.de\/wp-content\/gallery\/guruji-visit-berlin-nov-2016\/thumbs\/thumbs_2016.Nov2_.jpg\"\n                    width=\"240\"\n                    height=\"160\"\n                    style=\"max-width:100%;\"\n                \/>\n            <\/a>\n        <\/div>\n\t\t\t\t\t\t\t<\/div> \n\t\t\t\n\t\t\t\t<div id=\"ngg-image-2\" class=\"ngg-gallery-thumbnail-box \" >\n\t\t\t\t        <div class=\"ngg-gallery-thumbnail\">\n            <a href=\"http:\/\/yoga-shri.de\/wp-content\/gallery\/guruji-visit-berlin-nov-2016\/2016.Nov3_.jpg\"\n               title=\"\"\n               data-src=\"http:\/\/yoga-shri.de\/wp-content\/gallery\/guruji-visit-berlin-nov-2016\/2016.Nov3_.jpg\"\n               data-thumbnail=\"http:\/\/yoga-shri.de\/wp-content\/gallery\/guruji-visit-berlin-nov-2016\/thumbs\/thumbs_2016.Nov3_.jpg\"\n               data-image-id=\"3\"\n               data-title=\"2016. November Satsang in Berlin\"\n               data-description=\"\"\n               data-image-slug=\"2016-nov3_\"\n               class=\"ngg-simplelightbox\" rel=\"c14449b3e866e6662c12a999e97a1535\">\n                <img\n                    title=\"2016. November Satsang in Berlin\"\n                    alt=\"2016. November Satsang in Berlin\"\n                    src=\"http:\/\/yoga-shri.de\/wp-content\/gallery\/guruji-visit-berlin-nov-2016\/thumbs\/thumbs_2016.Nov3_.jpg\"\n                    width=\"240\"\n                    height=\"160\"\n                    style=\"max-width:100%;\"\n                \/>\n            <\/a>\n        <\/div>\n\t\t\t\t\t\t\t<\/div> \n\t\t\t\n\t\n\t<br style=\"clear: both\" \/>\n\n\t\n\t\t<!-- Pagination -->\n\t<div class='ngg-clear'><\/div>\t<\/div>\n<\/div><\/div><\/li>\n<li><a href=\"http:\/\/www.yoga-shri.de\/yoga-shri-neuigkeiten\/items\/online-satsang-am-22oktober-2016.html\">Video Live-\u00dcbertragung des Satsangs am 22.10.2016<\/a><\/li>\n<li><a href=\"http:\/\/yoga-shri.de\/index.php\/veranstaltungen-in-berlin-und-treffen-mit-shri-prakash-ji-weltweit\/gesundes-sonntagsessen-einfach-ausgewogen-und-exotisch\/\">Offener Nachmittag mit Zubereitung vegetarischer Speisen am 19. Juni 2016<\/a><\/li>\n<li><a href=\"https:\/\/www.youtube.com\/watch?v=A8SnQulaF_M\" target=\"_blank\" rel=\"noopener noreferrer\">Video Live-\u00dcbertragung des Satsangs am 18.06.2016<\/a><\/li>\n<li>Bhajanabend am 27. Mai 2016<div class=\"bg-margin-for-link\"><input type='hidden' bg_collapse_expand='69e1e97746c3a8052263497' value='69e1e97746c3a8052263497'><input type='hidden' id='bg-show-more-text-69e1e97746c3a8052263497' value='mehr zeigen'><input type='hidden' id='bg-show-less-text-69e1e97746c3a8052263497' value='weniger zeigen'><a id='bg-showmore-action-69e1e97746c3a8052263497' class='bg-showmore-plg-link  '  style=\" color:#0599f5;;\" href='#'>mehr zeigen<\/a><div id='bg-showmore-hidden-69e1e97746c3a8052263497' ><br \/>\n<strong><span style=\"color: #008080;\">Kleiner Einblick in einen wunderbaren Abend&#8230;<\/span><\/strong><br \/>\nAm 27. Mai 2016 trafen wir uns im Yoga-Zentrum &#8222;Shri Prakash Dham&#8220; zum Bhajan-Singen.<img decoding=\"async\" loading=\"lazy\" class=\"wp-image-1527 alignleft\" src=\"http:\/\/localhost\/yogashri\/neu\/online\/wp-content\/uploads\/2020\/02\/Bhajans-Mai-3_Singkreis.jpg\" alt=\"\" width=\"317\" height=\"211\" srcset=\"http:\/\/yoga-shri.de\/wp-content\/uploads\/2020\/02\/Bhajans-Mai-3_Singkreis.jpg 800w, http:\/\/yoga-shri.de\/wp-content\/uploads\/2020\/02\/Bhajans-Mai-3_Singkreis-300x200.jpg 300w, http:\/\/yoga-shri.de\/wp-content\/uploads\/2020\/02\/Bhajans-Mai-3_Singkreis-768x513.jpg 768w, http:\/\/yoga-shri.de\/wp-content\/uploads\/2020\/02\/Bhajans-Mai-3_Singkreis-700x465.jpg 700w\" sizes=\"(max-width: 317px) 100vw, 317px\" \/><br \/>\nAuch diesmal gelang es uns beim Singen in die Dimension des Herzens einzutreten. Der Klang der Instrumente, das gemeinsame harmonische Singen, sowie die feine spirituelle Atmosph\u00e4re hatten eine tiefe wohltuende Wirkung auf jeden einzelnen.<br \/>\nIn der Teepause erfreuten sich die Augen und die Geschmackssinne an den vielf\u00e4ltigen vegetarischen Snacks. Einige sch\u00f6ne Momente haben wir auf Bildern festgehalten und teilen sie mit Ihnen.&nbsp;<\/p>\n<table>\n<tbody>\n<tr>\n<td><img decoding=\"async\" loading=\"lazy\" class=\"wp-image-1528 aligncenter\" src=\"http:\/\/localhost\/yogashri\/neu\/online\/wp-content\/uploads\/2020\/02\/Bhajans-Mai-1_Instrumente.jpg\" alt=\"\" width=\"210\" height=\"210\" srcset=\"http:\/\/yoga-shri.de\/wp-content\/uploads\/2020\/02\/Bhajans-Mai-1_Instrumente.jpg 600w, http:\/\/yoga-shri.de\/wp-content\/uploads\/2020\/02\/Bhajans-Mai-1_Instrumente-300x300.jpg 300w, http:\/\/yoga-shri.de\/wp-content\/uploads\/2020\/02\/Bhajans-Mai-1_Instrumente-150x150.jpg 150w\" sizes=\"(max-width: 210px) 100vw, 210px\" \/><\/td>\n<td><img decoding=\"async\" loading=\"lazy\" class=\"wp-image-1529 aligncenter\" src=\"http:\/\/localhost\/yogashri\/neu\/online\/wp-content\/uploads\/2020\/02\/Bhajans-Mai-4_Buffet.jpg\" alt=\"\" width=\"210\" height=\"210\" srcset=\"http:\/\/yoga-shri.de\/wp-content\/uploads\/2020\/02\/Bhajans-Mai-4_Buffet.jpg 600w, http:\/\/yoga-shri.de\/wp-content\/uploads\/2020\/02\/Bhajans-Mai-4_Buffet-300x300.jpg 300w, http:\/\/yoga-shri.de\/wp-content\/uploads\/2020\/02\/Bhajans-Mai-4_Buffet-150x150.jpg 150w\" sizes=\"(max-width: 210px) 100vw, 210px\" \/><\/td>\n<\/tr>\n<\/tbody>\n<\/table>\n<p>Wir freuen uns auf die n\u00e4chsten gemeinsamen Bhajan-Abende!<\/div><\/div><\/li>\n<li><a href=\"http:\/\/yoga-shri.de\/index.php\/veranstaltungen-in-berlin-und-treffen-mit-shri-prakash-ji-weltweit\/schueler-berichten-ueber-veranstaltungen-vor-2014\/\">Die Sch\u00fcler berichten \u00fcber Veranstaltungen vor 2014<\/a><\/li>\n<\/ul>\n<\/div>\n<\/div>\n<\/section>\n","protected":false},"excerpt":{"rendered":"<p>Die n\u00e4chsten Termine:&nbsp; Aufgrund der Coronavirus-Pandemie finden zur Zeit keine \u00f6ffentlichen Veranstaltungen in unserem Zentrum statt. Jeden Mo&amp;Do&nbsp; Jeden Sa 18:00 &#8211; 20:00&nbsp; 11:00 &#8211; 13:30 &nbsp; Meditation, Satsang (Vortrag), Aarti&nbsp; Meditation, Satsang (online), Aarti 11.04.2020 11:00 &#8211; 13:30 &nbsp; Live-\u00dcbertragung der Mantra- Meditation und des Satsangs mit Shri Prakash Ji in das Berliner Meditationszentrum Shri Prakash Dham e.V. &nbsp; &nbsp; &nbsp; \u00c4nderungen vorbehalten! &nbsp; Einblick in vergangene Veranstaltungen Offene T\u00fcren zur&nbsp;8. Langen Nacht der &hellip; <\/p>\n","protected":false},"author":1,"featured_media":0,"parent":0,"menu_order":0,"comment_status":"closed","ping_status":"closed","template":"","meta":{"ngg_post_thumbnail":0},"_links":{"self":[{"href":"http:\/\/yoga-shri.de\/index.php\/wp-json\/wp\/v2\/pages\/113"}],"collection":[{"href":"http:\/\/yoga-shri.de\/index.php\/wp-json\/wp\/v2\/pages"}],"about":[{"href":"http:\/\/yoga-shri.de\/index.php\/wp-json\/wp\/v2\/types\/page"}],"author":[{"embeddable":true,"href":"http:\/\/yoga-shri.de\/index.php\/wp-json\/wp\/v2\/users\/1"}],"replies":[{"embeddable":true,"href":"http:\/\/yoga-shri.de\/index.php\/wp-json\/wp\/v2\/comments?post=113"}],"version-history":[{"count":55,"href":"http:\/\/yoga-shri.de\/index.php\/wp-json\/wp\/v2\/pages\/113\/revisions"}],"predecessor-version":[{"id":2416,"href":"http:\/\/yoga-shri.de\/index.php\/wp-json\/wp\/v2\/pages\/113\/revisions\/2416"}],"wp:attachment":[{"href":"http:\/\/yoga-shri.de\/index.php\/wp-json\/wp\/v2\/media?parent=113"}],"curies":[{"name":"wp","href":"https:\/\/api.w.org\/{rel}","templated":true}]}}