{"id":1134,"date":"2020-01-28T11:50:44","date_gmt":"2020-01-28T10:50:44","guid":{"rendered":"http:\/\/localhost\/yogashri\/neu\/online\/?page_id=1134"},"modified":"2020-02-23T22:03:22","modified_gmt":"2020-02-23T21:03:22","slug":"weihnachtszeit-mit-shri-prakash-ji-in-berlin","status":"publish","type":"page","link":"http:\/\/yoga-shri.de\/index.php\/veranstaltungen-in-berlin-und-treffen-mit-shri-prakash-ji-weltweit\/weihnachtszeit-mit-shri-prakash-ji-in-berlin\/","title":{"rendered":"Weihnachtszeit mit Shri Prakash Ji in Berlin"},"content":{"rendered":"<p>Der spirituelle Lehrer Shri Prakash Ji und seine Frau Shrimati Shivani Ji waren vom 21. bis zum 25. Dezember 2017 in Berlin.<img decoding=\"async\" loading=\"lazy\" class=\" wp-image-1139 alignright\" src=\"http:\/\/localhost\/yogashri\/neu\/online\/wp-content\/uploads\/2020\/01\/Shri-Prakash-Ji-in-Berlin-Dezember-2017.jpg\" alt=\"\" width=\"205\" height=\"262\" srcset=\"http:\/\/yoga-shri.de\/wp-content\/uploads\/2020\/01\/Shri-Prakash-Ji-in-Berlin-Dezember-2017.jpg 469w, http:\/\/yoga-shri.de\/wp-content\/uploads\/2020\/01\/Shri-Prakash-Ji-in-Berlin-Dezember-2017-235x300.jpg 235w\" sizes=\"(max-width: 205px) 100vw, 205px\" \/> Zahlreiche G\u00e4ste kamen an drei Tagen in Folge zu pers\u00f6nlichen Gespr\u00e4chen mit dem Sadguru. Der Lehrer stand zur Verf\u00fcgung, um Rat in Lebensfragen anzubieten, \u00fcber Themen wie Yoga, Spiritualit\u00e4t, Meditation, Selbstverwirklichung zu sprechen, Hinweise zu geben, wie man das spirituelle Wissen im Alltag anwendet.<\/p>\n<p>F\u00fcr viele Menschen war es eine besondere Freude, dass der Besuch des geistigen Lehrers mit dem Weihnachtsfest zusammenfiel. Am Heiligen Abend gab Shri Prakash Ji einen Satsang (Lehrvortrag) im Meditationszentrum Shri Prakash Dham e.V.<\/p>\n<p><img decoding=\"async\" loading=\"lazy\" class=\"alignleft wp-image-1138\" src=\"http:\/\/localhost\/yogashri\/neu\/online\/wp-content\/uploads\/2020\/01\/Shri-Prakash-Ji-teilt-Prasad-Dezember-2017.jpg\" alt=\"\" width=\"266\" height=\"177\" srcset=\"http:\/\/yoga-shri.de\/wp-content\/uploads\/2020\/01\/Shri-Prakash-Ji-teilt-Prasad-Dezember-2017.jpg 800w, http:\/\/yoga-shri.de\/wp-content\/uploads\/2020\/01\/Shri-Prakash-Ji-teilt-Prasad-Dezember-2017-300x200.jpg 300w, http:\/\/yoga-shri.de\/wp-content\/uploads\/2020\/01\/Shri-Prakash-Ji-teilt-Prasad-Dezember-2017-768x513.jpg 768w, http:\/\/yoga-shri.de\/wp-content\/uploads\/2020\/01\/Shri-Prakash-Ji-teilt-Prasad-Dezember-2017-700x465.jpg 700w\" sizes=\"(max-width: 266px) 100vw, 266px\" \/>Der spirituelle Lehrer sprach dar\u00fcber, wie die Menschen Frieden und innere Ruhe finden k\u00f6nnen, warum es wichtig ist, ein achtsames, harmonisches Leben zu f\u00fchren. Er erkl\u00e4rte, wie man Meditation und Gebet und die Liebe zu Gott in sein t\u00e4gliches Leben integrieren kann. Er hob besonders hervor, dass es zur Selbstvervollkommnung eines jeden und zur Harmonisierung der gesamten Gesellschaft beitr\u00fcge, wenn die Menschen ihren Blick weniger auf Worte und Taten anderer, als auf ihre eignen richten w\u00fcrden. Shri Prakash Ji rief dazu auf, die begrenzte Lebenszeit, die uns von Gott gegeben ist, entschlossen zu nutzen, den Egoismus, den Hass, den Neid, die Wut und andere negative Eigenschaften abzustreifen und danach zu streben, alle unsere guten und n\u00fctzlichen W\u00fcnsche und Tr\u00e4ume zu verwirklichen und dabei niemandem zu schaden. Dabei, so Shri Prakash Ji, seien das vom Sadguru gegebene Mantra und die wahre Liebe zu Gott, Bhakti, ein sicherer Schutz in Lebenssituationen.<\/p>\n<p>Shri Prakash Ji w\u00fcnschte allen Anwesenden und ihren Familien ein gesegnetes Weihnachtsfest. Nachdem er gesprochen hatte, \u00fcberreichte er jedem Besucher Prasad \u2013 gesegnete Fr\u00fcchte und Geb\u00e4ck.<\/p>\n<p>Der Abend wurde von Shri Prakash Jis Sch\u00fclern musikalisch mitgestaltet und von vielen G\u00e4sten aus dem In- und Ausland besucht. Unter den Zuh\u00f6rern befanden sich Menschen jeden Alters, einige waren mit Eltern und Gro\u00dfeltern, Kindern und Enkeln gekommen, sogar ein neugeborenes Kind wohnte h\u00f6rbar diesem Ereignis bei. Im Anschluss an den Satsang \u00e4u\u00dferte sich die \u00fcbergro\u00dfe Mehrzahl der Besucher begeistert \u00fcber die Herzlichkeit und die inspirierende Atmosph\u00e4re, die Shri Prakash Ji ausstrahlte.<\/p>\n<div align=\"center\"><!-- default-view.php -->\n<div\n\tclass=\"ngg-galleryoverview default-view \"\n\tid=\"ngg-gallery-5520a3f03e24be5c9e7422129b848f7d-1\">\n\n\t\t<!-- Thumbnails -->\n\t\t\t\t<div id=\"ngg-image-0\" class=\"ngg-gallery-thumbnail-box \" >\n\t\t\t\t        <div class=\"ngg-gallery-thumbnail\">\n            <a href=\"http:\/\/yoga-shri.de\/wp-content\/gallery\/weihnachten-2017\/Satsang-mit-Shri-Prakash-Ji-in-Berlin-Dez.-2017.jpg\"\n               title=\"\"\n               data-src=\"http:\/\/yoga-shri.de\/wp-content\/gallery\/weihnachten-2017\/Satsang-mit-Shri-Prakash-Ji-in-Berlin-Dez.-2017.jpg\"\n               data-thumbnail=\"http:\/\/yoga-shri.de\/wp-content\/gallery\/weihnachten-2017\/thumbs\/thumbs_Satsang-mit-Shri-Prakash-Ji-in-Berlin-Dez.-2017.jpg\"\n               data-image-id=\"8\"\n               data-title=\"Satsang mit Shri Prakash Ji in Berlin im Dezember 2017\"\n               data-description=\"\"\n               data-image-slug=\"satsang-mit-shri-prakash-ji-in-berlin-dez-2017\"\n               class=\"ngg-simplelightbox\" rel=\"5520a3f03e24be5c9e7422129b848f7d\">\n                <img\n                    title=\"Satsang mit Shri Prakash Ji in Berlin im Dezember 2017\"\n                    alt=\"Satsang mit Shri Prakash Ji in Berlin im Dezember 2017\"\n                    src=\"http:\/\/yoga-shri.de\/wp-content\/gallery\/weihnachten-2017\/thumbs\/thumbs_Satsang-mit-Shri-Prakash-Ji-in-Berlin-Dez.-2017.jpg\"\n                    width=\"240\"\n                    height=\"160\"\n                    style=\"max-width:100%;\"\n                \/>\n            <\/a>\n        <\/div>\n\t\t\t\t\t\t\t<\/div> \n\t\t\t\n\t\t\t\t<div id=\"ngg-image-1\" class=\"ngg-gallery-thumbnail-box \" >\n\t\t\t\t        <div class=\"ngg-gallery-thumbnail\">\n            <a href=\"http:\/\/yoga-shri.de\/wp-content\/gallery\/weihnachten-2017\/Satsang-mit-Shri-Prakash-Ji-Dez.-2017.jpg\"\n               title=\"\"\n               data-src=\"http:\/\/yoga-shri.de\/wp-content\/gallery\/weihnachten-2017\/Satsang-mit-Shri-Prakash-Ji-Dez.-2017.jpg\"\n               data-thumbnail=\"http:\/\/yoga-shri.de\/wp-content\/gallery\/weihnachten-2017\/thumbs\/thumbs_Satsang-mit-Shri-Prakash-Ji-Dez.-2017.jpg\"\n               data-image-id=\"9\"\n               data-title=\"Satsang mit Shri Prakash Ji in Berlin im Dezember 2017\"\n               data-description=\"\"\n               data-image-slug=\"satsang-mit-shri-prakash-ji-dez-2017\"\n               class=\"ngg-simplelightbox\" rel=\"5520a3f03e24be5c9e7422129b848f7d\">\n                <img\n                    title=\"Satsang mit Shri Prakash Ji in Berlin im Dezember 2017\"\n                    alt=\"Satsang mit Shri Prakash Ji in Berlin im Dezember 2017\"\n                    src=\"http:\/\/yoga-shri.de\/wp-content\/gallery\/weihnachten-2017\/thumbs\/thumbs_Satsang-mit-Shri-Prakash-Ji-Dez.-2017.jpg\"\n                    width=\"240\"\n                    height=\"160\"\n                    style=\"max-width:100%;\"\n                \/>\n            <\/a>\n        <\/div>\n\t\t\t\t\t\t\t<\/div> \n\t\t\t\n\t\t\t\t<div id=\"ngg-image-2\" class=\"ngg-gallery-thumbnail-box \" >\n\t\t\t\t        <div class=\"ngg-gallery-thumbnail\">\n            <a href=\"http:\/\/yoga-shri.de\/wp-content\/gallery\/weihnachten-2017\/Persoenliche-Treffen-in-Berlin-mit-Shri-Prakash-Ji-im-Dez.-2017.jpg\"\n               title=\"\"\n               data-src=\"http:\/\/yoga-shri.de\/wp-content\/gallery\/weihnachten-2017\/Persoenliche-Treffen-in-Berlin-mit-Shri-Prakash-Ji-im-Dez.-2017.jpg\"\n               data-thumbnail=\"http:\/\/yoga-shri.de\/wp-content\/gallery\/weihnachten-2017\/thumbs\/thumbs_Persoenliche-Treffen-in-Berlin-mit-Shri-Prakash-Ji-im-Dez.-2017.jpg\"\n               data-image-id=\"10\"\n               data-title=\"Persoenliche Treffen in Berlin mit Shri Prakash Ji im Dez.ember 2017\"\n               data-description=\"\"\n               data-image-slug=\"persoenliche-treffen-in-berlin-mit-shri-prakash-ji-im-dez-2017\"\n               class=\"ngg-simplelightbox\" rel=\"5520a3f03e24be5c9e7422129b848f7d\">\n                <img\n                    title=\"Persoenliche Treffen in Berlin mit Shri Prakash Ji im Dez.ember 2017\"\n                    alt=\"Persoenliche Treffen in Berlin mit Shri Prakash Ji im Dez.ember 2017\"\n                    src=\"http:\/\/yoga-shri.de\/wp-content\/gallery\/weihnachten-2017\/thumbs\/thumbs_Persoenliche-Treffen-in-Berlin-mit-Shri-Prakash-Ji-im-Dez.-2017.jpg\"\n                    width=\"240\"\n                    height=\"160\"\n                    style=\"max-width:100%;\"\n                \/>\n            <\/a>\n        <\/div>\n\t\t\t\t\t\t\t<\/div> \n\t\t\t\n\t\n\t<br style=\"clear: both\" \/>\n\n\t\n\t\t<!-- Pagination -->\n\t<div class='ngg-clear'><\/div>\t<\/div>\n<\/div>\n<p><a href=\"http:\/\/yoga-shri.de\/index.php\/veranstaltungen-in-berlin-und-treffen-mit-shri-prakash-ji-weltweit\/\">zur\u00fcck zu Veranstaltungen<\/a><\/p>\n","protected":false},"excerpt":{"rendered":"<p>Der spirituelle Lehrer Shri Prakash Ji und seine Frau Shrimati Shivani Ji waren vom 21. bis zum 25. Dezember 2017 in Berlin. Zahlreiche G\u00e4ste kamen an drei Tagen in Folge zu pers\u00f6nlichen Gespr\u00e4chen mit dem Sadguru. Der Lehrer stand zur Verf\u00fcgung, um Rat in Lebensfragen anzubieten, \u00fcber Themen wie Yoga, Spiritualit\u00e4t, Meditation, Selbstverwirklichung zu sprechen, Hinweise zu geben, wie man das spirituelle Wissen im Alltag anwendet. F\u00fcr viele Menschen war es eine besondere Freude, dass &hellip; <\/p>\n","protected":false},"author":1,"featured_media":0,"parent":113,"menu_order":0,"comment_status":"closed","ping_status":"closed","template":"","meta":{"ngg_post_thumbnail":0},"_links":{"self":[{"href":"http:\/\/yoga-shri.de\/index.php\/wp-json\/wp\/v2\/pages\/1134"}],"collection":[{"href":"http:\/\/yoga-shri.de\/index.php\/wp-json\/wp\/v2\/pages"}],"about":[{"href":"http:\/\/yoga-shri.de\/index.php\/wp-json\/wp\/v2\/types\/page"}],"author":[{"embeddable":true,"href":"http:\/\/yoga-shri.de\/index.php\/wp-json\/wp\/v2\/users\/1"}],"replies":[{"embeddable":true,"href":"http:\/\/yoga-shri.de\/index.php\/wp-json\/wp\/v2\/comments?post=1134"}],"version-history":[{"count":7,"href":"http:\/\/yoga-shri.de\/index.php\/wp-json\/wp\/v2\/pages\/1134\/revisions"}],"predecessor-version":[{"id":1859,"href":"http:\/\/yoga-shri.de\/index.php\/wp-json\/wp\/v2\/pages\/1134\/revisions\/1859"}],"up":[{"embeddable":true,"href":"http:\/\/yoga-shri.de\/index.php\/wp-json\/wp\/v2\/pages\/113"}],"wp:attachment":[{"href":"http:\/\/yoga-shri.de\/index.php\/wp-json\/wp\/v2\/media?parent=1134"}],"curies":[{"name":"wp","href":"https:\/\/api.w.org\/{rel}","templated":true}]}}