{"id":118,"date":"2020-01-19T01:31:10","date_gmt":"2020-01-19T00:31:10","guid":{"rendered":"http:\/\/localhost\/yogashri\/neu\/online\/?page_id=118"},"modified":"2020-02-23T22:09:52","modified_gmt":"2020-02-23T21:09:52","slug":"regelmaessige-treffen","status":"publish","type":"page","link":"http:\/\/yoga-shri.de\/index.php\/regelmaessige-treffen\/","title":{"rendered":"Regelm\u00e4\u00dfige Treffen"},"content":{"rendered":"<article id=\"regelmaessige-treffen\" class=\"mod_article block\">\n<h5 class=\"ce_text block\"><span style=\"color: #7471f9;\"><strong>Shri Prakash Dham e. V. in Berlin l\u00e4dt ein zum Satsang:<\/strong><\/span><\/h5>\n<section><img decoding=\"async\" loading=\"lazy\" class=\"alignright wp-image-1855 \" src=\"http:\/\/yoga-shri.de\/wp-content\/uploads\/2020\/02\/Satsang-mit-Shri-Prakash-Ji-reinigende-Wirkung-1.jpg\" alt=\"\" width=\"441\" height=\"248\" srcset=\"http:\/\/yoga-shri.de\/wp-content\/uploads\/2020\/02\/Satsang-mit-Shri-Prakash-Ji-reinigende-Wirkung-1.jpg 800w, http:\/\/yoga-shri.de\/wp-content\/uploads\/2020\/02\/Satsang-mit-Shri-Prakash-Ji-reinigende-Wirkung-1-300x169.jpg 300w, http:\/\/yoga-shri.de\/wp-content\/uploads\/2020\/02\/Satsang-mit-Shri-Prakash-Ji-reinigende-Wirkung-1-768x432.jpg 768w\" sizes=\"(max-width: 441px) 100vw, 441px\" \/><\/section>\n<section class=\"ce_text block\" style=\"padding-bottom: 1em;\">Mo. &amp; Do.: 18:00 Uhr<\/section>\n<section><\/section>\n<\/article>\n<section><\/section>\n<section><\/section>\n<article id=\"regelmaessige-treffen\" class=\"mod_article block\">\n<section class=\"ce_text block\" style=\"padding-bottom: 2em;\">Samstags:<br \/>\n11:00 Uhr (Winterzeit)<br \/>\n12:00 Uhr (Sommerzeit)<\/section>\n<section class=\"ce_text block\" style=\"padding-bottom: 1em;\"><a href=\"http:\/\/yoga-shri.de\/index.php\/kontakte-und-anfahrt\/\">Kontakte und Anfahrt<\/a><\/section>\n<section><\/section>\n<section class=\"ce_text block\">Folgendes findet statt:<\/p>\n<ul>\n<li><strong><a href=\"http:\/\/yoga-shri.de\/index.php\/meditation\/\">Meditation<\/a><\/strong> &#8211; Mantra Meditation<\/li>\n<\/ul>\n<ul>\n<li><strong><a href=\"http:\/\/yoga-shri.de\/index.php\/satsang\/\">Satsang<\/a><\/strong>&nbsp;&#8211; ist ein geistiges Gespr\u00e4ch, in dem Shri Gurudev Shri Prakash Ji tiefgr\u00fcndig \u00fcber Gott, Wahrheit und die spirituelle Entwicklung spricht. Beim Satsang bekommen Sie Wissen, Energie, Freude und Inspiration.<\/li>\n<li><strong>Aarti&nbsp;<\/strong> &#8211; gemeinsames Singen spiritueller Lieder, Mantren und Gebete.<\/li>\n<\/ul>\n<p>Samstags gibt es oft eine&nbsp;<strong>Live-\u00dcbertragung<\/strong> des Satsangs mit Shri Prakash Ji aus dem Ashram bei Moskau. Wann der n\u00e4chste Live-Satsang zu sehen ist, erfahren Sie <a href=\"http:\/\/yoga-shri.de\/index.php\/veranstaltungen-in-berlin-und-treffen-mit-shri-prakash-ji-weltweit\/\">hier&#8230;<\/a><\/p>\n<\/section>\n<\/article>\n","protected":false},"excerpt":{"rendered":"<p>Shri Prakash Dham e. V. in Berlin l\u00e4dt ein zum Satsang: Mo. &amp; Do.: 18:00 Uhr Samstags: 11:00 Uhr (Winterzeit) 12:00 Uhr (Sommerzeit) Kontakte und Anfahrt Folgendes findet statt: Meditation &#8211; Mantra Meditation Satsang&nbsp;&#8211; ist ein geistiges Gespr\u00e4ch, in dem Shri Gurudev Shri Prakash Ji tiefgr\u00fcndig \u00fcber Gott, Wahrheit und die spirituelle Entwicklung spricht. Beim Satsang bekommen Sie Wissen, Energie, Freude und Inspiration. Aarti&nbsp; &#8211; gemeinsames Singen spiritueller Lieder, Mantren und Gebete. Samstags gibt es &hellip; <\/p>\n","protected":false},"author":1,"featured_media":0,"parent":0,"menu_order":0,"comment_status":"closed","ping_status":"closed","template":"","meta":{"ngg_post_thumbnail":0},"_links":{"self":[{"href":"http:\/\/yoga-shri.de\/index.php\/wp-json\/wp\/v2\/pages\/118"}],"collection":[{"href":"http:\/\/yoga-shri.de\/index.php\/wp-json\/wp\/v2\/pages"}],"about":[{"href":"http:\/\/yoga-shri.de\/index.php\/wp-json\/wp\/v2\/types\/page"}],"author":[{"embeddable":true,"href":"http:\/\/yoga-shri.de\/index.php\/wp-json\/wp\/v2\/users\/1"}],"replies":[{"embeddable":true,"href":"http:\/\/yoga-shri.de\/index.php\/wp-json\/wp\/v2\/comments?post=118"}],"version-history":[{"count":37,"href":"http:\/\/yoga-shri.de\/index.php\/wp-json\/wp\/v2\/pages\/118\/revisions"}],"predecessor-version":[{"id":1864,"href":"http:\/\/yoga-shri.de\/index.php\/wp-json\/wp\/v2\/pages\/118\/revisions\/1864"}],"wp:attachment":[{"href":"http:\/\/yoga-shri.de\/index.php\/wp-json\/wp\/v2\/media?parent=118"}],"curies":[{"name":"wp","href":"https:\/\/api.w.org\/{rel}","templated":true}]}}