{"id":1238,"date":"2020-01-29T12:26:06","date_gmt":"2020-01-29T11:26:06","guid":{"rendered":"http:\/\/localhost\/yogashri\/neu\/online\/?page_id=1238"},"modified":"2020-01-29T12:58:06","modified_gmt":"2020-01-29T11:58:06","slug":"die-erste-liebe-satsang-von-shri-prakash-ji-21-09-2013","status":"publish","type":"page","link":"http:\/\/yoga-shri.de\/index.php\/videos\/die-erste-liebe-satsang-von-shri-prakash-ji-21-09-2013\/","title":{"rendered":"Die erste Liebe. Satsang von Shri Prakash Ji. 21.09.2013"},"content":{"rendered":"\t\t<div data-elementor-type=\"wp-page\" data-elementor-id=\"1238\" class=\"elementor elementor-1238\">\n\t\t\t\t\t\t<div class=\"elementor-inner\">\n\t\t\t\t<div class=\"elementor-section-wrap\">\n\t\t\t\t\t\t\t\t\t<section class=\"elementor-section elementor-top-section elementor-element elementor-element-969bd8b elementor-section-boxed elementor-section-height-default elementor-section-height-default\" data-id=\"969bd8b\" data-element_type=\"section\">\n\t\t\t\t\t\t<div class=\"elementor-container elementor-column-gap-default\">\n\t\t\t\t\t\t\t<div class=\"elementor-row\">\n\t\t\t\t\t<div class=\"elementor-column elementor-col-100 elementor-top-column elementor-element elementor-element-aa35627\" data-id=\"aa35627\" data-element_type=\"column\">\n\t\t\t<div class=\"elementor-column-wrap elementor-element-populated\">\n\t\t\t\t\t\t\t<div class=\"elementor-widget-wrap\">\n\t\t\t\t\t\t<div class=\"elementor-element elementor-element-6ea93ec elementor-widget elementor-widget-video\" data-id=\"6ea93ec\" data-element_type=\"widget\" data-settings=\"{&quot;youtube_url&quot;:&quot;https:\\\/\\\/www.youtube.com\\\/watch?v=ICbva8bLvXg&amp;feature=emb_logo&quot;,&quot;video_type&quot;:&quot;youtube&quot;,&quot;controls&quot;:&quot;yes&quot;}\" data-widget_type=\"video.default\">\n\t\t\t\t<div class=\"elementor-widget-container\">\n\t\t\t\t\t<div class=\"elementor-wrapper elementor-open-inline\">\n\t\t\t<div class=\"elementor-video\"><\/div>\t\t<\/div>\n\t\t\t\t<\/div>\n\t\t\t\t<\/div>\n\t\t\t\t\t\t<\/div>\n\t\t\t\t\t<\/div>\n\t\t<\/div>\n\t\t\t\t\t\t\t\t<\/div>\n\t\t\t\t\t<\/div>\n\t\t<\/section>\n\t\t\t\t<section class=\"elementor-section elementor-top-section elementor-element elementor-element-ee52010 elementor-section-boxed elementor-section-height-default elementor-section-height-default\" data-id=\"ee52010\" data-element_type=\"section\">\n\t\t\t\t\t\t<div class=\"elementor-container elementor-column-gap-default\">\n\t\t\t\t\t\t\t<div class=\"elementor-row\">\n\t\t\t\t\t<div class=\"elementor-column elementor-col-100 elementor-top-column elementor-element elementor-element-b50ff65\" data-id=\"b50ff65\" data-element_type=\"column\">\n\t\t\t<div class=\"elementor-column-wrap elementor-element-populated\">\n\t\t\t\t\t\t\t<div class=\"elementor-widget-wrap\">\n\t\t\t\t\t\t<div class=\"elementor-element elementor-element-4500332 elementor-widget elementor-widget-text-editor\" data-id=\"4500332\" data-element_type=\"widget\" data-widget_type=\"text-editor.default\">\n\t\t\t\t<div class=\"elementor-widget-container\">\n\t\t\t\t\t\t\t\t<div class=\"elementor-text-editor elementor-clearfix\">\n\t\t\t\t<p>Die Menschen suchen die Liebe, von der Geburt an bis zum Tod, immer und \u00fcberall. Als Kind sucht der Mensch sie zun\u00e4chst bei seinen Eltern, seinen Geschwistern, sp\u00e4ter bei seinen Freunden, schlie\u00dflich beim Ehemann, bei der Ehefrau, seinen Kindern und Enkeln.<\/p><p>Die Liebe braucht jeder. Weshalb?<\/p><p>Weil die Liebe eine gro\u00dfe Kraft ist, die Freude schenkt und alles mit Energie anf\u00fcllt. Jedoch verstehen nicht alle, dass die Quelle dieser Energie Gott ist. Indem der Mensch danach strebt, die Liebe zu gewinnen, sucht er in Wirklichkeit nach Gott &#8230;<\/p><p><a href=\"http:\/\/localhost\/yogashri\/neu\/online\/index.php\/videos\/\" data-wplink-url-error=\"true\">Zur\u00fcck zu Videos<\/a><\/p>\t\t\t\t\t<\/div>\n\t\t\t\t\t\t<\/div>\n\t\t\t\t<\/div>\n\t\t\t\t\t\t<\/div>\n\t\t\t\t\t<\/div>\n\t\t<\/div>\n\t\t\t\t\t\t\t\t<\/div>\n\t\t\t\t\t<\/div>\n\t\t<\/section>\n\t\t\t\t\t\t\t\t\t<\/div>\n\t\t\t<\/div>\n\t\t\t\t\t<\/div>\n\t\t","protected":false},"excerpt":{"rendered":"<p>https:\/\/www.youtube.com\/watch?v=ICbva8bLvXg&#038;feature=emb_logo Die Menschen suchen die Liebe, von der Geburt an bis zum Tod, immer und \u00fcberall. Als Kind sucht der Mensch sie zun\u00e4chst bei seinen Eltern, seinen Geschwistern, sp\u00e4ter bei seinen Freunden, schlie\u00dflich beim Ehemann, bei der Ehefrau, seinen Kindern und Enkeln. Die Liebe braucht jeder. Weshalb? Weil die Liebe eine gro\u00dfe Kraft ist, die Freude schenkt und alles mit Energie anf\u00fcllt. Jedoch verstehen nicht alle, dass die Quelle dieser Energie Gott ist. Indem der &hellip; <\/p>\n","protected":false},"author":1,"featured_media":0,"parent":384,"menu_order":0,"comment_status":"closed","ping_status":"closed","template":"","meta":{"ngg_post_thumbnail":0},"_links":{"self":[{"href":"http:\/\/yoga-shri.de\/index.php\/wp-json\/wp\/v2\/pages\/1238"}],"collection":[{"href":"http:\/\/yoga-shri.de\/index.php\/wp-json\/wp\/v2\/pages"}],"about":[{"href":"http:\/\/yoga-shri.de\/index.php\/wp-json\/wp\/v2\/types\/page"}],"author":[{"embeddable":true,"href":"http:\/\/yoga-shri.de\/index.php\/wp-json\/wp\/v2\/users\/1"}],"replies":[{"embeddable":true,"href":"http:\/\/yoga-shri.de\/index.php\/wp-json\/wp\/v2\/comments?post=1238"}],"version-history":[{"count":5,"href":"http:\/\/yoga-shri.de\/index.php\/wp-json\/wp\/v2\/pages\/1238\/revisions"}],"predecessor-version":[{"id":1267,"href":"http:\/\/yoga-shri.de\/index.php\/wp-json\/wp\/v2\/pages\/1238\/revisions\/1267"}],"up":[{"embeddable":true,"href":"http:\/\/yoga-shri.de\/index.php\/wp-json\/wp\/v2\/pages\/384"}],"wp:attachment":[{"href":"http:\/\/yoga-shri.de\/index.php\/wp-json\/wp\/v2\/media?parent=1238"}],"curies":[{"name":"wp","href":"https:\/\/api.w.org\/{rel}","templated":true}]}}