{"id":130,"date":"2020-01-19T12:18:11","date_gmt":"2020-01-19T11:18:11","guid":{"rendered":"http:\/\/localhost\/yogashri\/neu\/online\/?page_id=130"},"modified":"2020-02-23T21:35:15","modified_gmt":"2020-02-23T20:35:15","slug":"yoga","status":"publish","type":"page","link":"http:\/\/yoga-shri.de\/index.php\/yoga\/","title":{"rendered":"Yoga"},"content":{"rendered":"<p class=\"Standard1\"><img decoding=\"async\" loading=\"lazy\" class=\"aligncenter wp-image-1422 \" src=\"http:\/\/localhost\/yogashri\/neu\/online\/wp-content\/uploads\/2020\/02\/molitva-550x150-.jpg\" alt=\"\" width=\"550\" height=\"150\" srcset=\"http:\/\/yoga-shri.de\/wp-content\/uploads\/2020\/02\/molitva-550x150-.jpg 550w, http:\/\/yoga-shri.de\/wp-content\/uploads\/2020\/02\/molitva-550x150--300x82.jpg 300w\" sizes=\"(max-width: 550px) 100vw, 550px\" \/><br \/>\n<strong>Bedeutung<br \/>\n<\/strong><br \/>\nDas Wissen \u00fcber Yoga ist sehr alt und kann als Wissenschaft der geistigen Entwicklung des Menschen bezeichnet werden. Das Wort \u201cYoga\u201c bedeutet in der \u00dcbersetzung aus dem Sanskrit Einheit, Verbindung. Das ist die Verbindung der Seele (auf Sanskrit &#8222;Atma&#8220;) mit der gro\u00dfen universellen Seele (&#8222;Paramatma&#8220;).<\/p>\n<p class=\"Standard1\"><strong>Ziel des Yoga<br \/>\n<\/strong><\/p>\n<p class=\"Standard1\">Yoga gibt Antwort auf Fragen wie: \u201eWas ist das Ziel unseres Lebens?\u201c, \u201eAuf welche Weise kann sich der Mensch vervollkommnen?\u201c, \u201eWie soll man sein Leben richtig einrichten, von der Kindheit bis ins hohe Alter?\u201c, \u201eWie soll man diese Welt verlassen, wenn es soweit ist?\u201c. Das hei\u00dft, Yoga gibt Antworten auf Fragen von universeller Bedeutung.<\/p>\n<p class=\"Standard1\">Im&nbsp; Hinduismus ist das Ziel der Geburt des Menschen die Selbsterkenntnis, die Erkenntnis seiner Seele. Wenn der Mensch sich selbst vollst\u00e4ndig erkannt hat, wenn er verstanden hat, wer er in Wirklichkeit ist, dann bedeutet das, dass er sich mithilfe von spirituellem Wissen, der geistigen Praxis, der Selbstvervollkommnung mit Gott vereint hat. Genau das bedeutet Yoga.<\/p>\n<p class=\"Standard1\">Ein Mensch, der Gott erkannt hat, erlangt alles: er ist innerlich ruhig in den unterschiedlichsten Situationen, er ist \u00fcberzeugt von seinem Handeln, er hat die absolute Liebe gefunden, eine Liebe, die immer in ihm gegenw\u00e4rtig ist. Solch ein Mensch ist erfolgreich in seinem Handeln, er hat vollkommene Selbstkontrolle erlangt. Die innere St\u00e4rke, die hohe spirituellen Eigenschaften machen diesen Menschen unwahrscheinlich anziehend f\u00fcr seine Umgebung. Die Geschichte kennt viele Beispiele solcher Menschen: Jesus Christus, Buddha, Krischna, Rama und andere Pers\u00f6nlichkeiten, die in der ganzen Welt als Propheten bekannt sind.<\/p>\n<p class=\"Standard1\"><strong>Arten des Yoga<\/strong><\/p>\n<p class=\"Standard1\">Yoga wurde in Vorzeiten von den Weisen als eine Methode der bewussten Rezeption jener Kraft geschaffen, die wir Gott nennen. Yoga \u2013 das ist jeder Prozess, jede Form von Praxis, mithilfe dessen bzw. derer die Seele sich mit der Weltseele oder g\u00f6ttlichen Seele vereinigt.<\/p>\n<p class=\"Standard1\">Mit der Zeit verbreitete sich das Wissen vom Yoga in der ganzen Welt, es unterlag Ver\u00e4nderungen, es wurde angereichert mit kulturellen Traditionen verschiedener L\u00e4nder und V\u00f6lker. Heute gibt es viele Bezeichnungen f\u00fcr Yoga: Kundalini-Yoga, Fitness-Yoga, Bikram-Yoga, Lachyoga, Yoga-Nidra und andere.<\/p>\n<p class=\"Standard1\">Aber drei Arten des Yoga existieren bereits seit vielen Jahrtausenden: Karma-Yoga, Bhakti-Yoga und Gyan-Yoga.<\/p>\n<p class=\"Standard1\">Alle Menschen sind verschieden: der eine f\u00fchlt sich mehr zum Gyan-Yoga hingezogen, ein anderer mehr zum Bhakti-Yoga, ein Dritter zieht Karma-Yoga vor. Aber wenn ein Mensch zum Yogi wird, dann sind alle drei Arten des Yoga organisch miteinander verbunden, und das ganze Leben, jeder Atemzug eines solchen Menschen werden zum Yoga.<\/p>\n<p class=\"Standard1\"><strong>Karma-Yoga, Bhakti-Yoga und Gyan-Yoga<\/strong><\/p>\n<p><strong>Karma-Yoga<\/strong> bedeutet Handeln ohne Bindung an die Folgen desselben, ohne Sorge um das Resultat der Arbeit, sich ganz dem Willen Gottes \u00fcberlassend. Denn Gott ist eine Kraft, die jeder Jivatma, jeder individuellen Seele, das ihr zustehende Resultat gibt. Der Mensch, der den Weg des Karma-Yoga erw\u00e4hlt hat, wird sich durch sein Handeln bewusst, dass die Gerechtigkeit ein unwandelbares Gesetz des Universums ist.<\/p>\n<p class=\"Standard1\"><strong>Bhakti-Yoga<\/strong> bedeutet die Vervollkommnung und die Selbsterkenntnis mithilfe der Liebe, des Glaubens und dem ergebenen Dienst f\u00fcr Gott.<\/p>\n<p class=\"Standard1\">Im Bhakti-Yoga sind innere Reinheit, Aufrichtigkeit, Liebe, Hingabe und Glaube an das Bild oder die Gestalt Gottes oder des Heiligen, welche oder welcher der Seele am n\u00e4chsten stehen, wichtig.<\/p>\n<p class=\"Standard1\">Indem man lernt, die Menschen aufrichtig und rein zu lieben, sich ihnen gegen\u00fcber achtungsvoll zu verhalten, indem man sich daran erinnert, dass jeder Mensch ein Kind Gottes ist, praktiziert man auch Bhakti-Yoga. Derjenige, der den Weg des Bhakti-Yoga gew\u00e4hlt hat, \u00f6ffnet mit Hilfe der Liebe den Weg zur Erkenntnis Gottes.<\/p>\n<p class=\"Standard1\"><strong>Gyan-Yoga<\/strong> ist ein Prozess der Vervollkommnung, der Vereinigung mit Gott mithilfe des Wissens, der Erkenntnis. Dieser Weg ist der l\u00e4ngste von allen. Damit man aus der Milch die Butter gewinnt, muss man sie lange schleudern. Genauso \u201eschleudert\u201c ein Mensch, der den Weg des Gyan-Yoga geht: er liest B\u00fccher, geht in verschiedene spirituelle Zentren und Organisationen, h\u00f6rt Vortr\u00e4ge, denkt nach und analysiert.<\/p>\n<p class=\"Standard1\">Im Gyan-Yoga verwendet der Mensch seinen Intellekt und sch\u00e4rft seinen Verstand, um die g\u00f6ttlichen Geheimnisse mit Hilfe des Wissens zu aufzudecken. Denn Gott ist das ewige Wissen.<\/p>\n<p class=\"Standard1\"><img decoding=\"async\" loading=\"lazy\" class=\"alignright size-medium wp-image-90\" src=\"http:\/\/localhost\/yogashri\/neu\/online\/wp-content\/uploads\/2020\/01\/Buch-mit-Kerzen-3-300x84.jpg\" alt=\"\" width=\"300\" height=\"84\" srcset=\"http:\/\/yoga-shri.de\/wp-content\/uploads\/2020\/01\/Buch-mit-Kerzen-3-300x84.jpg 300w, http:\/\/yoga-shri.de\/wp-content\/uploads\/2020\/01\/Buch-mit-Kerzen-3.jpg 684w\" sizes=\"(max-width: 300px) 100vw, 300px\" \/><\/p>\n<p class=\"Standard1\">Es gibt einen sch\u00f6nen Vergleich: Yoga ist wie ein Vogel. Gyan-Yoga und Karma-Yoga sind die zwei Fl\u00fcgel, Bhakti-Yoga ist das Herz, die Seele des Vogels. Wenn einer der Fl\u00fcgel fehlt, so lebt der Vogel noch, aber er kann nicht fliegen, wenn aber keine Seele, keine bedingungslose Liebe, kein Glaube, keine Hingabe da ist, dann kann der Vogel nicht mehr leben. Das Leben des Menschen wird sehr sch\u00f6n, wenn in ihm alle drei Yogaarten vereint sind, das wichtigste aber ist \u2013 und davon sprechen alle Religionen \u2013 die Liebe.<\/p>\n<p>&nbsp;<\/p>\n<p><a href=\"http:\/\/yoga-shri.de\/index.php\/satsangs-texte-gleichnisse\/\">mehr \u00fcber Yoga lesen Sie in &#8222;Satsangs&#8220; von Shri Prakash Ji<\/a><\/p>\n<p><a href=\"http:\/\/yoga-shri.de\/index.php\/lehre\/\">zur\u00fcck zu Lehre<\/a><\/p>\n","protected":false},"excerpt":{"rendered":"<p>Bedeutung Das Wissen \u00fcber Yoga ist sehr alt und kann als Wissenschaft der geistigen Entwicklung des Menschen bezeichnet werden. Das Wort \u201cYoga\u201c bedeutet in der \u00dcbersetzung aus dem Sanskrit Einheit, Verbindung. Das ist die Verbindung der Seele (auf Sanskrit &#8222;Atma&#8220;) mit der gro\u00dfen universellen Seele (&#8222;Paramatma&#8220;). Ziel des Yoga Yoga gibt Antwort auf Fragen wie: \u201eWas ist das Ziel unseres Lebens?\u201c, \u201eAuf welche Weise kann sich der Mensch vervollkommnen?\u201c, \u201eWie soll man sein Leben richtig &hellip; <\/p>\n","protected":false},"author":1,"featured_media":0,"parent":0,"menu_order":0,"comment_status":"closed","ping_status":"closed","template":"","meta":{"ngg_post_thumbnail":0},"_links":{"self":[{"href":"http:\/\/yoga-shri.de\/index.php\/wp-json\/wp\/v2\/pages\/130"}],"collection":[{"href":"http:\/\/yoga-shri.de\/index.php\/wp-json\/wp\/v2\/pages"}],"about":[{"href":"http:\/\/yoga-shri.de\/index.php\/wp-json\/wp\/v2\/types\/page"}],"author":[{"embeddable":true,"href":"http:\/\/yoga-shri.de\/index.php\/wp-json\/wp\/v2\/users\/1"}],"replies":[{"embeddable":true,"href":"http:\/\/yoga-shri.de\/index.php\/wp-json\/wp\/v2\/comments?post=130"}],"version-history":[{"count":9,"href":"http:\/\/yoga-shri.de\/index.php\/wp-json\/wp\/v2\/pages\/130\/revisions"}],"predecessor-version":[{"id":1847,"href":"http:\/\/yoga-shri.de\/index.php\/wp-json\/wp\/v2\/pages\/130\/revisions\/1847"}],"wp:attachment":[{"href":"http:\/\/yoga-shri.de\/index.php\/wp-json\/wp\/v2\/media?parent=130"}],"curies":[{"name":"wp","href":"https:\/\/api.w.org\/{rel}","templated":true}]}}