{"id":134,"date":"2020-01-19T12:24:23","date_gmt":"2020-01-19T11:24:23","guid":{"rendered":"http:\/\/localhost\/yogashri\/neu\/online\/?page_id=134"},"modified":"2020-02-23T21:38:07","modified_gmt":"2020-02-23T20:38:07","slug":"satsang","status":"publish","type":"page","link":"http:\/\/yoga-shri.de\/index.php\/satsang\/","title":{"rendered":"Satsang"},"content":{"rendered":"<p><img decoding=\"async\" loading=\"lazy\" class=\"alignleft size-medium wp-image-227\" src=\"http:\/\/localhost\/yogashri\/neu\/online\/wp-content\/uploads\/2020\/01\/Shri-Prakash-Ji.-Ashram-in-Berlin.-Satsang.-2006-195x300.jpg\" alt=\"\" width=\"195\" height=\"300\" srcset=\"http:\/\/yoga-shri.de\/wp-content\/uploads\/2020\/01\/Shri-Prakash-Ji.-Ashram-in-Berlin.-Satsang.-2006-195x300.jpg 195w, http:\/\/yoga-shri.de\/wp-content\/uploads\/2020\/01\/Shri-Prakash-Ji.-Ashram-in-Berlin.-Satsang.-2006.jpg 260w\" sizes=\"(max-width: 195px) 100vw, 195px\" \/><\/p>\n<p>(<strong>Sat<\/strong> = Wahrheit, das Wahre, das Wahrhaftige<br \/>\n<strong>Sang<\/strong> = Gemeinschaft, Zusammensein, Umfeld)<\/p>\n<p>Das Wort Satsang bedeutet Zusammensein in Wahrheit, ein Gespr\u00e4ch \u00fcber das G\u00f6ttliche, \u00fcber das Wahre oder Wahrhaftige. Es bedeutet Freundschaft (Sichanfreunden) mit der Wahrheit, Reflektion \u00fcber Gott, seine Eigenschaften, seine Gnade. Beim Satsang vermittelt Shri Prakash Ji das ewige, das urspr\u00fcngliche Wissen, das immer da war, immer da ist und immer da sein wird. Beim Satsang erh\u00e4lt jeder Mensch Wissen zu einem Thema, das ihn momentan am meisten besch\u00e4ftigt. Und viele Menschen bekommen Antworten auf Fragen, die sie interessieren, die sie aber nicht laut gestellt haben. Der Sadguru hat die F\u00e4higkeit, das zu verstehen, was die Menschen selbst nicht sehen k\u00f6nnen und kann dadurch die brennendsten Fragen des Lebens der Menschen beantworten.<\/p>\n<p>Ein Satsang ist wichtig f\u00fcr denjenigen, der noch gar kein Wissen hat, f\u00fcr denjenigen, der schon etwas Wissen hat und f\u00fcr denjenigen, der schon das ganze Wissen erlangt hat. Ein Gleichnis aus alten spirituellen Schriften erz\u00e4hlt \u00fcber Sukhdevo. Er war ein geborener Brahmagyani, der diesen Zustand schon im Bauch seiner Mutter erreicht hat. Als sie schwanger war, hat sein Vater Vedavyasa, der selbst ein Brahmagyani war, ihr das Wissen vermittelt, so dass Sukhdevo es sich bereits dort \u2013 im Bauch seiner Mutter \u2013 aneignen konnte und es bei seiner Geburt schon besa\u00df. Als er erwachsener wurde, sagte sein Vater zu ihm, dass er Satsangs brauche. Sukhdevo antwortete: \u201eVater, ich wei\u00df doch, wer Gott ist. Sie wissen ganz gut, dass ich es wei\u00df, wer Sie, wer ich und wer Gott ist \u2013 wozu brauche ich Satsangs?\u201c Der Vater erwiderte: \u201eSatsangs sind immer notwendig. Sieh \u2013 ich habe den Brahmagyani &#8211; Zustand erreicht. Trotzdem m\u00f6chte ich Satsangs durchf\u00fchren, denn in diesem Zustand bleibt nichts anderes \u00fcbrig als das, alles ist offensichtlich.\u201c<\/p>\n<p>Solange es nicht so ist, beunruhigt sich der Mensch, was morgen sein wird, was er morgen tun wird. Und wenn alles offensichtlich ist \u2013 was w\u00fcrde man tun? Dann spricht man \u00fcber Gott und inspiriert diejenigen, die Gott noch nicht erkannt haben.<\/p>\n<p>Vedavyasa schickte Sukhdevo zum Satsang zum K\u00f6nig Janak, der auch ein Brahmagyani war, und von ihm bekam er das praktische Wissen.<\/p>\n<p>Satsangs sind immer im Leben notwendig. Wenn der Mensch \u00fcber Gott spricht, von Gott h\u00f6rt, reinigt sich jede Zelle.<\/p>\n<p>Satsang bedeutet, \u00fcber geistige Themen zu sprechen, aber nicht zu streiten. Manchmal sprechen Menschen \u00fcber geistige Themen und fangen dabei an, miteinander zu streiten, zu debattieren. Das ist dann kein Satsang mehr. Ein Satsang gibt immer Freude, Ruhe, Bhakti.<\/p>\n<p>Sukhdevo hatte die Gewissheit bekommen, dass er sein ganzes weiteres Leben lang, wo auch immer er hinginge, \u00fcber Gott sprechen w\u00fcrde.<\/p>\n<p>Wenn der Mensch Gott liebt, denkt er an gute Eigenschaften. Man sollte lernen, zu lieben.<\/p>\n<p>Regelm\u00e4\u00dfige Satsangs sind sehr wichtig im Leben. Bei demjenigen, der die Wichtigkeit der Satsangs noch nicht versteht, ist das geistige Karma noch nicht erwacht. Ein Satsang ist ein sehr guter Nektar, der \u2013 wenn man ihn trinkt \u2013 bewirkt, dass alles gereinigt, sehr gut und richtig wird. Man lernt dabei, das Leben besser zu verstehen, es von verschiedenen Seiten zu betrachten. Selbst wenn man viele Jahre lang die Veden liest, wird man nicht alles verstehen, doch beim Satsang wird man vieles verstehen k\u00f6nnen.<\/p>\n<p>Es gibt nichts anderes, was einem st\u00e4ndige innere Ruhe und Zufriedenheit verschaffen kann.<\/p>\n<p>Man muss die Wichtigkeit von Satsangs begreifen.<\/p>\n<p>Wenn man regelm\u00e4\u00dfig seine Praxis aus\u00fcbt und an Satsangs teilnimmt, wird sich vieles im Leben ver\u00e4ndern.<\/p>\n<p>Einst gab es einen stolzen K\u00f6nig und in seinem K\u00f6nigreich lebte ein Sadguru, den er jedoch noch nie getroffen hatte. Obwohl ihm einige Menschen von ihm berichtet hatten, war er nicht zu ihm gegangen. Dann schied der K\u00f6nig aus dem Leben. Erst sein Enkel ging zu diesem Sadguru, zu seinen Satsangs, zu den Treffen mit ihm.<\/p>\n<p>Wenn in einer Familie wenigstens ein Mensch geboren wird, der geistige Reife erlangt, bringt das viel Gutes, nicht nur f\u00fcr ihn selbst, sondern f\u00fcr viele vergangene und nachfolgende Generationen. Durch die Gnade des Lehrer hatte der Enkel des stolzen K\u00f6nigs Wissen erlangt und fragte den Lehrer: \u201eDurch die Satsangs habe ich verstanden, dass meine Vorfahren, die sich nicht mit der Geistigkeit besch\u00e4ftigen, sich m\u00f6glicherweise nicht in einer guten Welt befinden, kein gutes Leben f\u00fchren. Wie kann ich ihnen helfen?\u201c Der Lehrer antwortete: \u201eDu stellst mir eine sehr gute Frage, weil dein Gro\u00dfvater jetzt ein Leben als Schlange f\u00fchrt. Er wurde als Schlange wiedergeboren. \u201eUnd wie kann ich ihm helfen?\u201c Der Lehrer sagte: \u201eDu wurdest geboren, damit es anderen gut geht, und zwar aufgrund deiner Gebete, deines guten Sanskara, deines guten Karmas.\u201c<\/p>\n<p>Daraufhin organisierte der Enkel, der ein gro\u00dfer K\u00f6nig war, einen gro\u00dfen Satsang, zu dem er alle einlud. Als der Satsang begann, erschien eine dicke Schlange und einige Leute wollten weglaufen. Doch der Lehrer sagte, sie sollten ruhig sitzen bleiben, denn die Schlange sei der Gro\u00dfvater des K\u00f6nigs und w\u00fcrde niemanden bei\u00dfen. Er komme, um den Satsang zu h\u00f6ren. Gott hatte bewirkt, dass er als Schlange geboren wurde, doch Schlangen haben keine Ohren wie Menschen. Er sollte also in diesem Leben auch keinen Satsang h\u00f6ren. Als Schlange kam er nach seinem Gef\u00fchl und platzierte sich in der N\u00e4he des Satsangs. Der K\u00f6nig sah die Schlange und verstand, wer das war. In den Shastren steht geschrieben, dass ein Licht zu sehen war und dass der Gro\u00dfvater dort die Befreiung aus dem Schlangenk\u00f6rper erfuhr.<\/p>\n<p>Ein Satsang gibt einem viel geistige Energie, die man zwar nicht sofort sieht, die aber viel ver\u00e4ndern kann. Der Enkel bedankte sich bei seinem Lehrer daf\u00fcr, dass Er ihm so viel Wissen vermittelt hatte. Es ist wichtig, dass der Mensch an Gott glaubt, Ihn liebt und sich geistig vervollkommnet.<\/p>\n<p><a href=\"http:\/\/yoga-shri.de\/index.php\/lehre\/\">zur\u00fcck zur Lehre<\/a><\/p>\n","protected":false},"excerpt":{"rendered":"<p>(Sat = Wahrheit, das Wahre, das Wahrhaftige Sang = Gemeinschaft, Zusammensein, Umfeld) Das Wort Satsang bedeutet Zusammensein in Wahrheit, ein Gespr\u00e4ch \u00fcber das G\u00f6ttliche, \u00fcber das Wahre oder Wahrhaftige. Es bedeutet Freundschaft (Sichanfreunden) mit der Wahrheit, Reflektion \u00fcber Gott, seine Eigenschaften, seine Gnade. Beim Satsang vermittelt Shri Prakash Ji das ewige, das urspr\u00fcngliche Wissen, das immer da war, immer da ist und immer da sein wird. Beim Satsang erh\u00e4lt jeder Mensch Wissen zu einem Thema, &hellip; <\/p>\n","protected":false},"author":1,"featured_media":0,"parent":0,"menu_order":0,"comment_status":"closed","ping_status":"closed","template":"","meta":{"ngg_post_thumbnail":0},"_links":{"self":[{"href":"http:\/\/yoga-shri.de\/index.php\/wp-json\/wp\/v2\/pages\/134"}],"collection":[{"href":"http:\/\/yoga-shri.de\/index.php\/wp-json\/wp\/v2\/pages"}],"about":[{"href":"http:\/\/yoga-shri.de\/index.php\/wp-json\/wp\/v2\/types\/page"}],"author":[{"embeddable":true,"href":"http:\/\/yoga-shri.de\/index.php\/wp-json\/wp\/v2\/users\/1"}],"replies":[{"embeddable":true,"href":"http:\/\/yoga-shri.de\/index.php\/wp-json\/wp\/v2\/comments?post=134"}],"version-history":[{"count":3,"href":"http:\/\/yoga-shri.de\/index.php\/wp-json\/wp\/v2\/pages\/134\/revisions"}],"predecessor-version":[{"id":1849,"href":"http:\/\/yoga-shri.de\/index.php\/wp-json\/wp\/v2\/pages\/134\/revisions\/1849"}],"wp:attachment":[{"href":"http:\/\/yoga-shri.de\/index.php\/wp-json\/wp\/v2\/media?parent=134"}],"curies":[{"name":"wp","href":"https:\/\/api.w.org\/{rel}","templated":true}]}}