{"id":144,"date":"2020-01-19T12:37:08","date_gmt":"2020-01-19T11:37:08","guid":{"rendered":"http:\/\/localhost\/yogashri\/neu\/online\/?page_id=144"},"modified":"2020-02-23T21:32:04","modified_gmt":"2020-02-23T20:32:04","slug":"biografie","status":"publish","type":"page","link":"http:\/\/yoga-shri.de\/index.php\/biografie\/","title":{"rendered":"Biografie von Shri Prakash Ji"},"content":{"rendered":"<section class=\"ce_text block\"><img decoding=\"async\" loading=\"lazy\" class=\"wp-image-1429 size-full alignright\" src=\"http:\/\/localhost\/yogashri\/neu\/online\/wp-content\/uploads\/2020\/02\/satsang_Guru.jpg\" alt=\"\" width=\"141\" height=\"206\">Shri Prakash Ji wurde in Patna, der heutigen Hauptstadt des Bundesstaates Bihar in Nordindien geboren. Patna ist eine der \u00e4ltesten indischen St\u00e4dte und hie\u00df fr\u00fcher Pataliputra. Hier verlebte der Lehrer seine Kindheit.Die Eltern von Shri Prakash Ji sind ein Parade-Beispiel f\u00fcr eine harmonische Beziehung und haben eine Atmosph\u00e4re hoher Geistigkeit in der Familie geschaffen. Sie geh\u00f6ren einer alten Brahmanen-Familie an, in der die vedischen Traditionen seit vielen Generationen hoch und heilig gehalten werden &#8211; die geistige Praxis, das Beten, das Fasten, das Feiern von geistigen Festen. So hatte Prakash schon von Kindheit an teil am wahren Verst\u00e4ndnis f\u00fcr Yoga.<\/p>\n<p>Schon als Kind zeichnete sich Prakash dadurch vor seinen Altersgenossen aus, dass er oft &nbsp;nachdachte und \u00fcber Gott sprach, Meditation und Zur\u00fcckgezogenheit liebte. Bereits in fr\u00fcher Jugend zeichnete er sich durch das Wissen und den Scharfsinn aus, wie sie einem Menschen mit gro\u00dfer Altersweisheit eigen sind.<\/p>\n<p>Alle Sadhus und Yogis, die in sein Elternhaus kamen, waren sehr tief beeindruckt von den Begegnungen mit Prakash. Er verhielt sich ihnen gegen\u00fcber immer mit gro\u00dfem Respekt und voller Liebe. Jeder, der kam, verstand sofort, welch ungew\u00f6hnlicher Mensch Prakash ist und h\u00f6rte allem aufmerksam zu, was er sagte &#8211; so, als sei er der \u00c4ltere.<\/p>\n<p>Die Jahre der Kindheit und Jugend, die Prakash in Indien verbrachte, waren von seinem reinen Streben zu Gott, zur Wahrheit und vom Nachdenken \u00fcber die Geistigkeit im Schicksal der Menschheit erf\u00fcllt.<\/p>\n<p>In den 90er Jahren kam Shri Prakash Ji nach Russland, wo er seitdem lebt. Sein erstaunlich tiefes Wissen und seine au\u00dfergew\u00f6hnliche Ausstrahlungskraft zogen auch hier die Menschen an. Sie kamen immer zahlreicher und \u00f6fter zu ihm, um Rat zu suchen und Hilfe von ihm zu bekommen. Nach einigen Jahren zeigte sich, dass einige von ihnen seine Sch\u00fcler werden wollten.<\/p>\n<p>Es sind bereits viele Jahre vergangen, seitdem der Lehrer angefangen hat, regelm\u00e4\u00dfig geistige Gespr\u00e4che (Satsangs) vor einem gro\u00dfen Kreis von Interessenten zu f\u00fchren. In diesen Gespr\u00e4chen \u00f6ffnet sich der Blick der Menschen f\u00fcr die wichtigsten Aspekte ihres Lebens: den eigentlichen Sinn des Lebens und wie man es richtig organisiert, f\u00fcr den Platz, den die Geistigkeit in der modernen Gesellschaft haben sollte, f\u00fcr die Arbeit an sich selbst, die Gesundheit, f\u00fcr die zwischenmenschlichen Beziehungen, f\u00fcr die Erziehung der Kinder und viele andere praktische Seiten des Lebens. Die Geistigkeit bedeutet im weiteren Sinne, wie Shri Prakash Ji lehrt, dass der Mensch, wenn er sich auf den geistigen Weg begibt, Freude, innere Ruhe und Liebe finden und auch materiell erfolgreich, also rundum gl\u00fccklich sein wird.<\/p>\n<p>Zus\u00e4tzlich zu den regelm\u00e4\u00dfigen Satsangs und den pers\u00f6nlichen Treffen mit den Menschen in Moskau f\u00fchrt der Lehrer auch in vielen weiteren St\u00e4dten Russlands und in anderen L\u00e4ndern Satsangs durch und empf\u00e4ngt Menschen zum Gespr\u00e4ch. Dort treffen sich regelm\u00e4\u00dfig die Gruppen seiner Sch\u00fcler. Zum Treffen mit dem Lehrer kommen die Menschen aus verschiedenen L\u00e4ndern der Welt, um Antworten auf die sie bewegenden Fragen zu erhalten und Ratschl\u00e4ge f\u00fcr die richtige Aus\u00fcbung der geistigen Praxis &#8211; f\u00fcr Yoga zu bekommen.<\/p>\n<p>Shri Prakash Ji liebt Russland sehr und lebt hier schon seit \u00fcber 20 Jahren. Der Lehrer verh\u00e4lt sich seinen Sch\u00fclern gegen\u00fcber wie zu seinen Kindern, mit denen er eine gro\u00dfe geistige Familie bildet. So wie bisher nimmt er auch weiterhin Menschen jeden Alters in diese Familie auf, unabh\u00e4ngig von ihrer famili\u00e4ren Lage und ihrem sozialen Status, Menschen aus verschiedenen L\u00e4ndern und Nationalit\u00e4ten. Der Lehrer ist offen f\u00fcr Treffen mit jedem Suchenden.<\/p>\n<p><a class=\"hyperlink_txt\" title=\"zur\u00fcck\" href=\"http:\/\/yoga-shri.de\/\">zur\u00fcck zu &#8222;\u00dcber den Meister&#8220;<\/a><\/p>\n<\/section>\n","protected":false},"excerpt":{"rendered":"<p>Shri Prakash Ji wurde in Patna, der heutigen Hauptstadt des Bundesstaates Bihar in Nordindien geboren. Patna ist eine der \u00e4ltesten indischen St\u00e4dte und hie\u00df fr\u00fcher Pataliputra. Hier verlebte der Lehrer seine Kindheit.Die Eltern von Shri Prakash Ji sind ein Parade-Beispiel f\u00fcr eine harmonische Beziehung und haben eine Atmosph\u00e4re hoher Geistigkeit in der Familie geschaffen. Sie geh\u00f6ren einer alten Brahmanen-Familie an, in der die vedischen Traditionen seit vielen Generationen hoch und heilig gehalten werden &#8211; die &hellip; <\/p>\n","protected":false},"author":1,"featured_media":0,"parent":0,"menu_order":0,"comment_status":"closed","ping_status":"closed","template":"","meta":{"ngg_post_thumbnail":0},"_links":{"self":[{"href":"http:\/\/yoga-shri.de\/index.php\/wp-json\/wp\/v2\/pages\/144"}],"collection":[{"href":"http:\/\/yoga-shri.de\/index.php\/wp-json\/wp\/v2\/pages"}],"about":[{"href":"http:\/\/yoga-shri.de\/index.php\/wp-json\/wp\/v2\/types\/page"}],"author":[{"embeddable":true,"href":"http:\/\/yoga-shri.de\/index.php\/wp-json\/wp\/v2\/users\/1"}],"replies":[{"embeddable":true,"href":"http:\/\/yoga-shri.de\/index.php\/wp-json\/wp\/v2\/comments?post=144"}],"version-history":[{"count":7,"href":"http:\/\/yoga-shri.de\/index.php\/wp-json\/wp\/v2\/pages\/144\/revisions"}],"predecessor-version":[{"id":1846,"href":"http:\/\/yoga-shri.de\/index.php\/wp-json\/wp\/v2\/pages\/144\/revisions\/1846"}],"wp:attachment":[{"href":"http:\/\/yoga-shri.de\/index.php\/wp-json\/wp\/v2\/media?parent=144"}],"curies":[{"name":"wp","href":"https:\/\/api.w.org\/{rel}","templated":true}]}}