{"id":166,"date":"2020-01-19T17:05:29","date_gmt":"2020-01-19T16:05:29","guid":{"rendered":"http:\/\/localhost\/yogashri\/neu\/online\/?page_id=166"},"modified":"2025-03-26T13:22:35","modified_gmt":"2025-03-26T12:22:35","slug":"interview-mit-dem-geistigen-lehrer-shri-prakash-ji-berlin-2016","status":"publish","type":"page","link":"http:\/\/yoga-shri.de\/index.php\/interview-mit-dem-geistigen-lehrer-shri-prakash-ji-berlin-2016\/","title":{"rendered":"Interview mit dem geistigen Lehrer Shri Prakash Ji. Berlin 2016"},"content":{"rendered":"<h3 id=\"anfang\"><span style=\"color: #ff6600;\">Wie bleibt man im Einklang mit seiner Seele<\/span><\/h3>\n<p>Interview mit dem geistigen Lehrer Shri Prakash Ji. Berlin 2016<\/p>\n<p><img decoding=\"async\" loading=\"lazy\" class=\"wp-image-3044 size-full alignleft\" src=\"http:\/\/yoga-shri.de\/wp-content\/uploads\/2025\/03\/Berlin-Feb.2016-Interview-mit-Guru-Ji-300x300-1.jpg\" alt=\"\" width=\"300\" height=\"300\" srcset=\"http:\/\/yoga-shri.de\/wp-content\/uploads\/2025\/03\/Berlin-Feb.2016-Interview-mit-Guru-Ji-300x300-1.jpg 300w, http:\/\/yoga-shri.de\/wp-content\/uploads\/2025\/03\/Berlin-Feb.2016-Interview-mit-Guru-Ji-300x300-1-150x150.jpg 150w\" sizes=\"(max-width: 300px) 100vw, 300px\" \/>Der geb\u00fcrtige Brahmane Shri Prakash Ji ist der geistige Lehrer f\u00fcr viele Menschen auf der ganzen Welt. Ein gutes Wort, einen weisen Rat und Segen bekommt jeder, der das Gl\u00fcck hat, ihn zu treffen.<\/p>\n<p>Unser Bewusstsein ist st\u00e4ndig \u00e4u\u00dferen Einfl\u00fcssen ausgesetzt: politischen Krisen, der Boshaftigkeit und Negativit\u00e4t des Umfeldes sowie gekr\u00e4nkten Verwandten. Wie kann man unter solchen Umst\u00e4nden seine G\u00fcte und innere Harmonie bewahren? Mit dieser Frage haben wir uns an Shri Prakash Ji gewandt.<\/p>\n<p><strong>&#8211; Das Umfeld, die Gesellschaft, die Politik und auch die Wirtschaft beeinflussen unser Bewusstsein. Wie kann man dabei ein geistig gesunder und ehrlicher Mensch bleiben?<\/strong><\/p>\n<p>&#8211; Der Verstand spielt in unserem Leben eine wichtige Rolle, in welchem Zustand er sich befindet ist entscheidend. Im Zustand der Ruhe und Freude arbeitet der Verstand gut.<\/p>\n<p>Ebenso ist wichtig, woher unser Verstand seine Informationen bekommt. Wenn der Mensch viele positive Informationen erh\u00e4lt, wird er mit der Zeit positiv denken und handeln. Nimmt er hingegen st\u00e4ndig negative Informationen auf, wird sein Denken und Handeln allm\u00e4hlich davon bestimmt werden.<\/p>\n<p>Genauso verh\u00e4lt es sich mit dem Umfeld. Wenn es gut ist, entwickeln sich beim Menschen G\u00fcte, Liebe und Respekt, und er beginnt, auch so zu handeln. Ist das Umfeld schlecht, werden die negativen Informationen den Verstand beeinflussen und der Mensch wird allm\u00e4hlich auch entsprechend handeln.<\/p>\n<p>In den meisten F\u00e4llen beeinflusst uns unser Umfeld. Selten verf\u00fcgt ein Mensch \u00fcber eine solche innere Kraft, dass das Umfeld keine Rolle spielt. Nur ein geringer Teil der Menschen ist in der Lage, sein Umfeld&nbsp;zu \u00e4ndern.<\/p>\n<p>Was ist daf\u00fcr notwendig: Geistige Vervollkommnung, ein geistiges Umfeld und eine&nbsp;regelm\u00e4\u00dfige&nbsp;geistige Praxis.<\/p>\n<p>In einem solchen Fall, wenn der Mensch st\u00e4ndig liest, was die Politiker sagen und was in der Welt geschieht, wird er sich nicht so stark darein vertiefen.<\/p>\n<p><strong>&#8211; Kann man denn dabei sozial aktiv bleiben, und wenn man mit etwas nicht einverstanden ist, seinen Standpunkt \u00e4u\u00dfern?<\/strong><\/p>\n<p>&#8211; Ja, man kann seinen Standpunkt vertreten und auf ruhige Weise sagen, was man denkt, aber innerlich sollte man im Gleichgewicht bleiben.<\/p>\n<p><img decoding=\"async\" loading=\"lazy\" class=\" wp-image-255 alignright\" src=\"http:\/\/localhost\/yogashri\/neu\/online\/wp-content\/uploads\/2020\/01\/frezii-spray-of-freesia-flowers-300x201.jpg\" alt=\"\" width=\"269\" height=\"180\" srcset=\"http:\/\/yoga-shri.de\/wp-content\/uploads\/2020\/01\/frezii-spray-of-freesia-flowers-300x201.jpg 300w, http:\/\/yoga-shri.de\/wp-content\/uploads\/2020\/01\/frezii-spray-of-freesia-flowers-768x515.jpg 768w, http:\/\/yoga-shri.de\/wp-content\/uploads\/2020\/01\/frezii-spray-of-freesia-flowers-700x465.jpg 700w, http:\/\/yoga-shri.de\/wp-content\/uploads\/2020\/01\/frezii-spray-of-freesia-flowers.jpg 800w\" sizes=\"(max-width: 269px) 100vw, 269px\" \/><\/p>\n<p>Dabei k\u00f6nnen Meditation, Mantras, Gebete, die Liebe, das Wiederholen des Namens Gottes und regelm\u00e4\u00dfige geistige Praxis helfen. Dann entsteht im Menschen ein ruhiger Zustand. Und wenn man den Zustand der inneren Ruhe bewahrt, wird man in allen Situationen ausgeglichen reagieren.<\/p>\n<p><strong>&#8211; Was bedeutet regelm\u00e4\u00dfige geistige Praxis?<\/strong><\/p>\n<p>&#8211; Regelm\u00e4\u00dfig hei\u00dft jeden Tag, so wie das t\u00e4gliche Fr\u00fchst\u00fcck, Mittag- und Abendessen. Doch innerhalb des physischen K\u00f6rpers, der nicht ewig ist, gibt es eine Kraft, die ewig ist, die Kraft Gottes. Das ist die Seele. Wenn es sie nicht g\u00e4be, w\u00fcrde es nichts geben. Gott, der in uns ist, ist das Wichtigste. Doch was tun wir f\u00fcr Ihn? Wenn wir nichts tun, woher bekommen wir dann innere Ruhe? Es wird keine geben! Wenn wir beten, meditieren, in der Religion oder der Tradition, der wir angeh\u00f6ren praktizieren, wird man auch innere Kraft haben, und geistige Eigenschaften werden sich entwickeln. Ohne dies wird sich die innere Kraft allm\u00e4hlich immer weiter&nbsp;verringern.<\/p>\n<p style=\"text-align: center;\"><span style=\"color: #008080;\"><strong>Man muss lieben, aber sich nicht anbinden<\/strong><\/span><\/p>\n<p><strong>&#8211; Selbst Menschen, die <\/strong><strong>regelm\u00e4\u00dfig geistige Praxis aus\u00fcben<\/strong><strong>, sind manchmal gereizt und reagieren aggressiv bei dem Kontakt mit Arbeitskollegen, Verwandten und Menschen mit einer negativen Haltung. <\/strong><\/p>\n<p>&#8211; Stellen Sie sich folgende Situation vor: Sie gehen auf der Stra\u00dfe und ein fremder Mensch sagt Ihnen etwas Unangenehmes, oder Verwandte oder Freunde.<\/p>\n<p>Wer wird Sie mehr verletzen?<\/p>\n<p><strong>&#8211; Derjenige der mir n\u00e4her steht, wird mich mehr verletzen.<\/strong><\/p>\n<p>&#8211; Richtig. Warum? Weil Sie an diesen Mensch gebunden sind. An einen Menschen auf der Stra\u00dfe, der Ihnen etwas gesagt hat, sind Sie nicht gebunden. Deshalb werden sie nicht darauf reagieren.<\/p>\n<p>Aber wenn ein Mensch, an den Sie gebunden sind, Ihnen etwas sagen wird, das Ihnen nicht gef\u00e4llt, wird es Sie verletzen. Aus diesem Grund muss man die Anbindung verringern. Man soll lieben, aber sich nicht anbinden.<\/p>\n<p>Bindung ist, wenn Sie jemanden lieben und Liebe zur\u00fcck erwarten.<br \/>\nWenn Sie diese nicht bekommen, gef\u00e4llt es Ihnen nicht. Sie sind unzufrieden und Wut steigt auf: &#8222;Es ist nicht so, wie ich wollte!\u201c<\/p>\n<p>Wenn ich jemandem helfe, jemanden liebe und dasselbe zur\u00fcck erwarte, und der Mensch es mir nicht gibt, f\u00fchle ich mich schlecht. Das ist Anbindung.<\/p>\n<p>Es ist Liebe, wenn man nichts zur\u00fcck erwartet. Dann wird es einem immer gut gehen, man wird innere Ruhe haben.<\/p>\n<p>Deshalb sollte man im Leben die Liebe praktizieren: die Anbindungen verringern und die Liebe steigern. Auch das ist geistige Praxis.<\/p>\n<p><strong>&#8211; Wie kann man das erreichen?<\/strong><\/p>\n<p>&#8211; Zum Beispiel jemand kommt zu mir mit einem Problem oder mit einer Frage, die die Geistigkeit betrifft. Dann helfe ich, so gut ich kann und erwarte nicht, da\u00df dieser Mensch mir dankbar sein oder f\u00fcr mich etwas Gutes tun wird, weil ich ihm geholfen oder einen guten Rat gegeben habe. So ist es auch im Leben: Die Kinder, der Mann, die Verwandten, sie alle tun etwas und erwarten, da\u00df f\u00fcr sie auch etwas getan wird. Sie sind innerlich unruhig. Das ist Anbindung. Wenn man etwas tut und vergi\u00dft, das ist Liebe. Das bedeutet, es gibt keine Anhaftungen und daher auch keine Unzufriedenheit.<\/p>\n<p align=\"center\"><span style=\"color: #008080;\"><strong>Sie k\u00f6nnen nicht alle ver\u00e4ndern, aber Sie k\u00f6nnen sich selbst vervollkommnen!<\/strong><\/span><\/p>\n<p><strong>&#8211; Wenn aber die Situation umgekehrt ist: andere Menschen, z. B. Verwandte oder Freunde sind sehr anh\u00e4nglich und erwarten von uns mehr, als wir bereit sind, ihnen zu geben. Wie soll man sich verhalten, um gute Beziehungen zu bewahren?<\/strong><\/p>\n<p>&#8211; Helfen Sie, so viel Sie k\u00f6nnen. Jeder Mensch hat seine materiellen und physischen M\u00f6glichkeiten. Mehr als das k\u00f6nnen Sie nicht geben. Auch Sie m\u00fcssen leben. Wenn der Andere unzufrieden ist, mu\u00df er an sich arbeiten. Jeder sollte sich vervollkommnen. Sie k\u00f6nnen nicht alle ver\u00e4ndern, aber Sie k\u00f6nnen sich selbst ver\u00e4ndern. Anbieten k\u00f6nnen Sie. Jede gute Praxis, die sie kennen, k\u00f6nnen Sie selbst aus\u00fcben und dem Anderen anbieten, jedoch nicht aufzwingen. Das w\u00e4re falsch. Das ist auch Anbindung.<\/p>\n<p><strong>&#8211; Das hei\u00dft, wir k\u00f6nnen die Anderen beeinflussen, indem wir uns ver\u00e4ndern?<\/strong><\/p>\n<p>&#8211; Nur wenn wir uns ver\u00e4ndern. Und wir k\u00f6nnen zu Gott beten. Das ist eine gro\u00dfe Kraft. Gott ist bei allen im Inneren. Wir sind seine Kinder. Wenn wir jemandem helfen wollen, k\u00f6nnen wir zu Gott beten, ihn f\u00fcr gute Taten zu inspirieren. Wir k\u00f6nnen anbieten und zu Gott beten.<\/p>\n<p><strong>&#8211; Wenn etwas passiert, womit ich absolut nicht einverstanden bin, habe ich das Recht, meine Meinung zu \u00e4u\u00dfern? Und auf welche Art und Weise sollte ich das tun, um den Anderen nicht zu verletzen?<\/strong><\/p>\n<p>&#8211; Ja, Sie k\u00f6nnen. Ob derjenige verletzt wird, oder nicht, h\u00e4ngt nicht allein von Ihnen ab. Von Ihrer Seite her k\u00f6nnen Sie versuchen ihm zu helfen, richtig und ruhig mit ihm reden, aber \u00fcber das Resultat sollten Sie sich keine gro\u00dfen Gedanken machen.<\/p>\n<p>Dies h\u00e4ngt auch von dem anderen Menschen ab. Der Wunsch, jemanden nicht zu verletzen, ist eine gute Eigenschaft, aber wenn der Andere nicht \u00fcber das Wissen verf\u00fcgt, was k\u00f6nnen Sie dann tun? Oftmals kommt alles anders, als man m\u00f6chte. Vieles wird nicht so sein, wie wir das wollen, sondern wie es sein muss. Das Ergebnis liegt in den H\u00e4nden Gottes.<\/p>\n<p align=\"center\"><span style=\"color: #008080;\"><strong>In allen Traditionen gibt es gemeinsame geistige Grunds\u00e4tze<\/strong><\/span><\/p>\n<p><strong>&#8211; Wie k\u00f6nnen wir es lernen anzunehmen, was passiert, und was im Leben gegeben ist?<\/strong><\/p>\n<p>&#8211; Daf\u00fcr braucht man geistiges Wissen. Wenn der Mensch es hat, wird er alles ruhig annehmen. Zum Beispiel, in unserer Tradition passiert alles, was im Leben geschieht,&nbsp; nach Karma. Alles, was der Mensch im vergangenen Leben getan, gedacht und gesagt hat, wird zu ihm zur\u00fcckkehren. Es geschieht alles so, wie es sein muss. Wozu sollte man sich beunruhigen? Wenn ich mich bem\u00fche, alles gut und richtig zu machen, und es gelingt etwas trotzdem nicht, so ist es vorgegeben. Wenn ein Mensch dieses Wissen nicht hat, wird er immer in Unruhe leben.<\/p>\n<p>In allen Religionen gibt es gemeinsames geistiges Wissen. Das ist das gemeinsame geistige Prinzip. Wenn Sie an sich arbeiten, wird das geistige Wissen aufwachen. Wer das Wissen besitzt, kann in jeder Situation ruhig leben.<\/p>\n<p><strong>&#8211; Gibt es dieses Wissen in allen geistigen Traditionen?<\/strong><\/p>\n<p>&#8211; In allen. Es gibt religi\u00f6se Rituale, die bei allen unterschiedlich sind. Aber es gibt gemeinsame geistige Grunds\u00e4tze. Keine Religion lehrt uns Disharmonie, keine Religion lehrt uns Respektlosigkeit gegen\u00fcber Anderen. Das, was allen Traditionen gemeinsam ist, ist die Geistigkeit. Die Rituale und Br\u00e4uche sind die Religiosit\u00e4t.<\/p>\n<p><strong>&#8211; Wenn alle Traditionen etwas gemeinsam haben, warum gibt es keinen Frieden unter den Religionen?<\/strong><\/p>\n<p>&#8211; Weil wir Gott \u201ehinter einen Zaun eingesperrt haben\u201c. Wir sagen: mein Gott ist hinter diesem \u201eZaun\u201c, dein Gott ist hinter deinem \u201eZaun\u201c. Aber Gott kann man nicht eingrenzen! Dieser &#8222;Zaun&#8220; ist unser Bewusstsein. Wir haften so sehr an unserer Religion an, dass wir denken: \u201eWir sind gut und alles andere ist schlecht.\u201c Das ist der Grund aller Konflikte. Alle sind gut, weil der eine Gott sich in uns allen befindet! Es gibt dort kein Christentum oder Hinduismus!<\/p>\n<p>Wenn man den geistigen Fortschritt erreichen m\u00f6chte, sollte man alle Z\u00e4une beseitigen. In jeder Religion sollte man die Traditionen der anderen respektieren.<\/p>\n<p><strong>&#8211; Wie kann man das \u00e4ndern? Was sollen die Menschen daf\u00fcr tun? <\/strong><\/p>\n<p>&#8211; Es wird erst dann m\u00f6glich sein,&nbsp; wenn die Menschen gelernt haben, sich gegenseitig zu lieben und zu respektieren, denn wir alle haben einen Vater und wir alle sind Seine Kinder.<\/p>\n<p><strong>&#8211; Ich bedanke mich, dass Sie sich Zeit genommen haben, f\u00fcr dieses interessante Gespr\u00e4ch.<\/strong><\/p>\n<p><img decoding=\"async\" loading=\"lazy\" class=\"size-full wp-image-3047 alignleft\" src=\"http:\/\/yoga-shri.de\/wp-content\/uploads\/2025\/03\/Berlin-Februar-2016-Interview_-N.-Davydova-300x300-1.jpg\" alt=\"\" width=\"300\" height=\"300\" srcset=\"http:\/\/yoga-shri.de\/wp-content\/uploads\/2025\/03\/Berlin-Februar-2016-Interview_-N.-Davydova-300x300-1.jpg 300w, http:\/\/yoga-shri.de\/wp-content\/uploads\/2025\/03\/Berlin-Februar-2016-Interview_-N.-Davydova-300x300-1-150x150.jpg 150w\" sizes=\"(max-width: 300px) 100vw, 300px\" \/>Das Gespr\u00e4ch f\u00fchrte Natalia Davydov<\/p>\n<p><a href=\"http:\/\/arkona-center.de\/tol-ko-menyaya-sebya-mozhem-vliyat-na-drugih\/\">Arkona-center.de<\/a><\/p>\n<p><a href=\"#anfang\">Nach oben<\/a><\/p>\n","protected":false},"excerpt":{"rendered":"<p>Wie bleibt man im Einklang mit seiner Seele Interview mit dem geistigen Lehrer Shri Prakash Ji. Berlin 2016 Der geb\u00fcrtige Brahmane Shri Prakash Ji ist der geistige Lehrer f\u00fcr viele Menschen auf der ganzen Welt. Ein gutes Wort, einen weisen Rat und Segen bekommt jeder, der das Gl\u00fcck hat, ihn zu treffen. Unser Bewusstsein ist st\u00e4ndig \u00e4u\u00dferen Einfl\u00fcssen ausgesetzt: politischen Krisen, der Boshaftigkeit und Negativit\u00e4t des Umfeldes sowie gekr\u00e4nkten Verwandten. Wie kann man unter solchen &hellip; <\/p>\n","protected":false},"author":1,"featured_media":0,"parent":0,"menu_order":0,"comment_status":"closed","ping_status":"closed","template":"","meta":{"ngg_post_thumbnail":0},"_links":{"self":[{"href":"http:\/\/yoga-shri.de\/index.php\/wp-json\/wp\/v2\/pages\/166"}],"collection":[{"href":"http:\/\/yoga-shri.de\/index.php\/wp-json\/wp\/v2\/pages"}],"about":[{"href":"http:\/\/yoga-shri.de\/index.php\/wp-json\/wp\/v2\/types\/page"}],"author":[{"embeddable":true,"href":"http:\/\/yoga-shri.de\/index.php\/wp-json\/wp\/v2\/users\/1"}],"replies":[{"embeddable":true,"href":"http:\/\/yoga-shri.de\/index.php\/wp-json\/wp\/v2\/comments?post=166"}],"version-history":[{"count":12,"href":"http:\/\/yoga-shri.de\/index.php\/wp-json\/wp\/v2\/pages\/166\/revisions"}],"predecessor-version":[{"id":3048,"href":"http:\/\/yoga-shri.de\/index.php\/wp-json\/wp\/v2\/pages\/166\/revisions\/3048"}],"wp:attachment":[{"href":"http:\/\/yoga-shri.de\/index.php\/wp-json\/wp\/v2\/media?parent=166"}],"curies":[{"name":"wp","href":"https:\/\/api.w.org\/{rel}","templated":true}]}}