{"id":169,"date":"2020-01-19T17:09:02","date_gmt":"2020-01-19T16:09:02","guid":{"rendered":"http:\/\/localhost\/yogashri\/neu\/online\/?page_id=169"},"modified":"2020-02-23T21:31:37","modified_gmt":"2020-02-23T20:31:37","slug":"das-geheimnis-der-mantras","status":"publish","type":"page","link":"http:\/\/yoga-shri.de\/index.php\/das-geheimnis-der-mantras\/","title":{"rendered":"Das Geheimnis der Mantras"},"content":{"rendered":"<p>Interview mit dem geistigen Lehrer Shri Prakash Ji<\/p>\n<p>In unserer heutigen, nicht einfachen Zeit entwickelt sich&nbsp;immer st\u00e4rker der Trend, dass sich Menschen f\u00fcr Yoga und f\u00fcr das Rezitieren von Mantras interessieren. Nicht wenige erhoffen sich durch die Anwendung der Mantras zu Reichtum zu gelangen, Ungl\u00fcck zu umgehen und sich sehnliche W\u00fcnsche zu erf\u00fcllen. Ist dies in der Tat m\u00f6glich, und worin liegt das Geheimnis einer der \u00e4ltesten Wissenschaften &#8211; der Wissenschaft des Mantras? Dar\u00fcber erz\u00e4hlt uns Shri Gurudev Shri Prakash Ji.<\/p>\n<p><strong><img decoding=\"async\" loading=\"lazy\" class=\"size-medium wp-image-242 alignright\" src=\"http:\/\/localhost\/yogashri\/neu\/online\/wp-content\/uploads\/2020\/01\/shri_pracash_ji_interview-300x237.jpg\" alt=\"\" width=\"300\" height=\"237\" srcset=\"http:\/\/yoga-shri.de\/wp-content\/uploads\/2020\/01\/shri_pracash_ji_interview-300x237.jpg 300w, http:\/\/yoga-shri.de\/wp-content\/uploads\/2020\/01\/shri_pracash_ji_interview.jpg 598w\" sizes=\"(max-width: 300px) 100vw, 300px\" \/>&#8211; Verehrter Lehrer, bitte sagen Sie uns, was versteht man unter einem Mantra?<em><br \/>\n<\/em><\/strong><br \/>\n&#8211; Im Sanskrit gibt es Silben, Worte oder Verse, die dem Menschen helfen, bestimmte Resultate zu erzielen, wenn er sie w\u00e4hrend der Meditation wiederholt. Wenn man das Wort &#8222;Mantra&#8220; \u00fcbersetzt, bedeutet es &#8222;das, was den Geist befreit&#8220;. Das ist die einfachste Bedeutung davon. Wenn der Mensch das Mantra regelm\u00e4\u00dfig wiederholt, beruhigt sich der Verstand und innere Freude kommt auf.<\/p>\n<p><strong>&#8211; Sie sagten, die einfachste Bedeutung von Mantra ist die Beruhigung des Verstandes. Welche Bedeutung hat es im tieferen Sinne?<em><br \/>\n<\/em><\/strong><br \/>\n&#8211; Das Leben, das der Mensch jetzt lebt, und alles, was ihm darin wiederf\u00e4hrt, resultiert aus seinen fr\u00fcheren Gedanken, Worten und Taten, die sich nicht einfach aufl\u00f6sen, sondern alle zusammen sein Karma bilden. Sehr viele Leben lebt ein Mensch und in diesem Leben bekommt er das entsprechende Resultat. Es gibt drei Arten von Karma &#8211; Gedanken, Worte und Taten, doch die Taten bilden das st\u00e4rkste Karma. Bereits vor der Geburt des Menschen ist seine Zukunft bestimmt. Die g\u00f6ttliche Kraft, das g\u00f6ttliche Gesetz wirkt so gut, dass alle Gedanken, Worte und Taten jedes Menschen als Klang, als Wort im Universum erhalten bleiben. Wir denken, dass wir etwas gesagt, gedacht oder getan haben und dann ist alles vergessen, aber das ist nicht so. Gute Gedanken, Worte und Taten bleiben erhalten und werden als gute Worte gespeichert, nicht gute bleiben ebenfalls erhalten. Dies alles kehrt sp\u00e4ter zu uns zur\u00fcck und bringt entsprechende Resultate mit sich, Leid oder Freude.&nbsp; Es kommt vor, dass ein guter Mensch Unannehmlichkeiten begegnet bzw. in schwierige Situationen ger\u00e4t, oder umgekehrt geschieht ihm unerwartet etwas sehr gutes. Das ist die Erscheinung seines Karmas aus fr\u00fcheren Leben.<\/p>\n<p>\u2013 Das Wirken des g\u00f6ttlichen Gesetzes ist eine gro\u00dfe Wissenschaft. Der Mensch kann Fehler begehen oder sich irren, aber in der Wirkung dieses Gesetzes gibt es keine Fehler, der Mensch, bekommt alles, was n\u00f6tig ist. In alten Zeiten, als die geistigen Weisen sehr viel \u00fcber Gott nachgedacht haben, erkannten sie, wie dieses Gesetz wirkt. Durch Meditationen entdeckten sie reine Worte, Mantras, die dem Menschen helfen k\u00f6nnen, die negativen Anh\u00e4ufungen seines Karmas zu reinigen. Wenn der Mensch ein solches Wort wiederholt, wird sich der Effekt des negativen Karmas verringern. Das ist die wichtigste Funktion des Mantras.<\/p>\n<p><strong>&#8211; Guru Ji, es gibt heute viele B\u00fccher, in denen verschiedene Mantras aufgef\u00fchrt werden, z.B. f\u00fcr materiellen Wohlstand, Gesundheit, gl\u00fcckliches Familienleben, usw. Ist es richtig, diese nach eigener Entscheidung anzuwenden?<br \/>\n<\/strong><br \/>\n<img decoding=\"async\" loading=\"lazy\" class=\"size-medium wp-image-238 alignleft\" src=\"http:\/\/localhost\/yogashri\/neu\/online\/wp-content\/uploads\/2020\/01\/dar-sveta-ladon-Licht-empfangen-200x300.jpg\" alt=\"\" width=\"200\" height=\"300\" srcset=\"http:\/\/yoga-shri.de\/wp-content\/uploads\/2020\/01\/dar-sveta-ladon-Licht-empfangen-200x300.jpg 200w, http:\/\/yoga-shri.de\/wp-content\/uploads\/2020\/01\/dar-sveta-ladon-Licht-empfangen.jpg 399w\" sizes=\"(max-width: 200px) 100vw, 200px\" \/>\u2013 Man kann jetzt viele Mantras in B\u00fcchern lesen, jedoch sollte man das Mantra wiederholen, das man von einem geistigen Menschen bekommt, der sich in diesem Mantra vervollkommnet hat und dessen&nbsp; Bedeutung voll und ganz versteht. Er hat durch das Mantra die Kraft gesehen, die diesem innewohnt und wei\u00df genau, wie es wirkt. Ein Mantra hat sehr viele Bedeutungen, es reicht nicht aus, nur die Worte zu \u00fcbersetzen. Bei manchen Mantras ist es ganz verboten, sie aus B\u00fcchern zu entnehmen.<br \/>\nWenn der Lehrer ein Guru-Mantra gibt, schaut er auf den inneren Zustand des Menschen, der verbunden ist mit einem der Bij-Mantras. Wenn der Mensch zum Lehrer kommt, sieht ihn der Lehrer als Seele, nicht als Mann oder Frau. Er schaut nicht darauf, ob man arm oder reich ist. Er sieht das Karma dieser Seele, die Energie, mit welcher dieser Mensch durchs Leben geht. In der Meditation erkennt der Lehrer, welches Mantra demjenigen helfen wird, welches Bij-Mantra innerhalb des Guru Mantras gegeben werden soll. Eben dieses Manta wird den Menschen zur Vervollkommnung f\u00fchren und sein Leben harmonisieren.<\/p>\n<p>\u2013 Die Kraft des Mantras ist grenzenlos und ihre volle Bedeutung kann man nicht in Worte fassen. Wenn der Mensch die Einweihung bekommen hat und das Mantra regelm\u00e4\u00dfig wiederholt, beginnt sein Leben sich allm\u00e4hlich zu ordnen. Selbst bei einem Menschen in einer sehr schwierigen Situation kann das Leben eine Wendung in eine ganz andere Richtung nehmen. Meist versteht der Mensch nicht, wie es m\u00f6glich ist, dass sich sein Leben zum Positiven \u00e4ndert. Jeder Mensch hat auch ein gutes Karma. Dank dem Mantra beginnt es nach und nach aufzuwachen und negatives Karma verringert sich.<\/p>\n<p><strong>&#8211; Kann das Wiederholen des Mantras in einer schwierigen Situation im Leben helfen?<em><br \/>\n<\/em><\/strong><br \/>\n\u2013 Alle haben irgendein gutes Karma, das noch schl\u00e4ft. Gott hat jedem Menschen viel gegeben. Bei dem einen wacht das gute Karma schnell auf, bei anderen schl\u00e4ft es noch ganz tief, weil noch viel von dem Karma da ist, das nicht zul\u00e4sst, dass das Gute aufwacht. Praktiziert man jedoch t\u00e4glich die Wiederholung des Mantras, wird auf jeden Fall gutes Karma aufwachen und ein positives Resultat bewirken, das kann ich mit voller Gewissheit sagen.<br \/>\nEs gibt sehr schwierige Situationen im Leben, manchmal kommt ein Mensch mit solchen Schwierigkeiten, dass es scheint, es g\u00e4be keinen Ausweg und alle <img decoding=\"async\" loading=\"lazy\" class=\"alignright size-medium wp-image-240\" src=\"http:\/\/localhost\/yogashri\/neu\/online\/wp-content\/uploads\/2020\/01\/labirint-300x283.jpg\" alt=\"\" width=\"300\" height=\"283\">T\u00fcren w\u00e4ren f\u00fcr ihn verschlossen. Wenn ich in so einer Situation ein Mantra gegeben habe, und der Mensch es praktizierte, fand sich ein Weg, und das Leben regelte sich.<br \/>\nBei dem einen passiert es schnell, bei anderen dauert es einige Monate, in Abh\u00e4ngigkeit davon, wie konzentriert derjenige seine Sadhana, seine geistige Praxis erf\u00fcllt. Das Mantra besitzt eine gro\u00dfe reinigende Kraft und wenn das negative Karma bereinigt wird, wird das Gute aufwachen.<\/p>\n<p>\u2013 Wenn ich mich mit meinen Sch\u00fclern treffe, verstehe ich schnell, wer regelm\u00e4\u00dfig praktiziert und wer nicht. Bei wem ich richtiges und regelm\u00e4\u00dfiges Wiederholen sehe, derjenige hat keine gro\u00dfen Beschwerden. Irgendwelche kleine Probleme gibt es immer, aber niemals so, dass es kein Ausweg gibt, f\u00fcr alles findet sich eine L\u00f6sung.<\/p>\n<p><strong>\u2013 Sie sagten, dass man alles nach seinem Karma bekommt und das Mantra reinigt das Karma. In wie weit kann man sein Schicksal mit Hilfe der geistigen Praxis verbessern? <\/strong><\/p>\n<p>\u2013 Alle bekommen 100% ihres Karmas. Wenn der Mensch aber betet, das Mantra wiederholt, meditiert und eine gesunde und richtige Lebensweise f\u00fchrt, dann kann er fast die H\u00e4lfte verbessern. Das ist sehr viel. Aber das \u00fcbrige Karma muss man trotzdem abarbeiten.<br \/>\nSo sind die Regeln des Karma. Das g\u00f6ttliche Gesetz zu 100% zu \u00e4ndern ist sehr schwierig. Es gab nur einige wenige Menschen in der Erdgeschichte, denen das gelang. Diese Menschen waren sehr hohe Yogis.<\/p>\n<p><strong>\u2013 Und welche Rolle hat das Gebet?<br \/>\n<\/strong><br \/>\n\u2013 Wenn ein Yogi einen Menschen anschaut, sieht er, dass dieser komplett aus Worten und verschiedenen Lauten besteht.<br \/>\nDas ganze Weltall begann mit einem Wort, \u00fcberall gibt es Klang, in allem ist Wort. Das ist der Grund, warum es in allen Glaubensrichtungen Gebete in Form von Worten gibt. Deshalb waren die Menschen der Ansicht, dass man von reinem Herzen beten muss, um sein eigenes Karma zu reinigen.<\/p>\n<p>\u2013 Das Gebet muss nicht unbedingt die Form eines Textes haben. Jedes Wort, mit dem sich ein Mensch aufrichtig und von Herzen an Gott wendet, kann als Gebet angesehen werden. Wichtig ist der reine Zustand w\u00e4hrend dieser Zeit. Am besten gelingt das Gebet nach der Mantra-Rezitation.&nbsp; Nachdem das Mantra viele Male ausgesprochen wurde, ist der innere Zustand reiner und das Gebet wirkt noch besser.<\/p>\n<p>\u2013 Jedes Gebet bewirkt ein Resultat, wenn es tief von Herzen kommt. Aber f\u00fcr die Reinigung reicht das Gebet allein nicht aus, man muss st\u00e4ndig auf seine Gedanken, Worte und Taten achten. Wenn man sich darum bem\u00fcht, ist es eine gro\u00dfe geistige Praxis und das beste Gebet.<\/p>\n<p><strong>\u2013 Auf welche Weise soll man das Mantra wiederholen? Gibt es daf\u00fcr bestimmte Regeln?<em><br \/>\n<\/em><\/strong><br \/>\n\u2013 Es gibt drei Arten, das Mantra zu wiederholen: laut ausgesprochen, fl\u00fcsternd und in Gedanken.<\/p>\n<p><img decoding=\"async\" loading=\"lazy\" class=\"alignleft wp-image-1433 size-full\" src=\"http:\/\/localhost\/yogashri\/neu\/online\/wp-content\/uploads\/2020\/02\/Shri-Prakash-Ji-Mala.jpeg\" alt=\"\" width=\"220\" height=\"220\" srcset=\"http:\/\/yoga-shri.de\/wp-content\/uploads\/2020\/02\/Shri-Prakash-Ji-Mala.jpeg 220w, http:\/\/yoga-shri.de\/wp-content\/uploads\/2020\/02\/Shri-Prakash-Ji-Mala-150x150.jpeg 150w\" sizes=\"(max-width: 220px) 100vw, 220px\" \/>\u2013 Im Anfangsstadium der Praxis ist es besser, das Mantra laut auszusprechen, wenn man diese M\u00f6glichkeit hat. Es ist gut, laut zu wiederholen, wenn sich niemand in der N\u00e4he befindet, weil die Sadhana wirkungsvoller ist, wenn man in dieser Zeit allein ist. Wiederholt man laut, erh\u00f6ht sich mit der Zeit die Konzentration und das Wiederholen wird von alleine innerlich. Wenn einem viele Gedanken in den Sinn kommen, hilft der Klang, die Anzahl der Gedanken verringert sich. Wiederholt man das Mantra in Gedanken, aber es gelingt noch nicht, sich zu konzentrieren, dann schweifen die Gedanken umher, und das Mantra wird noch nicht so gut funktionieren.<\/p>\n<p>&#8211; Ist immer jemand in ihrer N\u00e4he, der Sie h\u00f6ren kann, dann ist es besser, fl\u00fcsternd zu wiederholen, sodass sich nur die Lippen bewegen, der andere Sie aber nicht h\u00f6ren kann.<\/p>\n<p>\u2013 Wenn die Mantras laut oder halb laut rezitiert werden, muss man auf die Sauberkeit des K\u00f6rpers und des Ortes,&nbsp;an dem man praktiziert, achten. Die \u00e4u\u00dfere Reinheit ist wichtig, weil das Mantra eine heilige geistige Energie ist. Damit dort eine gute Kraft wirken kann, sind die innere und \u00e4u\u00dfere Reinheit notwendig.<br \/>\nF\u00fcr die Wiederholung des Mantras in Gedanken, gibt es allerdings keine solch strengen Regeln. In Gedanken kann man&nbsp; jederzeit und \u00fcberall praktizieren. Man kann das Mantra unterwegs oder bei der Arbeit im Inneren wiederholen.<\/p>\n<p><strong>\u2013 Sollte man w\u00e4hrend der Mantrarezitation eine bestimmte Haltung einnehmen?<br \/>\n<\/strong><br \/>\n<img decoding=\"async\" loading=\"lazy\" class=\"alignright wp-image-237\" src=\"http:\/\/localhost\/yogashri\/neu\/online\/wp-content\/uploads\/2020\/01\/chakry-Chakras-300x296.jpg\" alt=\"\" width=\"258\" height=\"255\" srcset=\"http:\/\/yoga-shri.de\/wp-content\/uploads\/2020\/01\/chakry-Chakras-300x296.jpg 300w, http:\/\/yoga-shri.de\/wp-content\/uploads\/2020\/01\/chakry-Chakras.jpg 608w\" sizes=\"(max-width: 258px) 100vw, 258px\" \/>\u2013 F\u00fcr die Praxis ist es sehr gut, wenn die Wirbels\u00e4ule gerade ist. Es ist besser, in einer speziellen Haltung daf\u00fcr zu sitzen. Vielen aber, die nicht von Kindheit an daran gew\u00f6hnt sind, f\u00e4llt es schwer, so zu sitzen. Wenn die Beine sehr schmerzen, kann man das Mantra auf einem Stuhl sitzend wiederholen. Es ist wichtig darauf zu achten, dass der R\u00fccken w\u00e4hrenddessen gerade ist. Viele Nerven verlaufen durch die Wirbels\u00e4ule. Wenn man nicht mit geradem R\u00fccken sitzt, wird es f\u00fcr die Energie schwierig sein aufzusteigen, um die Chakren zu erwecken. Erst wenn die Chakren harmonisch arbeiten, wird es im Leben Sch\u00f6nheit geben.<\/p>\n<p><strong>\u2013 Wie kann die maximale Wirkung bei der Mantrarezitation erreicht werden?<\/strong><\/p>\n<p>\u2013 Um ein gutes Resultat durch das Wiederholen des Mantras zu bekommen, ist die Regelm\u00e4\u00dfigkeit der Praxis sehr wichtig. Das Mantra kann alles geben, sei es materieller oder geistiger Erfolg, es h\u00e4ngt jedoch alles davon ab, wie man es praktiziert. Wenn man jeden Tag jeweils eineinhalb Stunden morgens und abends die Praxis aus\u00fcbt, wird man auf jeden Fall ein gutes, ruhiges Leben haben. Hat man das Mantra erhalten, nimmt aber die Praxis nicht ernst, wird es so ein Resultat nicht geben. Auch wenn man die Praxis st\u00e4ndig wechselt, wird es&nbsp;keine Ruhe geben. F\u00fcr die spirituelle Praxis ist es wichtig, sich auf eines zu konzentrieren. Das Minimum sind 40 min pro Tag. F\u00fcr ein normales schnelles Resultat sind eineinhalb bis zwei Stunden guter Meditation und Mantrawiederholung erforderlich. Dann werden nach einem oder eineinhalb Jahren auf jeden Fall \u00c4nderungen zum Besseren eintreten.<\/p>\n<p>\u2013 Wer in seiner Tagesplanung keine 40 min. f\u00fcr die Mantra Praxis findet, kann mit weniger beginnen. F\u00fcnf bis zehn min regelm\u00e4\u00dfiger Praxis werden auch ein positives Resultat bewirken. Mit der Zeit wird immer mehr Ordnung im Leben einkehren, und es wird m\u00f6glich, l\u00e4nger zu praktizieren.<\/p>\n<p><img decoding=\"async\" loading=\"lazy\" class=\"alignleft size-medium wp-image-241\" src=\"http:\/\/localhost\/yogashri\/neu\/online\/wp-content\/uploads\/2020\/01\/mudra-300x200.jpg\" alt=\"\" width=\"300\" height=\"200\" srcset=\"http:\/\/yoga-shri.de\/wp-content\/uploads\/2020\/01\/mudra-300x200.jpg 300w, http:\/\/yoga-shri.de\/wp-content\/uploads\/2020\/01\/mudra-768x513.jpg 768w, http:\/\/yoga-shri.de\/wp-content\/uploads\/2020\/01\/mudra.jpg 800w, http:\/\/yoga-shri.de\/wp-content\/uploads\/2020\/01\/mudra-700x465.jpg 700w\" sizes=\"(max-width: 300px) 100vw, 300px\" \/>\u2013 Wenn sich jemand maximale geistige Errungenschaften w\u00fcnscht, braucht er eine Praxis von vier Stunden t\u00e4glich, mindestens vier Stunden. Dann wird geistige Energie aufwachen, die weltlichen Dinge beginnen sich zu ordnen und allm\u00e4hlich wird es auch einen geistigen Fortschritt geben. Wenn man \u00fcber geistiges Karma verf\u00fcgt, dann wird es schnell aufwachen.<\/p>\n<p><strong>\u2013 Guru Ji, was soll ein Mensch machen, der eine Arbeit, Familie, Kinder hat, der sich um vieles k\u00fcmmern muss, so dass es schwierig ist, f\u00fcr die geistige Praxis Zeit zu finden?<br \/>\n<em><br \/>\n<\/em><\/strong>\u2013 Die Menschen finden keine Zeit f\u00fcr das Mantra, weil sie dessen Wichtigkeit nicht verstehen. In Wirklichkeit ist es das Wichtigste im Leben, seinen Tag mit Gebet, mit Mantra zu beginnen und zu lernen, sich zu konzentrieren. Das gibt Kraft f\u00fcr den ganzen Tag, f\u00fcr jede Arbeit, die man erf\u00fcllt. Wer zu Hause ist, braucht Kraft f\u00fcr den Haushalt, wer berufst\u00e4tig ist, braucht Kraft f\u00fcr die Arbeit, wer mit Geistigkeit besch\u00e4ftigt ist, braucht Kraft f\u00fcr sein geistiges Wachstum. Deshalb ist es gut, seinen Tag mit dem Mantra zu beginnen. Es reinigt, lehrt Konzentration und gibt Kraft und Energie.<\/p>\n<p>\u2013 Eineinhalb Stunden kann jeder finden. Eine oder eineinhalb Stunden verbraucht man t\u00e4glich f\u00fcr andere Dinge, meistens sind es \u00fcberfl\u00fcssige Gespr\u00e4che. F\u00fcr das Essen verbraucht man 30-40 min. Zum Duschen nimmt man sich auch Zeit. F\u00fcr all diese Handlungen findet man Zeit. Genau so sollte die geistige Praxis ein fester Bestandteil des Tagesablaufs sein. Ich verstehe, dass es f\u00fcr die Menschen, die in der Welt leben, nicht einfach ist, Zeit f\u00fcr die geistige Praxis zu finden. Doch nur sie wird dabei helfen k\u00f6nnen, Ordnung ins Leben zu bringen. Wenn man sich diszipliniert, wird man ganz sicher Zeit finden, in welcher man das Mantra wiederholen kann. Dies kann jeder schaffen, selbst der am meisten besch\u00e4ftigte Mensch.<\/p>\n<p>\u2013 Alle Menschen w\u00fcnschen sich ein gutes und gl\u00fcckliches Leben. Nur das fehlende Wissen hindert sie daran, in Freude zu leben und ihre Ziele zu erreichen. <img decoding=\"async\" loading=\"lazy\" class=\"alignright wp-image-239\" src=\"http:\/\/localhost\/yogashri\/neu\/online\/wp-content\/uploads\/2020\/01\/kljuch-Schluessel-300x212.jpg\" alt=\"\" width=\"246\" height=\"174\" srcset=\"http:\/\/yoga-shri.de\/wp-content\/uploads\/2020\/01\/kljuch-Schluessel-300x212.jpg 300w, http:\/\/yoga-shri.de\/wp-content\/uploads\/2020\/01\/kljuch-Schluessel-768x543.jpg 768w, http:\/\/yoga-shri.de\/wp-content\/uploads\/2020\/01\/kljuch-Schluessel-120x85.jpg 120w, http:\/\/yoga-shri.de\/wp-content\/uploads\/2020\/01\/kljuch-Schluessel.jpg 800w\" sizes=\"(max-width: 246px) 100vw, 246px\" \/>Die Mantra-Wissenschaft ist eine sehr alte Wissenschaft, die den Schl\u00fcssel gibt, der viele T\u00fcren \u00f6ffnet. Es gibt keine Zweifel daran, dass das Mantra helfen kann, gesundheitliche Probleme zu l\u00f6sen und den inneren Zustand, sowie die \u00e4u\u00dfere, die materielle Situation zu verbessern. Das Mantra kann sehr vieles. Mit diesem Schl\u00fcssel kann jeder sein Leben zum Besseren wenden. Radhe Radhe!<\/p>\n<p>&nbsp;<\/p>\n<p><a href=\"http:\/\/yoga-shri.de\/index.php\/interviews-mit-dem-geistigen-lehrer-shri-prakash-ji\/\">zur\u00fcck zu &#8222;Interview&#8220;<\/a><\/p>\n","protected":false},"excerpt":{"rendered":"<p>Interview mit dem geistigen Lehrer Shri Prakash Ji In unserer heutigen, nicht einfachen Zeit entwickelt sich&nbsp;immer st\u00e4rker der Trend, dass sich Menschen f\u00fcr Yoga und f\u00fcr das Rezitieren von Mantras interessieren. Nicht wenige erhoffen sich durch die Anwendung der Mantras zu Reichtum zu gelangen, Ungl\u00fcck zu umgehen und sich sehnliche W\u00fcnsche zu erf\u00fcllen. Ist dies in der Tat m\u00f6glich, und worin liegt das Geheimnis einer der \u00e4ltesten Wissenschaften &#8211; der Wissenschaft des Mantras? Dar\u00fcber erz\u00e4hlt &hellip; <\/p>\n","protected":false},"author":1,"featured_media":0,"parent":0,"menu_order":0,"comment_status":"closed","ping_status":"closed","template":"","meta":{"ngg_post_thumbnail":0},"_links":{"self":[{"href":"http:\/\/yoga-shri.de\/index.php\/wp-json\/wp\/v2\/pages\/169"}],"collection":[{"href":"http:\/\/yoga-shri.de\/index.php\/wp-json\/wp\/v2\/pages"}],"about":[{"href":"http:\/\/yoga-shri.de\/index.php\/wp-json\/wp\/v2\/types\/page"}],"author":[{"embeddable":true,"href":"http:\/\/yoga-shri.de\/index.php\/wp-json\/wp\/v2\/users\/1"}],"replies":[{"embeddable":true,"href":"http:\/\/yoga-shri.de\/index.php\/wp-json\/wp\/v2\/comments?post=169"}],"version-history":[{"count":7,"href":"http:\/\/yoga-shri.de\/index.php\/wp-json\/wp\/v2\/pages\/169\/revisions"}],"predecessor-version":[{"id":1837,"href":"http:\/\/yoga-shri.de\/index.php\/wp-json\/wp\/v2\/pages\/169\/revisions\/1837"}],"wp:attachment":[{"href":"http:\/\/yoga-shri.de\/index.php\/wp-json\/wp\/v2\/media?parent=169"}],"curies":[{"name":"wp","href":"https:\/\/api.w.org\/{rel}","templated":true}]}}