{"id":191,"date":"2020-01-19T19:09:26","date_gmt":"2020-01-19T18:09:26","guid":{"rendered":"http:\/\/localhost\/yogashri\/neu\/online\/?page_id=191"},"modified":"2020-02-12T13:30:44","modified_gmt":"2020-02-12T12:30:44","slug":"buecher","status":"publish","type":"page","link":"http:\/\/yoga-shri.de\/index.php\/buecher\/","title":{"rendered":"B\u00fccher"},"content":{"rendered":"\t\t<div data-elementor-type=\"wp-page\" data-elementor-id=\"191\" class=\"elementor elementor-191\">\n\t\t\t\t\t\t<div class=\"elementor-inner\">\n\t\t\t\t<div class=\"elementor-section-wrap\">\n\t\t\t\t\t\t\t\t\t<section class=\"elementor-section elementor-top-section elementor-element elementor-element-4fcc741c elementor-section-boxed elementor-section-height-default elementor-section-height-default\" data-id=\"4fcc741c\" data-element_type=\"section\">\n\t\t\t\t\t\t<div class=\"elementor-container elementor-column-gap-default\">\n\t\t\t\t\t\t\t<div class=\"elementor-row\">\n\t\t\t\t\t<div class=\"elementor-column elementor-col-100 elementor-top-column elementor-element elementor-element-3369082f\" data-id=\"3369082f\" data-element_type=\"column\">\n\t\t\t<div class=\"elementor-column-wrap elementor-element-populated\">\n\t\t\t\t\t\t\t<div class=\"elementor-widget-wrap\">\n\t\t\t\t\t\t<div class=\"elementor-element elementor-element-68715978 elementor-widget elementor-widget-text-editor\" data-id=\"68715978\" data-element_type=\"widget\" data-widget_type=\"text-editor.default\">\n\t\t\t\t<div class=\"elementor-widget-container\">\n\t\t\t\t\t\t\t\t<div class=\"elementor-text-editor elementor-clearfix\">\n\t\t\t\t<section class=\"ce_text block\">\n<div>Darshan<strong>\n<\/strong>\nDas ist ein Buchalbum \u00fc<img decoding=\"async\" loading=\"lazy\" class=\"alignleft wp-image-221 size-medium\" src=\"http:\/\/localhost\/yogashri\/neu\/online\/wp-content\/uploads\/2020\/01\/buch2-222x300.jpg\" alt=\"Darschan\" width=\"222\" height=\"300\" srcset=\"http:\/\/yoga-shri.de\/wp-content\/uploads\/2020\/01\/buch2-222x300.jpg 222w, http:\/\/yoga-shri.de\/wp-content\/uploads\/2020\/01\/buch2.jpg 443w\" sizes=\"(max-width: 222px) 100vw, 222px\" \/>ber den Spirituellen Lehrer Shri Prakash Ji.<\/div>\n<div>Fotos, Texte aus den Satsangs, Gedichte und Ausz\u00fcge aus den Berichten der Sch\u00fcler machen Sie mit dem Lehrer bekannt und bieten Ihnen die M\u00f6glichkeit, mit dem Wissen, das Shri Prakash Ji den Menschen gibt, in Ber\u00fchrung zu kommen.<\/div>\n<div><\/div>\n<div>Die Texte sind in englisch und russisch.<\/div>\n<div>Gr\u00f6\u00dfe: 24,5 x 34,5 cm, 152 Seiten<\/div>\n<\/section><section class=\"ce_gallery block\">\n\n<\/section>\t\t\t\t\t<\/div>\n\t\t\t\t\t\t<\/div>\n\t\t\t\t<\/div>\n\t\t\t\t\t\t<\/div>\n\t\t\t\t\t<\/div>\n\t\t<\/div>\n\t\t\t\t\t\t\t\t<\/div>\n\t\t\t\t\t<\/div>\n\t\t<\/section>\n\t\t\t\t<section class=\"elementor-section elementor-top-section elementor-element elementor-element-7637ed2 elementor-section-boxed elementor-section-height-default elementor-section-height-default\" data-id=\"7637ed2\" data-element_type=\"section\">\n\t\t\t\t\t\t<div class=\"elementor-container elementor-column-gap-default\">\n\t\t\t\t\t\t\t<div class=\"elementor-row\">\n\t\t\t\t\t<div class=\"elementor-column elementor-col-100 elementor-top-column elementor-element elementor-element-a635f3c\" data-id=\"a635f3c\" data-element_type=\"column\">\n\t\t\t<div class=\"elementor-column-wrap elementor-element-populated\">\n\t\t\t\t\t\t\t<div class=\"elementor-widget-wrap\">\n\t\t\t\t\t\t<div class=\"elementor-element elementor-element-9c583ef elementor-widget__width-auto elementor-widget elementor-widget-image-gallery\" data-id=\"9c583ef\" data-element_type=\"widget\" data-widget_type=\"image-gallery.default\">\n\t\t\t\t<div class=\"elementor-widget-container\">\n\t\t\t\t\t<div class=\"elementor-image-gallery\">\n\t\t\t<div id='gallery-1' class='gallery galleryid-191 gallery-columns-3 gallery-size-full'><figure class='gallery-item'>\n\t\t\t<div class='gallery-icon landscape'>\n\t\t\t\t<a data-elementor-open-lightbox=\"yes\" data-elementor-lightbox-slideshow=\"9c583ef\" data-elementor-lightbox-title=\"Darshan\" data-e-action-hash=\"#elementor-action%3Aaction%3Dlightbox%26settings%3DeyJpZCI6MTUxNywidXJsIjoiaHR0cDpcL1wveW9nYS1zaHJpLmRlXC93cC1jb250ZW50XC91cGxvYWRzXC8yMDIwXC8wMlwvRGFyc2hhbi5qcGciLCJzbGlkZXNob3ciOiI5YzU4M2VmIn0%3D\" href='http:\/\/yoga-shri.de\/wp-content\/uploads\/2020\/02\/Darshan.jpg'><img width=\"800\" height=\"547\" src=\"http:\/\/yoga-shri.de\/wp-content\/uploads\/2020\/02\/Darshan.jpg\" class=\"attachment-full size-full\" alt=\"\" decoding=\"async\" loading=\"lazy\" srcset=\"http:\/\/yoga-shri.de\/wp-content\/uploads\/2020\/02\/Darshan.jpg 800w, http:\/\/yoga-shri.de\/wp-content\/uploads\/2020\/02\/Darshan-300x205.jpg 300w, http:\/\/yoga-shri.de\/wp-content\/uploads\/2020\/02\/Darshan-768x525.jpg 768w\" sizes=\"(max-width: 800px) 100vw, 800px\" \/><\/a>\n\t\t\t<\/div><\/figure><figure class='gallery-item'>\n\t\t\t<div class='gallery-icon landscape'>\n\t\t\t\t<a data-elementor-open-lightbox=\"yes\" data-elementor-lightbox-slideshow=\"9c583ef\" data-elementor-lightbox-title=\"Darshan 2\" data-e-action-hash=\"#elementor-action%3Aaction%3Dlightbox%26settings%3DeyJpZCI6MTUxNiwidXJsIjoiaHR0cDpcL1wveW9nYS1zaHJpLmRlXC93cC1jb250ZW50XC91cGxvYWRzXC8yMDIwXC8wMlwvRGFyc2hhbi0yLmpwZyIsInNsaWRlc2hvdyI6IjljNTgzZWYifQ%3D%3D\" href='http:\/\/yoga-shri.de\/wp-content\/uploads\/2020\/02\/Darshan-2.jpg'><img width=\"800\" height=\"547\" src=\"http:\/\/yoga-shri.de\/wp-content\/uploads\/2020\/02\/Darshan-2.jpg\" class=\"attachment-full size-full\" alt=\"\" decoding=\"async\" loading=\"lazy\" srcset=\"http:\/\/yoga-shri.de\/wp-content\/uploads\/2020\/02\/Darshan-2.jpg 800w, http:\/\/yoga-shri.de\/wp-content\/uploads\/2020\/02\/Darshan-2-300x205.jpg 300w, http:\/\/yoga-shri.de\/wp-content\/uploads\/2020\/02\/Darshan-2-768x525.jpg 768w\" sizes=\"(max-width: 800px) 100vw, 800px\" \/><\/a>\n\t\t\t<\/div><\/figure><figure class='gallery-item'>\n\t\t\t<div class='gallery-icon landscape'>\n\t\t\t\t<a data-elementor-open-lightbox=\"yes\" data-elementor-lightbox-slideshow=\"9c583ef\" data-elementor-lightbox-title=\"buch1\" data-e-action-hash=\"#elementor-action%3Aaction%3Dlightbox%26settings%3DeyJpZCI6MTUxNSwidXJsIjoiaHR0cDpcL1wveW9nYS1zaHJpLmRlXC93cC1jb250ZW50XC91cGxvYWRzXC8yMDIwXC8wMlwvYnVjaDEuanBnIiwic2xpZGVzaG93IjoiOWM1ODNlZiJ9\" href='http:\/\/yoga-shri.de\/wp-content\/uploads\/2020\/02\/buch1.jpg'><img width=\"800\" height=\"547\" src=\"http:\/\/yoga-shri.de\/wp-content\/uploads\/2020\/02\/buch1.jpg\" class=\"attachment-full size-full\" alt=\"\" decoding=\"async\" loading=\"lazy\" srcset=\"http:\/\/yoga-shri.de\/wp-content\/uploads\/2020\/02\/buch1.jpg 800w, http:\/\/yoga-shri.de\/wp-content\/uploads\/2020\/02\/buch1-300x205.jpg 300w, http:\/\/yoga-shri.de\/wp-content\/uploads\/2020\/02\/buch1-768x525.jpg 768w\" sizes=\"(max-width: 800px) 100vw, 800px\" \/><\/a>\n\t\t\t<\/div><\/figure>\n\t\t<\/div>\n\t\t<\/div>\n\t\t\t\t<\/div>\n\t\t\t\t<\/div>\n\t\t\t\t\t\t<\/div>\n\t\t\t\t\t<\/div>\n\t\t<\/div>\n\t\t\t\t\t\t\t\t<\/div>\n\t\t\t\t\t<\/div>\n\t\t<\/section>\n\t\t\t\t\t\t\t\t\t<\/div>\n\t\t\t<\/div>\n\t\t\t\t\t<\/div>\n\t\t","protected":false},"excerpt":{"rendered":"<p>Darshan Das ist ein Buchalbum \u00fcber den Spirituellen Lehrer Shri Prakash Ji. Fotos, Texte aus den Satsangs, Gedichte und Ausz\u00fcge aus den Berichten der Sch\u00fcler machen Sie mit dem Lehrer bekannt und bieten Ihnen die M\u00f6glichkeit, mit dem Wissen, das Shri Prakash Ji den Menschen gibt, in Ber\u00fchrung zu kommen. Die Texte sind in englisch und russisch. Gr\u00f6\u00dfe: 24,5 x 34,5 cm, 152 Seiten<\/p>\n","protected":false},"author":1,"featured_media":0,"parent":0,"menu_order":0,"comment_status":"closed","ping_status":"closed","template":"","meta":{"ngg_post_thumbnail":0},"_links":{"self":[{"href":"http:\/\/yoga-shri.de\/index.php\/wp-json\/wp\/v2\/pages\/191"}],"collection":[{"href":"http:\/\/yoga-shri.de\/index.php\/wp-json\/wp\/v2\/pages"}],"about":[{"href":"http:\/\/yoga-shri.de\/index.php\/wp-json\/wp\/v2\/types\/page"}],"author":[{"embeddable":true,"href":"http:\/\/yoga-shri.de\/index.php\/wp-json\/wp\/v2\/users\/1"}],"replies":[{"embeddable":true,"href":"http:\/\/yoga-shri.de\/index.php\/wp-json\/wp\/v2\/comments?post=191"}],"version-history":[{"count":6,"href":"http:\/\/yoga-shri.de\/index.php\/wp-json\/wp\/v2\/pages\/191\/revisions"}],"predecessor-version":[{"id":1520,"href":"http:\/\/yoga-shri.de\/index.php\/wp-json\/wp\/v2\/pages\/191\/revisions\/1520"}],"wp:attachment":[{"href":"http:\/\/yoga-shri.de\/index.php\/wp-json\/wp\/v2\/media?parent=191"}],"curies":[{"name":"wp","href":"https:\/\/api.w.org\/{rel}","templated":true}]}}