{"id":305,"date":"2020-01-20T20:46:09","date_gmt":"2020-01-20T19:46:09","guid":{"rendered":"http:\/\/localhost\/yogashri\/neu\/online\/?page_id=305"},"modified":"2020-02-23T20:49:35","modified_gmt":"2020-02-23T19:49:35","slug":"kontakte-und-anfahrt","status":"publish","type":"page","link":"http:\/\/yoga-shri.de\/index.php\/kontakte-und-anfahrt\/","title":{"rendered":"Kontakte und Anfahrt"},"content":{"rendered":"<section class=\"ce_text block\">\n<div><strong><span style=\"color: #008080;\">Tel.:<\/span><\/strong><\/div>\n<div>+49 30 239 756 42<br \/>\n+49 176 222 577 62<\/div>\n<div>&nbsp;<\/div>\n<div><strong><span style=\"color: #008080;\">E-mail:<\/span><\/strong><\/div>\n<div><a target=\"_blank\" rel=\"noopener noreferrer\">info@yoga-shri.de<\/a><\/div>\n<div>&nbsp;<\/div>\n<div><strong><span style=\"color: #008080;\">Adresse:<\/span><\/strong><\/div>\n<div>T\u00fcrrschmidtstr. 2, 10317 Berlin<\/div>\n<div><img decoding=\"async\" loading=\"lazy\" class=\"wp-image-1435 size-full aligncenter\" src=\"http:\/\/localhost\/yogashri\/neu\/online\/wp-content\/uploads\/2020\/02\/anfahrt.jpg\" alt=\"\" width=\"600\" height=\"274\" srcset=\"http:\/\/yoga-shri.de\/wp-content\/uploads\/2020\/02\/anfahrt.jpg 600w, http:\/\/yoga-shri.de\/wp-content\/uploads\/2020\/02\/anfahrt-300x137.jpg 300w\" sizes=\"(max-width: 600px) 100vw, 600px\" \/><\/div>\n<section class=\"ce_text block\" style=\"padding-bottom: 1em;\">\n<div>\n<p><span style=\"color: #008080;\"><strong>Anfahrt:<\/strong><\/span><\/p>\n<div>S 3 &#8211; Rummelsburg, Fu\u00dfweg 3 Min.<\/div>\n<div>S 5, S 7, S 75 &#8211; N\u00f6ldnerplatz, Fu\u00dfweg 7 Min.<\/div>\n<div>S 5, S 7, S 75, S 3, Ringbahn &#8211; Ostkreuz, Fu\u00dfweg 10 Min.<\/div>\n<div>Bus 240 &#8211; , Tram 21 &#8211; Marktstr., Fu\u00dfweg 2 Min.<\/div>\n<div>&nbsp;<\/div>\n<\/div>\n<\/section>\n<div>\n<section class=\"ce_text block\" style=\"padding-bottom: 1em;\"><span style=\"color: #008080;\"><strong>Kontakte weltweit:<\/strong><\/span><\/section>\n<section class=\"ce_text block\"><strong>RUSSLAND<br \/>\n<\/strong>Moskau<br \/>\n+7 (916) 862-45-81<br \/>\n<a href=\"http:\/\/www.satyam-shivam-sundaram.org\/index.php?lang=de\" target=\"_blank\" rel=\"noopener noreferrer\">www.satyam-shivam-sundaram.org<\/a><\/p>\n<div>&nbsp;<\/div>\n<div><strong>INDIEN<\/strong><\/div>\n<div>Delhi<\/div>\n<div>+91 96-34-923609<\/div>\n<div>&nbsp;<\/div>\n<div><strong>ENGLAND<\/strong><\/div>\n<div>London<\/div>\n<div>+44 7927 283188<\/div>\n<div>&nbsp;<\/div>\n<div><strong>LITAUEN<\/strong><\/div>\n<div>Vilnius<\/div>\n<div>+370 (686) 50 646<\/div>\n<div><a href=\"https:\/\/www.sviesosbuveine.lt\/en\/centre-of-spiritual-culture-shri-prakash-dham\/about\/\" target=\"_blank\" rel=\"noopener noreferrer\">www.sanatan-dharma.lt<\/a><\/div>\n<div>&nbsp;<\/div>\n<div><strong>KAZACHSTAN<\/strong><\/div>\n<div>Almaty<\/div>\n<div>+7 777 3842457<\/div>\n<div>&nbsp;<\/div>\n<\/section>\n<section class=\"ce_text block\">Bei Fragen bez\u00fcglich der Organisation eines Satsangs (Vortrages) und pers\u00f6nlicher Gespr\u00e4che mit dem geistigen Lehrer Shri Prakash Ji in Ihrer Stadt, melden Sie sich bitte unter der Tel.-Nr. +4917622257762 oder schreiben Sie an info@yoga-shri.de<\/section>\n<\/div>\n<\/section>\n","protected":false},"excerpt":{"rendered":"<p>Tel.: +49 30 239 756 42 +49 176 222 577 62 &nbsp; E-mail: info@yoga-shri.de &nbsp; Adresse: T\u00fcrrschmidtstr. 2, 10317 Berlin Anfahrt: S 3 &#8211; Rummelsburg, Fu\u00dfweg 3 Min. S 5, S 7, S 75 &#8211; N\u00f6ldnerplatz, Fu\u00dfweg 7 Min. S 5, S 7, S 75, S 3, Ringbahn &#8211; Ostkreuz, Fu\u00dfweg 10 Min. Bus 240 &#8211; , Tram 21 &#8211; Marktstr., Fu\u00dfweg 2 Min. &nbsp; Kontakte weltweit: RUSSLAND Moskau +7 (916) 862-45-81 www.satyam-shivam-sundaram.org &nbsp; INDIEN &hellip; <\/p>\n","protected":false},"author":1,"featured_media":0,"parent":0,"menu_order":0,"comment_status":"closed","ping_status":"closed","template":"","meta":{"ngg_post_thumbnail":0},"_links":{"self":[{"href":"http:\/\/yoga-shri.de\/index.php\/wp-json\/wp\/v2\/pages\/305"}],"collection":[{"href":"http:\/\/yoga-shri.de\/index.php\/wp-json\/wp\/v2\/pages"}],"about":[{"href":"http:\/\/yoga-shri.de\/index.php\/wp-json\/wp\/v2\/types\/page"}],"author":[{"embeddable":true,"href":"http:\/\/yoga-shri.de\/index.php\/wp-json\/wp\/v2\/users\/1"}],"replies":[{"embeddable":true,"href":"http:\/\/yoga-shri.de\/index.php\/wp-json\/wp\/v2\/comments?post=305"}],"version-history":[{"count":27,"href":"http:\/\/yoga-shri.de\/index.php\/wp-json\/wp\/v2\/pages\/305\/revisions"}],"predecessor-version":[{"id":1825,"href":"http:\/\/yoga-shri.de\/index.php\/wp-json\/wp\/v2\/pages\/305\/revisions\/1825"}],"wp:attachment":[{"href":"http:\/\/yoga-shri.de\/index.php\/wp-json\/wp\/v2\/media?parent=305"}],"curies":[{"name":"wp","href":"https:\/\/api.w.org\/{rel}","templated":true}]}}