{"id":310,"date":"2020-01-20T20:49:28","date_gmt":"2020-01-20T19:49:28","guid":{"rendered":"http:\/\/localhost\/yogashri\/neu\/online\/?page_id=310"},"modified":"2020-01-20T20:51:34","modified_gmt":"2020-01-20T19:51:34","slug":"impressum","status":"publish","type":"page","link":"http:\/\/yoga-shri.de\/index.php\/impressum\/","title":{"rendered":"Impressum"},"content":{"rendered":"<section class=\"ce_text block\">Urheber dieser Webseite: <img decoding=\"async\" loading=\"lazy\" class=\"alignright size-medium wp-image-311\" src=\"http:\/\/localhost\/yogashri\/neu\/online\/wp-content\/uploads\/2020\/01\/kompas-300x294.jpg\" alt=\"\" width=\"300\" height=\"294\" srcset=\"http:\/\/yoga-shri.de\/wp-content\/uploads\/2020\/01\/kompas-300x294.jpg 300w, http:\/\/yoga-shri.de\/wp-content\/uploads\/2020\/01\/kompas.jpg 613w\" sizes=\"(max-width: 300px) 100vw, 300px\" \/>Shri Prakash Dham e.V.<br \/>\nT\u00fcrrschmidtstr. 2<br \/>\n10317 BerlinTel.: 030 &#8211; 23 13 42 90<br \/>\n0176 &#8211; 22 25 77 62<\/p>\n<p>E-mail: info@yoga-shri.de<\/p>\n<p>Vorstandsvorsitzende: Anna Klein.<\/p>\n<p>Registereintragung:<br \/>\nAmtsgericht Charlottenburg<br \/>\nAktenzeichen: VR 27264 B.<\/p>\n<p><em>Alle Rechte vorbehalten.<\/em><\/p>\n<\/section>\n<section class=\"ce_text block\"><strong>&#8222;Verwendung von Facebook Social Plugins<\/strong>Unsere Internetpr\u00e4senz nutzt sog. Social Plugins \u00a0des sozialen Netzwerkes facebook.com (&#8222;Facebook&#8220;). Facebook wird von der Facebook Inc., 1601 S. California Ave, Palo Alto, CA 94304, USA betrieben. Detaillierte Hinweise zu den Funktionen der einzelnen Plugins und deren Erscheinungsbild finden Sie auf der folgenden Webseite: <em>http:\/\/developers.facebook.com\/docs\/plugins\/<\/em>Diejenigen Webseiten unserer Internetpr\u00e4senz, die Facebook Social Plugins enthalten, stellen \u00fcber Ihren Browser eine direkte Verbindung mit den Servern von Facebook her, wenn Sie von Ihnen ge\u00f6ffnet werden. An Facebook wird dadurch die Information \u00fcbermittelt, dass die das Social Plugin enthaltende Seite unseres Internetangebots von Ihnen aufgerufen wurde.<\/p>\n<p>Soweit Sie zu diesem Zeitpunkt bei Facebook eingeloggt sind, k\u00f6nnen der Besuch unserer Seiten sowie s\u00e4mtliche Ihrer Interaktionen im Zusammenhang mit den Social Plugins (z.B. Klicken des \u201eLike\u201c-Buttons, Erstellen eines Kommentars etc.) Ihrem Facebook-Profil zugeordnet und bei Facebook gespeichert werden. Selbst wenn Sie kein Facebook-Profil haben, ist nicht auszuschlie\u00dfen, dass Facebook Ihre IP-Adresse speichert.<\/p>\n<p>Hinsichtlich des Zwecks und Umfangs der Datenerhebung sowie der Verarbeitung und Nutzung der Daten durch Facebook verweisen wir auf die Facebook-Datenschutzrichtlinien: http:\/\/www.facebook.com\/policy.php. Dort finden Sie au\u00dferdem eine \u00dcbersicht der Einstellungsm\u00f6glichkeiten in Ihrem pers\u00f6nlichen Facebook-Profil zum Schutz Ihrer Privatsph\u00e4re und Ihre damit zusammenh\u00e4ngenden Rechte.<\/p>\n<p>Um zu verhindern, dass Facebook die oben genannten Daten durch Ihren Aufenthalt auf unserem Internetangebot sammelt, loggen Sie sich vor Ihrem Besuch unserer Seite bei Facebook aus. Um einen generellen Zugriff von Facebook auf Ihre Daten auf unseren und auf sonstigen Webseiten zu verhindern, k\u00f6nnen Sie Facebook Social-Plugins durch ein Add-On f\u00fcr Ihren Browser (z.B. \u201eFacebook-Blocker\u201c, http:\/\/webgraph.com\/resources\/facebookblocker) ausschlie\u00dfen.&#8220;<\/p>\n<\/section>\n","protected":false},"excerpt":{"rendered":"<p>Urheber dieser Webseite: Shri Prakash Dham e.V. T\u00fcrrschmidtstr. 2 10317 BerlinTel.: 030 &#8211; 23 13 42 90 0176 &#8211; 22 25 77 62 E-mail: info@yoga-shri.de Vorstandsvorsitzende: Anna Klein. Registereintragung: Amtsgericht Charlottenburg Aktenzeichen: VR 27264 B. Alle Rechte vorbehalten. &#8222;Verwendung von Facebook Social PluginsUnsere Internetpr\u00e4senz nutzt sog. Social Plugins \u00a0des sozialen Netzwerkes facebook.com (&#8222;Facebook&#8220;). Facebook wird von der Facebook Inc., 1601 S. California Ave, Palo Alto, CA 94304, USA betrieben. Detaillierte Hinweise zu den Funktionen der &hellip; <\/p>\n","protected":false},"author":1,"featured_media":0,"parent":0,"menu_order":0,"comment_status":"closed","ping_status":"closed","template":"","meta":{"ngg_post_thumbnail":0},"_links":{"self":[{"href":"http:\/\/yoga-shri.de\/index.php\/wp-json\/wp\/v2\/pages\/310"}],"collection":[{"href":"http:\/\/yoga-shri.de\/index.php\/wp-json\/wp\/v2\/pages"}],"about":[{"href":"http:\/\/yoga-shri.de\/index.php\/wp-json\/wp\/v2\/types\/page"}],"author":[{"embeddable":true,"href":"http:\/\/yoga-shri.de\/index.php\/wp-json\/wp\/v2\/users\/1"}],"replies":[{"embeddable":true,"href":"http:\/\/yoga-shri.de\/index.php\/wp-json\/wp\/v2\/comments?post=310"}],"version-history":[{"count":3,"href":"http:\/\/yoga-shri.de\/index.php\/wp-json\/wp\/v2\/pages\/310\/revisions"}],"predecessor-version":[{"id":314,"href":"http:\/\/yoga-shri.de\/index.php\/wp-json\/wp\/v2\/pages\/310\/revisions\/314"}],"wp:attachment":[{"href":"http:\/\/yoga-shri.de\/index.php\/wp-json\/wp\/v2\/media?parent=310"}],"curies":[{"name":"wp","href":"https:\/\/api.w.org\/{rel}","templated":true}]}}