{"id":321,"date":"2020-01-20T21:23:59","date_gmt":"2020-01-20T20:23:59","guid":{"rendered":"http:\/\/localhost\/yogashri\/neu\/online\/?page_id=321"},"modified":"2020-02-12T12:05:10","modified_gmt":"2020-02-12T11:05:10","slug":"mantrawissenschaft","status":"publish","type":"page","link":"http:\/\/yoga-shri.de\/index.php\/mantrawissenschaft\/","title":{"rendered":"Mantrawissenschaft"},"content":{"rendered":"<p><img decoding=\"async\" loading=\"lazy\" class=\"wp-image-1457 size-full aligncenter\" src=\"http:\/\/localhost\/yogashri\/neu\/online\/wp-content\/uploads\/2020\/02\/Mantra-Meditation-mit-Shri-Prakash-Ji.jpeg\" alt=\"\" width=\"510\" height=\"150\" srcset=\"http:\/\/yoga-shri.de\/wp-content\/uploads\/2020\/02\/Mantra-Meditation-mit-Shri-Prakash-Ji.jpeg 510w, http:\/\/yoga-shri.de\/wp-content\/uploads\/2020\/02\/Mantra-Meditation-mit-Shri-Prakash-Ji-300x88.jpeg 300w\" sizes=\"(max-width: 510px) 100vw, 510px\" \/><\/p>\n<p><em>Mantra (man &#8211; Verstand, tra &#8211; schneiden, wegr\u00e4umen).<br \/>\n<\/em><\/p>\n<p><em>Bedeutung des Wortes &#8222;Mantra&#8220; &#8211; Reinigung des Verstandes.<\/em><\/p>\n<p><em>Mantra ist eine heilige Silbe<\/em>, ein Wort, ein Vers, ein Name Gottes. Das Mantra hat einen tiefen Sinn und eine geistige Wirkungskraft. In sehr alten Zeiten wurde die Wissenschaft des Mantras von eingeweihten Menschen und Yogis f\u00fcr die Reinigung des Bewusstseins und der Verbindung mit der g\u00f6ttlichen Kraft umfangreich verwendet. <img decoding=\"async\" loading=\"lazy\" class=\"size-full wp-image-1433 alignright\" src=\"http:\/\/localhost\/yogashri\/neu\/online\/wp-content\/uploads\/2020\/02\/Shri-Prakash-Ji-Mala.jpeg\" alt=\"\" width=\"220\" height=\"220\" srcset=\"http:\/\/yoga-shri.de\/wp-content\/uploads\/2020\/02\/Shri-Prakash-Ji-Mala.jpeg 220w, http:\/\/yoga-shri.de\/wp-content\/uploads\/2020\/02\/Shri-Prakash-Ji-Mala-150x150.jpeg 150w\" sizes=\"(max-width: 220px) 100vw, 220px\" \/>In unserer Zeit ist dieses Wissen \u00fcber die Bedeutsamkeit der Mantras f\u00fcr den Gro\u00dfteil der Menschheit verloren gegangen. Doch diese Wissenschaft verwendet man nicht nur als Mittel um Gott zu erreichen, sondern auch um sich selbst und das eigene Leben in Ordnung zu bringen und zu harmonisieren.<\/p>\n<p>Die Wissenschaft des Mantras ist sehr tiefgr\u00fcndig und vielseitig, und die Wirkungen des Klangs, der Vibration, auf unser Bewusstsein sind fundamental. Der Kern dieser Wissenschaft liegt darin, dass Gedanken, Worte und Taten, die der Mensch in seinem Leben hervorbringt, in Form von Worten (Energie, Klang) in die feinstoffliche Welt eingehen und dort abgespeichert werden und somit erhalten bleiben<strong>.<\/strong> In ihrer Gesamtheit bilden sie unser Karma, das weitere Wiedergeburten bedingt und die Umst\u00e4nde des n\u00e4chsten Lebens bestimmt.<\/p>\n<h5><strong><span style=\"color: #ff6600;\">Das Gesetz des Karmas<\/span><\/strong><\/h5>\n<p>Entsprechend seinem Karma bekommt der Mensch seine Eltern, Verwandte, Freunde, Arbeit, Gesundheit &#8211; alles vom Geringsten bis zu Bedeutsamsten, also alles, was ihn in diesem Leben umgibt und f\u00fcr gew\u00f6hnlich als Schicksal bezeichnet wird. Das Karma kehrt zu uns zur\u00fcck und st\u00f6\u00dft uns dazu an, Neues zu schaffen und sich an das Neugeschaffene zu binden.<br \/>\n<div id=\"post-link-321\" class=\"sh-link post-link sh-hide\"><a href=\"#\" onclick=\"showhide_toggle('post', 321, 'mehr zeigen...', 'weniger zeigen...'); return false;\" aria-expanded=\"false\"><span id=\"post-toggle-321\">mehr zeigen...<\/span><\/a><\/div><div id=\"post-content-321\" class=\"sh-content post-content sh-hide\" style=\"display: none;\"><br \/>\nDas Gesetz des Karmas ist streng, aber gerecht. Es lautet: was man s\u00e4t, das erntet man. Das bezieht sich gleicherma\u00dfen auf gute Taten wie negative Handlungen.<\/p>\n<p>Viele Male wird der Mensch auf der Erde wiedergeboren. Er erntet die Fr\u00fcchte seiner Arbeit und s\u00e4t die Samen des neuen Karmas aus. Wenn der Mensch beginnt, das alles in seinem Leben zu erkennen, kommt selbstverst\u00e4ndlich die Frage auf: <em>wie kann man ver\u00e4ndern, was man fr\u00fcher wissentlich oder unbewusst, mit Absicht oder ohne, getan hat; auf welche Weise kann man verhindern, neues negatives Karma zu erzeugen und wie soll man positives Karma schaffen? <\/em>Antworten auf diese Fragen gibt die Wissenschaft des Mantras.<\/p>\n<p>Jeder Mensch hat in seinem letzten Leben eine bestimmte Etappe erreicht. Man kann das auch als Evolutionsstufe oder geistigen Entwicklungsstand bezeichnen. Ein gew\u00f6hnlicher Mensch, der nicht \u00fcber geistiges Wissen verf\u00fcgt, kennt weder seine Vergangenheit, noch seine Gegenwart, noch seine Zukunft. Bei der Geburt verdeckt Gott dieses Wissen, wegen der fehlenden Bereitschaft des Menschen, es wahrzunehmen. Gleichzeitig wird jedem Menschen die Chance gegeben, das gro\u00dfe geistige Potential, das ihm innewohnt, zu \u00f6ffnen.<\/p>\n<p>Gro\u00dfe Yogis und Mahatmas haben mit Hilfe verschiedener Praktiken, die ihnen erm\u00f6glichten, Askese zu \u00fcben und sich in einen sehr tiefen Zustand der Meditation zu versenken, die Mantras gesehen und geh\u00f6rt (jedes Mantra hat eine eigene Gestalt). Sp\u00e4ter wurden die Mantras der Menschheit nach bestimmten Regeln der geistigen Disziplin weitergegeben.<\/div><\/p>\n<h5><span style=\"color: #ff6600;\"><strong>Der Weg der geistigen Vervollkommnung<\/strong><\/span><\/h5>\n<p>Ein Sadguru besitzt das volle Wissen vom Yoga. Er gibt jenen Teil des Wissens von der geistigen Disziplin weiter, der zu einer bestimmten Zeit erforderlich ist. Zun\u00e4chst wird der allgemeine geistige Stand der Menschen, die in dem jeweiligen Zeitalter leben, ber\u00fccksichtigt. <div id=\"post-link-321\" class=\"sh-link post-link sh-hide\"><a href=\"#\" onclick=\"showhide_toggle('post', 321, 'mehr zeigen...', 'weniger zeigen...'); return false;\" aria-expanded=\"false\"><span id=\"post-toggle-321\">mehr zeigen...<\/span><\/a><\/div><div id=\"post-content-321\" class=\"sh-content post-content sh-hide\" style=\"display: none;\"><br \/>\nPraktiken, die zum Beispiel mit strenger Askese verbunden sind, wurden in den guten Zeitaltern, den so genannten Yugas: Satya, Treta und Dvapara weitergegeben. Der geistige Stand der Menschheit war in diesen Zeiten insgesamt sehr hoch, und f\u00fcr die Einhaltung strenger geistiger Disziplin waren ausreichend Kr\u00e4fte da.<\/p>\n<p>Schon in alten Zeiten wurde in den heiligen Schriften (Shastren, Veden&#8230;) geschrieben, dass in der Kali-Yuga, dem Zeitalter des geistigen Verfalls, der effektivste Weg f\u00fcr den Menschen sich zu vervollkommnen &#8211; Jap, das Wiederholen der Namen Gottes sowie der Mantras, sei. Warum ist das so? In der Kali-Yuga, und es ist genau die Zeit in der wir jetzt leben, ist der Mensch so vertieft in die materielle Welt, dass es f\u00fcr ihn schwierig ist, die Praktiken zu erf\u00fcllen, die eine strenge Disziplin, Reinheit, Regelm\u00e4\u00dfigkeit und die Einhaltung einer Vielzahl anderer geistiger Regeln erfordern. Die Nichteinhaltung dieser Bedingungen kann jedoch zu negativen Resultaten f\u00fchren, wie bsw. zur Verschlechterung der Gesundheit.<\/p>\n<p>Die vom Sadguru gegebene Praxis des Wiederholens der Namen Gottes und Mantras gibt aber niemals einen negativen Effekt. Hier sind keine besonderen Bedingungen erforderlich. Ein Mensch kann diese Praxis in jedem Alter und beliebigem physischen Zustand erf\u00fcllen. Gleichzeitig ist das Wiederholen der Mantras eine sehr starke und wirksame Praxis. Wobei ihre Kraft auch darin liegt, dass sie immer wirkt, sobald der Mensch sie aus\u00fcbt &#8211; selbst wenn es nicht gelingt, sich w\u00e4hrend der Aus\u00fcbung der geistigen Praxis zu konzentrieren.<\/div><\/p>\n<h5><span style=\"color: #ff6600;\"><strong>Das Empfangen des Mantras<\/strong><\/span><\/h5>\n<p>Das Mantra wird dem Menschen individuell gegeben, da bei der Einweihung (Diksha) alle seine Lebensumst\u00e4nde, wie Gesundheit, Beziehungen in der Familie und auf der Arbeit beachtet werden. <div id=\"post-link-321\" class=\"sh-link post-link sh-hide\"><a href=\"#\" onclick=\"showhide_toggle('post', 321, 'mehr zeigen...', 'weniger zeigen...'); return false;\" aria-expanded=\"false\"><span id=\"post-toggle-321\">mehr zeigen...<\/span><\/a><\/div><div id=\"post-content-321\" class=\"sh-content post-content sh-hide\" style=\"display: none;\"><br \/>\nDer Sadguru sieht den Kausalk\u00f6rper des Sch\u00fclers, den Zustand seiner geistigen Zentren (Chakras) und gibt entsprechend das Mantra, das auf beste Weise zu dem Sch\u00fcler bei seinem derzeitigen Entwicklungsstand passt. Es wird seine positiven Eigenschaften verst\u00e4rken und gleichzeitig die negativen schw\u00e4chen. Es wird seinen geistigen Zentren Energie geben und sie gleichzeitig harmonisieren. Ebenso hat die Kraft des Mantras eine wohltuende Wirkung auf das ganze Umfeld des Menschen, sogar auf die Menschen, die von der Geistigkeit noch weit entfernt sind.<\/p>\n<p>Ein Mantra aus einem Buch wird nicht die Wirkung haben wie das vom Lehrer gegebene. Wenn Sie in einem Buch lesen, wei\u00df es nichts von Ihnen, weder von Ihren Lebensumst\u00e4nden, noch von Ihrem gesundheitlichen Zustand, noch von Ihrem geistigen Stand. Ein Buch kann Ihnen nicht genau die Praxis geben, die Sie brauchen. Das Wichtigste, wovon ein Buch nichts wei\u00df, ist, in welcher Situation Sie jetzt leben, in welchem Zustand Sie sich befinden und wie Sie sich geistig weiterentwickeln sollen.<\/div><\/p>\n<h5><span style=\"color: #ff6600;\"><strong>Reinigende Wirkung<\/strong><\/span><\/h5>\n<p>Ein Mantra ist eine reine Schwingung. Da Abbilder unserer Gedanken, Worte und Taten im Raum in Form von Schwingungen oder Vibrationen verbleiben, reinigen wir uns vom Negativen, indem wir das Mantra wiederholen und dadurch eine reine Schwingung in unsere feinstofflichen K\u00f6rper einbringen. <div id=\"post-link-321\" class=\"sh-link post-link sh-hide\"><a href=\"#\" onclick=\"showhide_toggle('post', 321, 'mehr zeigen...', 'weniger zeigen...'); return false;\" aria-expanded=\"false\"><span id=\"post-toggle-321\">mehr zeigen...<\/span><\/a><\/div><div id=\"post-content-321\" class=\"sh-content post-content sh-hide\" style=\"display: none;\"><br \/>\nIn den Namen Gottes und den Mantras steckt eine gro\u00dfe und reine Energie, bei ihrer vielfachen Wiederholung erh\u00e4lt der Mensch diese Energie und reinigt sich durch ihre Einwirkung. Die Energie der Gottesnamen und der Mantras verringert die Wirkung des vergangenen sowie des gegenw\u00e4rtigen negativen Karmas, manchmal annulliert sie diese auch vollst\u00e4ndig. Je mehr Jap ein Mensch macht, desto gr\u00f6sser ist die Wirkung der positiven Energie, und das bedeutet, dass eine gr\u00f6\u00dfere Reinigung von dem negativen Karma stattfindet.<\/p>\n<p>Bei der Aus\u00fcbung der Meditationspraxis, Dhyan, lernt der Mensch sich zu konzentrieren, die Vielzahl an Gedanken aber, die in dieser Zeit aufkommen, st\u00f6ren ihn dabei. Wenn Sie im Laufe einer oder zweier Stunden praktiziert und in dieser Zeit an etwas beliebiges gedacht haben, dann befanden Sie sich nicht im Meditationszustand, sondern irrten blo\u00df umher im Labyrinth des eigenen Verstandes und verbrauchten Ihre Zeit umsonst, ohne etwas zu erlangen. Etwas anderes w\u00e4re es, wenn Sie in dieser Zeit das Mantra wiederholt, die so genannte Mantra-Meditation ausge\u00fcbt h\u00e4tten. Dann h\u00e4tten Sie ungeachtet des Gedankenflusses ein positives Resultat erhalten.<\/p>\n<p>Das passiert aufgrund des Klangs, der reinen Schwingung, die beim Wiederholen des Mantras wirkt. Die Qualit\u00e4t des Resultats h\u00e4ngt davon ab, inwieweit Sie sich w\u00e4hrend der Meditation konzentriert haben: je mehr das Bewusstsein auf das Mantra fokussiert ist, desto intensiver geht die Reinigung vor sich, und desto n\u00e4her kommt der Praktizierende zu Gott. Selbst dann, wenn es dem Menschen schwer f\u00e4llt, seine Aufmerksamkeit zu b\u00fcndeln und die kommenden Zust\u00e4nde zu kontrollieren, verleiht ihm das Mantra mit der Zeit die Kraft dazu.<\/div><\/p>\n<p><img decoding=\"async\" loading=\"lazy\" class=\"aligncenter wp-image-433 \" src=\"http:\/\/localhost\/yogashri\/neu\/online\/wp-content\/uploads\/2020\/01\/spiritualism-4552237_1920-1024x739.jpg\" alt=\"\" width=\"531\" height=\"383\" srcset=\"http:\/\/yoga-shri.de\/wp-content\/uploads\/2020\/01\/spiritualism-4552237_1920-1024x739.jpg 1024w, http:\/\/yoga-shri.de\/wp-content\/uploads\/2020\/01\/spiritualism-4552237_1920-300x217.jpg 300w, http:\/\/yoga-shri.de\/wp-content\/uploads\/2020\/01\/spiritualism-4552237_1920-768x554.jpg 768w, http:\/\/yoga-shri.de\/wp-content\/uploads\/2020\/01\/spiritualism-4552237_1920-1536x1109.jpg 1536w, http:\/\/yoga-shri.de\/wp-content\/uploads\/2020\/01\/spiritualism-4552237_1920.jpg 1920w\" sizes=\"(max-width: 531px) 100vw, 531px\" \/><\/p>\n<h5><strong><span style=\"color: #ff6600;\">Mantra und Gebet<\/span><\/strong><\/h5>\n<p>Beim erstmaligen Kennenlernen der Mantra-Meditation kommen bei vielen Fragen auf:<br \/>\n<em>&#8222;Worin unterscheidet sich das Wiederholen des Mantras vom Gebet?&#8220;<br \/>\n&#8222;Kann man denn nach dem Erhalten des Mantras weiterhin Gebete rezitieren und wenn ja, wie soll man das richtig machen?&#8220;<\/em> <div id=\"post-link-321\" class=\"sh-link post-link sh-hide\"><a href=\"#\" onclick=\"showhide_toggle('post', 321, 'mehr zeigen...', 'weniger zeigen...'); return false;\" aria-expanded=\"false\"><span id=\"post-toggle-321\">mehr zeigen...<\/span><\/a><\/div><div id=\"post-content-321\" class=\"sh-content post-content sh-hide\" style=\"display: none;\"><br \/>\nZuerst sollte man verstehen, dass ein Gebet im Unterschied zu einem Mantra immer damit verbunden ist, dass man sich an Gott wendet. Dies kann in Form einer Bitte, zum Beispiel um Gesundheit, Wohlstand, Schutz und vieles mehr ausgedr\u00fcckt werden. Mit anderen Worten, ein Gebet ist immer ein bestimmter Gedanke, der in Worte gefasst wird. Unter Mantra-Meditation versteht man die Abwesenheit von Gedanken und die Konzentration auf das Mantra. Ein Gebet kann aus einem Buch stammen, kann aber auch einfach von Herzen mit beliebigen eigenen Worten formuliert werden. Wenn man dar\u00fcber nachdenkt, dann betet wohl jeder von uns unabh\u00e4ngig davon, ob er an Gott glaubt oder nicht, denn uns fehlt immer etwas, und wir bitten darum, dass es uns gegeben wird.<\/p>\n<p>Ein Mensch, der an Gott glaubt, sagt beispielsweise:&#8220;Herr, mache doch es so, dass&#8230;&#8220;. Ein Mensch der die Existenz Gottes verneint, sagt einfach:&#8220;Ich h\u00e4tte so gerne&#8230;&#8220; oder &#8222;Ich w\u00fcrde so gerne&#8230;&#8220;. In Wirklichkeit wendet er sich auch an Gott, nur unbewusst.<\/p>\n<p>Die Mantra-Meditation unterscheidet sich hierzu dadurch, dass der Praktizierende versuchen muss, im Moment des Wiederholens des Mantras sich von allen beil\u00e4ufigen Gedanken, W\u00fcnschen und Bitten zu befreien, denn das endg\u00fcltige Ziel dessen ist die Verbindung mit Gott.<\/p>\n<p>Wenn Sie daran gew\u00f6hnt sind, bestimmte Gebete jeden Tag zu sprechen, bedeutet es nicht, dass Sie das alles jetzt aufgeben m\u00fcssen. Die Mantra-Meditation gibt dem Menschen eine gro\u00dfe Menge an Energie und ein Gebet, das nach der Beendigung der Praxis gesprochen wird, verf\u00fcgt \u00fcber eine noch gr\u00f6\u00dfere Kraft. Die Wirkung des Gebetes h\u00e4ngt immer davon ab, wie aufrichtig der Betende sich Gott gegen\u00fcber \u00f6ffnet.<\/p>\n<p>Wenn der Mensch den Namen Gottes oder das Mantra wiederholt, geht der Klang des Wortes, seine Schwingung (selbst fl\u00fcsternd oder in Gedanken gesprochen) ins Weltall und kehrt zur\u00fcck zu dem Menschen und bringt ihm eine reine Energie. Derjenige, der regelm\u00e4\u00dfig Jap praktiziert, reinigt sich nicht nur im Inneren vom Negativen, sondern befindet sich auch im \u00c4u\u00dferen unter Schutz. Eine reine, positive Energie umgibt ihn von allen Seiten und die negative kann nicht mehr so wirken wie fr\u00fcher.<\/div><\/p>\n","protected":false},"excerpt":{"rendered":"<p>Mantra (man &#8211; Verstand, tra &#8211; schneiden, wegr\u00e4umen). Bedeutung des Wortes &#8222;Mantra&#8220; &#8211; Reinigung des Verstandes. Mantra ist eine heilige Silbe, ein Wort, ein Vers, ein Name Gottes. Das Mantra hat einen tiefen Sinn und eine geistige Wirkungskraft. In sehr alten Zeiten wurde die Wissenschaft des Mantras von eingeweihten Menschen und Yogis f\u00fcr die Reinigung des Bewusstseins und der Verbindung mit der g\u00f6ttlichen Kraft umfangreich verwendet. In unserer Zeit ist dieses Wissen \u00fcber die Bedeutsamkeit &hellip; <\/p>\n","protected":false},"author":1,"featured_media":0,"parent":0,"menu_order":0,"comment_status":"closed","ping_status":"closed","template":"","meta":{"ngg_post_thumbnail":0},"_links":{"self":[{"href":"http:\/\/yoga-shri.de\/index.php\/wp-json\/wp\/v2\/pages\/321"}],"collection":[{"href":"http:\/\/yoga-shri.de\/index.php\/wp-json\/wp\/v2\/pages"}],"about":[{"href":"http:\/\/yoga-shri.de\/index.php\/wp-json\/wp\/v2\/types\/page"}],"author":[{"embeddable":true,"href":"http:\/\/yoga-shri.de\/index.php\/wp-json\/wp\/v2\/users\/1"}],"replies":[{"embeddable":true,"href":"http:\/\/yoga-shri.de\/index.php\/wp-json\/wp\/v2\/comments?post=321"}],"version-history":[{"count":11,"href":"http:\/\/yoga-shri.de\/index.php\/wp-json\/wp\/v2\/pages\/321\/revisions"}],"predecessor-version":[{"id":1458,"href":"http:\/\/yoga-shri.de\/index.php\/wp-json\/wp\/v2\/pages\/321\/revisions\/1458"}],"wp:attachment":[{"href":"http:\/\/yoga-shri.de\/index.php\/wp-json\/wp\/v2\/media?parent=321"}],"curies":[{"name":"wp","href":"https:\/\/api.w.org\/{rel}","templated":true}]}}