{"id":344,"date":"2020-01-20T22:11:36","date_gmt":"2020-01-20T21:11:36","guid":{"rendered":"http:\/\/localhost\/yogashri\/neu\/online\/?page_id=344"},"modified":"2020-02-23T22:20:54","modified_gmt":"2020-02-23T21:20:54","slug":"fragen-antwoten","status":"publish","type":"page","link":"http:\/\/yoga-shri.de\/index.php\/fragen-antwoten\/","title":{"rendered":"Fragen &#038; Antwoten"},"content":{"rendered":"\t\t<div data-elementor-type=\"wp-page\" data-elementor-id=\"344\" class=\"elementor elementor-344\">\n\t\t\t\t\t\t<div class=\"elementor-inner\">\n\t\t\t\t<div class=\"elementor-section-wrap\">\n\t\t\t\t\t\t\t\t\t<section class=\"elementor-section elementor-top-section elementor-element elementor-element-79c744c elementor-section-boxed elementor-section-height-default elementor-section-height-default\" data-id=\"79c744c\" data-element_type=\"section\">\n\t\t\t\t\t\t<div class=\"elementor-container elementor-column-gap-default\">\n\t\t\t\t\t\t\t<div class=\"elementor-row\">\n\t\t\t\t\t<div class=\"elementor-column elementor-col-33 elementor-top-column elementor-element elementor-element-3e4e827\" data-id=\"3e4e827\" data-element_type=\"column\">\n\t\t\t<div class=\"elementor-column-wrap elementor-element-populated\">\n\t\t\t\t\t\t\t<div class=\"elementor-widget-wrap\">\n\t\t\t\t\t\t<div class=\"elementor-element elementor-element-d8eabf9 elementor-widget elementor-widget-image\" data-id=\"d8eabf9\" data-element_type=\"widget\" data-widget_type=\"image.default\">\n\t\t\t\t<div class=\"elementor-widget-container\">\n\t\t\t\t\t\t\t\t<div class=\"elementor-image\">\n\t\t\t\t\t\t\t\t\t\t\t\t\t<a href=\"http:\/\/yoga-shri.de\/index.php\/fragen-antwoten\/die-effektivste-spirituelle-praxis-in-unserer-zeit\/\">\n\t\t\t\t\t\t\t<img decoding=\"async\" src=\"http:\/\/yoga-shri.de\/wp-content\/uploads\/elementor\/thumbs\/Shri-Prakash-Dham_-Jap_Meditation-ol2182snnoge5wnc0e39a57nyil54pe743eqk0z7cw.jpg\" title=\"Shri Prakash Dham_ Jap_Meditation\" alt=\"Shri Prakash Dham_ Jap_Meditation\" loading=\"lazy\" \/>\t\t\t\t\t\t\t\t<\/a>\n\t\t\t\t\t\t\t\t\t\t\t\t\t\t<\/div>\n\t\t\t\t\t\t<\/div>\n\t\t\t\t<\/div>\n\t\t\t\t\t\t<\/div>\n\t\t\t\t\t<\/div>\n\t\t<\/div>\n\t\t\t\t<div class=\"elementor-column elementor-col-33 elementor-top-column elementor-element elementor-element-4bdc51b\" data-id=\"4bdc51b\" data-element_type=\"column\">\n\t\t\t<div class=\"elementor-column-wrap elementor-element-populated\">\n\t\t\t\t\t\t\t<div class=\"elementor-widget-wrap\">\n\t\t\t\t\t\t<div class=\"elementor-element elementor-element-edcba3f elementor-widget elementor-widget-image\" data-id=\"edcba3f\" data-element_type=\"widget\" data-widget_type=\"image.default\">\n\t\t\t\t<div class=\"elementor-widget-container\">\n\t\t\t\t\t\t\t\t<div class=\"elementor-image\">\n\t\t\t\t\t\t\t\t\t\t\t\t\t<a href=\"http:\/\/yoga-shri.de\/index.php\/fragen-antwoten\/aufgabe-der-seele-nach-dem-uebergang-in-die-feinstoffliche-welt\/\">\n\t\t\t\t\t\t\t<img decoding=\"async\" src=\"http:\/\/yoga-shri.de\/wp-content\/uploads\/elementor\/thumbs\/Uebergang-de-Seele-ol219jfmaegg82ivh0ud5rxh83dp3r75zbxxfit5og.jpg\" title=\"Uebergang de Seele\" alt=\"Uebergang de Seele\" loading=\"lazy\" \/>\t\t\t\t\t\t\t\t<\/a>\n\t\t\t\t\t\t\t\t\t\t\t\t\t\t<\/div>\n\t\t\t\t\t\t<\/div>\n\t\t\t\t<\/div>\n\t\t\t\t\t\t<\/div>\n\t\t\t\t\t<\/div>\n\t\t<\/div>\n\t\t\t\t<div class=\"elementor-column elementor-col-33 elementor-top-column elementor-element elementor-element-4b161a9\" data-id=\"4b161a9\" data-element_type=\"column\">\n\t\t\t<div class=\"elementor-column-wrap elementor-element-populated\">\n\t\t\t\t\t\t\t<div class=\"elementor-widget-wrap\">\n\t\t\t\t\t\t<div class=\"elementor-element elementor-element-b1fb42a elementor-widget elementor-widget-image\" data-id=\"b1fb42a\" data-element_type=\"widget\" data-widget_type=\"image.default\">\n\t\t\t\t<div class=\"elementor-widget-container\">\n\t\t\t\t\t\t\t\t<div class=\"elementor-image\">\n\t\t\t\t\t\t\t\t\t\t\t\t\t<a href=\"http:\/\/yoga-shri.de\/index.php\/fragen-antwoten\/fuenf-gruende-warum-es-108-perlen-in-der-gebetskette-sind\/\">\n\t\t\t\t\t\t\t<img decoding=\"async\" width=\"213\" height=\"175\" src=\"http:\/\/yoga-shri.de\/wp-content\/uploads\/2020\/02\/mala108.jpg\" class=\"attachment-full size-full wp-image-1468\" alt=\"\" loading=\"lazy\" \/>\t\t\t\t\t\t\t\t<\/a>\n\t\t\t\t\t\t\t\t\t\t\t\t\t\t<\/div>\n\t\t\t\t\t\t<\/div>\n\t\t\t\t<\/div>\n\t\t\t\t\t\t<\/div>\n\t\t\t\t\t<\/div>\n\t\t<\/div>\n\t\t\t\t\t\t\t\t<\/div>\n\t\t\t\t\t<\/div>\n\t\t<\/section>\n\t\t\t\t<section class=\"elementor-section elementor-top-section elementor-element elementor-element-fc13724 elementor-section-boxed elementor-section-height-default elementor-section-height-default\" data-id=\"fc13724\" data-element_type=\"section\">\n\t\t\t\t\t\t<div class=\"elementor-container elementor-column-gap-default\">\n\t\t\t\t\t\t\t<div class=\"elementor-row\">\n\t\t\t\t\t<div class=\"elementor-column elementor-col-33 elementor-top-column elementor-element elementor-element-29bfa73\" data-id=\"29bfa73\" data-element_type=\"column\">\n\t\t\t<div class=\"elementor-column-wrap elementor-element-populated\">\n\t\t\t\t\t\t\t<div class=\"elementor-widget-wrap\">\n\t\t\t\t\t\t<div class=\"elementor-element elementor-element-34b9d51 elementor-widget elementor-widget-text-editor\" data-id=\"34b9d51\" data-element_type=\"widget\" data-widget_type=\"text-editor.default\">\n\t\t\t\t<div class=\"elementor-widget-container\">\n\t\t\t\t\t\t\t\t<div class=\"elementor-text-editor elementor-clearfix\">\n\t\t\t\t<p><span style=\"color: #333399;\"><strong>Die effektivste spirituelle\u00a0<\/strong><\/span><br \/><span style=\"color: #333399;\"><strong>Praxis in unserer Zeit<\/strong><\/span><\/p><p>Durch alle Zeitalter hinweg vom Satyayuga bis ins Kaliyuga ist die Praxis des Nam-Jap verbreitet. Nam-Jap bedeutet die Wiederholung der Namen Gottes. Im Kaliyuga kann der Mensch nur durch Jap das beste Resultat erzielen. In den anderen Yugas gibt es neben Jap noch weitere Formen der spirituellen Praxis&#8230;\u00a0<br \/><a href=\"http:\/\/yoga-shri.de\/index.php\/fragen-antwoten\/die-effektivste-spirituelle-praxis-in-unserer-zeit\/\">Hier die ganze Frage &amp; Antwort lesen&#8230;\u00a0<\/a><\/p>\t\t\t\t\t<\/div>\n\t\t\t\t\t\t<\/div>\n\t\t\t\t<\/div>\n\t\t\t\t\t\t<\/div>\n\t\t\t\t\t<\/div>\n\t\t<\/div>\n\t\t\t\t<div class=\"elementor-column elementor-col-33 elementor-top-column elementor-element elementor-element-c6f937a\" data-id=\"c6f937a\" data-element_type=\"column\">\n\t\t\t<div class=\"elementor-column-wrap elementor-element-populated\">\n\t\t\t\t\t\t\t<div class=\"elementor-widget-wrap\">\n\t\t\t\t\t\t<div class=\"elementor-element elementor-element-f4476bf elementor-widget elementor-widget-text-editor\" data-id=\"f4476bf\" data-element_type=\"widget\" data-widget_type=\"text-editor.default\">\n\t\t\t\t<div class=\"elementor-widget-container\">\n\t\t\t\t\t\t\t\t<div class=\"elementor-text-editor elementor-clearfix\">\n\t\t\t\t<p><span style=\"color: #333399;\"><strong>Welche Aufgabe hat die Seele nach dem \u00dcbergang in die feinstoffliche Welt?<\/strong><\/span><\/p><p>Diese Frage ist von Interesse f\u00fcr alle. In dem Augenblick, da wir einen menschlichen K\u00f6rper erhalten, gibt es ein Ziel. In der feinstofflichen Welt befinden wir uns an einem bestimmten Ort, in Abh\u00e4ngigkeit davon, wie wir vorher gehandelt haben, als wir einen physischen K\u00f6rper hatten&#8230;\u00a0<br \/><a href=\"http:\/\/yoga-shri.de\/index.php\/fragen-antwoten\/aufgabe-der-seele-nach-dem-uebergang-in-die-feinstoffliche-welt\/\">Hier die ganze Frage &amp; Antwort lesen&#8230;<\/a><\/p>\t\t\t\t\t<\/div>\n\t\t\t\t\t\t<\/div>\n\t\t\t\t<\/div>\n\t\t\t\t\t\t<\/div>\n\t\t\t\t\t<\/div>\n\t\t<\/div>\n\t\t\t\t<div class=\"elementor-column elementor-col-33 elementor-top-column elementor-element elementor-element-2f53efc\" data-id=\"2f53efc\" data-element_type=\"column\">\n\t\t\t<div class=\"elementor-column-wrap elementor-element-populated\">\n\t\t\t\t\t\t\t<div class=\"elementor-widget-wrap\">\n\t\t\t\t\t\t<div class=\"elementor-element elementor-element-4f86e00 elementor-widget elementor-widget-text-editor\" data-id=\"4f86e00\" data-element_type=\"widget\" data-widget_type=\"text-editor.default\">\n\t\t\t\t<div class=\"elementor-widget-container\">\n\t\t\t\t\t\t\t\t<div class=\"elementor-text-editor elementor-clearfix\">\n\t\t\t\t<p><span style=\"color: #333399;\"><strong>Warum bestehen Gebetsketten aus 108 Perlen? Was symbolisiert das?<\/strong><\/span><\/p><p><strong>Shri Prakash Ji:<\/strong> Diese Frage zur Gebetskette (Rosenkranz; Mala) m\u00f6chte ich im Detail erkl\u00e4ren, damit Sie das richtig verstehen. Im Sanatana Dharma haben die Gebetsketten 108 Perlen. So steht es in den Shastren, den Veden, geschrieben. Daf\u00fcr gibt es mehrere Gr\u00fcnde.<br \/><a href=\"http:\/\/yoga-shri.de\/index.php\/fragen-antwoten\/fuenf-gruende-warum-es-108-perlen-in-der-gebetskette-sind\/\">Hier die ganze Frage &amp; Antwort lesen&#8230;<\/a><\/p>\t\t\t\t\t<\/div>\n\t\t\t\t\t\t<\/div>\n\t\t\t\t<\/div>\n\t\t\t\t\t\t<\/div>\n\t\t\t\t\t<\/div>\n\t\t<\/div>\n\t\t\t\t\t\t\t\t<\/div>\n\t\t\t\t\t<\/div>\n\t\t<\/section>\n\t\t\t\t\t\t\t\t\t<\/div>\n\t\t\t<\/div>\n\t\t\t\t\t<\/div>\n\t\t","protected":false},"excerpt":{"rendered":"<p>Die effektivste spirituelle\u00a0Praxis in unserer Zeit Durch alle Zeitalter hinweg vom Satyayuga bis ins Kaliyuga ist die Praxis des Nam-Jap verbreitet. Nam-Jap bedeutet die Wiederholung der Namen Gottes. Im Kaliyuga kann der Mensch nur durch Jap das beste Resultat erzielen. In den anderen Yugas gibt es neben Jap noch weitere Formen der spirituellen Praxis&#8230;\u00a0Hier die ganze Frage &amp; Antwort lesen&#8230;\u00a0 Welche Aufgabe hat die Seele nach dem \u00dcbergang in die feinstoffliche Welt? Diese Frage ist &hellip; <\/p>\n","protected":false},"author":1,"featured_media":0,"parent":0,"menu_order":0,"comment_status":"closed","ping_status":"closed","template":"","meta":{"ngg_post_thumbnail":0},"_links":{"self":[{"href":"http:\/\/yoga-shri.de\/index.php\/wp-json\/wp\/v2\/pages\/344"}],"collection":[{"href":"http:\/\/yoga-shri.de\/index.php\/wp-json\/wp\/v2\/pages"}],"about":[{"href":"http:\/\/yoga-shri.de\/index.php\/wp-json\/wp\/v2\/types\/page"}],"author":[{"embeddable":true,"href":"http:\/\/yoga-shri.de\/index.php\/wp-json\/wp\/v2\/users\/1"}],"replies":[{"embeddable":true,"href":"http:\/\/yoga-shri.de\/index.php\/wp-json\/wp\/v2\/comments?post=344"}],"version-history":[{"count":21,"href":"http:\/\/yoga-shri.de\/index.php\/wp-json\/wp\/v2\/pages\/344\/revisions"}],"predecessor-version":[{"id":1881,"href":"http:\/\/yoga-shri.de\/index.php\/wp-json\/wp\/v2\/pages\/344\/revisions\/1881"}],"wp:attachment":[{"href":"http:\/\/yoga-shri.de\/index.php\/wp-json\/wp\/v2\/media?parent=344"}],"curies":[{"name":"wp","href":"https:\/\/api.w.org\/{rel}","templated":true}]}}