{"id":354,"date":"2020-01-20T22:26:53","date_gmt":"2020-01-20T21:26:53","guid":{"rendered":"http:\/\/localhost\/yogashri\/neu\/online\/?page_id=354"},"modified":"2026-02-15T23:11:38","modified_gmt":"2026-02-15T22:11:38","slug":"gesunde-ernaehrung","status":"publish","type":"page","link":"http:\/\/yoga-shri.de\/index.php\/gesunde-ernaehrung\/","title":{"rendered":"Gesunde Ern\u00e4hrung"},"content":{"rendered":"<div>\n<div><strong>&#8222;Wie die Nahrung (An), so der innere Zustand (Man)&#8220;!<\/strong><\/div>\n<\/div>\n<div><strong>&nbsp;<\/strong><\/div>\n<div>Man kann das nicht oft genug betonen, welch wichtige Rolle die richtige Ern\u00e4hrungsweise f\u00fcr die Gesundheit des Menschen spielt. \u00c4hnlich, wie bei der Errichtung eines komplexen modernen Wohngeb\u00e4udes qualitativ hochwertige&nbsp; Baumaterialien und die genaue Einhaltung der technologischen Arbeitsschritte erforderlich sind, ebenso braucht der menschliche K\u00f6rper <strong>gesunde und richtige Nahrung<\/strong>, sowie das Einhalten von unkomplizierten, aber wichtigen Regeln ihrer Zubereitung und Aufnahme.<\/div>\n<div>&nbsp;<\/div>\n<div><img decoding=\"async\" loading=\"lazy\" class=\"wp-image-1472 aligncenter\" src=\"http:\/\/localhost\/yogashri\/neu\/online\/wp-content\/uploads\/2020\/02\/korzinka-s-ovoschami-Gemuesekorb-lang.jpg\" alt=\"\" width=\"447\" height=\"297\" srcset=\"http:\/\/yoga-shri.de\/wp-content\/uploads\/2020\/02\/korzinka-s-ovoschami-Gemuesekorb-lang.jpg 800w, http:\/\/yoga-shri.de\/wp-content\/uploads\/2020\/02\/korzinka-s-ovoschami-Gemuesekorb-lang-300x200.jpg 300w, http:\/\/yoga-shri.de\/wp-content\/uploads\/2020\/02\/korzinka-s-ovoschami-Gemuesekorb-lang-768x511.jpg 768w, http:\/\/yoga-shri.de\/wp-content\/uploads\/2020\/02\/korzinka-s-ovoschami-Gemuesekorb-lang-700x465.jpg 700w\" sizes=\"(max-width: 447px) 100vw, 447px\" \/><br \/>\nDie richtige Ern\u00e4hrungsweise bringt dem Menschen Gesundheit, Energie und Kraft f\u00fcr ein erf\u00fclltes Leben, reguliert den Stoffwechsel im Organismus und tr\u00e4gt dazu bei, dass alle K\u00f6rperfunktionen bis ins hohe Alter auf h\u00f6chstem Niveau erhalten bleiben.<strong> Einen wirklich gesunden Menschen voller Energie kann man sich ohne gesunde Ern\u00e4hrung schwer vorstellen.<\/strong><\/div>\n<div><strong>&nbsp;<\/strong><\/div>\n<div>Die richtige Ern\u00e4hrungsweise ist eine der einfachsten, nat\u00fcrlichsten, sowie effektivsten Methoden, um die Gesundheit beizubehalten und den verschiedensten Erkrankungen vorzubeugen.<\/div>\n<div>&nbsp;<\/div>\n<p><strong>Die \u00c4nderung des inneren Zustands des Menschen<\/strong><strong>&nbsp;<\/strong><\/p>\n<div><em>&#8222;<\/em><em>W<\/em><em>ie der <strong>An<\/strong> (die Nahrung), so der <strong>Man<\/strong> (der innere Zustand)&#8220;<\/em><\/div>\n<div>Alle wissen, dass die Qualit\u00e4t und Zusammensetzung der Nahrung Auswirkungen auf den Zustand des physischen K\u00f6rpers hat, doch nur wenigen ist bekannt, da\u00df die Ern\u00e4hrung <strong>das Bewusstsein des Menschen, seinen geistigen Zustand<\/strong> beeinflu\u00dft.<\/div>\n<div>&nbsp;<\/div>\n<div>Bereits vor Jahrtausenden machten die Menschen die Erfahrung, dass die Umstellung auf eine gesunde Ern\u00e4hrungsweise&nbsp; gro\u00dfe positive Ver\u00e4nderungen des inneren Zustandes des Menschen bewirken. Der Charakter wird ausgeglichener und ruhiger, mehr Lebensfreude wird vorhanden sein. Nach und nach \u00e4ndert sich auch der innere Zustand: der Verstand wird reiner und klarer, was dazu f\u00fchrt, dass viele tiefe geistige Wahrheiten zug\u00e4nglich werden, deren Bedeutung dem Menschen vorher verborgen war. Es gelingt immer besser, das Bewusstsein zu konzentrieren und subtile Zust\u00e4nde zu erreichen. Solch eine Wirkung hat die Nahrung.<\/div>\n<div>&nbsp;<\/div>\n","protected":false},"excerpt":{"rendered":"<p>&#8222;Wie die Nahrung (An), so der innere Zustand (Man)&#8220;! &nbsp; Man kann das nicht oft genug betonen, welch wichtige Rolle die richtige Ern\u00e4hrungsweise f\u00fcr die Gesundheit des Menschen spielt. \u00c4hnlich, wie bei der Errichtung eines komplexen modernen Wohngeb\u00e4udes qualitativ hochwertige&nbsp; Baumaterialien und die genaue Einhaltung der technologischen Arbeitsschritte erforderlich sind, ebenso braucht der menschliche K\u00f6rper gesunde und richtige Nahrung, sowie das Einhalten von unkomplizierten, aber wichtigen Regeln ihrer Zubereitung und Aufnahme. &nbsp; Die richtige Ern\u00e4hrungsweise &hellip; <\/p>\n","protected":false},"author":1,"featured_media":0,"parent":0,"menu_order":0,"comment_status":"closed","ping_status":"closed","template":"","meta":{"ngg_post_thumbnail":0},"_links":{"self":[{"href":"http:\/\/yoga-shri.de\/index.php\/wp-json\/wp\/v2\/pages\/354"}],"collection":[{"href":"http:\/\/yoga-shri.de\/index.php\/wp-json\/wp\/v2\/pages"}],"about":[{"href":"http:\/\/yoga-shri.de\/index.php\/wp-json\/wp\/v2\/types\/page"}],"author":[{"embeddable":true,"href":"http:\/\/yoga-shri.de\/index.php\/wp-json\/wp\/v2\/users\/1"}],"replies":[{"embeddable":true,"href":"http:\/\/yoga-shri.de\/index.php\/wp-json\/wp\/v2\/comments?post=354"}],"version-history":[{"count":12,"href":"http:\/\/yoga-shri.de\/index.php\/wp-json\/wp\/v2\/pages\/354\/revisions"}],"predecessor-version":[{"id":3210,"href":"http:\/\/yoga-shri.de\/index.php\/wp-json\/wp\/v2\/pages\/354\/revisions\/3210"}],"wp:attachment":[{"href":"http:\/\/yoga-shri.de\/index.php\/wp-json\/wp\/v2\/media?parent=354"}],"curies":[{"name":"wp","href":"https:\/\/api.w.org\/{rel}","templated":true}]}}