{"id":386,"date":"2020-01-20T23:11:25","date_gmt":"2020-01-20T22:11:25","guid":{"rendered":"http:\/\/localhost\/yogashri\/neu\/online\/?page_id=386"},"modified":"2020-01-29T13:20:00","modified_gmt":"2020-01-29T12:20:00","slug":"bhajans","status":"publish","type":"page","link":"http:\/\/yoga-shri.de\/index.php\/bhajans\/","title":{"rendered":"Bhajans"},"content":{"rendered":"\t\t<div data-elementor-type=\"wp-page\" data-elementor-id=\"386\" class=\"elementor elementor-386\">\n\t\t\t\t\t\t<div class=\"elementor-inner\">\n\t\t\t\t<div class=\"elementor-section-wrap\">\n\t\t\t\t\t\t\t\t\t<section class=\"elementor-section elementor-top-section elementor-element elementor-element-3b70088a elementor-section-boxed elementor-section-height-default elementor-section-height-default\" data-id=\"3b70088a\" data-element_type=\"section\">\n\t\t\t\t\t\t<div class=\"elementor-container elementor-column-gap-default\">\n\t\t\t\t\t\t\t<div class=\"elementor-row\">\n\t\t\t\t\t<div class=\"elementor-column elementor-col-100 elementor-top-column elementor-element elementor-element-5a670d2\" data-id=\"5a670d2\" data-element_type=\"column\">\n\t\t\t<div class=\"elementor-column-wrap elementor-element-populated\">\n\t\t\t\t\t\t\t<div class=\"elementor-widget-wrap\">\n\t\t\t\t\t\t<div class=\"elementor-element elementor-element-4ee9f34e elementor-widget elementor-widget-text-editor\" data-id=\"4ee9f34e\" data-element_type=\"widget\" data-widget_type=\"text-editor.default\">\n\t\t\t\t<div class=\"elementor-widget-container\">\n\t\t\t\t\t\t\t\t<div class=\"elementor-text-editor elementor-clearfix\">\n\t\t\t\t<section class=\"ce_text block\">Bhajans sind Liebeslieder zum Lob und zur Ehre Gottes. Als Musikgenre gibt es sie schon seit vielen tausend Jahren. Das Wort &#8222;bha-jan&#8220; selbst bedeutet &#8222;den Menschen lichtgebend&#8220; (bha &#8211; Licht, jan &#8211; Menschen). Durch das Singen von Bhajans weilt der Mensch in Gedanken bei Gott und wird von g\u00f6ttlicher Energie erf\u00fcllt. Wenn man die Bhajans vom Herzen singt, f\u00fcllt sich jeder Ton mit Bhakti an &#8211; der reinen hohen Liebe zu Gott. Freude und tiefer Seelenfrieden kehren im Herzen ein.<\/section><div class=\"ce_ytvideo ce_video block\"><h5><span style=\"color: #ff6600;\">Om Namah Shivaya<\/span><\/h5><\/div>\t\t\t\t\t<\/div>\n\t\t\t\t\t\t<\/div>\n\t\t\t\t<\/div>\n\t\t\t\t\t\t<\/div>\n\t\t\t\t\t<\/div>\n\t\t<\/div>\n\t\t\t\t\t\t\t\t<\/div>\n\t\t\t\t\t<\/div>\n\t\t<\/section>\n\t\t\t\t<section class=\"elementor-section elementor-top-section elementor-element elementor-element-9368004 elementor-section-boxed elementor-section-height-default elementor-section-height-default\" data-id=\"9368004\" data-element_type=\"section\">\n\t\t\t\t\t\t<div class=\"elementor-container elementor-column-gap-default\">\n\t\t\t\t\t\t\t<div class=\"elementor-row\">\n\t\t\t\t\t<div class=\"elementor-column elementor-col-100 elementor-top-column elementor-element elementor-element-f4326d6\" data-id=\"f4326d6\" data-element_type=\"column\">\n\t\t\t<div class=\"elementor-column-wrap elementor-element-populated\">\n\t\t\t\t\t\t\t<div class=\"elementor-widget-wrap\">\n\t\t\t\t\t\t<div class=\"elementor-element elementor-element-47d4c15 elementor-widget elementor-widget-video\" data-id=\"47d4c15\" data-element_type=\"widget\" data-settings=\"{&quot;youtube_url&quot;:&quot;https:\\\/\\\/www.youtube.com\\\/watch?v=Ecv8SXH4X1k&amp;feature=emb_logo&quot;,&quot;video_type&quot;:&quot;youtube&quot;,&quot;controls&quot;:&quot;yes&quot;}\" data-widget_type=\"video.default\">\n\t\t\t\t<div class=\"elementor-widget-container\">\n\t\t\t\t\t<div class=\"elementor-wrapper elementor-open-inline\">\n\t\t\t<div class=\"elementor-video\"><\/div>\t\t<\/div>\n\t\t\t\t<\/div>\n\t\t\t\t<\/div>\n\t\t\t\t\t\t<\/div>\n\t\t\t\t\t<\/div>\n\t\t<\/div>\n\t\t\t\t\t\t\t\t<\/div>\n\t\t\t\t\t<\/div>\n\t\t<\/section>\n\t\t\t\t<section class=\"elementor-section elementor-top-section elementor-element elementor-element-abbeb20 elementor-section-boxed elementor-section-height-default elementor-section-height-default\" data-id=\"abbeb20\" data-element_type=\"section\">\n\t\t\t\t\t\t<div class=\"elementor-container elementor-column-gap-default\">\n\t\t\t\t\t\t\t<div class=\"elementor-row\">\n\t\t\t\t\t<div class=\"elementor-column elementor-col-100 elementor-top-column elementor-element elementor-element-f340ffc\" data-id=\"f340ffc\" data-element_type=\"column\">\n\t\t\t<div class=\"elementor-column-wrap elementor-element-populated\">\n\t\t\t\t\t\t\t<div class=\"elementor-widget-wrap\">\n\t\t\t\t\t\t<div class=\"elementor-element elementor-element-5f6a3f9 elementor-widget elementor-widget-text-editor\" data-id=\"5f6a3f9\" data-element_type=\"widget\" data-widget_type=\"text-editor.default\">\n\t\t\t\t<div class=\"elementor-widget-container\">\n\t\t\t\t\t\t\t\t<div class=\"elementor-text-editor elementor-clearfix\">\n\t\t\t\t<h5><span style=\"color: #ff6600;\">Mere Gurudev<\/span><\/h5>\t\t\t\t\t<\/div>\n\t\t\t\t\t\t<\/div>\n\t\t\t\t<\/div>\n\t\t\t\t\t\t<\/div>\n\t\t\t\t\t<\/div>\n\t\t<\/div>\n\t\t\t\t\t\t\t\t<\/div>\n\t\t\t\t\t<\/div>\n\t\t<\/section>\n\t\t\t\t<section class=\"elementor-section elementor-top-section elementor-element elementor-element-b4974e7 elementor-section-boxed elementor-section-height-default elementor-section-height-default\" data-id=\"b4974e7\" data-element_type=\"section\">\n\t\t\t\t\t\t<div class=\"elementor-container elementor-column-gap-default\">\n\t\t\t\t\t\t\t<div class=\"elementor-row\">\n\t\t\t\t\t<div class=\"elementor-column elementor-col-100 elementor-top-column elementor-element elementor-element-db4b77b\" data-id=\"db4b77b\" data-element_type=\"column\">\n\t\t\t<div class=\"elementor-column-wrap elementor-element-populated\">\n\t\t\t\t\t\t\t<div class=\"elementor-widget-wrap\">\n\t\t\t\t\t\t<div class=\"elementor-element elementor-element-638c9db elementor-widget elementor-widget-video\" data-id=\"638c9db\" data-element_type=\"widget\" data-settings=\"{&quot;youtube_url&quot;:&quot;https:\\\/\\\/www.youtube.com\\\/watch?v=Ebzt8cI093k&amp;feature=emb_logo&quot;,&quot;video_type&quot;:&quot;youtube&quot;,&quot;controls&quot;:&quot;yes&quot;}\" data-widget_type=\"video.default\">\n\t\t\t\t<div class=\"elementor-widget-container\">\n\t\t\t\t\t<div class=\"elementor-wrapper elementor-open-inline\">\n\t\t\t<div class=\"elementor-video\"><\/div>\t\t<\/div>\n\t\t\t\t<\/div>\n\t\t\t\t<\/div>\n\t\t\t\t\t\t<\/div>\n\t\t\t\t\t<\/div>\n\t\t<\/div>\n\t\t\t\t\t\t\t\t<\/div>\n\t\t\t\t\t<\/div>\n\t\t<\/section>\n\t\t\t\t<section class=\"elementor-section elementor-top-section elementor-element elementor-element-f361041 elementor-section-boxed elementor-section-height-default elementor-section-height-default\" data-id=\"f361041\" data-element_type=\"section\">\n\t\t\t\t\t\t<div class=\"elementor-container elementor-column-gap-default\">\n\t\t\t\t\t\t\t<div class=\"elementor-row\">\n\t\t\t\t\t<div class=\"elementor-column elementor-col-100 elementor-top-column elementor-element elementor-element-b74cde2\" data-id=\"b74cde2\" data-element_type=\"column\">\n\t\t\t<div class=\"elementor-column-wrap elementor-element-populated\">\n\t\t\t\t\t\t\t<div class=\"elementor-widget-wrap\">\n\t\t\t\t\t\t<div class=\"elementor-element elementor-element-98ca22a elementor-widget elementor-widget-text-editor\" data-id=\"98ca22a\" data-element_type=\"widget\" data-widget_type=\"text-editor.default\">\n\t\t\t\t<div class=\"elementor-widget-container\">\n\t\t\t\t\t\t\t\t<div class=\"elementor-text-editor elementor-clearfix\">\n\t\t\t\t<section class=\"ce_text block\"><p>Liedtext mit \u00dcbersetzung<div id=\"post-link-386\" class=\"sh-link post-link sh-hide\"><a href=\"#\" onclick=\"showhide_toggle('post', 386, 'mehr zeigen...', 'weniger zeigen...'); return false;\" aria-expanded=\"false\"><span id=\"post-toggle-386\">mehr zeigen&#8230;<\/span><\/a><\/div><div id=\"post-content-386\" class=\"sh-content post-content sh-hide\" style=\"display: none;\"><\/p><p>MERE GURUDEV<\/p><p>Mere Gurudev, charanon par sumana shraddha ke arpita hai.<br \/>Tere hee dena hai jo hai. Wahi tujha ko samarapita hai.<\/p><p>Na priti hai pratiti hai, na hi puja ki shakti hai.<br \/>Meraa yaha man, meraa yaha tan, meraa kan kan samarapita hai.<\/p><p>Tuma hee ho bhaava men mere, vicharon mein, pukaron mein.<\/p><p>MEIN GURUDEV<\/p><p>Mein Gurudev, zu Ihren F\u00fc\u00dfen bringe ich <br \/>die Bl\u00fcten meines Glaubens dar.<br \/>Alles, was ich habe, gaben Sie mir. <br \/>Und all das widme ich Ihnen.<\/p><p>Ich allein hatte nicht einmal den Mut, <br \/>mich vor Ihnen zu verneigen. <br \/>Doch unsere Begegnung weckte <br \/>die Liebe in mir und gab mir Kraft.<br \/>Meinen Verstand, meinen K\u00f6rper, <br \/>jedes Teilchen von mir widme ich Ihnen.<\/p><p>Sie allein sind in meinem Herzen <br \/>und in meinen Gedanken. <br \/>Sie sind der Eine, nach dem ich rufe!<\/div><\/p><\/section>\t\t\t\t\t<\/div>\n\t\t\t\t\t\t<\/div>\n\t\t\t\t<\/div>\n\t\t\t\t\t\t<\/div>\n\t\t\t\t\t<\/div>\n\t\t<\/div>\n\t\t\t\t\t\t\t\t<\/div>\n\t\t\t\t\t<\/div>\n\t\t<\/section>\n\t\t\t\t<section class=\"elementor-section elementor-top-section elementor-element elementor-element-7cff36c elementor-section-boxed elementor-section-height-default elementor-section-height-default\" data-id=\"7cff36c\" data-element_type=\"section\">\n\t\t\t\t\t\t<div class=\"elementor-container elementor-column-gap-default\">\n\t\t\t\t\t\t\t<div class=\"elementor-row\">\n\t\t\t\t\t<div class=\"elementor-column elementor-col-100 elementor-top-column elementor-element elementor-element-c866119\" data-id=\"c866119\" data-element_type=\"column\">\n\t\t\t<div class=\"elementor-column-wrap elementor-element-populated\">\n\t\t\t\t\t\t\t<div class=\"elementor-widget-wrap\">\n\t\t\t\t\t\t<div class=\"elementor-element elementor-element-b601998 elementor-widget elementor-widget-text-editor\" data-id=\"b601998\" data-element_type=\"widget\" data-widget_type=\"text-editor.default\">\n\t\t\t\t<div class=\"elementor-widget-container\">\n\t\t\t\t\t\t\t\t<div class=\"elementor-text-editor elementor-clearfix\">\n\t\t\t\t<h5><span style=\"color: #008080;\">Devi Mahalakshmi Narayani<\/span><\/h5><div class=\"description\"><p>Aufnahme vom Navmifest 2015<\/p><\/div>\t\t\t\t\t<\/div>\n\t\t\t\t\t\t<\/div>\n\t\t\t\t<\/div>\n\t\t\t\t\t\t<\/div>\n\t\t\t\t\t<\/div>\n\t\t<\/div>\n\t\t\t\t\t\t\t\t<\/div>\n\t\t\t\t\t<\/div>\n\t\t<\/section>\n\t\t\t\t<section class=\"elementor-section elementor-top-section elementor-element elementor-element-7c73923 elementor-section-boxed elementor-section-height-default elementor-section-height-default\" data-id=\"7c73923\" data-element_type=\"section\">\n\t\t\t\t\t\t<div class=\"elementor-container elementor-column-gap-default\">\n\t\t\t\t\t\t\t<div class=\"elementor-row\">\n\t\t\t\t\t<div class=\"elementor-column elementor-col-100 elementor-top-column elementor-element elementor-element-2a29f68\" data-id=\"2a29f68\" data-element_type=\"column\">\n\t\t\t<div class=\"elementor-column-wrap elementor-element-populated\">\n\t\t\t\t\t\t\t<div class=\"elementor-widget-wrap\">\n\t\t\t\t\t\t<div class=\"elementor-element elementor-element-cc91fb4 elementor-widget elementor-widget-video\" data-id=\"cc91fb4\" data-element_type=\"widget\" data-settings=\"{&quot;youtube_url&quot;:&quot;https:\\\/\\\/www.youtube.com\\\/watch?v=qRxusKJbBTY&amp;feature=emb_logo&quot;,&quot;video_type&quot;:&quot;youtube&quot;,&quot;controls&quot;:&quot;yes&quot;}\" data-widget_type=\"video.default\">\n\t\t\t\t<div class=\"elementor-widget-container\">\n\t\t\t\t\t<div class=\"elementor-wrapper elementor-open-inline\">\n\t\t\t<div class=\"elementor-video\"><\/div>\t\t<\/div>\n\t\t\t\t<\/div>\n\t\t\t\t<\/div>\n\t\t\t\t\t\t<\/div>\n\t\t\t\t\t<\/div>\n\t\t<\/div>\n\t\t\t\t\t\t\t\t<\/div>\n\t\t\t\t\t<\/div>\n\t\t<\/section>\n\t\t\t\t\t\t\t\t\t<\/div>\n\t\t\t<\/div>\n\t\t\t\t\t<\/div>\n\t\t","protected":false},"excerpt":{"rendered":"<p>Bhajans sind Liebeslieder zum Lob und zur Ehre Gottes. Als Musikgenre gibt es sie schon seit vielen tausend Jahren. Das Wort &#8222;bha-jan&#8220; selbst bedeutet &#8222;den Menschen lichtgebend&#8220; (bha &#8211; Licht, jan &#8211; Menschen). Durch das Singen von Bhajans weilt der Mensch in Gedanken bei Gott und wird von g\u00f6ttlicher Energie erf\u00fcllt. Wenn man die Bhajans vom Herzen singt, f\u00fcllt sich jeder Ton mit Bhakti an &#8211; der reinen hohen Liebe zu Gott. Freude und tiefer &hellip; <\/p>\n","protected":false},"author":1,"featured_media":0,"parent":0,"menu_order":0,"comment_status":"closed","ping_status":"closed","template":"","meta":{"ngg_post_thumbnail":0},"_links":{"self":[{"href":"http:\/\/yoga-shri.de\/index.php\/wp-json\/wp\/v2\/pages\/386"}],"collection":[{"href":"http:\/\/yoga-shri.de\/index.php\/wp-json\/wp\/v2\/pages"}],"about":[{"href":"http:\/\/yoga-shri.de\/index.php\/wp-json\/wp\/v2\/types\/page"}],"author":[{"embeddable":true,"href":"http:\/\/yoga-shri.de\/index.php\/wp-json\/wp\/v2\/users\/1"}],"replies":[{"embeddable":true,"href":"http:\/\/yoga-shri.de\/index.php\/wp-json\/wp\/v2\/comments?post=386"}],"version-history":[{"count":5,"href":"http:\/\/yoga-shri.de\/index.php\/wp-json\/wp\/v2\/pages\/386\/revisions"}],"predecessor-version":[{"id":1282,"href":"http:\/\/yoga-shri.de\/index.php\/wp-json\/wp\/v2\/pages\/386\/revisions\/1282"}],"wp:attachment":[{"href":"http:\/\/yoga-shri.de\/index.php\/wp-json\/wp\/v2\/media?parent=386"}],"curies":[{"name":"wp","href":"https:\/\/api.w.org\/{rel}","templated":true}]}}