{"id":415,"date":"2020-01-21T12:26:30","date_gmt":"2020-01-21T11:26:30","guid":{"rendered":"http:\/\/localhost\/yogashri\/neu\/online\/?page_id=415"},"modified":"2020-01-23T11:50:13","modified_gmt":"2020-01-23T10:50:13","slug":"rolle-des-lehrers","status":"publish","type":"page","link":"http:\/\/yoga-shri.de\/index.php\/rolle-des-lehrers\/","title":{"rendered":"\u00dcber den Geistigen Lehrer, \u00fcber die Rolle des Lehrers"},"content":{"rendered":"<p>Gott gibt dem Menschen alles: das Leben, jeden Atemzug, jeden Herzschlag und erwartet nie einen Dank daf\u00fcr. Seine Liebe bekommt jeder, sogar derjenige, der nicht an Ihn glaubt. Auf diese Weise liebt auch der Lehrer. Eins der Ziele seines Kommens auf die Erde \u2013 allen Menschen zu helfen, nicht nur seinen Sch\u00fclern. Vor dem Treffen mit dem Lehrer kann der Mensch diese Hilfe nur erahnen, aber nach dem Treffen beginnt er sie zu sp\u00fcren.<img decoding=\"async\" loading=\"lazy\" class=\"alignright size-medium wp-image-421\" src=\"http:\/\/localhost\/yogashri\/neu\/online\/wp-content\/uploads\/2020\/01\/45glava-265x300.jpg\" alt=\"\" width=\"265\" height=\"300\" srcset=\"http:\/\/yoga-shri.de\/wp-content\/uploads\/2020\/01\/45glava-265x300.jpg 265w, http:\/\/yoga-shri.de\/wp-content\/uploads\/2020\/01\/45glava.jpg 557w\" sizes=\"(max-width: 265px) 100vw, 265px\" \/><\/p>\n<p>Jeder, der Ihn getroffen und von ganzem Herzen angenommen hat, erlangte das h\u00f6chste Gl\u00fcck, von dem er nur tr\u00e4umen konnte, nachdem er in allen seinen Leben suchte. Er hat den Menschen mit dem gr\u00f6\u00dften von allen Sch\u00e4tzen beschenkt \u2013 mit der Liebe. Der Mensch &#8211; so ein kleines im Vergleich zum Universum und gleichzeitig gro\u00dfes, als ein Teil Gottes, Gesch\u00f6pf \u2013 hat das Gl\u00fcck zu lieben und geliebt zu werden.<\/p>\n<p>Die Anwesenheit des Lehrers schafft an jedem Ort eine Atmosph\u00e4re der Liebe, Sch\u00f6nheit und Harmonie. In seiner N\u00e4he gibt es keinen Platz f\u00fcr Aufregungen, \u00c4ngste, Besorgnisse und man befindet sich in einem besonderen Zustand der Ruhe und Freude, man beginnt seine wahre g\u00f6ttliche Natur zu begreifen.<\/p>\n<p>Der Lehrer \u00f6ffnet das Sch\u00f6nste, was es beim Menschen gibt. Er gibt das Wissen dar\u00fcber, wie man lernen kann, im Einklang mit sich selbst und der Welt zu leben, wie man seine Bestimmung im Leben finden kann und letztendlich den Sinn des Lebens begreift.<\/p>\n<p>Es ist sehr schwierig f\u00fcr den Menschen alleine sich selbst, seine Seele zu verstehen und somit das geistige Wissen, welches in jedem von uns von Geburt an vorhanden ist, zu \u00f6ffnen. Daf\u00fcr braucht man denjenigen, der den Weg der geistigen Vervollkommnung schon zur\u00fcckgelegt und sich mit Gott verbunden hat, einen wahren geistigen Lehrer \u2013 <em>den<\/em> <em>Sadguru<\/em>. Er zeigt den Weg zu Gott und hilft dem Menschen diesen Weg zu gehen, sich geistig zu vervollkommnen.<\/p>\n<p>Es sind viele F\u00e4lle bekannt, wo <em>der<\/em> <em>Sadguru<\/em> \u2013 der wahre geistige Lehrer, den Menschen geholfen hat: in einer gro\u00dfen Entfernung, unabh\u00e4ngig von Ort und Umst\u00e4nden, in denen sich die Menschen befanden, haben sie die Hilfe gesp\u00fcrt. Wenn der Mensch an den Lehrer denkt, die geistige Praxis aus\u00fcbt, die ihm der Lehrer gegeben hat, wenn der Mensch meditiert, dann sp\u00fcrt er seine Hilfe. Wo auch immer er lebt, bekommt er diese Hilfe auf jeden Fall. Es kann sein, dass der Lehrer nie an dem Ort war, dennoch ist seine Kraft dort anwesend. Wie ist das m\u00f6glich?<\/p>\n<p>Ebenso wie die Kraft Gottes \u00fcberall und in allem anwesend ist, so ist die Kraft des Lehrers \u00fcberall anwesend. Er ist immer in der N\u00e4he des Sch\u00fclers und hilft ihm immer.<\/p>\n<p>Der Lehrer ist st\u00e4ndig mit Gott verbunden und Gott ist eine gro\u00dfe Kraft und Energie, die \u00fcberall und in allem anwesend ist. Dennoch in einem gew\u00f6hnlichen Zustand sp\u00fcrt der Mensch diese Energie nicht. Beispielsweise ist Elektrizit\u00e4t auch eine Energie und trotzdem sehen wir sie f\u00fcr gew\u00f6hnlich nicht, erst dann, wenn z. B. eine Lampe angeschaltet ist. Genauso ist die Kraft Gottes, des Lehrers \u00fcberall anwesend, wir k\u00f6nnen diese nur indirekt sehen. Aber wenn der Mensch anf\u00e4ngt die geistige Praxis auszu\u00fcben, sein geistiges Niveau zu erh\u00f6hen, sp\u00fcrt er immer mehr und mehr die g\u00f6ttliche Kraft. Mit der Zeit sammelt und erh\u00f6ht sich beim Menschen diese Energie und wenn er eine bestimmte Gestalt Gottes liebt, nimmt Gott f\u00fcr ihn diese Gestalt an, damit der Mensch Ihn sehen kann.<\/p>\n<p>Gott kann man nur mit reinem Herz erkennen und daf\u00fcr muss der Mensch sich reinigen und den Verstand beruhigen. Solange es den Verstand gibt, wird dieser auch arbeiten, aber ein reiner Verstand kann viel mehr N\u00fctzliches schaffen. Wenn der Verstand sich ganz beruhigt hat, dann kann der Mensch Gott in seinem Inneren, in seinem Herzen sehen. Der Sadguru schenkt dem Menschen erhabene Liebe &#8211; <em>Bhakti<\/em>. Seine wesentliche Hilfe ist darauf ausgerichtet, dass sich der Mensch immer im Zustand der Liebe befindet, denn ohne Liebe ist es nicht m\u00f6glich Gott zu erreichen. Es ist schwer in der Welt eine hohe reine Liebe zu finden, denn wenn der Mensch liebt, will er immer irgendetwas daf\u00fcr bekommen. In diesem Fall verliert das Gef\u00fchl der Liebe sofort seine Kraft und Sch\u00f6nheit. Wenn aber der Mensch nur liebt und daf\u00fcr nichts bekommen will, dann verleiht ein solches Gef\u00fchl einen sehr hohen geistigen Zustand, der den Menschen reinigt.<\/p>\n<p>Dort, wo es nur Liebe gibt, beruhigt sich der Verstand sofort. Dies ist ein sehr hoher geistiger Zustand. Um diesen zu erreichen, muss man sich bem\u00fchen: die geistige Praxis aus\u00fcben, an sich selbst arbeiten. Wenn Sie sich im Zustand der Liebe und Ruhe befinden, ist dieser mit nichts zu vergleichen, auch wenn dieser nicht lange andauert. Wenn man sich in so einem Zustand w\u00e4hrend des Gebets, der Sadhana oder der Meditation befindet, gelingt die geistige Praxis sehr gut.<\/p>\n<p>Im Prozess der Arbeit an sich selbst kann der Mensch sich irren, die Selbstkontrolle verlieren. Aber wenn der Lehrer da ist, helfen dem Menschen seine Liebe, Gnade und G\u00fcte, sie lassen ihn nicht vom Wege abkommen. Der Lehrer kontrolliert st\u00e4ndig, ob der Sch\u00fcler seinen Weg richtig geht, ob er Hilfe braucht oder ob er selbst alle H\u00fcrden nimmt. Der Lehrer hilft dem Menschen immer in seinem Leben: er gibt ihm die Kraft weiter zu gehen, um zum Ziel zu kommen.<\/p>\n<p style=\"text-align: left;\">In Indien gibt es eine Tradition: wenn ein Kind in der Familie auf niemanden h\u00f6rt, bringen ihn die Eltern zum geistigen Lehrer, damit er das Kind lehrt sich richtig zu benehmen und es sich zum Besseren ver\u00e4ndert. Warum gerade zum Lehrer? Weil der Lehrer niemanden mit Zwang lehrt. Zuhause aber werden an das Kind h\u00e4ufig solche Anforderungen gestellt, die es nicht bereit ist zu erf\u00fcllen.<\/p>\n<p style=\"text-align: center;\"><img decoding=\"async\" loading=\"lazy\" class=\"wp-image-416 aligncenter\" src=\"http:\/\/localhost\/yogashri\/neu\/online\/wp-content\/uploads\/2020\/01\/priroda-prud-tsvetok-lotos-most-fuer-Yoga-Shri.jpg\" alt=\"\" width=\"505\" height=\"302\" srcset=\"http:\/\/yoga-shri.de\/wp-content\/uploads\/2020\/01\/priroda-prud-tsvetok-lotos-most-fuer-Yoga-Shri.jpg 800w, http:\/\/yoga-shri.de\/wp-content\/uploads\/2020\/01\/priroda-prud-tsvetok-lotos-most-fuer-Yoga-Shri-300x179.jpg 300w, http:\/\/yoga-shri.de\/wp-content\/uploads\/2020\/01\/priroda-prud-tsvetok-lotos-most-fuer-Yoga-Shri-768x459.jpg 768w, http:\/\/yoga-shri.de\/wp-content\/uploads\/2020\/01\/priroda-prud-tsvetok-lotos-most-fuer-Yoga-Shri-445x265.jpg 445w\" sizes=\"(max-width: 505px) 100vw, 505px\" \/><\/p>\n","protected":false},"excerpt":{"rendered":"<p>Gott gibt dem Menschen alles: das Leben, jeden Atemzug, jeden Herzschlag und erwartet nie einen Dank daf\u00fcr. Seine Liebe bekommt jeder, sogar derjenige, der nicht an Ihn glaubt. Auf diese Weise liebt auch der Lehrer. Eins der Ziele seines Kommens auf die Erde \u2013 allen Menschen zu helfen, nicht nur seinen Sch\u00fclern. Vor dem Treffen mit dem Lehrer kann der Mensch diese Hilfe nur erahnen, aber nach dem Treffen beginnt er sie zu sp\u00fcren. Jeder, &hellip; <\/p>\n","protected":false},"author":1,"featured_media":0,"parent":0,"menu_order":0,"comment_status":"closed","ping_status":"closed","template":"","meta":{"ngg_post_thumbnail":0},"_links":{"self":[{"href":"http:\/\/yoga-shri.de\/index.php\/wp-json\/wp\/v2\/pages\/415"}],"collection":[{"href":"http:\/\/yoga-shri.de\/index.php\/wp-json\/wp\/v2\/pages"}],"about":[{"href":"http:\/\/yoga-shri.de\/index.php\/wp-json\/wp\/v2\/types\/page"}],"author":[{"embeddable":true,"href":"http:\/\/yoga-shri.de\/index.php\/wp-json\/wp\/v2\/users\/1"}],"replies":[{"embeddable":true,"href":"http:\/\/yoga-shri.de\/index.php\/wp-json\/wp\/v2\/comments?post=415"}],"version-history":[{"count":5,"href":"http:\/\/yoga-shri.de\/index.php\/wp-json\/wp\/v2\/pages\/415\/revisions"}],"predecessor-version":[{"id":514,"href":"http:\/\/yoga-shri.de\/index.php\/wp-json\/wp\/v2\/pages\/415\/revisions\/514"}],"wp:attachment":[{"href":"http:\/\/yoga-shri.de\/index.php\/wp-json\/wp\/v2\/media?parent=415"}],"curies":[{"name":"wp","href":"https:\/\/api.w.org\/{rel}","templated":true}]}}