{"id":449,"date":"2020-01-21T23:20:19","date_gmt":"2020-01-21T22:20:19","guid":{"rendered":"http:\/\/localhost\/yogashri\/neu\/online\/?page_id=449"},"modified":"2020-02-23T22:23:29","modified_gmt":"2020-02-23T21:23:29","slug":"aufgabe-der-seele-nach-dem-uebergang-in-die-feinstoffliche-welt","status":"publish","type":"page","link":"http:\/\/yoga-shri.de\/index.php\/fragen-antwoten\/aufgabe-der-seele-nach-dem-uebergang-in-die-feinstoffliche-welt\/","title":{"rendered":"Aufgabe der Seele nach dem \u00dcbergang in die feinstoffliche Welt"},"content":{"rendered":"<p><a href=\"http:\/\/localhost\/yogashri\/neu\/online\/index.php\/spirituelles-wissen\/\"><em><span style=\"color: #ff6600;\">Spirituelles Wissen<\/span><\/em><\/a> &#8211; <a href=\"http:\/\/yoga-shri.de\/index.php\/fragen-antwoten\/\"><em><span style=\"color: #ff6600;\">Fragen und Antworten<\/span><\/em><\/a><\/p>\n<p><em>Shri Prakash Ji beantwortete Fragen beim Meditationsabend am 11.11.2018 in Berlin<\/em><\/p>\n<p><strong>Frage: <\/strong>Guru Ji, gestatten Sie bitte eine Frage.<br \/>\nSie lehren uns, in diesem Leben die beste L\u00f6sung zu finden, nach Spiritualit\u00e4t zu streben, und nach dem Besten was es im Menschen gibt, worin auch der Sinn der Spiritualit\u00e4t besteht.<\/p>\n<p>Gleichzeitig wissen wir, wenn die Seele des Menschen in die feinstoffliche Welt \u00fcbergeht, so verbleibt sie dort nicht selten f\u00fcr eine lange Zeit.<\/p>\n<p>Eine Frage: Was ist das Ziel des Aufenthalts der Seele in der feinstofflichen Welt? Erholt sie sich dort einfach, oder bilanziert sie dort alle Erfahrungen, die sie vorher auf der Erde gesammelt hat? Und gibt es irgendwelche besonderen Ziele, mit deren Hilfe sich die Seele vorbereitet, um wieder auf die Erde zur\u00fcckzukehren?<\/p>\n<p><strong>Shri Prakash Ji:<\/strong> Diese Frage ist von Interesse f\u00fcr alle.<br \/>\nIn dem Augenblick, da wir einen menschlichen K\u00f6rper erhalten, gibt es ein Ziel. In der feinstofflichen Welt befinden wir uns an einem bestimmten Ort, in Abh\u00e4ngigkeit davon, wie wir vorher gehandelt haben, als wir einen physischen K\u00f6rper hatten. In einer dementsprechenden Welt werden wir dann sein. Und wir werden noch einmal wiedergeboren. Dort gibt es nichts Besonderes im Sinne einer weiteren Vorbereitung.<br \/>\nDie Seele wird hier geboren, um sich weiter zu entwickeln. Dort aber werden Sie in einer h\u00f6heren Welt sein. Welches Karma, welche Sadhana man hier macht \u2013 in Abh\u00e4ngigkeit davon wird der Mensch dort in eine entsprechende Welt kommen. Dort gibt es keine spezielle weitere Entwicklung oder Vorbereitung.<br \/>\nWenn Sie hier Sadhana machen, Yagya machen, wenn Sie sehr gute, tiefergehende Sadhana \u00fcben, dann kann Ihre Sadhana, die Sie hier machen, den Seelen in der feinstofflichen Welt helfen. Das ist m\u00f6glich.<\/p>\n<p>Ein Beispiel: ein Mensch, der in einem bestimmten Landesteil lebt, hat die Absicht etwas Gutes f\u00fcr diese Region zu tun, B\u00e4ume zu pflanzen, gute Stra\u00dfen zu bauen, sch\u00f6ne Seen anzulegen, eine gute Atmosph\u00e4re in diesem Gebiet zu schaffen. Dieser Mensch hatte sehr gute Gedanken, als er auf der Erde lebte. Aber dann hat er sein gutes Ziel, das er einmal hatte, nicht geschafft zu erf\u00fcllen, und ging weg in die feinstoffliche Welt. Eine Zeitlang wird er in Stille dort verbringen, sich ausruhen. Und dann, wenn die Energie seiner Gedanken erwacht, wird die Seele erneut in diesem Gebiet auf der Erde umherwandern, angezogen von einem Menschen, der genau dieselben W\u00fcnsche hat wie der erste. Er hat jetzt keinen physischen K\u00f6rper, aber er kann ihm die Kraft seiner Gedanken geben. Nur physische Kraft kann er nicht geben. Und somit \u00fcbertr\u00e4gt er seine Gedankenkraft auf einen anderen, der im Weiteren sein urspr\u00fcngliches Ziel erf\u00fcllen wird. Verstehen Sie, das wird diese Seele tun.<br \/>\nWenn Sie denken wollen, dass er durch seine Gedanken auf eine andere Seele, die derzeitig sich auf der Erde befindet, einwirkt, so k\u00f6nnte man von Entwicklung, Vorbereitung sprechen, wie Sie w\u00fcnschen.<br \/>\nAber so arbeitet diese Kraft. Es wird ein Mensch mit \u00e4hnlichen Eigenschaften gesucht, der einen physischen K\u00f6rper hat, und der dieses Ziel erf\u00fcllen kann. Und dieser wird davon \u00fcberhaupt nichts merken. Dieser Mensch wird einfach die Arbeit des Vorherigen weiterf\u00fchren. Und was macht der Mensch? Der Mensch durch seine guten Handlungen, Gebete, spirituellen Dinge vergr\u00f6\u00dfert die Kraft der Seelen in der feinstofflichen Welt, dadurch hilft er ihnen.<br \/>\nSo eine Verbindung gibt es zwischen den Menschen im physischen K\u00f6rper und der feinstofflichen Welt. Aber eine konkrete Entwicklung oder ein spezielles Training gibt es dort nicht.<\/p>\n<p><strong>Frage: <\/strong>Darf ich noch etwas fragen? Das k\u00f6nnte ja dann auch im negativen Sinne funktionieren, nicht wahr?<\/p>\n<p><strong>Shri Prakash Ji:<\/strong> Negativ kann es auch wirken, ja gewiss.<\/p>\n<p><strong>Frage: <\/strong>Wie verh\u00e4lt es sich mit der Todesstrafe, die gibt es ja? Falls der zum Tode Verurteilte die negativen Gedanken weiterverfolgt, wie wird sich das nach seinem Weggang in die feinstoffliche Welt auswirken?<\/p>\n<p><strong>Shri Prakash Ji:<\/strong> Negative Gedanken k\u00f6nnen auch eine Wirkung haben, es kann auch von dort aus nach einem negativen Menschen gesucht werden. Wenn wir den Menschen in seinem physischen K\u00f6rper hier betrachten: Falls er nach der Verurteilung seinen Fehler bereits erkannt und Einsicht gezeigt hat, dann wird er im n\u00e4chsten Leben davon befreit werden. Wenn er aber bis zum letzten Moment seines Lebens seinen Fehler nicht bereut hat, und weiter daran denkt, es wieder zu tun, dann wird er im n\u00e4chsten Leben mit denselben Gedanken wiedergeboren.<br \/>\nWozu gibt es Sadhana, Jap (Mantra-Rezitation), gute Gedanken? Damit die positive Kraft hilft. Damit eine Verbindung mit der positiven Kraft geschaffen wird.<\/p>\n","protected":false},"excerpt":{"rendered":"<p>Spirituelles Wissen &#8211; Fragen und Antworten Shri Prakash Ji beantwortete Fragen beim Meditationsabend am 11.11.2018 in Berlin Frage: Guru Ji, gestatten Sie bitte eine Frage. Sie lehren uns, in diesem Leben die beste L\u00f6sung zu finden, nach Spiritualit\u00e4t zu streben, und nach dem Besten was es im Menschen gibt, worin auch der Sinn der Spiritualit\u00e4t besteht. Gleichzeitig wissen wir, wenn die Seele des Menschen in die feinstoffliche Welt \u00fcbergeht, so verbleibt sie dort nicht selten &hellip; <\/p>\n","protected":false},"author":1,"featured_media":0,"parent":344,"menu_order":0,"comment_status":"closed","ping_status":"closed","template":"","meta":{"ngg_post_thumbnail":0},"_links":{"self":[{"href":"http:\/\/yoga-shri.de\/index.php\/wp-json\/wp\/v2\/pages\/449"}],"collection":[{"href":"http:\/\/yoga-shri.de\/index.php\/wp-json\/wp\/v2\/pages"}],"about":[{"href":"http:\/\/yoga-shri.de\/index.php\/wp-json\/wp\/v2\/types\/page"}],"author":[{"embeddable":true,"href":"http:\/\/yoga-shri.de\/index.php\/wp-json\/wp\/v2\/users\/1"}],"replies":[{"embeddable":true,"href":"http:\/\/yoga-shri.de\/index.php\/wp-json\/wp\/v2\/comments?post=449"}],"version-history":[{"count":4,"href":"http:\/\/yoga-shri.de\/index.php\/wp-json\/wp\/v2\/pages\/449\/revisions"}],"predecessor-version":[{"id":1882,"href":"http:\/\/yoga-shri.de\/index.php\/wp-json\/wp\/v2\/pages\/449\/revisions\/1882"}],"up":[{"embeddable":true,"href":"http:\/\/yoga-shri.de\/index.php\/wp-json\/wp\/v2\/pages\/344"}],"wp:attachment":[{"href":"http:\/\/yoga-shri.de\/index.php\/wp-json\/wp\/v2\/media?parent=449"}],"curies":[{"name":"wp","href":"https:\/\/api.w.org\/{rel}","templated":true}]}}