{"id":606,"date":"2020-01-23T23:06:56","date_gmt":"2020-01-23T22:06:56","guid":{"rendered":"http:\/\/localhost\/yogashri\/neu\/online\/?page_id=606"},"modified":"2020-02-23T20:33:57","modified_gmt":"2020-02-23T19:33:57","slug":"ekadashi","status":"publish","type":"page","link":"http:\/\/yoga-shri.de\/index.php\/spirituelle-feste\/ekadashi\/","title":{"rendered":"Ekadashi"},"content":{"rendered":"<p><a href=\"http:\/\/yoga-shri.de\/index.php\/spirituelle-feste\/\"><em>Sprirituelle Feste<\/em><\/a><\/p>\n<p><span class=\"tlid-translation translation\" lang=\"de\">Was ist Ekadashi?<\/span><\/p>\n<p>Ekadasi (Skt. \u090f\u0915\u093e\u090f\u0915 &#8211; &#8222;elf&#8220;) ist der elfte Tag nach dem Vollmond und dem Neumond eines jeden Mondmonats. Im Hinduismus gelten diese Tage als besonders g\u00fcnstig f\u00fcr verschiedene spirituelle Praktiken, Meditationen und die Reinigung des K\u00f6rpers durch Fasten, was die Reinigung auf physischer, mentaler und spiritueller Ebene erleichtert. Der K\u00f6rper wird gereinigt, der Geist beruhigt und die Energie eines Menschen in spirituelle Energietypen umgewandelt &#8211; Tejas und Ojas.<br \/>\nWie ist das zu erkl\u00e4ren?<\/p>\n<p>An den Tagen von Ekadashi ist der Mond unserem Planeten am n\u00e4chsten und hat einen starken Einfluss auf das Wasser, aus dem unser K\u00f6rper im Grunde besteht. Die Gravitationswirkung des Mondes verursacht Gezeiten in den Ozeanen, was bedeutet, dass auch der menschliche K\u00f6rper von diesem Einfluss betroffen ist. Die meisten \u00f6stlichen Traditionen charakterisieren die Ekadashi-Tage als die kraftvollsten Perioden menschlicher subtiler k\u00f6rperlicher Aktivit\u00e4t.<\/p>\n<p style=\"text-align: left;\">Es ist bekannt, dass der physische K\u00f6rper einer Person w\u00e4hrend des Fastens zus\u00e4tzliche Energie freisetzt, die normalerweise f\u00fcr die Verdauung von Nahrungsmitteln aufgewendet wird, und diese anweist, den K\u00f6rper wiederherzustellen und von Giftstoffen zu reinigen. Alte Weise rieten, w\u00e4hrend der Tage von Ekadasi ein angemessenes Fasten zur Gesundheitsf\u00f6rderung abzuhalten, um die Aufmerksamkeit auf die spirituelle Aktivit\u00e4t zu lenken.<\/p>\n<p style=\"text-align: center;\"><img decoding=\"async\" loading=\"lazy\" class=\"wp-image-1806 aligncenter\" src=\"http:\/\/yoga-shri.de\/wp-content\/uploads\/2020\/02\/dandelion-199271_960_720.jpg\" alt=\"\" width=\"535\" height=\"268\" srcset=\"http:\/\/yoga-shri.de\/wp-content\/uploads\/2020\/02\/dandelion-199271_960_720.jpg 960w, http:\/\/yoga-shri.de\/wp-content\/uploads\/2020\/02\/dandelion-199271_960_720-300x150.jpg 300w, http:\/\/yoga-shri.de\/wp-content\/uploads\/2020\/02\/dandelion-199271_960_720-768x385.jpg 768w\" sizes=\"(max-width: 535px) 100vw, 535px\" \/><\/p>\n","protected":false},"excerpt":{"rendered":"<p>Sprirituelle Feste Was ist Ekadashi? Ekadasi (Skt. \u090f\u0915\u093e\u090f\u0915 &#8211; &#8222;elf&#8220;) ist der elfte Tag nach dem Vollmond und dem Neumond eines jeden Mondmonats. Im Hinduismus gelten diese Tage als besonders g\u00fcnstig f\u00fcr verschiedene spirituelle Praktiken, Meditationen und die Reinigung des K\u00f6rpers durch Fasten, was die Reinigung auf physischer, mentaler und spiritueller Ebene erleichtert. Der K\u00f6rper wird gereinigt, der Geist beruhigt und die Energie eines Menschen in spirituelle Energietypen umgewandelt &#8211; Tejas und Ojas. Wie ist &hellip; <\/p>\n","protected":false},"author":1,"featured_media":0,"parent":374,"menu_order":0,"comment_status":"closed","ping_status":"closed","template":"","meta":{"ngg_post_thumbnail":0},"_links":{"self":[{"href":"http:\/\/yoga-shri.de\/index.php\/wp-json\/wp\/v2\/pages\/606"}],"collection":[{"href":"http:\/\/yoga-shri.de\/index.php\/wp-json\/wp\/v2\/pages"}],"about":[{"href":"http:\/\/yoga-shri.de\/index.php\/wp-json\/wp\/v2\/types\/page"}],"author":[{"embeddable":true,"href":"http:\/\/yoga-shri.de\/index.php\/wp-json\/wp\/v2\/users\/1"}],"replies":[{"embeddable":true,"href":"http:\/\/yoga-shri.de\/index.php\/wp-json\/wp\/v2\/comments?post=606"}],"version-history":[{"count":10,"href":"http:\/\/yoga-shri.de\/index.php\/wp-json\/wp\/v2\/pages\/606\/revisions"}],"predecessor-version":[{"id":1808,"href":"http:\/\/yoga-shri.de\/index.php\/wp-json\/wp\/v2\/pages\/606\/revisions\/1808"}],"up":[{"embeddable":true,"href":"http:\/\/yoga-shri.de\/index.php\/wp-json\/wp\/v2\/pages\/374"}],"wp:attachment":[{"href":"http:\/\/yoga-shri.de\/index.php\/wp-json\/wp\/v2\/media?parent=606"}],"curies":[{"name":"wp","href":"https:\/\/api.w.org\/{rel}","templated":true}]}}