{"id":616,"date":"2020-01-23T23:17:26","date_gmt":"2020-01-23T22:17:26","guid":{"rendered":"http:\/\/localhost\/yogashri\/neu\/online\/?page_id=616"},"modified":"2020-02-23T20:18:58","modified_gmt":"2020-02-23T19:18:58","slug":"mahashivratri","status":"publish","type":"page","link":"http:\/\/yoga-shri.de\/index.php\/spirituelle-feste\/mahashivratri\/","title":{"rendered":"Mahashivratri"},"content":{"rendered":"<p><a href=\"http:\/\/yoga-shri.de\/index.php\/spirituelle-feste\/\"><span style=\"color: #ff6600;\"><em>Sprituelle Feste<\/em><\/span><\/a><\/p>\n<p>Der Name Shiva bedeutet Barmherzigkeit und G\u00fcte. Er ist ein gro\u00dfer Asket und vollkommener Yogi, eine g\u00f6ttliche Kraft, die das Negative zerst\u00f6rt und den Baustein f\u00fcr einen Neuanfang legt. Im Sanatana-Dharma ist Shiva der Lehrer von allen Lehrern.<br \/>\n<img decoding=\"async\" loading=\"lazy\" class=\"wp-image-1416 alignright\" src=\"http:\/\/localhost\/yogashri\/neu\/online\/wp-content\/uploads\/2020\/02\/1024874_600.jpg\" alt=\"\" width=\"296\" height=\"387\" srcset=\"http:\/\/yoga-shri.de\/wp-content\/uploads\/2020\/02\/1024874_600.jpg 459w, http:\/\/yoga-shri.de\/wp-content\/uploads\/2020\/02\/1024874_600-230x300.jpg 230w\" sizes=\"(max-width: 296px) 100vw, 296px\" \/><br \/>\n<strong>Mahashivratri<\/strong> bedeutet die &#8222;Gro\u00dfe Nacht Shivas&#8220;. Sie findet jedes Jahr in der Zeit von Februar-M\u00e4rz, eine Nacht vor dem Neumond, statt. Eine Meditation in dieser Nacht ist viel st\u00e4rker als an normalen Tagen, was mit der besonderen Lage von Sonne und Mond zusammenh\u00e4ngt.<\/p>\n<p>Aus diesem Grund ist Mahashivaratri eines der wichtigsten geistigen Feste des Sanatana-Dharma. An diesem Tag fasten die Menschen und vollbringen eine verst\u00e4rkte geistige Praxis sowie das Abendgebet. Das hilft, f\u00fcr einige Zeit vom Alltag Abstand zu nehmen und sich in die innere Welt zu vertiefen &#8211; sich seiner g\u00f6ttlichen Seele zu n\u00e4hern. Das Fest Mahashivratri ist der Beruhigung des Verstandes und der Befreiung von der Illusion der materiellen Welt gewidmet. Es schenkt innere Ruhe und hilft somit das Licht des geistigen Wissens zu \u00f6ffnen.<\/p>\n<p>Verst\u00e4rkte geistige Praxis zu Mahashivaratri bedeutet, dass die Menschen beten, Mantras rezitieren, Hymnen und Bhajans singen, um den Gott Shiva zu ehren. F\u00fcr eine sch\u00f6ne Atmosph\u00e4re l\u00e4uten sie Glocken und z\u00fcnden zus\u00e4tzlich viele L\u00e4mpchen, sog. Aartilampen, an. In dieser Nacht h\u00f6rt man \u00fcberall das Mantra &#8222;Om Namah Shivaya&#8220;. Es ist eines der Hauptmantras im Sanatana-Dharma und Shiva gewidmet.<\/p>\n<p>Dieses Fest \u00f6ffnet die T\u00fcren vom kalten Winter zum langerwarteten Fr\u00fchling und&nbsp; symbolisiert die Erneuerung und den Beginn neuen Lebens.<\/p>\n","protected":false},"excerpt":{"rendered":"<p>Sprituelle Feste Der Name Shiva bedeutet Barmherzigkeit und G\u00fcte. Er ist ein gro\u00dfer Asket und vollkommener Yogi, eine g\u00f6ttliche Kraft, die das Negative zerst\u00f6rt und den Baustein f\u00fcr einen Neuanfang legt. Im Sanatana-Dharma ist Shiva der Lehrer von allen Lehrern. Mahashivratri bedeutet die &#8222;Gro\u00dfe Nacht Shivas&#8220;. Sie findet jedes Jahr in der Zeit von Februar-M\u00e4rz, eine Nacht vor dem Neumond, statt. Eine Meditation in dieser Nacht ist viel st\u00e4rker als an normalen Tagen, was mit &hellip; <\/p>\n","protected":false},"author":1,"featured_media":0,"parent":374,"menu_order":0,"comment_status":"closed","ping_status":"closed","template":"","meta":{"ngg_post_thumbnail":0},"_links":{"self":[{"href":"http:\/\/yoga-shri.de\/index.php\/wp-json\/wp\/v2\/pages\/616"}],"collection":[{"href":"http:\/\/yoga-shri.de\/index.php\/wp-json\/wp\/v2\/pages"}],"about":[{"href":"http:\/\/yoga-shri.de\/index.php\/wp-json\/wp\/v2\/types\/page"}],"author":[{"embeddable":true,"href":"http:\/\/yoga-shri.de\/index.php\/wp-json\/wp\/v2\/users\/1"}],"replies":[{"embeddable":true,"href":"http:\/\/yoga-shri.de\/index.php\/wp-json\/wp\/v2\/comments?post=616"}],"version-history":[{"count":8,"href":"http:\/\/yoga-shri.de\/index.php\/wp-json\/wp\/v2\/pages\/616\/revisions"}],"predecessor-version":[{"id":1789,"href":"http:\/\/yoga-shri.de\/index.php\/wp-json\/wp\/v2\/pages\/616\/revisions\/1789"}],"up":[{"embeddable":true,"href":"http:\/\/yoga-shri.de\/index.php\/wp-json\/wp\/v2\/pages\/374"}],"wp:attachment":[{"href":"http:\/\/yoga-shri.de\/index.php\/wp-json\/wp\/v2\/media?parent=616"}],"curies":[{"name":"wp","href":"https:\/\/api.w.org\/{rel}","templated":true}]}}