{"id":634,"date":"2020-01-24T12:32:47","date_gmt":"2020-01-24T11:32:47","guid":{"rendered":"http:\/\/localhost\/yogashri\/neu\/online\/?page_id=634"},"modified":"2020-02-23T20:20:11","modified_gmt":"2020-02-23T19:20:11","slug":"navratri","status":"publish","type":"page","link":"http:\/\/yoga-shri.de\/index.php\/spirituelle-feste\/navratri\/","title":{"rendered":"Navratri"},"content":{"rendered":"<p><a href=\"http:\/\/yoga-shri.de\/index.php\/spirituelle-feste\/\"><span style=\"color: #ff6600;\"><em>Sprirituelle Feste<\/em><\/span><\/a><\/p>\n<p>Navratri ist ein altes hinduistisches Fest, das in Indien weit verbreitet ist.<\/p>\n<p><img decoding=\"async\" loading=\"lazy\" class=\"alignright wp-image-1589 \" src=\"http:\/\/localhost\/yogashri\/neu\/online\/wp-content\/uploads\/2020\/02\/2017-03-27-Navaratri.jpg\" alt=\"\" width=\"190\" height=\"322\" srcset=\"http:\/\/yoga-shri.de\/wp-content\/uploads\/2020\/02\/2017-03-27-Navaratri.jpg 354w, http:\/\/yoga-shri.de\/wp-content\/uploads\/2020\/02\/2017-03-27-Navaratri-177x300.jpg 177w\" sizes=\"(max-width: 190px) 100vw, 190px\" \/>Seine Geschichte greift&nbsp;weit in die Vergangenheit zur\u00fcck. Das Datum f\u00fcr das Fest wird in der heutigen Zeit&nbsp;wie auch vor vielen Tausenden Jahren nach dem Mondkalender bestimmt.<\/p>\n<p>\u00dcbersetzt bedeutet \u201cNavratri\u201c auf Sanskrit \u201cNeun N\u00e4chte\u201c, (nava \u2013 neun, ratri \u2013 Nacht). Dieses Wort steht ebenso f\u00fcr Neubeginn, die Geburt von etwas Neuem und Guten.<\/p>\n<p>Navratri wird zweimal im Jahr gefeiert, einmal im Fr\u00fchjahr und das andere im Herbst. Im Fr\u00fchling wird es als Vasant-Navratri oder Ramnavratri bezeichnet. Der letzte Tag davon wird als der Geburtstag von Rama gefeiert und hei\u00dft Ramnavmi.<\/p>\n<p>Das Navratri im Herbst wird Shardi-Navratri oder&nbsp;<strong>Durga-Navratri<\/strong>&nbsp;genannt. Seine Besonderheit ist, dass am neunten Tag Prinz Rama \u00fcber Ravan gesiegt hat. Dieser Tag wird als&nbsp;<strong>Navmi<\/strong>&nbsp;bezeichnet.<\/p>\n<p>Navratri f\u00e4llt in die Zeit, wenn die Jahreszeiten wechseln. Es ist eine \u00dcbergangszeit, wenn kalte Tage auf warme folgen und umgekehrt. Und weil das Universum in jedem Menschen verborgen ist, kann jeder die Ver\u00e4nderungen f\u00fchlen.<\/p>\n<p>Alles, was geschieht hat einen Echoeffekt&nbsp;auf das ganze Universum und auf uns selbst. Alle Ver\u00e4nderungen passieren wie auf der physischen so auch auf der feinstofflichen Ebene.<\/p>\n<p><strong>An wen richten sich die Gebete in der Navratrizeit?<\/strong><\/p>\n<p><img decoding=\"async\" loading=\"lazy\" class=\"wp-image-1591 alignleft\" src=\"http:\/\/localhost\/yogashri\/neu\/online\/wp-content\/uploads\/2020\/02\/2017.09.20_Navaratri-Herbst-2017_Devi.jpg\" alt=\"\" width=\"229\" height=\"286\" srcset=\"http:\/\/yoga-shri.de\/wp-content\/uploads\/2020\/02\/2017.09.20_Navaratri-Herbst-2017_Devi.jpg 480w, http:\/\/yoga-shri.de\/wp-content\/uploads\/2020\/02\/2017.09.20_Navaratri-Herbst-2017_Devi-240x300.jpg 240w\" sizes=\"(max-width: 229px) 100vw, 229px\" \/>Im Verlauf von zehn Tagen und neun N\u00e4chten wird der weibliche Aspekt der g\u00f6ttlichen Energie &#8211; Adi Shakti &#8211; die Mutterg\u00f6ttin in ihren verschiedenen Formen verehrt. In Indien wendet man sich an sie als \u201cDevi\u201c (G\u00f6ttin) oder \u201cShakti\u201c (Kraft). Jeder ihrer Formen steht f\u00fcr eine bestimmte Energie \u2013 Shakti. Jeder Navratri-Tag ist einer bestimmten Form gewidmet. So hat Gott Shiva zum Beispiel neun Shaktis, neun Energien. Eine dieser Energien sehen wir immer zu Shivas linken Seite. Die anderen Formen sind unsichtbar, doch um Shiva zu erkennen, seine Gunst und seinen Segen zu gewinnen, verehrt man alle seine Shaktis mit Gebeten.<\/p>\n<p>Es hei\u00dft, dass die g\u00f6ttliche Energie Reichtum, Gl\u00fcck, Wissen und andere Kr\u00e4fte schenkt, die dabei helfen die Hindernisse im Leben zu \u00fcberwinden.<\/p>\n<p>Die drei Aspekte der Mutterg\u00f6ttin sind Durga, Lakshmi und Saraswati.<\/p>\n<p>In den ersten drei Tagen wendet man sich an die G\u00f6ttin in Gestalt einer m\u00e4chtigen Kraft, die Durga genannt wird. Durga ist eine G\u00f6ttin, die die Kraft hat alles B\u00f6se in der Welt und in der menschlichen Seele zu vernichten. Die Menschen glauben, dass sie mit Hilfe von Durgas Kraft in der Lage sind, sich von ihren Schw\u00e4chen zu befreien und Hindernisse zu \u00fcberwinden.<\/p>\n<p>Die folgenden drei Tage betet man zur G\u00f6ttin Lakshmi. Ihre Kraft \u00f6ffnet die besten Eigenschaften im Menschen &#8211; g\u00f6ttliche Liebe, Gleichgewicht des Verstandes, G\u00fcte, Reinheit, Mitgef\u00fchl und Gro\u00dfherzigkeit.<\/p>\n<p>Die letzten drei Tage von Navaratri sind der Verehrung der G\u00f6ttin der Weisheit &#8211; Saraswati &#8211; gewidmet. Saraswati kommt, um uns der Erleuchtung mehr und mehr n\u00e4her zu bringen, indem sie uns das Verborgene in uns zeigt: nicht entfaltete Kr\u00e4fte und den potentiellen Reichtum der Seele. Saraswati &#8211; die G\u00f6ttin der Weisheit &#8211; gestattet uns, \u00fcber die Grenzen unseres Egos hinaus zu gehen und den transzendentalen Raum zu empfinden.<\/p>\n<p>Um den vollen Erfolg im Leben zu erreichen, brauchen wir den Segen von allen drei Aspekten der g\u00f6ttlichen Mutter, deswegen dauert das Gebet neun Tage lang.<\/p>\n<p>Einige Gl\u00e4ubige verehren w\u00e4hrend Navratri ihren \u201eIshta\u201c, die Form Gottes, die ihnen am Herzen liegt. Wenn es Rama ist, verehrt man ihn und liest den Ramcharitmanas, ein Epos \u00fcber Ramas Leben. Wenn es Krishna ist, dann verehrt man Krishna und liest die Bhagavad Gita.<\/p>\n<p><img decoding=\"async\" loading=\"lazy\" class=\"alignright wp-image-1592 \" src=\"http:\/\/localhost\/yogashri\/neu\/online\/wp-content\/uploads\/2020\/02\/2017.09.20_Obst-Navaratri.jpg\" alt=\"\" width=\"191\" height=\"205\" srcset=\"http:\/\/yoga-shri.de\/wp-content\/uploads\/2020\/02\/2017.09.20_Obst-Navaratri.jpg 559w, http:\/\/yoga-shri.de\/wp-content\/uploads\/2020\/02\/2017.09.20_Obst-Navaratri-280x300.jpg 280w\" sizes=\"(max-width: 191px) 100vw, 191px\" \/>Die Navratri Tage verf\u00fcgen \u00fcber eine gewisse Kraft und sind von gro\u00dfer Bedeutung f\u00fcr die Aus\u00fcbung der Sadhana und einer Fastenkur. Jeder entscheidet individuell, je nach M\u00f6glichkeit und gesundheitlicher Verfassung, in welchem Umfang er fastet, ob er sich rein vegetarisch ern\u00e4hrt oder eine strengere Di\u00e4t einh\u00e4lt. Es ist empfehlenswert,&nbsp;sich w\u00e4hrend Navratri mehr Zeit als sonst f\u00fcr die Sadhana zu nehmen, und am besten ist es, eine bestimmte Anzahl an Runden f\u00fcr die Mantrarezitation festzulegen und sich alle neun Tage&nbsp;daran zu halten.<\/p>\n<p>Die Sadhana, die w\u00e4hrend Navratri ausge\u00fcbt wird, hat eine wohltuende Wirkung, selbst wenn man das bis dahin nicht sehr flei\u00dfig gemacht hat. In dieser Zeit empf\u00e4ngt und sammelt man die Energie aus dem Universum. Diese reinigt uns, gibt uns Kraft und hilft sich weiter zu entwickeln.<\/p>\n<p>Im Ashram von Shri Prakash Ji in der N\u00e4he von Moskau wird schon seit \u00fcber 10 Jahren w\u00e4hrend Navratri t\u00e4glich ein Havan, ein Gebet am Feuer durchgef\u00fchrt.<strong> Alle Interessierten sind herzlich willkommen an diesem besonderen Geschehen teil zu nehmen.<\/strong><\/p>\n<p><a href=\"http:\/\/yoga-shri.de\/index.php\/spirituelle-feste\/\"><em>Sprirituelle Feste<\/em><\/a><\/p>\n","protected":false},"excerpt":{"rendered":"<p>Sprirituelle Feste Navratri ist ein altes hinduistisches Fest, das in Indien weit verbreitet ist. Seine Geschichte greift&nbsp;weit in die Vergangenheit zur\u00fcck. Das Datum f\u00fcr das Fest wird in der heutigen Zeit&nbsp;wie auch vor vielen Tausenden Jahren nach dem Mondkalender bestimmt. \u00dcbersetzt bedeutet \u201cNavratri\u201c auf Sanskrit \u201cNeun N\u00e4chte\u201c, (nava \u2013 neun, ratri \u2013 Nacht). Dieses Wort steht ebenso f\u00fcr Neubeginn, die Geburt von etwas Neuem und Guten. Navratri wird zweimal im Jahr gefeiert, einmal im Fr\u00fchjahr &hellip; <\/p>\n","protected":false},"author":1,"featured_media":0,"parent":374,"menu_order":0,"comment_status":"closed","ping_status":"closed","template":"","meta":{"ngg_post_thumbnail":0},"_links":{"self":[{"href":"http:\/\/yoga-shri.de\/index.php\/wp-json\/wp\/v2\/pages\/634"}],"collection":[{"href":"http:\/\/yoga-shri.de\/index.php\/wp-json\/wp\/v2\/pages"}],"about":[{"href":"http:\/\/yoga-shri.de\/index.php\/wp-json\/wp\/v2\/types\/page"}],"author":[{"embeddable":true,"href":"http:\/\/yoga-shri.de\/index.php\/wp-json\/wp\/v2\/users\/1"}],"replies":[{"embeddable":true,"href":"http:\/\/yoga-shri.de\/index.php\/wp-json\/wp\/v2\/comments?post=634"}],"version-history":[{"count":7,"href":"http:\/\/yoga-shri.de\/index.php\/wp-json\/wp\/v2\/pages\/634\/revisions"}],"predecessor-version":[{"id":1791,"href":"http:\/\/yoga-shri.de\/index.php\/wp-json\/wp\/v2\/pages\/634\/revisions\/1791"}],"up":[{"embeddable":true,"href":"http:\/\/yoga-shri.de\/index.php\/wp-json\/wp\/v2\/pages\/374"}],"wp:attachment":[{"href":"http:\/\/yoga-shri.de\/index.php\/wp-json\/wp\/v2\/media?parent=634"}],"curies":[{"name":"wp","href":"https:\/\/api.w.org\/{rel}","templated":true}]}}