{"id":641,"date":"2020-01-24T12:50:33","date_gmt":"2020-01-24T11:50:33","guid":{"rendered":"http:\/\/localhost\/yogashri\/neu\/online\/?page_id=641"},"modified":"2020-02-23T21:01:52","modified_gmt":"2020-02-23T20:01:52","slug":"guru-purnima","status":"publish","type":"page","link":"http:\/\/yoga-shri.de\/index.php\/spirituelle-feste\/guru-purnima\/","title":{"rendered":"Guru Purnima"},"content":{"rendered":"\t\t<div data-elementor-type=\"wp-page\" data-elementor-id=\"641\" class=\"elementor elementor-641\">\n\t\t\t\t\t\t<div class=\"elementor-inner\">\n\t\t\t\t<div class=\"elementor-section-wrap\">\n\t\t\t\t\t\t\t\t\t<section class=\"elementor-section elementor-top-section elementor-element elementor-element-78b48509 elementor-section-boxed elementor-section-height-default elementor-section-height-default\" data-id=\"78b48509\" data-element_type=\"section\">\n\t\t\t\t\t\t<div class=\"elementor-container elementor-column-gap-default\">\n\t\t\t\t\t\t\t<div class=\"elementor-row\">\n\t\t\t\t\t<div class=\"elementor-column elementor-col-100 elementor-top-column elementor-element elementor-element-7f575d31\" data-id=\"7f575d31\" data-element_type=\"column\">\n\t\t\t<div class=\"elementor-column-wrap elementor-element-populated\">\n\t\t\t\t\t\t\t<div class=\"elementor-widget-wrap\">\n\t\t\t\t\t\t<div class=\"elementor-element elementor-element-6e372331 elementor-widget elementor-widget-text-editor\" data-id=\"6e372331\" data-element_type=\"widget\" data-widget_type=\"text-editor.default\">\n\t\t\t\t<div class=\"elementor-widget-container\">\n\t\t\t\t\t\t\t\t<div class=\"elementor-text-editor elementor-clearfix\">\n\t\t\t\t<p>Vollmondfest zu Ehren der spirituellen Meister<\/p><p><strong>Guru Purnima<\/strong> ist ein altes vedisches Fest &#8211; der Tag, an dem man seinem geistigen Lehrer ganz besonders dankt.<\/p><p><img decoding=\"async\" loading=\"lazy\" class=\"alignright wp-image-1795 \" src=\"http:\/\/yoga-shri.de\/wp-content\/uploads\/2020\/02\/svet-luny-moonlight.jpg\" alt=\"\" width=\"295\" height=\"221\" srcset=\"http:\/\/yoga-shri.de\/wp-content\/uploads\/2020\/02\/svet-luny-moonlight.jpg 800w, http:\/\/yoga-shri.de\/wp-content\/uploads\/2020\/02\/svet-luny-moonlight-300x225.jpg 300w, http:\/\/yoga-shri.de\/wp-content\/uploads\/2020\/02\/svet-luny-moonlight-768x576.jpg 768w\" sizes=\"(max-width: 295px) 100vw, 295px\" \/>\u201cPurnima\u201c bedeutet auf Sanskrit \u201cVollmond\u201c. <span id=\"fbPhotoSnowliftCaption\" class=\"fbPhotosPhotoCaption\" data-ft=\"{\"><span class=\"hasCaption\"><span class=\"text_exposed_show\">Der Vollmond an Guru Purnima zeichnet sich aus durch seine Gr\u00f6\u00dfe und erreicht seine maximale Helligkeit. <\/span><\/span><\/span><br \/>Er symbolisiert mit seinem vollen Licht das mit Liebe und Dankbarkeit erf\u00fcllte Herz.<br \/>Wo die Sch\u00fcler sich auch befinden m\u00f6gen, ob nah oder fern, an Guru Purnima verbinden sie sich alle in einem gemeinsamen Dankesgebet an den Lehrer. Sie danken f\u00fcr die Liebe und F\u00fcrsorge, f\u00fcr Seine unendliche Geduld und f\u00fcr die st\u00e4ndige Unterst\u00fctzung auf dem nicht leichten Weg der Selbsterkenntnis, der Erkenntnis Gottes, der im Herzen eines jeden verborgen ist.<\/p><p>An diesem Tag erklingt immer wieder eines der sch\u00f6nsten Mantren.<br \/>\u201cO Lehrer, f\u00fchre uns aus der Dunkelheit zum Licht, von der Unwissenheit zum Wissen, vom Tod zur Unsterblichkeit!\u201c<\/p>\t\t\t\t\t<\/div>\n\t\t\t\t\t\t<\/div>\n\t\t\t\t<\/div>\n\t\t\t\t\t\t<\/div>\n\t\t\t\t\t<\/div>\n\t\t<\/div>\n\t\t\t\t\t\t\t\t<\/div>\n\t\t\t\t\t<\/div>\n\t\t<\/section>\n\t\t\t\t<section class=\"elementor-section elementor-top-section elementor-element elementor-element-589a5bc elementor-section-boxed elementor-section-height-default elementor-section-height-default\" data-id=\"589a5bc\" data-element_type=\"section\">\n\t\t\t\t\t\t<div class=\"elementor-container elementor-column-gap-default\">\n\t\t\t\t\t\t\t<div class=\"elementor-row\">\n\t\t\t\t\t<div class=\"elementor-column elementor-col-100 elementor-top-column elementor-element elementor-element-ab60fc4\" data-id=\"ab60fc4\" data-element_type=\"column\">\n\t\t\t<div class=\"elementor-column-wrap\">\n\t\t\t\t\t\t\t<div class=\"elementor-widget-wrap\">\n\t\t\t\t\t\t\t\t<\/div>\n\t\t\t\t\t<\/div>\n\t\t<\/div>\n\t\t\t\t\t\t\t\t<\/div>\n\t\t\t\t\t<\/div>\n\t\t<\/section>\n\t\t\t\t<section class=\"elementor-section elementor-top-section elementor-element elementor-element-bb4ad80 elementor-section-boxed elementor-section-height-default elementor-section-height-default\" data-id=\"bb4ad80\" data-element_type=\"section\">\n\t\t\t\t\t\t<div class=\"elementor-container elementor-column-gap-default\">\n\t\t\t\t\t\t\t<div class=\"elementor-row\">\n\t\t\t\t\t<div class=\"elementor-column elementor-col-100 elementor-top-column elementor-element elementor-element-388d968\" data-id=\"388d968\" data-element_type=\"column\">\n\t\t\t<div class=\"elementor-column-wrap elementor-element-populated\">\n\t\t\t\t\t\t\t<div class=\"elementor-widget-wrap\">\n\t\t\t\t\t\t<div class=\"elementor-element elementor-element-8b0ec10 gallery-spacing-custom elementor-widget__width-auto elementor-widget elementor-widget-image-gallery\" data-id=\"8b0ec10\" data-element_type=\"widget\" data-widget_type=\"image-gallery.default\">\n\t\t\t\t<div class=\"elementor-widget-container\">\n\t\t\t\t\t<div class=\"elementor-image-gallery\">\n\t\t\t<div id='gallery-1' class='gallery galleryid-641 gallery-columns-3 gallery-size-thumbnail'><figure class='gallery-item'>\n\t\t\t<div class='gallery-icon landscape'>\n\t\t\t\t<a data-elementor-open-lightbox=\"yes\" data-elementor-lightbox-slideshow=\"8b0ec10\" data-elementor-lightbox-title=\"Shri Prakash Ji Guru Purnima 2011\" data-e-action-hash=\"#elementor-action%3Aaction%3Dlightbox%26settings%3DeyJpZCI6MTgyNiwidXJsIjoiaHR0cDpcL1wveW9nYS1zaHJpLmRlXC93cC1jb250ZW50XC91cGxvYWRzXC8yMDIwXC8wMlwvU2hyaS1QcmFrYXNoLUppLUd1cnUtUHVybmltYS0yMDExLmpwZyIsInNsaWRlc2hvdyI6IjhiMGVjMTAifQ%3D%3D\" href='http:\/\/yoga-shri.de\/wp-content\/uploads\/2020\/02\/Shri-Prakash-Ji-Guru-Purnima-2011.jpg'><img width=\"150\" height=\"150\" src=\"http:\/\/yoga-shri.de\/wp-content\/uploads\/2020\/02\/Shri-Prakash-Ji-Guru-Purnima-2011-150x150.jpg\" class=\"attachment-thumbnail size-thumbnail\" alt=\"\" decoding=\"async\" loading=\"lazy\" \/><\/a>\n\t\t\t<\/div><\/figure><figure class='gallery-item'>\n\t\t\t<div class='gallery-icon landscape'>\n\t\t\t\t<a data-elementor-open-lightbox=\"yes\" data-elementor-lightbox-slideshow=\"8b0ec10\" data-elementor-lightbox-title=\"Guru Purnima, Puja\" data-e-action-hash=\"#elementor-action%3Aaction%3Dlightbox%26settings%3DeyJpZCI6MTgyNywidXJsIjoiaHR0cDpcL1wveW9nYS1zaHJpLmRlXC93cC1jb250ZW50XC91cGxvYWRzXC8yMDIwXC8wMlwvR3VydS1QdXJuaW1hLVB1amEuanBnIiwic2xpZGVzaG93IjoiOGIwZWMxMCJ9\" href='http:\/\/yoga-shri.de\/wp-content\/uploads\/2020\/02\/Guru-Purnima-Puja.jpg'><img width=\"150\" height=\"150\" src=\"http:\/\/yoga-shri.de\/wp-content\/uploads\/2020\/02\/Guru-Purnima-Puja-150x150.jpg\" class=\"attachment-thumbnail size-thumbnail\" alt=\"\" decoding=\"async\" loading=\"lazy\" \/><\/a>\n\t\t\t<\/div><\/figure><figure class='gallery-item'>\n\t\t\t<div class='gallery-icon landscape'>\n\t\t\t\t<a data-elementor-open-lightbox=\"yes\" data-elementor-lightbox-slideshow=\"8b0ec10\" data-elementor-lightbox-title=\"Guru Purnima\" data-e-action-hash=\"#elementor-action%3Aaction%3Dlightbox%26settings%3DeyJpZCI6MTgyOCwidXJsIjoiaHR0cDpcL1wveW9nYS1zaHJpLmRlXC93cC1jb250ZW50XC91cGxvYWRzXC8yMDIwXC8wMlwvR3VydXB1cm5pbWEtbWFuZGFsYS5qcGciLCJzbGlkZXNob3ciOiI4YjBlYzEwIn0%3D\" href='http:\/\/yoga-shri.de\/wp-content\/uploads\/2020\/02\/Gurupurnima-mandala.jpg'><img width=\"150\" height=\"150\" src=\"http:\/\/yoga-shri.de\/wp-content\/uploads\/2020\/02\/Gurupurnima-mandala-150x150.jpg\" class=\"attachment-thumbnail size-thumbnail\" alt=\"Guru Purnima\" decoding=\"async\" loading=\"lazy\" \/><\/a>\n\t\t\t<\/div><\/figure><figure class='gallery-item'>\n\t\t\t<div class='gallery-icon portrait'>\n\t\t\t\t<a data-elementor-open-lightbox=\"yes\" data-elementor-lightbox-slideshow=\"8b0ec10\" data-elementor-lightbox-title=\"guru-purnima_2009_320\" data-e-action-hash=\"#elementor-action%3Aaction%3Dlightbox%26settings%3DeyJpZCI6MTgyOSwidXJsIjoiaHR0cDpcL1wveW9nYS1zaHJpLmRlXC93cC1jb250ZW50XC91cGxvYWRzXC8yMDIwXC8wMlwvZ3VydS1wdXJuaW1hXzIwMDlfMzIwLmpwZyIsInNsaWRlc2hvdyI6IjhiMGVjMTAifQ%3D%3D\" href='http:\/\/yoga-shri.de\/wp-content\/uploads\/2020\/02\/guru-purnima_2009_320.jpg'><img width=\"150\" height=\"150\" src=\"http:\/\/yoga-shri.de\/wp-content\/uploads\/2020\/02\/guru-purnima_2009_320-150x150.jpg\" class=\"attachment-thumbnail size-thumbnail\" alt=\"\" decoding=\"async\" loading=\"lazy\" \/><\/a>\n\t\t\t<\/div><\/figure><figure class='gallery-item'>\n\t\t\t<div class='gallery-icon landscape'>\n\t\t\t\t<a data-elementor-open-lightbox=\"yes\" data-elementor-lightbox-slideshow=\"8b0ec10\" data-elementor-lightbox-title=\"girlanda\" data-e-action-hash=\"#elementor-action%3Aaction%3Dlightbox%26settings%3DeyJpZCI6MTgzMCwidXJsIjoiaHR0cDpcL1wveW9nYS1zaHJpLmRlXC93cC1jb250ZW50XC91cGxvYWRzXC8yMDIwXC8wMlwvZ2lybGFuZGEuanBnIiwic2xpZGVzaG93IjoiOGIwZWMxMCJ9\" href='http:\/\/yoga-shri.de\/wp-content\/uploads\/2020\/02\/girlanda.jpg'><img width=\"150\" height=\"150\" src=\"http:\/\/yoga-shri.de\/wp-content\/uploads\/2020\/02\/girlanda-150x150.jpg\" class=\"attachment-thumbnail size-thumbnail\" alt=\"\" decoding=\"async\" loading=\"lazy\" \/><\/a>\n\t\t\t<\/div><\/figure><figure class='gallery-item'>\n\t\t\t<div class='gallery-icon landscape'>\n\t\t\t\t<a data-elementor-open-lightbox=\"yes\" data-elementor-lightbox-slideshow=\"8b0ec10\" data-elementor-lightbox-title=\"Guru-stopy\" data-e-action-hash=\"#elementor-action%3Aaction%3Dlightbox%26settings%3DeyJpZCI6MTgzMSwidXJsIjoiaHR0cDpcL1wveW9nYS1zaHJpLmRlXC93cC1jb250ZW50XC91cGxvYWRzXC8yMDIwXC8wMlwvR3VydS1zdG9weS5qcGciLCJzbGlkZXNob3ciOiI4YjBlYzEwIn0%3D\" href='http:\/\/yoga-shri.de\/wp-content\/uploads\/2020\/02\/Guru-stopy.jpg'><img width=\"150\" height=\"150\" src=\"http:\/\/yoga-shri.de\/wp-content\/uploads\/2020\/02\/Guru-stopy-150x150.jpg\" class=\"attachment-thumbnail size-thumbnail\" alt=\"\" decoding=\"async\" loading=\"lazy\" aria-describedby=\"gallery-1-1831\" \/><\/a>\n\t\t\t<\/div>\n\t\t\t\t<figcaption class='wp-caption-text gallery-caption' id='gallery-1-1831'>\n\t\t\t\tGuru Purnima am 21. Juli 2024\n\t\t\t\t<\/figcaption><\/figure>\n\t\t<\/div>\n\t\t<\/div>\n\t\t\t\t<\/div>\n\t\t\t\t<\/div>\n\t\t\t\t\t\t<\/div>\n\t\t\t\t\t<\/div>\n\t\t<\/div>\n\t\t\t\t\t\t\t\t<\/div>\n\t\t\t\t\t<\/div>\n\t\t<\/section>\n\t\t\t\t<section class=\"elementor-section elementor-top-section elementor-element elementor-element-c8bddd1 elementor-section-boxed elementor-section-height-default elementor-section-height-default\" data-id=\"c8bddd1\" data-element_type=\"section\">\n\t\t\t\t\t\t<div class=\"elementor-container elementor-column-gap-default\">\n\t\t\t\t\t\t\t<div class=\"elementor-row\">\n\t\t\t\t\t<div class=\"elementor-column elementor-col-100 elementor-top-column elementor-element elementor-element-d53f061\" data-id=\"d53f061\" data-element_type=\"column\">\n\t\t\t<div class=\"elementor-column-wrap elementor-element-populated\">\n\t\t\t\t\t\t\t<div class=\"elementor-widget-wrap\">\n\t\t\t\t\t\t<div class=\"elementor-element elementor-element-c1ae051 elementor-widget elementor-widget-text-editor\" data-id=\"c1ae051\" data-element_type=\"widget\" data-widget_type=\"text-editor.default\">\n\t\t\t\t<div class=\"elementor-widget-container\">\n\t\t\t\t\t\t\t\t<div class=\"elementor-text-editor elementor-clearfix\">\n\t\t\t\t<p><a href=\"http:\/\/yoga-shri.de\/index.php\/spirituelle-feste\/\"><em>Sprituelle Feste<\/em><\/a><\/p>\t\t\t\t\t<\/div>\n\t\t\t\t\t\t<\/div>\n\t\t\t\t<\/div>\n\t\t\t\t\t\t<\/div>\n\t\t\t\t\t<\/div>\n\t\t<\/div>\n\t\t\t\t\t\t\t\t<\/div>\n\t\t\t\t\t<\/div>\n\t\t<\/section>\n\t\t\t\t\t\t\t\t\t<\/div>\n\t\t\t<\/div>\n\t\t\t\t\t<\/div>\n\t\t","protected":false},"excerpt":{"rendered":"<p>Vollmondfest zu Ehren der spirituellen Meister Guru Purnima ist ein altes vedisches Fest &#8211; der Tag, an dem man seinem geistigen Lehrer ganz besonders dankt. \u201cPurnima\u201c bedeutet auf Sanskrit \u201cVollmond\u201c. Der Vollmond an Guru Purnima zeichnet sich aus durch seine Gr\u00f6\u00dfe und erreicht seine maximale Helligkeit. Er symbolisiert mit seinem vollen Licht das mit Liebe und Dankbarkeit erf\u00fcllte Herz.Wo die Sch\u00fcler sich auch befinden m\u00f6gen, ob nah oder fern, an Guru Purnima verbinden sie sich &hellip; <\/p>\n","protected":false},"author":1,"featured_media":0,"parent":374,"menu_order":0,"comment_status":"closed","ping_status":"closed","template":"","meta":{"ngg_post_thumbnail":0},"_links":{"self":[{"href":"http:\/\/yoga-shri.de\/index.php\/wp-json\/wp\/v2\/pages\/641"}],"collection":[{"href":"http:\/\/yoga-shri.de\/index.php\/wp-json\/wp\/v2\/pages"}],"about":[{"href":"http:\/\/yoga-shri.de\/index.php\/wp-json\/wp\/v2\/types\/page"}],"author":[{"embeddable":true,"href":"http:\/\/yoga-shri.de\/index.php\/wp-json\/wp\/v2\/users\/1"}],"replies":[{"embeddable":true,"href":"http:\/\/yoga-shri.de\/index.php\/wp-json\/wp\/v2\/comments?post=641"}],"version-history":[{"count":13,"href":"http:\/\/yoga-shri.de\/index.php\/wp-json\/wp\/v2\/pages\/641\/revisions"}],"predecessor-version":[{"id":1832,"href":"http:\/\/yoga-shri.de\/index.php\/wp-json\/wp\/v2\/pages\/641\/revisions\/1832"}],"up":[{"embeddable":true,"href":"http:\/\/yoga-shri.de\/index.php\/wp-json\/wp\/v2\/pages\/374"}],"wp:attachment":[{"href":"http:\/\/yoga-shri.de\/index.php\/wp-json\/wp\/v2\/media?parent=641"}],"curies":[{"name":"wp","href":"https:\/\/api.w.org\/{rel}","templated":true}]}}