{"id":654,"date":"2020-01-24T13:32:42","date_gmt":"2020-01-24T12:32:42","guid":{"rendered":"http:\/\/localhost\/yogashri\/neu\/online\/?page_id=654"},"modified":"2020-02-23T20:25:51","modified_gmt":"2020-02-23T19:25:51","slug":"krishnashtami-geburtstag-von-krishna","status":"publish","type":"page","link":"http:\/\/yoga-shri.de\/index.php\/spirituelle-feste\/krishnashtami-geburtstag-von-krishna\/","title":{"rendered":"KRISHNASHTAMI &#8211; Geburtstag von Krishna"},"content":{"rendered":"<p><a href=\"http:\/\/yoga-shri.de\/index.php\/spirituelle-feste\/\"><em>Sprirituelle Feste<\/em><\/a><\/p>\n<p>Das Fest <em>Krishnashtami<\/em>, auch bekannt als <em>Janmashtami<\/em>, wird Ende August\/ Anfang September zu Ehren der Geburt Krishnas gefeiert. Er gilt als die 8. Verk\u00f6rperung Vishnus, dem g\u00f6ttlichen Aspekt des Erhalters und Besch\u00fctzers der Sch\u00f6pfung.<\/p>\n<p class=\"normal\"><img decoding=\"async\" loading=\"lazy\" class=\"alignright wp-image-1600 \" src=\"http:\/\/localhost\/yogashri\/neu\/online\/wp-content\/uploads\/2020\/02\/krishna_moj.jpg\" alt=\"\" width=\"264\" height=\"330\" srcset=\"http:\/\/yoga-shri.de\/wp-content\/uploads\/2020\/02\/krishna_moj.jpg 452w, http:\/\/yoga-shri.de\/wp-content\/uploads\/2020\/02\/krishna_moj-240x300.jpg 240w\" sizes=\"(max-width: 264px) 100vw, 264px\" \/>Krishna erschien vor \u00fcber 5000 Jahren in Indien, in <em>Mathura<\/em> bei <em>Vrindavan<\/em>, kurz vor Beginn des<em> Kali Yuga<\/em> (dem dunklen Zeitalter), um die lichtvollen Kr\u00e4fte im ewigen Kampf gegen das B\u00f6se zu st\u00e4rken und die geistige Ordnung zu festigen.<\/p>\n<p class=\"normal\">Seine Pers\u00f6nlichkeit und sein Wirken auf unserem Planeten kann man nicht mit dem Verstand erfassen. Die Geschichten aus seinem Leben scheinen fantastisch zu sein und erfreuen noch heute die Herzen der Menschen. Durch sein Handeln, auch als &#8222;<em>Lila<\/em>&#8220; (g\u00f6ttliches Spiel) bezeichnet, erlangten alle, die ihn liebten, die Befreiung. Aber auch die Seelen seiner Feinde erl\u00f6ste er, als sie gegen ihn k\u00e4mpften.<\/p>\n<p class=\"normal\">Der Name Krishna bedeutet &#8222;der Allanziehende&#8220; oder im selben Sinne &#8222;der Attraktive&#8220;. Eine andere Bedeutung seines Namens ist \u201cder Dunkelh\u00e4utige\u201c, daher wird er f\u00fcr gew\u00f6hnlich mit blauer Hautfarbe dargestellt, die symbolisch f\u00fcr das h\u00f6chste Bewusstsein steht. Oft sieht man ihn auf Darstellungen mit einer Fl\u00f6te, die f\u00fcr die leblose Materie steht, der erst durch das Spiel Krishnas Leben eingehaucht wird. Die Fl\u00f6te selbst kann keine Musik hervorbringen, aber wenn der Herr darauf spielt, bezaubert sie jeden. Die L\u00f6cher in der Fl\u00f6te versinnbildlichen die Sinnesorgane, Gem\u00fct und Intellekt, durch die sich das G\u00f6ttliche ausdr\u00fcckt.<\/p>\n<p>Seine F\u00e4higkeiten und g\u00f6ttliche Eigenschaften brachten Krishna mehr als 108 Namen ein. Hier einige mit ihrer Bedeutung:<\/p>\n<ul>\n<li><em>Gopala<\/em> \u2013 Besch\u00fctzer der K\u00fche; Besch\u00fctzer der Sinne<\/li>\n<li><em>Govinda<\/em> \u2013 der, die K\u00fche findet<\/li>\n<li><em>Madhava<\/em> \u2013 der S\u00fcsse<\/li>\n<li><em>Murali Manohar<\/em> &#8211; der Sch\u00f6ne mit der Fl\u00f6te<\/li>\n<li><em>Vaasudeva<\/em> \u2013 Verk\u00f6rperung des Guten<\/li>\n<\/ul>\n<p class=\"normal\">Durch das Wiederholen und Singen seines Namens wird die reine g\u00f6ttliche Liebe im Herzen geweckt.<\/p>\n<p class=\"normal\">Hier eine H\u00f6rprobe von einem Bhajan, in dem seine Namen wiederholt werden:<em> <a href=\"https:\/\/soundcloud.com\/anna-klein-694655283\/krishna-govinda\">Krishna Govinda<\/a><\/em><\/p>\n<p class=\"normal\">Mehr \u00fcber Krishna:<\/p>\n<p class=\"normal\"><a href=\"http:\/\/religion.orf.at\/lexikon\/stories\/2581492\/\">http:\/\/religion.orf.at\/lexikon\/stories\/2581492\/<\/a><\/p>\n<p class=\"normal\"><a href=\"http:\/\/www.rajasthan-indien-reise.de\/hinduismus\/gotterwelt\/krishna.html\">http:\/\/www.rajasthan-indien-reise.de\/hinduismus\/gotterwelt\/krishna.html<\/a><\/p>\n","protected":false},"excerpt":{"rendered":"<p>Sprirituelle Feste Das Fest Krishnashtami, auch bekannt als Janmashtami, wird Ende August\/ Anfang September zu Ehren der Geburt Krishnas gefeiert. Er gilt als die 8. Verk\u00f6rperung Vishnus, dem g\u00f6ttlichen Aspekt des Erhalters und Besch\u00fctzers der Sch\u00f6pfung. Krishna erschien vor \u00fcber 5000 Jahren in Indien, in Mathura bei Vrindavan, kurz vor Beginn des Kali Yuga (dem dunklen Zeitalter), um die lichtvollen Kr\u00e4fte im ewigen Kampf gegen das B\u00f6se zu st\u00e4rken und die geistige Ordnung zu festigen. &hellip; <\/p>\n","protected":false},"author":1,"featured_media":0,"parent":374,"menu_order":0,"comment_status":"closed","ping_status":"closed","template":"","meta":{"ngg_post_thumbnail":0},"_links":{"self":[{"href":"http:\/\/yoga-shri.de\/index.php\/wp-json\/wp\/v2\/pages\/654"}],"collection":[{"href":"http:\/\/yoga-shri.de\/index.php\/wp-json\/wp\/v2\/pages"}],"about":[{"href":"http:\/\/yoga-shri.de\/index.php\/wp-json\/wp\/v2\/types\/page"}],"author":[{"embeddable":true,"href":"http:\/\/yoga-shri.de\/index.php\/wp-json\/wp\/v2\/users\/1"}],"replies":[{"embeddable":true,"href":"http:\/\/yoga-shri.de\/index.php\/wp-json\/wp\/v2\/comments?post=654"}],"version-history":[{"count":5,"href":"http:\/\/yoga-shri.de\/index.php\/wp-json\/wp\/v2\/pages\/654\/revisions"}],"predecessor-version":[{"id":1797,"href":"http:\/\/yoga-shri.de\/index.php\/wp-json\/wp\/v2\/pages\/654\/revisions\/1797"}],"up":[{"embeddable":true,"href":"http:\/\/yoga-shri.de\/index.php\/wp-json\/wp\/v2\/pages\/374"}],"wp:attachment":[{"href":"http:\/\/yoga-shri.de\/index.php\/wp-json\/wp\/v2\/media?parent=654"}],"curies":[{"name":"wp","href":"https:\/\/api.w.org\/{rel}","templated":true}]}}