{"id":666,"date":"2020-01-25T14:43:38","date_gmt":"2020-01-25T13:43:38","guid":{"rendered":"http:\/\/localhost\/yogashri\/neu\/online\/?page_id=666"},"modified":"2025-04-01T20:45:13","modified_gmt":"2025-04-01T18:45:13","slug":"yagya-agni-puja","status":"publish","type":"page","link":"http:\/\/yoga-shri.de\/index.php\/spirituelle-feste\/yagya-agni-puja\/","title":{"rendered":"Yagya (Agni Puja)"},"content":{"rendered":"<p><a href=\"http:\/\/yoga-shri.de\/index.php\/spirituelle-feste\/\"><span style=\"color: #ff6600;\">Spirituelle Feste<\/span><\/a><\/p>\n<p class=\"a\"><img decoding=\"async\" loading=\"lazy\" class=\"wp-image-1596 size-full alignleft\" src=\"http:\/\/localhost\/yogashri\/neu\/online\/wp-content\/uploads\/2020\/02\/Shri-Prakash-Ji.-Yagya-2008.jpg\" alt=\"\" width=\"279\" height=\"320\" srcset=\"http:\/\/yoga-shri.de\/wp-content\/uploads\/2020\/02\/Shri-Prakash-Ji.-Yagya-2008.jpg 279w, http:\/\/yoga-shri.de\/wp-content\/uploads\/2020\/02\/Shri-Prakash-Ji.-Yagya-2008-262x300.jpg 262w\" sizes=\"(max-width: 279px) 100vw, 279px\" \/>In der antiken vedischen Kultur gibt es zahlreiche Gebete und geistige Praktiken, eine von ihnen hei\u00dft Yagya&nbsp;(Sanskrit \u092f\u091c\u094d\u091e yaj\u00f1a) oder Agni Puja, ein Feuergebet. Agni bedeutet Feuer, Puja \u2013 Gebet.<\/p>\n<p class=\"a\">Das Hauptziel der Durchf\u00fchrung der Yagya ist das Wiederaufleben der Geistigkeit.<\/p>\n<p class=\"a\">Die Ursachen von Unruhe und Leiden der Menschen liegen im Fehlen von Geistigkeit in ihrem Leben. Dies \u00e4u\u00dfert sich durch mannigfaltige Schwierigkeiten. Wenn im Menschen die Geistigkeit erwacht, beginnen sich in seinem ganzen Leben Ordnung und Harmonie einzustellen.<\/p>\n<p class=\"a\" style=\"text-align: left;\">Wenn die Yagya durchgef\u00fchrt wird, verringern, beruhigen sich alle negativen Kr\u00e4fte, Energien im Menschen und die positiven Kr\u00e4fte, das positive Karma erhalten Segen.<\/p>\n<p class=\"a\">Die Teilnehmer der Yagya erfahren Reinigung vom negativen Karma, Verbesserung der Gesundheit, die L\u00f6sung verschiedener Probleme.<img decoding=\"async\" loading=\"lazy\" class=\"alignright wp-image-1597 size-full\" src=\"http:\/\/localhost\/yogashri\/neu\/online\/wp-content\/uploads\/2020\/02\/Shri-Prakash-Ji.-Yagya-2003.jpg\" alt=\"\" width=\"207\" height=\"320\" srcset=\"http:\/\/yoga-shri.de\/wp-content\/uploads\/2020\/02\/Shri-Prakash-Ji.-Yagya-2003.jpg 207w, http:\/\/yoga-shri.de\/wp-content\/uploads\/2020\/02\/Shri-Prakash-Ji.-Yagya-2003-194x300.jpg 194w\" sizes=\"(max-width: 207px) 100vw, 207px\" \/><\/p>\n<p class=\"a\">Die Ursache aller Katastrophen, die in der Welt geschehen, liegt im gest\u00f6rten Gleichgewicht des Sutschma-Jagat (der feinstofflichen Welt).<\/p>\n<p class=\"a\">Wenn in der feinstofflichen Welt ein Ungleichgewicht besteht, leidet die Menschheit hier auf der Erde, die Atmosph\u00e4re ist verschmutzt, es finden Naturkatastrophen statt. Auch deshalb wird eine Yagya durchgef\u00fchrt, damit alles in den Normalzustand zur\u00fcckkehrt.<\/p>\n<p class=\"a\">Dort wo eine Yagya stattfindet, sind im Sutschma-Jagat Gottheiten, hohe Seelen anwesend. Sie geben ihren Segen, helfen.<\/p>\n<p class=\"a\">Die Hilfe, welche Menschen zuteil wird, die w\u00e4hrend der Yagya anwesend sind, wird durch Fortschritt in allen Lebensbereichen, sowohl den geistigen als auch den materiellen, sichtbar.<\/p>\n<p>Die n\u00e4chste Yagya (Agni Puja) findet am 21. Juni 2025 im Ashram von Shri Prakash Ji in der N\u00e4he von Moskau statt.<\/p>\n<p><img decoding=\"async\" loading=\"lazy\" class=\"wp-image-1598 aligncenter\" src=\"http:\/\/localhost\/yogashri\/neu\/online\/wp-content\/uploads\/2020\/02\/agni4.jpg\" alt=\"\" width=\"465\" height=\"349\" srcset=\"http:\/\/yoga-shri.de\/wp-content\/uploads\/2020\/02\/agni4.jpg 640w, http:\/\/yoga-shri.de\/wp-content\/uploads\/2020\/02\/agni4-300x225.jpg 300w\" sizes=\"(max-width: 465px) 100vw, 465px\" \/><\/p>\n","protected":false},"excerpt":{"rendered":"<p>Spirituelle Feste In der antiken vedischen Kultur gibt es zahlreiche Gebete und geistige Praktiken, eine von ihnen hei\u00dft Yagya&nbsp;(Sanskrit \u092f\u091c\u094d\u091e yaj\u00f1a) oder Agni Puja, ein Feuergebet. Agni bedeutet Feuer, Puja \u2013 Gebet. Das Hauptziel der Durchf\u00fchrung der Yagya ist das Wiederaufleben der Geistigkeit. Die Ursachen von Unruhe und Leiden der Menschen liegen im Fehlen von Geistigkeit in ihrem Leben. Dies \u00e4u\u00dfert sich durch mannigfaltige Schwierigkeiten. Wenn im Menschen die Geistigkeit erwacht, beginnen sich in seinem &hellip; <\/p>\n","protected":false},"author":1,"featured_media":0,"parent":374,"menu_order":0,"comment_status":"closed","ping_status":"closed","template":"","meta":{"ngg_post_thumbnail":0},"_links":{"self":[{"href":"http:\/\/yoga-shri.de\/index.php\/wp-json\/wp\/v2\/pages\/666"}],"collection":[{"href":"http:\/\/yoga-shri.de\/index.php\/wp-json\/wp\/v2\/pages"}],"about":[{"href":"http:\/\/yoga-shri.de\/index.php\/wp-json\/wp\/v2\/types\/page"}],"author":[{"embeddable":true,"href":"http:\/\/yoga-shri.de\/index.php\/wp-json\/wp\/v2\/users\/1"}],"replies":[{"embeddable":true,"href":"http:\/\/yoga-shri.de\/index.php\/wp-json\/wp\/v2\/comments?post=666"}],"version-history":[{"count":11,"href":"http:\/\/yoga-shri.de\/index.php\/wp-json\/wp\/v2\/pages\/666\/revisions"}],"predecessor-version":[{"id":3057,"href":"http:\/\/yoga-shri.de\/index.php\/wp-json\/wp\/v2\/pages\/666\/revisions\/3057"}],"up":[{"embeddable":true,"href":"http:\/\/yoga-shri.de\/index.php\/wp-json\/wp\/v2\/pages\/374"}],"wp:attachment":[{"href":"http:\/\/yoga-shri.de\/index.php\/wp-json\/wp\/v2\/media?parent=666"}],"curies":[{"name":"wp","href":"https:\/\/api.w.org\/{rel}","templated":true}]}}