{"id":738,"date":"2020-01-25T18:39:29","date_gmt":"2020-01-25T17:39:29","guid":{"rendered":"http:\/\/localhost\/yogashri\/neu\/online\/?page_id=738"},"modified":"2020-02-23T22:48:09","modified_gmt":"2020-02-23T21:48:09","slug":"physische-materielle-und-spirituelle-kraft","status":"publish","type":"page","link":"http:\/\/yoga-shri.de\/index.php\/satsangs-texte-gleichnisse\/physische-materielle-und-spirituelle-kraft\/","title":{"rendered":"Physische, materielle und spirituelle Kraft"},"content":{"rendered":"<p><strong>Warum erzielt der eine durch seine Taten stets gute Ergebnisse und bei dem anderen treten immer wieder Schwierigkeiten auf?<\/strong><\/p>\n<p><strong><img decoding=\"async\" loading=\"lazy\" class=\"wp-image-1462 aligncenter\" src=\"http:\/\/localhost\/yogashri\/neu\/online\/wp-content\/uploads\/2020\/02\/navaratri-letnij-prazdnik-s-5-iyulya-1024x768-1.jpg\" alt=\"\" width=\"476\" height=\"357\" srcset=\"http:\/\/yoga-shri.de\/wp-content\/uploads\/2020\/02\/navaratri-letnij-prazdnik-s-5-iyulya-1024x768-1.jpg 723w, http:\/\/yoga-shri.de\/wp-content\/uploads\/2020\/02\/navaratri-letnij-prazdnik-s-5-iyulya-1024x768-1-300x225.jpg 300w\" sizes=\"(max-width: 476px) 100vw, 476px\" \/><\/strong><\/p>\n<p>Die meisten Menschen m\u00f6chten etwas sinnvolles tun, denken viel dar\u00fcber nach, konzentrieren ihre Aufmerksamkeit darauf, kommen aber schlie\u00dflich doch nicht dazu, das Gewollte in die Tat umzusetzen. Daf\u00fcr gibt es immer eine Menge Gr\u00fcnde: etwas steht im Wege, die Umst\u00e4nde sind ung\u00fcnstig, Unterst\u00fctzung ist nicht vorhanden oder jemand st\u00f6rt. So vergeht ein Jahr, dann zwei, dann drei&#8230; Und so kann das ganze Leben vor\u00fcber gehen.<\/p>\n<p>Manche Menschen beginnen etwas zu tun, geben jedoch schon nach einer kurzen Zeit ihr Vorhaben auf. Auch daf\u00fcr gibt es immer viele objektive, sowie subjektive Gr\u00fcnde und Ausreden.<\/p>\n<p>Einige wenige Menschen gibt es, die das, was sie sich vorgenommen haben, bis zu Ende bringen. Warum ist das nicht bei jedem m\u00f6glich?<\/p>\n<p>Wenn man eine Leistung erbringen oder eine Arbeit vollenden m\u00f6chte, ist das Vorhandensein von Kraft notwendig. Wenn der Mensch sie hat, kann er erfolgreich arbeiten, wenn nicht, wird immer &#8222;irgend etwas nicht klappen&#8220;.<\/p>\n<p><strong>Welche Art von Kraft ben\u00f6tigt man?<\/strong><\/p>\n<p>F\u00fcr jede Handlung, jede Arbeit, braucht man&nbsp;<strong><em>physische Kraft.&nbsp;<\/em><\/strong>Man muss gesund und leistungsf\u00e4hig sein. Ist der Mensch physisch schwach, wird er nicht viel leisten k\u00f6nnen. Aber allein physische Kraft reicht nicht aus, zudem kann sie sich aus verschiedenen Gr\u00fcnden verringern, beispielsweise durch Krankheit oder mit zunehmendem Alter.<\/p>\n<p>Das zweite ist die&nbsp;<strong><em>Materielle Kraft.&nbsp;<\/em><\/strong>Wenn man etwas Bedeutendes erreichen m\u00f6chte, braucht man Geld und andere materielle Mittel. Aber auch diese Kraft ist nicht die Entscheidend\u0435, m\u00f6glicherweise ist auch sie zu irgendeinem Zeitpunkt nicht gew\u00e4hrleistet.<\/p>\n<p>Sclie\u00dflich gibt es die dritte und gr\u00f6\u00dfte Kraft. Das ist die <strong><em>innere Kraft.&nbsp;<\/em><\/strong>Si\u0435 wird die&nbsp;<strong><em>Kraft des Geistes&nbsp;<\/em><\/strong>oder <strong><em>geistige Kraft&nbsp;<\/em><\/strong>genannt.<\/p>\n<p>Wenn ein Mensch physisch stark ist, kann man das sehen. Materieller Reichtum ist ebenfalls erkennbar. Im Gegensatz zur physischen und materiellen Kraft sieht man einem Menschen seine geistige Kraft nicht immer sofort an. Nicht jeder versteht vielleicht, dass jemand sie hat. Derjenige aber, der sie besitzt, kann vieles jederzeit und in jedem Alter erreichen. Dies erscheint oft erstaunlich und unerwartet f\u00fcr die Menschen in seinem Umfeld.<\/p>\n<p>Wenn Zwei Menschen gleicherma\u00dfen \u00fcber physische und materielle Kraft verf\u00fcgen, wird aber nur derjenige Erfolg erzielen, der \u00fcber geistige Kraft verf\u00fcgt.<\/p>\n<p>Ein geistig starker Mensch l\u00e4sst sich nicht von physischer Schw\u00e4che, vom Alter oder von fehlenden materiellen Mitteln st\u00f6ren. Er wird dies alles \u00fcberwinden k\u00f6nnen, wird einen Ausweg finden und das, was er sich vorgenommen hat, auf eine sch\u00f6ne und richtige Weise zu Ende bringen.<\/p>\n<p><strong>Wovon h\u00e4ngen Kraft und Schw\u00e4che ab?<\/strong><\/p>\n<p><strong>Um physische Kraft&nbsp;<\/strong>zu besitzen, muss man auf seine Gesundheit und die richtige Ern\u00e4hrung achten, K\u00f6rper\u00fcbungen machen und alles tun, was f\u00fcr das Wohlergehen des physischen K\u00f6rpers notwendig ist.<\/p>\n<p><strong>Damit die materielle Kraft steigt,&nbsp;<\/strong>muss man erfolgreich arbeiten und rechtzeitig richtige Entscheidungen treffen.<\/p>\n<p><strong>F\u00fcr die geistige Kraft <\/strong>ist kontinuierliche innere Arbeit notwendig.&nbsp;<strong>Mit jeder Tat, jedem Wort oder Gedanken verringert oder erh\u00f6ht man seine geistige Kraft.<\/strong><\/p>\n<p><img decoding=\"async\" loading=\"lazy\" class=\"wp-image-1557 alignright\" src=\"http:\/\/localhost\/yogashri\/neu\/online\/wp-content\/uploads\/2020\/02\/gornaja-skala.jpg\" alt=\"\" width=\"283\" height=\"189\" srcset=\"http:\/\/yoga-shri.de\/wp-content\/uploads\/2020\/02\/gornaja-skala.jpg 800w, http:\/\/yoga-shri.de\/wp-content\/uploads\/2020\/02\/gornaja-skala-300x200.jpg 300w, http:\/\/yoga-shri.de\/wp-content\/uploads\/2020\/02\/gornaja-skala-768x513.jpg 768w, http:\/\/yoga-shri.de\/wp-content\/uploads\/2020\/02\/gornaja-skala-700x465.jpg 700w\" sizes=\"(max-width: 283px) 100vw, 283px\" \/>Geistige Kraft kann sich vergr\u00f6\u00dfern oder auch weniger werden. Es gibt eine spezielle Grenze f\u00fcr das Sinken der geistigen Kraft: wenn sie unter ein bestimmtes Niveau absinkt, wird es f\u00fcr den Menschen sehr schwer, aufzusteigen.<\/p>\n<p><strong>Wann wird die geistige Kraft gr\u00f6\u00dfer?<\/strong><\/p>\n<p>1. Dann, wenn der Mensch sein Dharma, das Lebensprinzip, das er f\u00fcr sich erw\u00e4hlt hat, gut erf\u00fcllt. Auf diesem Weg k\u00f6nnen Schwierigkeiten aufkommen. Wenn man seinem Weg trotz auftretender Schwierigkeiten unnachgiebig folgt, wird die geistige Kraft wachsen.<\/p>\n<p>2. Dann, wenn der&nbsp;<strong><em>Verstand (man)&nbsp;<\/em><\/strong>nishthal &#8211; rein ist,<br \/>\n<strong><em>die Worte (vachan)&nbsp;<\/em><\/strong>positiv und rein sind,<br \/>\n<strong><em>die Taten (Karma)&nbsp;<\/em><\/strong>richtig sind.<br \/>\nNoch gr\u00f6\u00dfer wird die Kraft dann sein, wenn alles: Gedanken, Worte und Taten \u00fcbereinstimmen.<\/p>\n<p>3. Dann, wenn man als Sch\u00fcler seine geistige Praxis entsprechend der Anweisung des Lehrers erf\u00fcllt. Jemandem gelingt Jap (Wiederholung des Mantras) besser, jemand anderem Sewa (Dienst). Der Lehrer hilft jedem zu verstehen, was f\u00fcr ihn besser ist. Wenn man alles, jede Arbeit, gut macht, wird man geistige Kraft haben.<\/p>\n<p>4. Dann, wenn man sich geistig vervollkommnet, dabei auf sich selbst konzentriert und immer ehrlich vor sich selbst ist.<\/p>\n<p>Der eine sucht die Ursachen f\u00fcr alles, was passiert, in sich selbst, ein anderer in seinem Umfeld. Wer wird geistig weiter vorankommen, wer wird mehr geistige Kraft entwickeln? Derjenige, der auf sich konzentriert ist, die Ursachen in sich selbst sucht und an sich arbeitet.<\/p>\n<p>Man muss immer auf sich selbst Acht geben: &#8222;Wohin gehe ich? Was sage ich? Womit ist mein &#8218;Man&#8216; gerade besch\u00e4ftigt, was denke ich? Was mache ich in diesem Moment falsch?&#8220;<\/p>\n<p>Wenn man ehrlich vor sich selbst, vor seinem Atma (der Seele) ist, wird das Licht Gottes im Inneren noch heller. Dann wird die innere Kraft, die Geist genannt wird, noch weiter wachsen und wird noch st\u00e4rker helfen.<\/p>\n<p><strong>Die geistige Kraft verringert sich dann,&nbsp;<\/strong>wenn man sich <strong>ins Materielle vertieft und davon abh\u00e4ngig wird&nbsp;<\/strong>und mit einfachen Mitteln nicht mehr auskommen kann.<\/p>\n<p>Wenn man etwas besitzt, davon jedoch nicht abh\u00e4ngig ist und es richtig verwendet, dann bewahrt man die geistige Kraft. Jede Art von materiellen Dingen ist nichts weiter als ein Mittel.<\/p>\n<p><strong>Niemals darf man stolz auf seine Kraft sein. Ahankar (Stolz, Ego)&nbsp;<\/strong>f\u00fchrt immer zu Fehlern und&nbsp;<strong>senkt die geistige Kraft.<\/strong><\/p>\n<p>Um geistige Kraft zu erlangen, muss man ausdauernd und zielstrebig arbeiten: die geistige Praxis erf\u00fcllen, seinem Dharma folgen und auf seine Gedanken, Worte und Taten achten. Das ist eine gro\u00dfe, aber unumg\u00e4ngliche Arbeit.<\/p>\n<p><strong>Die geistige Kraft ist die wichtigste von allen.&nbsp;<\/strong>Ein Mensch, der geistig stark ist, kann die ganze Welt ver\u00e4ndern. Unter allen Lebensumst\u00e4nden muss man in erster Linie auf die eigene geistige Kraft konzentriert sein, dann wird es gelingen, die Arbeit zu Ende zu bringen und sie sehr gut zu erf\u00fcllen.<\/p>\n<p><em>Versuchen Sie mit jedem neuen Tag reiner und geistiger zu werden, denn dieser Tag wird nie zur\u00fcckkehren, und das kommende Jahr wird auch vor\u00fcbergehen. Sch\u00e4tzen Sie jeden Tag und arbeiten Sie an sich selbst. Das, was in diesem Jahr nicht gelungen ist, versuchen Sie im n\u00e4chsten Jahr zu erreichen. Und belassen Sie es im neuen Jahr nicht nur bei Gedanken und Worten &#8211; handeln Sie! Und handeln Sie mit Liebe, mit Bhakti, nicht mit Ego, nicht mit Ahankar.<\/em><\/p>\n<p><em><br \/>\n<a href=\"http:\/\/yoga-shri.de\/index.php\/satsangs-texte-gleichnisse\/\">zur\u00fcck zum &#8222;Satsangs Themen&#8220;<\/a><\/em><\/p>\n","protected":false},"excerpt":{"rendered":"<p>Warum erzielt der eine durch seine Taten stets gute Ergebnisse und bei dem anderen treten immer wieder Schwierigkeiten auf? Die meisten Menschen m\u00f6chten etwas sinnvolles tun, denken viel dar\u00fcber nach, konzentrieren ihre Aufmerksamkeit darauf, kommen aber schlie\u00dflich doch nicht dazu, das Gewollte in die Tat umzusetzen. Daf\u00fcr gibt es immer eine Menge Gr\u00fcnde: etwas steht im Wege, die Umst\u00e4nde sind ung\u00fcnstig, Unterst\u00fctzung ist nicht vorhanden oder jemand st\u00f6rt. So vergeht ein Jahr, dann zwei, dann &hellip; <\/p>\n","protected":false},"author":1,"featured_media":0,"parent":331,"menu_order":0,"comment_status":"closed","ping_status":"closed","template":"","meta":{"ngg_post_thumbnail":0},"_links":{"self":[{"href":"http:\/\/yoga-shri.de\/index.php\/wp-json\/wp\/v2\/pages\/738"}],"collection":[{"href":"http:\/\/yoga-shri.de\/index.php\/wp-json\/wp\/v2\/pages"}],"about":[{"href":"http:\/\/yoga-shri.de\/index.php\/wp-json\/wp\/v2\/types\/page"}],"author":[{"embeddable":true,"href":"http:\/\/yoga-shri.de\/index.php\/wp-json\/wp\/v2\/users\/1"}],"replies":[{"embeddable":true,"href":"http:\/\/yoga-shri.de\/index.php\/wp-json\/wp\/v2\/comments?post=738"}],"version-history":[{"count":5,"href":"http:\/\/yoga-shri.de\/index.php\/wp-json\/wp\/v2\/pages\/738\/revisions"}],"predecessor-version":[{"id":1919,"href":"http:\/\/yoga-shri.de\/index.php\/wp-json\/wp\/v2\/pages\/738\/revisions\/1919"}],"up":[{"embeddable":true,"href":"http:\/\/yoga-shri.de\/index.php\/wp-json\/wp\/v2\/pages\/331"}],"wp:attachment":[{"href":"http:\/\/yoga-shri.de\/index.php\/wp-json\/wp\/v2\/media?parent=738"}],"curies":[{"name":"wp","href":"https:\/\/api.w.org\/{rel}","templated":true}]}}