{"id":756,"date":"2020-01-25T18:51:23","date_gmt":"2020-01-25T17:51:23","guid":{"rendered":"http:\/\/localhost\/yogashri\/neu\/online\/?page_id=756"},"modified":"2020-02-23T22:52:03","modified_gmt":"2020-02-23T21:52:03","slug":"woher-kommen-die-gedanken-und-wie-kann-man-sie-kontrollieren","status":"publish","type":"page","link":"http:\/\/yoga-shri.de\/index.php\/satsangs-texte-gleichnisse\/woher-kommen-die-gedanken-und-wie-kann-man-sie-kontrollieren\/","title":{"rendered":"Woher kommen die Gedanken und wie kann man sie kontrollieren?"},"content":{"rendered":"<p>Die Gedanken des Menschen spielen eine sehr wichtige Rolle in seinem Leben. Woher kommen Sie?<\/p>\n<p>Sie sind das Resultat unserer vergangenen Leben: der Gedanken, Worte und Handlungen in ihnen. Die menschliche Seele erlebte schon viele Leben bis zur Geburt in ihrem derzeitigen K\u00f6rper, also jenem, in dem sie sich in der Gegenwart manifestiert. Deshalb besteht die allerwichtigste Arbeit darin, die Gedanken zu kontrollieren. F\u00fcr die Geistigkeit ist es wichtig, dass die Gedanken, Worte und Handlungen eins sind. Sehr oft denkt der Mensch das eine, sagt das andere und tut das Dritte.<\/p>\n<p>Wenn Sie st\u00e4ndig an etwas denken, dann werden Sie im Endeffekt auch dar\u00fcber sprechen, und daraus entwickeln sich Ihre weiteren Handlungen. Und diese werden wiederum eine direkte Wirkung auf die weitere Entwicklung Ihrer Pers\u00f6nlichkeit haben.<\/p>\n<p><img decoding=\"async\" loading=\"lazy\" class=\"aligncenter wp-image-687\" src=\"http:\/\/localhost\/yogashri\/neu\/online\/wp-content\/uploads\/2020\/01\/buddha-3065900_1920-1024x679.jpg\" alt=\"\" width=\"577\" height=\"383\" srcset=\"http:\/\/yoga-shri.de\/wp-content\/uploads\/2020\/01\/buddha-3065900_1920-1024x679.jpg 1024w, http:\/\/yoga-shri.de\/wp-content\/uploads\/2020\/01\/buddha-3065900_1920-300x199.jpg 300w, http:\/\/yoga-shri.de\/wp-content\/uploads\/2020\/01\/buddha-3065900_1920-768x510.jpg 768w, http:\/\/yoga-shri.de\/wp-content\/uploads\/2020\/01\/buddha-3065900_1920-1536x1019.jpg 1536w, http:\/\/yoga-shri.de\/wp-content\/uploads\/2020\/01\/buddha-3065900_1920-700x465.jpg 700w, http:\/\/yoga-shri.de\/wp-content\/uploads\/2020\/01\/buddha-3065900_1920.jpg 1920w\" sizes=\"(max-width: 577px) 100vw, 577px\" \/><\/p>\n<p>Zur Kontrolle der Gedanken eignet sich am besten die Meditation. Sie lehrt, wie man den Verstand reinigt.<\/p>\n<p>Wenn der Mensch meditiert, lernt er, seine Aufmerksamkeit auf einen Punkt zu konzentrieren. In der Anfangsphase kommen w\u00e4hrend der Meditation auch Gedanken, aber es ist wichtig, sich hier nicht anzubinden &#8211; sie sollen kommen und gehen. Das Wichtigste im Gebet ist es, reine Gedanken zu haben. Daf\u00fcr ist die st\u00e4ndige Arbeit an sich selbst unabdingbar. Wichtig ist es, in einem ruhigen, ausgeglichenen Zustand zu arbeiten, denn mit Willenskraft kann man die Gedanken nicht aufhalten, sondern sie lediglich zur Ruhe bringen.<\/p>\n<p>Unser Karma verstellt uns die Sicht auf das Licht und die Energie Gottes. Nur wenn man st\u00e4ndig arbeitet, sein Karma reinigt, kann man im Inneren zum Tempel werden, in dem man das g\u00f6ttliche Licht f\u00fchlen kann.<\/p>\n<p>Die \u00e4u\u00dferen Umst\u00e4nde werden nicht immer so sein, wie Sie es wollen, doch man muss die Freude behalten. Dabei helfen Man, Buddhi und Atma (Verstand, Vernunft und Seele). Wenn sie stark sind, dann kommt die innere Ruhe. Stark bedeutet rein. Wenn man keine Reinheit hat, gibt es Schw\u00e4che. Sobald Staub und Schmutz auch nur ein wenig in Erscheinung treten, wird der Mensch sofort schwach. Deshalb ist die Reinheit das Allerwichtigste.<\/p>\n<p>Wie wir den physischen K\u00f6rper mit Hilfe von Seife und Shampoo reinigen, genauso ist auch die Sauberkeit im Inneren wichtig, und daf\u00fcr braucht man die st\u00e4ndige Arbeit an sich selbst. Und das allerbeste \u201eShampoo\u201c f\u00fcr die innere Reinigung ist das Wiederholen des Namens Gottes. Bei jedem Menschen gibt es eine Ansammlung von gutem und schlechtem Karma. Wenn das gute aufwacht, ist alles gut, erwacht das schlechte, entstehen Schwierigkeiten.<\/p>\n<p>Selbst wenn sich der K\u00f6rper des Menschen im Mutterleib noch gar nicht entwickelt hat, ist sein Karma schon vorbestimmt. Doch wenn man die geistige Praxis aus\u00fcbt, den Namen Gottes wiederholt, an sich arbeitet, indem man alles im Inneren reinigt, dann kann man jedes negative Karma mildern. Und in dieser Zeit wacht das gute Karma auf.<\/p>\n<p>Am allermeisten erinnern sich die Menschen an Gott, wenn Schwierigkeiten aufkommen. Aber es gibt wenige, die Ihm danken, wenn alles gut ist. Wenn man immer an den Namen Gottes denkt, dann wird es einem niemals schlecht gehen. Und der Mensch f\u00e4ngt an, sich in Richtung des Lichtes zu bewegen.<\/p>\n<p><a href=\"http:\/\/yoga-shri.de\/index.php\/satsangs-texte-gleichnisse\/\">zur\u00fcck zum &#8222;Satsangs Themen&#8220;<\/a><\/p>\n","protected":false},"excerpt":{"rendered":"<p>Die Gedanken des Menschen spielen eine sehr wichtige Rolle in seinem Leben. Woher kommen Sie? Sie sind das Resultat unserer vergangenen Leben: der Gedanken, Worte und Handlungen in ihnen. Die menschliche Seele erlebte schon viele Leben bis zur Geburt in ihrem derzeitigen K\u00f6rper, also jenem, in dem sie sich in der Gegenwart manifestiert. Deshalb besteht die allerwichtigste Arbeit darin, die Gedanken zu kontrollieren. F\u00fcr die Geistigkeit ist es wichtig, dass die Gedanken, Worte und Handlungen &hellip; <\/p>\n","protected":false},"author":1,"featured_media":0,"parent":331,"menu_order":0,"comment_status":"closed","ping_status":"closed","template":"","meta":{"ngg_post_thumbnail":0},"_links":{"self":[{"href":"http:\/\/yoga-shri.de\/index.php\/wp-json\/wp\/v2\/pages\/756"}],"collection":[{"href":"http:\/\/yoga-shri.de\/index.php\/wp-json\/wp\/v2\/pages"}],"about":[{"href":"http:\/\/yoga-shri.de\/index.php\/wp-json\/wp\/v2\/types\/page"}],"author":[{"embeddable":true,"href":"http:\/\/yoga-shri.de\/index.php\/wp-json\/wp\/v2\/users\/1"}],"replies":[{"embeddable":true,"href":"http:\/\/yoga-shri.de\/index.php\/wp-json\/wp\/v2\/comments?post=756"}],"version-history":[{"count":2,"href":"http:\/\/yoga-shri.de\/index.php\/wp-json\/wp\/v2\/pages\/756\/revisions"}],"predecessor-version":[{"id":1923,"href":"http:\/\/yoga-shri.de\/index.php\/wp-json\/wp\/v2\/pages\/756\/revisions\/1923"}],"up":[{"embeddable":true,"href":"http:\/\/yoga-shri.de\/index.php\/wp-json\/wp\/v2\/pages\/331"}],"wp:attachment":[{"href":"http:\/\/yoga-shri.de\/index.php\/wp-json\/wp\/v2\/media?parent=756"}],"curies":[{"name":"wp","href":"https:\/\/api.w.org\/{rel}","templated":true}]}}