{"id":759,"date":"2020-01-25T18:58:35","date_gmt":"2020-01-25T17:58:35","guid":{"rendered":"http:\/\/localhost\/yogashri\/neu\/online\/?page_id=759"},"modified":"2020-02-23T22:54:16","modified_gmt":"2020-02-23T21:54:16","slug":"was-bedeutet-karma-kann-man-das-schicksal-veraendern","status":"publish","type":"page","link":"http:\/\/yoga-shri.de\/index.php\/satsangs-texte-gleichnisse\/was-bedeutet-karma-kann-man-das-schicksal-veraendern\/","title":{"rendered":"Was bedeutet Karma. Kann man das Schicksal ver\u00e4ndern?"},"content":{"rendered":"<p>Karma bedeutet T\u00e4tigkeit, Arbeit, Handlung. Das Gesetz von Ursache und Wirkung \u2013 Wirkung als Ergebnis aller Handlungen des Menschen in seinem fr\u00fcheren und jetzigen Leben. Das Karma existiert in Form von Worten, Gedanken und Taten.<\/p>\n<p>Alles, was wir in diesem Leben bekommen, ist das Resultat unserer Gedanken, Worte und Handlungen in der Vergangenheit.&nbsp; Kein einziger unserer Gedanken, kein einziges unserer Worte und keine einzige unserer Taten bleiben unbemerkt, sie verschwinden nicht im Nirgendwo. Dieses \u201eGep\u00e4ck\u201c, welches wir im Laufe von vielen Leben ansammeln, wird auf Sanskrit \u201e<strong>Karma\u201c <\/strong>genannt.<\/p>\n<p><img decoding=\"async\" loading=\"lazy\" class=\"alignright wp-image-1924 \" src=\"http:\/\/yoga-shri.de\/wp-content\/uploads\/2020\/02\/labirint.jpg\" alt=\"\" width=\"204\" height=\"193\" srcset=\"http:\/\/yoga-shri.de\/wp-content\/uploads\/2020\/02\/labirint.jpg 635w, http:\/\/yoga-shri.de\/wp-content\/uploads\/2020\/02\/labirint-300x283.jpg 300w\" sizes=\"(max-width: 204px) 100vw, 204px\" \/>Das Karma kann sowohl negativ, als auch positiv sein. Alles Schlechte, was uns passiert, kommt infolge unserer vergangenen \u201eVerdienste\u201c.&nbsp; Aber auch alles Gute, was wir bekommen, haben wir durch unsere Gedanken, Worte und Handlungen in der Vergangenheit verdient. Das Karma kommt zu uns wie ein Bumerang zur\u00fcck \u2013 das, was wir uns in Bezug auf andere Menschen erlaubt haben, kehrt zu uns zur\u00fcck; Gedanken, die wir lange Jahre gehegt haben, kommen immer wieder aufs Neue zu uns zur\u00fcck. All das Gute, was von uns ausgegangen ist, kehrt zweifellos zu uns zur\u00fcck.<\/p>\n<p>Unsere Situationen im Heute h\u00e4ngen mit dem, was wir fr\u00fcher gedacht, gesagt und getan haben, zusammen. Unsere Zukunft wird nicht nur durch unsere Vergangenheit, sondern auch durch unsere Gegenwart bestimmt: durch unsere gegenw\u00e4rtigen Gedanken, Worte und Handlungen. Dadurch, wie wir uns heute verhalten, schaffen wir unser zuk\u00fcnftiges Leben. Damit man in der Zukunft weniger Probleme hat, muss man jetzt sich bem\u00fchen, gutes Karma zu schaffen. Aber ist es denn m\u00f6glich, das zu ver\u00e4ndern, was schon vorbestimmt ist, das hei\u00dft, das schon gezeichnete Bild von unserer Gegenwart und unserer Zukunft zu korrigieren?<\/p>\n<p>Das Gesetz des Karmas ist das Gesetz, nach dem das Universum funktioniert; es beinhaltet jedoch nicht die absolute Unvermeidlichkeit. Wir bekommen das Resultat unserer Handlungen (der gedanklichen und der physischen) unbedingt, wir k\u00f6nnen jedoch die Wirkung des negativen Karmas verringern oder es komplett annullieren.<\/p>\n<p><strong>Was muss man tun, um das eigene Karma, das eigene Schicksal zu ver\u00e4ndern?<\/strong><\/p>\n<p>Es gibt Mittel, die schon seit alten Zeiten den Weisen bekannt waren und uns jetzt zug\u00e4nglich sind. Das sind die geistigen Praktiken. Die am meisten wirksamen und zu unserer Zeit passenden Praktiken sind Japa (Wiederholung des Mantra) und Meditation. Diese zwei einfachen Instrumente helfen dem Menschen bei regelm\u00e4\u00dfiger Aus\u00fcbung der Praxis die Wirkung von dem negativen Karma zu verringern und das Positive in seinem Schicksal zu erwecken und zu verst\u00e4rken.<\/p>\n<p><strong>Welchen Nutzen bringt die Meditation?<\/strong><\/p>\n<p><strong>Meditation <\/strong>ist tiefe Konzentration, mit deren Hilfe der Gedankenfluss beruhigt wird. Die Gedanken sind die Hauptquelle unserer Probleme, weil das Karma zuerst in den Gedanken entsteht und dann in Worte und Handlungen \u00fcbergeht. Es ist der Verstand, der unser Schicksal schafft. Bis zu 70% unseres Karmas entsteht in den Gedanken. In dem Ma\u00dfe, wie unser Verstand rein und positiv ist, in dem ist auch unser Leben angenehm. Meditation entwickelt die F\u00e4higkeit Gedanken zu kontrollieren. Regelm\u00e4\u00dfige tiefe Meditation bereinigt uns von karmischen Belastungen und verbessert somit unser Schicksal.<\/p>\n<p>Gegenw\u00e4rtig sehen wir ein enorm gesteigertes Lebenstempo, und infolge dessen ist der Verstand bei vielen Menschen derma\u00dfen aktiv, dass bei weitem nicht jeder das richtige Meditieren beherrscht. Deshalb gibt es noch eine andere Praxis der Reinigung \u2013 <strong>Japa<\/strong>, das Wiederholen eines Mantras.<\/p>\n<p><strong>Was bringt das Wiederholen eines Mantras (Japa)?<\/strong><\/p>\n<p>Alle unsere Gedanken, Worte und Handlungen bleiben auf der feinstofflichen Ebene in Form von Vibrationen erhalten.&nbsp; Diese angeh\u00e4ufte Last kann man mit Hilfe von <strong>Japa <\/strong>\u2013 der regelm\u00e4\u00dfigen Praxis des gedanklichen oder des gesprochenen Wiederholens eines Mantras &#8211; reinigen. Das Mantra besteht aus einer Silbe oder mehreren W\u00f6rtern in der antiken Sprache Sanskrit. Das Wiederholen des Mantras hilft die Vibrationen zu reinigen und zu \u00e4ndern, die wir in unserem karmischen \u201eGep\u00e4ck\u201c angesammelt haben.<\/p>\n<p>Mantras haben eine gro\u00dfe Wirkungskraft. Es ist sehr wichtig, genau das Mantra zu benutzen, das konkret zu Ihnen passt und keine negativen Nebenwirkungen hervorruft. Aus diesem Grund ist es nicht ratsam, Mantras f\u00fcr die Wiederholpraxis aus B\u00fcchern zu entnehmen. Ein Buch enth\u00e4lt weder Wissen \u00fcber Ihre Vergangenheit, noch \u00fcber Ihre Gegenwart, noch Ihre Zukunft. Das Wissen, welche Mantras wem gegeben werden d\u00fcrfen, haben Geistige Lehrer, die sowohl die Vergangenheit, als auch die Zukunft der Menschen sehen k\u00f6nnen, welche sich an sie wenden. Sie verstehen, welches Mantra genau diesem Menschen zum Wohle gereichen wird.<\/p>\n<p>Das Mantra, das vom Geistigen Lehrer gegeben wurde, hat eine besondere Kraft. Geistige Lehrer sind heilige Seelen, die den h\u00f6chsten Zustand der Erleuchtung erreicht haben \u2013 die Verbindung mit Gott. Jedes von ihnen gesprochene Wort besitzt eine sehr gro\u00dfe Kraft. Indem eine solche Hohe Seele ein Mantra bei der Einweihung ausspricht, teilt sie ein Teil ihrer Kraft und gibt somit einen Impuls f\u00fcr das Erwecken jenes g\u00f6ttlichen Funkens, welcher in jedem Menschen steckt.<\/p>\n<p>Wir schaffen tats\u00e4chlich selbst unser Schicksal. Und unser Schicksal liegt in unseren H\u00e4nden. Es h\u00e4ngt&nbsp; von uns ab, was f\u00fcr eine Zukunft wir f\u00fcr uns schaffen. Es steht uns frei, ob wir die M\u00f6glichkeiten, die uns das Leben gibt, nutzen. Die Geistigkeit ist kein blindes Befolgen irgendwelcher Dogmen oder Religionen. Die geistige Arbeit ist eine bewusste, begriffene Arbeit an der Ver\u00e4nderung des eigenen Schicksals, eine Arbeit, welche sich auf ewige, universelle Gesetze st\u00fctzt, und den Menschen, die sich dieser Arbeit unterziehen, auf jeden Fall ein positives Resultat bringen wird.<\/p>\n<p><a href=\"http:\/\/yoga-shri.de\/index.php\/satsangs-texte-gleichnisse\/\">zur\u00fcck zu &#8222;Satsangs Themen&#8220;<\/a><\/p>\n","protected":false},"excerpt":{"rendered":"<p>Karma bedeutet T\u00e4tigkeit, Arbeit, Handlung. Das Gesetz von Ursache und Wirkung \u2013 Wirkung als Ergebnis aller Handlungen des Menschen in seinem fr\u00fcheren und jetzigen Leben. Das Karma existiert in Form von Worten, Gedanken und Taten. Alles, was wir in diesem Leben bekommen, ist das Resultat unserer Gedanken, Worte und Handlungen in der Vergangenheit.&nbsp; Kein einziger unserer Gedanken, kein einziges unserer Worte und keine einzige unserer Taten bleiben unbemerkt, sie verschwinden nicht im Nirgendwo. Dieses \u201eGep\u00e4ck\u201c, &hellip; <\/p>\n","protected":false},"author":1,"featured_media":0,"parent":331,"menu_order":0,"comment_status":"closed","ping_status":"closed","template":"","meta":{"ngg_post_thumbnail":0},"_links":{"self":[{"href":"http:\/\/yoga-shri.de\/index.php\/wp-json\/wp\/v2\/pages\/759"}],"collection":[{"href":"http:\/\/yoga-shri.de\/index.php\/wp-json\/wp\/v2\/pages"}],"about":[{"href":"http:\/\/yoga-shri.de\/index.php\/wp-json\/wp\/v2\/types\/page"}],"author":[{"embeddable":true,"href":"http:\/\/yoga-shri.de\/index.php\/wp-json\/wp\/v2\/users\/1"}],"replies":[{"embeddable":true,"href":"http:\/\/yoga-shri.de\/index.php\/wp-json\/wp\/v2\/comments?post=759"}],"version-history":[{"count":4,"href":"http:\/\/yoga-shri.de\/index.php\/wp-json\/wp\/v2\/pages\/759\/revisions"}],"predecessor-version":[{"id":1926,"href":"http:\/\/yoga-shri.de\/index.php\/wp-json\/wp\/v2\/pages\/759\/revisions\/1926"}],"up":[{"embeddable":true,"href":"http:\/\/yoga-shri.de\/index.php\/wp-json\/wp\/v2\/pages\/331"}],"wp:attachment":[{"href":"http:\/\/yoga-shri.de\/index.php\/wp-json\/wp\/v2\/media?parent=759"}],"curies":[{"name":"wp","href":"https:\/\/api.w.org\/{rel}","templated":true}]}}