{"id":796,"date":"2020-01-25T20:34:51","date_gmt":"2020-01-25T19:34:51","guid":{"rendered":"http:\/\/localhost\/yogashri\/neu\/online\/?page_id=796"},"modified":"2020-02-23T23:07:52","modified_gmt":"2020-02-23T22:07:52","slug":"die-gewohnheiten-zeichnen-unser-schicksal","status":"publish","type":"page","link":"http:\/\/yoga-shri.de\/index.php\/satsangs-texte-gleichnisse\/die-gewohnheiten-zeichnen-unser-schicksal\/","title":{"rendered":"Die Gewohnheiten zeichnen unser Schicksal"},"content":{"rendered":"<div>S\u00e4et man einen Gedanken \u2013 erntet man ein Wort<\/div>\n<div>S\u00e4et man ein Wort &#8211; erntet man eine Handlung<\/div>\n<div>S\u00e4et man eine Handlung &#8211; erntet man eine Gewohnheit<\/div>\n<div>S\u00e4et man eine Gewohnheit &#8211; erntet man einen Charakter<\/div>\n<div>S\u00e4et man ein Charakter &#8211; erntet man ein Schicksal<\/div>\n<p>So wie Sie als Mensch sind, alles was Ihre Pers\u00f6nlichkeit ausmacht, wie Sie sprechen und handeln, wie und wor\u00fcber Sie nachdenken, wurde nicht in einem Leben angeeignet und gefestigt.<\/p>\n<p><img decoding=\"async\" loading=\"lazy\" class=\"wp-image-1570 aligncenter\" src=\"http:\/\/localhost\/yogashri\/neu\/online\/wp-content\/uploads\/2020\/02\/dandelion-2225250_960_720.jpg\" alt=\"\" width=\"512\" height=\"266\" srcset=\"http:\/\/yoga-shri.de\/wp-content\/uploads\/2020\/02\/dandelion-2225250_960_720.jpg 960w, http:\/\/yoga-shri.de\/wp-content\/uploads\/2020\/02\/dandelion-2225250_960_720-300x156.jpg 300w, http:\/\/yoga-shri.de\/wp-content\/uploads\/2020\/02\/dandelion-2225250_960_720-768x399.jpg 768w\" sizes=\"(max-width: 512px) 100vw, 512px\" \/><\/p>\n<p>Jede Handlung, jeder Gedanke, die zwei, drei oder mehrmals wiederholt wurden, werden zu <strong>adat (Gewohnheiten)<\/strong>, die man auch nach bestem Willen nur schwer \u00e4ndern kann. Alles, woran Sie sich gew\u00f6hnen und st\u00e4ndig wiederholen, wird eines Tages zum Teil Ihrer Pers\u00f6nlichkeit. Letztendlich <strong>erschaffen alle Ihre Gewohnheiten Ihre Zukunft<\/strong>.<\/p>\n<p>Aus diesem Grund ist es wichtig, jedes Mal wenn Sie etwas tun, denken oder sagen, sich zu bem\u00fchen<strong> gute und n\u00fctzliche Gewohnheiten zu bilden.<\/strong><\/p>\n<p><strong>Welche Fr\u00fcchte bringen die Gewohnheiten<\/strong><\/p>\n<p><strong><em>Eine Schlechte Gewohnheit \u2013 betr\u00fcgen. <\/em><\/strong>Der Mensch hat einmal, zweimal betrogen, dann wird keiner ihm glauben und achten<\/p>\n<p><strong><em>Die Schw\u00e4che zum entgegengesetzten Geschlecht<\/em><\/strong>. Man sollte nicht auf jede Frau oder jeden Mann mit Verlangen (Sanskrit: Kam) schauen. Wenn ein Mensch diese Schw\u00e4che hat, dann kann er keine ernsthafte Verantwortung \u00fcbernehmen, er hat keine solche Kraft in seinem Atma, und in jedem Augenblick seines Lebens kann er einen gro\u00dfen Fehler machen.<\/p>\n<p>Die Beziehung zwischen Mann und Frau wurde von Gott f\u00fcr die Vervollkommnung gegeben. Doch heutzutage wurde aus diesen heiligen Verbindungen gew\u00f6hnliche Beziehungen, zu einer Art Gewohnheit wie das Stillen von Hunger. Man sollte eine Frau wie eine Mutter, eine Schwester oder eine Tochter betrachten &#8211; einen Mann, wie einen Vater, einen Bruder oder Sohn.<\/p>\n<p>Der Mensch, der eine <strong>Vorliebe zum Gl\u00fccksspiel<\/strong> hat, kann eines Tages alles verlieren.<\/p>\n<p>Auch wenn Sie sehr talentiert sind, jedoch eine Schw\u00e4che <strong>zum Alkohol oder eine andere schlechte Gewohnheit<\/strong> haben, kann Ihnen keine gro\u00dfe Arbeit anvertraut werden, weil man sich nicht sicher sein kann, dass Sie alles gut erf\u00fcllen werden.<\/p>\n<p><strong><em>Mit einem negativen Gef\u00fchl an andere denken &#8211; <\/em><\/strong>ist auch eine schlechte Gewohnheit. Sie nehmen das Negative von denen auf sich, \u00fcber die Sie schlecht denken. Wenn Sie mit schlechten Gedanken eine Handlung beginnen, dann wird es schlechte Fr\u00fcchte bringen.<\/p>\n<p><strong><em>Eine gute Gewohnheit \u2013 diejenigen zu achten, die \u00e4lter sind als Sie.<\/em><\/strong><\/p>\n<p>Die besten Gewohnheiten \u2013 sind <strong><em>Sadhana (geistige Praxis), Jap (das Wiederholen des Mantra), Bhakti (reine Liebe) und Chintan (reines Nachdenken). <\/em><\/strong>Mit solchen Gewohnheiten werden Sie immer ein gutes Chintan haben und die schwierigsten Situationen zum eigenen Nutzen wenden.<\/p>\n<p><strong>Wie \u00fcberwindet man Gewohnheiten.<\/strong><\/p>\n<p>Das Denken eines erwachsenen Menschen ist schon geformt, es ist schwer etwas in ihm zu ver\u00e4ndern \u2013 die Gewohnheiten haben sich schon verankert. Es ist einfacher ein Kind etwas lehren, etwas an ihm zu verbessern und ihm gute Fertigkeiten beizubringen.<\/p>\n<p>Manchmal m\u00f6chte der Mensch etwas sehr in sich ver\u00e4ndern, er bem\u00fcht sich, doch es gelingt ihm nicht sich von seiner Gewohnheit zu befreien. Und manchmal gef\u00e4llt einem Menschen die schlechte Gewohnheit, oder er h\u00e4lt sie nicht f\u00fcr schlecht, und deshalb l\u00e4sst er sie nicht, er m\u00f6chte sie nicht aufgeben. In diesem Fall muss man gut nachdenken \u2013 Atma-Chintan vollziehen: sich gut in seinem Inneren konzentrieren und versuchen zu verstehen, was gut und n\u00fctzlich f\u00fcr sich und f\u00fcr die Vervollkommnung, f\u00fcr die Seele (Atma) ist. Man sollte sich und den eigenen Verstand mit guten Taten besch\u00e4ftigen, dann wird es kein Platz f\u00fcr falsche, unn\u00fctze Gedanken und Handlungen geben.<\/p>\n<p>Geben Sie sich jeden Tag M\u00fche, entwurzeln Sie die schlechten Gewohnheiten. Wenn Sie immer wieder daran arbeiten \u2013 werden Sie sie \u00fcberwinden. Wenn Sie <strong>das t\u00e4gliche Chintan zusammen mit dem Wiederholen des Mantra durchf\u00fchren<\/strong>, dann wird es fr\u00fcher oder sp\u00e4ter auf jeden Fall gelingen, sie werden sich vervollkommnen. Wenn der Mensch, eine schlechte Gewohnheit besiegt hat, bedeutet das, dass er ein guter Sadhak geworden ist.<\/p>\n<p><strong>Lassen Sie die Gewohnheiten sein, die Sie st\u00f6ren geistige oder materielle Errungenschaften im Leben zu erreichen! <\/strong>Alle k\u00f6nnen Fehler machen \u2013 wiederholen Sie diese nicht immer wieder. Nicht der Mensch besitzt Gr\u00f6\u00dfe, der niemals Fehler macht, sondern derjenige, der sie schnell versteht und nicht wiederholt.<\/p>\n<p>Das wichtigste ist, wenn Sie sich vervollkommnen, vergessen Sie nicht, dass materielle Dinge immer ihre Zeit haben, die geistigen jedoch sind ewig und haben keinen \u201eVerfallsdatum\u201c.<\/p>\n<p><a href=\"http:\/\/yoga-shri.de\/index.php\/satsangs-texte-gleichnisse\/\">zur\u00fcck zum &#8222;Satsangs Themen&#8220;<\/a><\/p>\n","protected":false},"excerpt":{"rendered":"<p>S\u00e4et man einen Gedanken \u2013 erntet man ein Wort S\u00e4et man ein Wort &#8211; erntet man eine Handlung S\u00e4et man eine Handlung &#8211; erntet man eine Gewohnheit S\u00e4et man eine Gewohnheit &#8211; erntet man einen Charakter S\u00e4et man ein Charakter &#8211; erntet man ein Schicksal So wie Sie als Mensch sind, alles was Ihre Pers\u00f6nlichkeit ausmacht, wie Sie sprechen und handeln, wie und wor\u00fcber Sie nachdenken, wurde nicht in einem Leben angeeignet und gefestigt. Jede &hellip; <\/p>\n","protected":false},"author":1,"featured_media":0,"parent":331,"menu_order":0,"comment_status":"closed","ping_status":"closed","template":"","meta":{"ngg_post_thumbnail":0},"_links":{"self":[{"href":"http:\/\/yoga-shri.de\/index.php\/wp-json\/wp\/v2\/pages\/796"}],"collection":[{"href":"http:\/\/yoga-shri.de\/index.php\/wp-json\/wp\/v2\/pages"}],"about":[{"href":"http:\/\/yoga-shri.de\/index.php\/wp-json\/wp\/v2\/types\/page"}],"author":[{"embeddable":true,"href":"http:\/\/yoga-shri.de\/index.php\/wp-json\/wp\/v2\/users\/1"}],"replies":[{"embeddable":true,"href":"http:\/\/yoga-shri.de\/index.php\/wp-json\/wp\/v2\/comments?post=796"}],"version-history":[{"count":5,"href":"http:\/\/yoga-shri.de\/index.php\/wp-json\/wp\/v2\/pages\/796\/revisions"}],"predecessor-version":[{"id":1932,"href":"http:\/\/yoga-shri.de\/index.php\/wp-json\/wp\/v2\/pages\/796\/revisions\/1932"}],"up":[{"embeddable":true,"href":"http:\/\/yoga-shri.de\/index.php\/wp-json\/wp\/v2\/pages\/331"}],"wp:attachment":[{"href":"http:\/\/yoga-shri.de\/index.php\/wp-json\/wp\/v2\/media?parent=796"}],"curies":[{"name":"wp","href":"https:\/\/api.w.org\/{rel}","templated":true}]}}