{"id":804,"date":"2020-01-25T20:56:54","date_gmt":"2020-01-25T19:56:54","guid":{"rendered":"http:\/\/localhost\/yogashri\/neu\/online\/?page_id=804"},"modified":"2020-02-23T23:08:23","modified_gmt":"2020-02-23T22:08:23","slug":"die-suche-nach-der-wahren-liebe","status":"publish","type":"page","link":"http:\/\/yoga-shri.de\/index.php\/satsangs-texte-gleichnisse\/die-suche-nach-der-wahren-liebe\/","title":{"rendered":"Die Suche nach der wahren Liebe"},"content":{"rendered":"<p>Alles in der Welt beginnt und endet mit der Liebe, au\u00dfer ihr gibt es nichts anderes. Alle Menschen, unabh\u00e4ngig vom Alter, von der Glaubensrichtung und der Hautfarbe, m\u00f6chten geliebt werden. Ein Kind m\u00f6chte, dass seine Eltern es lieben, ein Jugendlicher sucht danach unter den Freunden und die Erwachsenen suchen die Liebe in Beziehungen zwischen Mann und Frau. Doch all das ist Ausdruck weltlicher Liebe, die nicht ewig sein wird.<img decoding=\"async\" loading=\"lazy\" class=\"aligncenter wp-image-806\" src=\"http:\/\/localhost\/yogashri\/neu\/online\/wp-content\/uploads\/2020\/01\/prasad-1024x682.jpg\" alt=\"\" width=\"417\" height=\"278\" srcset=\"http:\/\/yoga-shri.de\/wp-content\/uploads\/2020\/01\/prasad-1024x682.jpg 1024w, http:\/\/yoga-shri.de\/wp-content\/uploads\/2020\/01\/prasad-300x200.jpg 300w, http:\/\/yoga-shri.de\/wp-content\/uploads\/2020\/01\/prasad-768x512.jpg 768w, http:\/\/yoga-shri.de\/wp-content\/uploads\/2020\/01\/prasad-700x465.jpg 700w, http:\/\/yoga-shri.de\/wp-content\/uploads\/2020\/01\/prasad.jpg 1280w\" sizes=\"(max-width: 417px) 100vw, 417px\" \/><\/p>\n<p>Manchmal ist der Mensch im Alter r\u00fcckblickend mit seinem Leben, sowie mit seinen Beziehungen zu den ihm nahestehenden Menschen nicht zufrieden, es bleibt ein Gef\u00fchl der Unzufriedenheit und Leere, so als h\u00e4tte ihn nie wirklich jemand geliebt. Warum? Weil der Mensch nur die weltliche Liebe bekam, sich weder mit Gott vereint hat, noch die g\u00f6ttliche Liebe jemals gef\u00fchlt hat. Es ist sehr wichtig daran zu denken, dass die Liebe mit Anhaftung eine bestimmte Zeit hat, sie geht irgendwann zu Ende, doch die g\u00f6ttliche Liebe wird immer sein.<\/p>\n<p>Atma (die Seele), die sich in jedem Menschen befindet, ist ein Teil von Paramatma (Gott). Die Seele wird keine Ruhe finden und von einem Leben ins n\u00e4chste Leben wiedergeboren, solange bis sie sich mit Gott verbunden und in ihm aufgel\u00f6st hat. Die Seele strebt nicht danach eine gute Arbeit zu erhalten oder ein Auto zu kaufen, das ist nicht ihre Natur. Sie sucht immer hohe und reine Zust\u00e4nde und ihr wichtigstes Bestreben ist es sich mit Paramatma, von dem sie sich irgendwann einmal getrennt hat, zu verbinden.<\/p>\n<p>Man sagt, dass die erste Liebe sehr wichtig ist, und der Mensch sich das ganze Leben daran erinnert. Doch wenn er nach dieser Liebe noch jemand anderen lieben kann, wo ist dann die Wichtigkeit dieser Liebe?! Die letzte Liebe ist die Wichtigste, weil der Mensch danach niemand anderen mehr lieben kann. Wenn der Mensch von der Liebe mit Anhaftung erm\u00fcdet, dann beginnt er zu verstehen, dass es etwas Reineres und Ewiges gibt, dann steigt das Niveau der Liebe und er f\u00e4ngt an Gott zu suchen. Es gibt sehr wenig Seelen bei denen die erste Liebe Gott ist. Zuerst begibt der Mensch sich auf die Suche, dann erh\u00e4lt er die Lehren in seinem Leben und dadurch \u00f6ffnet sich das Wissen. All das geschieht durch die Gnade des Lehrers, damit die Seele zu Gott findet.<\/p>\n<p>Die g\u00f6ttliche Liebe ist ewig, sie kann nie zu Ende gehen. Wo der Mensch auch sein mag, in welch schwere Situation er auch kommen mag, wird eine solche Liebe immer nahe sein, sie wird ihn besch\u00fctzen, ihm Kraft geben und helfen.<\/p>\n<p><a href=\"http:\/\/yoga-shri.de\/index.php\/satsangs-texte-gleichnisse\/die-suche-nach-der-wahren-liebe\/\">zur\u00fcck zum &#8222;Satsangs Themen&#8220;<\/a><\/p>\n","protected":false},"excerpt":{"rendered":"<p>Alles in der Welt beginnt und endet mit der Liebe, au\u00dfer ihr gibt es nichts anderes. Alle Menschen, unabh\u00e4ngig vom Alter, von der Glaubensrichtung und der Hautfarbe, m\u00f6chten geliebt werden. Ein Kind m\u00f6chte, dass seine Eltern es lieben, ein Jugendlicher sucht danach unter den Freunden und die Erwachsenen suchen die Liebe in Beziehungen zwischen Mann und Frau. Doch all das ist Ausdruck weltlicher Liebe, die nicht ewig sein wird. Manchmal ist der Mensch im Alter &hellip; <\/p>\n","protected":false},"author":1,"featured_media":0,"parent":331,"menu_order":0,"comment_status":"closed","ping_status":"closed","template":"","meta":{"ngg_post_thumbnail":0},"_links":{"self":[{"href":"http:\/\/yoga-shri.de\/index.php\/wp-json\/wp\/v2\/pages\/804"}],"collection":[{"href":"http:\/\/yoga-shri.de\/index.php\/wp-json\/wp\/v2\/pages"}],"about":[{"href":"http:\/\/yoga-shri.de\/index.php\/wp-json\/wp\/v2\/types\/page"}],"author":[{"embeddable":true,"href":"http:\/\/yoga-shri.de\/index.php\/wp-json\/wp\/v2\/users\/1"}],"replies":[{"embeddable":true,"href":"http:\/\/yoga-shri.de\/index.php\/wp-json\/wp\/v2\/comments?post=804"}],"version-history":[{"count":2,"href":"http:\/\/yoga-shri.de\/index.php\/wp-json\/wp\/v2\/pages\/804\/revisions"}],"predecessor-version":[{"id":1933,"href":"http:\/\/yoga-shri.de\/index.php\/wp-json\/wp\/v2\/pages\/804\/revisions\/1933"}],"up":[{"embeddable":true,"href":"http:\/\/yoga-shri.de\/index.php\/wp-json\/wp\/v2\/pages\/331"}],"wp:attachment":[{"href":"http:\/\/yoga-shri.de\/index.php\/wp-json\/wp\/v2\/media?parent=804"}],"curies":[{"name":"wp","href":"https:\/\/api.w.org\/{rel}","templated":true}]}}