{"id":809,"date":"2020-01-25T21:03:01","date_gmt":"2020-01-25T20:03:01","guid":{"rendered":"http:\/\/localhost\/yogashri\/neu\/online\/?page_id=809"},"modified":"2020-02-23T23:15:06","modified_gmt":"2020-02-23T22:15:06","slug":"die-geistige-vervollkommnung","status":"publish","type":"page","link":"http:\/\/yoga-shri.de\/index.php\/satsangs-texte-gleichnisse\/die-geistige-vervollkommnung\/","title":{"rendered":"Die geistige Vervollkommnung"},"content":{"rendered":"<p class=\"a\">Weshalb ist der Mensch die beste Form des Lebens? Von allen Lebewesen kann sich nur der Mensch geistig vervollkommnen. Der Mensch wird geboren, erwachsen und alles, was er in seinem Leben bekommt, geschieht nach dem g\u00f6ttlichen Gesetz, dem Gesetz des Karma.<\/p>\n<p class=\"a\"><img decoding=\"async\" loading=\"lazy\" class=\"wp-image-1936 aligncenter\" src=\"http:\/\/yoga-shri.de\/wp-content\/uploads\/2020\/02\/drop-of-water2.jpg\" alt=\"\" width=\"418\" height=\"289\" srcset=\"http:\/\/yoga-shri.de\/wp-content\/uploads\/2020\/02\/drop-of-water2.jpg 960w, http:\/\/yoga-shri.de\/wp-content\/uploads\/2020\/02\/drop-of-water2-300x208.jpg 300w, http:\/\/yoga-shri.de\/wp-content\/uploads\/2020\/02\/drop-of-water2-768x531.jpg 768w\" sizes=\"(max-width: 418px) 100vw, 418px\" \/><\/p>\n<p class=\"a\">Alles im Leben ist schon vorbestimmt. Was f\u00fcr Eltern ein Mensch haben wird, in welcher Familie er geboren wird, in welchem Umfang seine Umgebung geistig entwickelt sein wird, all das h\u00e4ngt vom Karma ab. Im Schicksal ist alles schon 100%-ig bestimmt, doch wenn der Mensch sich sehr bem\u00fcht, sein Leben in die bessere Richtung zu ver\u00e4ndern, kann er sein Karma zur H\u00e4lfte reinigen. Das wird dann geschehen, wenn er anf\u00e4ngt sich geistig zu vervollkommnen.<\/p>\n<p class=\"a\">Jegliche materiellen Dinge sind unbest\u00e4ndig, sie&nbsp; werden immer von einer Hand in eine andere weitergegeben, wenn Sie sich jedoch in der geistigen Praxis \u00fcben, regelm\u00e4\u00dfig den Namen Gottes wiederholen, dann vervollkommnet sich Ihre Seele. Und nur dieses Resultat verbleibt bei Ihnen, das ist Ihr geistiger Reichtum, den niemand Ihnen wegnehmen kann.<\/p>\n<p class=\"a\">Wenn ein Mensch jeden Tag etwas Gutes lernt, dann wird sein Leben sich zum Besseren \u00e4ndern. Deshalb ist es das Wichtigste, dass der Mensch es lernt, in sich g\u00f6ttliche Eigenschaften zu entwickeln, immer Gott liebt, an Gott glaubt und immer an ihn denkt. Dabei wird die regelm\u00e4\u00dfige Aus\u00fcbung der Jap-Meditation (<em>Jap= Dschap; aus dem Sanskrit, englische u. deutsche Schreibweise)<\/em> helfen. Diese Praxis gibt innere Kraft, die sowohl bei der geistigen Vervollkommnung hilft, als auch bei der Bew\u00e4ltigung der Schwierigkeiten des Lebens.<\/p>\n<p class=\"a\">Es ist wichtig im Leben das Dharma zu bestimmen, seinen geistigen Weg, sein geistiges Prinzip, das der Mensch das ganze Leben einhalten wird. Wer sein Dharma hat, und wer diesem streng folgt, hat eine gro\u00dfe geistige Kraft. Man muss sich daf\u00fcr nicht unbedingt von allen materiellen G\u00fctern trennen, man kann jede Arbeit aus\u00fcben, wobei man ein gutes Motiv f\u00fcr sein Handeln hat.<\/p>\n<p>Dann wird sich die Arbeit in eine geistige Praxis verwandeln, und dadurch wird der Mensch sich vervollkommnen. Und wer sein geistiges Prinzip nicht bestimmt hat, der kann nicht richtig leben und kann nicht innerlich stark sein.<\/p>\n<p>Die Gottesliebe, das Handeln als Gottesdienst und das Rezitieren von Gottesnamen &nbsp;\u2013&nbsp; das ist die wichtigste geistige Praxis im Leben jedes Menschen. \u00dcberall, wo Sie sich auch befinden, sollten Sie sich innerlich auf Gott konzentrieren, auf seine Gestalt oder das Licht und mit dieser Konzentration die Arbeit ausf\u00fchren. Dann wird Ihr Leben tats\u00e4chlich sch\u00f6n sein.<\/p>\n<p><a href=\"http:\/\/yoga-shri.de\/index.php\/satsangs-texte-gleichnisse\/\">zur\u00fcck zum &#8222;Satsangs Themen&#8220;<\/a><\/p>\n","protected":false},"excerpt":{"rendered":"<p>Weshalb ist der Mensch die beste Form des Lebens? Von allen Lebewesen kann sich nur der Mensch geistig vervollkommnen. Der Mensch wird geboren, erwachsen und alles, was er in seinem Leben bekommt, geschieht nach dem g\u00f6ttlichen Gesetz, dem Gesetz des Karma. Alles im Leben ist schon vorbestimmt. Was f\u00fcr Eltern ein Mensch haben wird, in welcher Familie er geboren wird, in welchem Umfang seine Umgebung geistig entwickelt sein wird, all das h\u00e4ngt vom Karma ab. &hellip; <\/p>\n","protected":false},"author":1,"featured_media":0,"parent":331,"menu_order":0,"comment_status":"closed","ping_status":"closed","template":"","meta":{"ngg_post_thumbnail":0},"_links":{"self":[{"href":"http:\/\/yoga-shri.de\/index.php\/wp-json\/wp\/v2\/pages\/809"}],"collection":[{"href":"http:\/\/yoga-shri.de\/index.php\/wp-json\/wp\/v2\/pages"}],"about":[{"href":"http:\/\/yoga-shri.de\/index.php\/wp-json\/wp\/v2\/types\/page"}],"author":[{"embeddable":true,"href":"http:\/\/yoga-shri.de\/index.php\/wp-json\/wp\/v2\/users\/1"}],"replies":[{"embeddable":true,"href":"http:\/\/yoga-shri.de\/index.php\/wp-json\/wp\/v2\/comments?post=809"}],"version-history":[{"count":5,"href":"http:\/\/yoga-shri.de\/index.php\/wp-json\/wp\/v2\/pages\/809\/revisions"}],"predecessor-version":[{"id":1938,"href":"http:\/\/yoga-shri.de\/index.php\/wp-json\/wp\/v2\/pages\/809\/revisions\/1938"}],"up":[{"embeddable":true,"href":"http:\/\/yoga-shri.de\/index.php\/wp-json\/wp\/v2\/pages\/331"}],"wp:attachment":[{"href":"http:\/\/yoga-shri.de\/index.php\/wp-json\/wp\/v2\/media?parent=809"}],"curies":[{"name":"wp","href":"https:\/\/api.w.org\/{rel}","templated":true}]}}