{"id":819,"date":"2020-01-25T21:31:06","date_gmt":"2020-01-25T20:31:06","guid":{"rendered":"http:\/\/localhost\/yogashri\/neu\/online\/?page_id=819"},"modified":"2020-02-23T23:26:21","modified_gmt":"2020-02-23T22:26:21","slug":"drei-wege-gyan-karma-und-bhakti-yoga","status":"publish","type":"page","link":"http:\/\/yoga-shri.de\/index.php\/satsangs-texte-gleichnisse\/drei-wege-gyan-karma-und-bhakti-yoga\/","title":{"rendered":"Drei Wege: Gyan-, Karma- und Bhakti-Yoga"},"content":{"rendered":"<p>Bei allen Menschen ist das wichtigste Ziel des Lebens \u2013 die Erkenntnis von sich selbst, seiner Seele. In dem er sich selbst, seine Seele erkennt, f\u00e4ngt der Mensch an zu verstehen wer Gott ist, weil die Kraft, die sich in uns befindet, Gott ist.<\/p>\n<p>Man kann dieser Kraft viele Namen geben, doch sie ist trotzdem einheitlich und befindet sich in jedem. Wenn man danach strebt, sich zu erkennen und sich mit Gott zu verbinden, dann hei\u00dft dies Yoga.<\/p>\n<p><img decoding=\"async\" loading=\"lazy\" class=\"aligncenter wp-image-821\" src=\"http:\/\/localhost\/yogashri\/neu\/online\/wp-content\/uploads\/2020\/01\/progulka4-1024x723.jpg\" alt=\"\" width=\"515\" height=\"364\" srcset=\"http:\/\/yoga-shri.de\/wp-content\/uploads\/2020\/01\/progulka4-1024x723.jpg 1024w, http:\/\/yoga-shri.de\/wp-content\/uploads\/2020\/01\/progulka4-300x212.jpg 300w, http:\/\/yoga-shri.de\/wp-content\/uploads\/2020\/01\/progulka4-768x542.jpg 768w, http:\/\/yoga-shri.de\/wp-content\/uploads\/2020\/01\/progulka4-120x85.jpg 120w, http:\/\/yoga-shri.de\/wp-content\/uploads\/2020\/01\/progulka4.jpg 1280w\" sizes=\"(max-width: 515px) 100vw, 515px\" \/><\/p>\n<p>Es gibt drei Hauptwege: Gyan-Yoga, Karma-Yoga und Bhakti-Yoga.<\/p>\n<p><strong>Gyan-Yoga<\/strong>. Der Weg, den man geht, wenn man bestrebt ist, Gott durch das geistige Wissen zu erkennen. Dieser Weg ist der l\u00e4ngste; die Menschen, die diesen Weg gehen, denken viel nach und analysieren viel mit dem Wunsch mehr \u00fcber Gott zu Wissen. Auf diesem Weg entstehen immer viele Fragen. Damit das Nachdenken rein ist und man nur die Wahrheit aufnimmt, ist hier die Unterst\u00fctzung des Lehrers sehr notwendig und wichtig.<\/p>\n<p><strong>Karma-Yoga<\/strong>. Die Meisten Menschen gehen diesen Weg. Sie leben ihr Leben, arbeiten und parallel vervollkommnen sie sich geistig. Auf diesem Weg sollte man immer seine Asakti (Anh\u00e4nglichkeiten) kontrollieren. Man sollte handeln, aber nicht erwarten, dass das Ergebnis auf jeden Fall so sein wird wie man es will \u2013 das bedeutet auch ohne Anh\u00e4nglichkeit zu leben. Wenn man Handlungen aus\u00fcbt und sich daran anbindet, dann erschafft man Karma, und wenn man im Leben keine Anbindungen haben wird, dann wird dies zum Karma-Yoga und zur geistigen Vervollkommnung.<\/p>\n<p><strong>Bhakti-Yoga<\/strong>. Das ist der Weg der Menschen, die zu Gott mit dem Gef\u00fchl der Liebe, des Glaubens und der Hingabe gehen, wenn der Mensch mit Hilfe der Liebe sich mit Gott verbinden m\u00f6chte. Auf diesem Weg gibt es keinen Platz f\u00fcr Logik und zum gro\u00dfen Nachdenken, ihn begleitet nur Liebe, innere Reinheit und Aufrichtigkeit, Hingabe und der Glaube an den, den man liebt. Dann verwandelt es sich in gro\u00dfe Liebe und gro\u00dfe Kraft, mit deren Hilfe man Gott erkennen kann.<\/p>\n<p>All diese Wege k\u00f6nnen zur Erkenntnis Gottes f\u00fchren, zur Verbindung mit Ihm und es ist sehr gut, wenn sie sich untereinander vereinigen. Wenn die Liebe da ist, und es werden Handlungen ausgef\u00fchrt, dann kommt das Wissen. Wenn das Wissen und die Handlungen da sind, dann kommt sp\u00e4ter die wahrhaftige Liebe.<\/p>\n<p><a href=\"http:\/\/yoga-shri.de\/index.php\/satsangs-texte-gleichnisse\/\">zur\u00fcck zum &#8222;Satsangs Themen&#8220;<\/a><\/p>\n","protected":false},"excerpt":{"rendered":"<p>Bei allen Menschen ist das wichtigste Ziel des Lebens \u2013 die Erkenntnis von sich selbst, seiner Seele. In dem er sich selbst, seine Seele erkennt, f\u00e4ngt der Mensch an zu verstehen wer Gott ist, weil die Kraft, die sich in uns befindet, Gott ist. Man kann dieser Kraft viele Namen geben, doch sie ist trotzdem einheitlich und befindet sich in jedem. Wenn man danach strebt, sich zu erkennen und sich mit Gott zu verbinden, dann &hellip; <\/p>\n","protected":false},"author":1,"featured_media":0,"parent":331,"menu_order":0,"comment_status":"closed","ping_status":"closed","template":"","meta":{"ngg_post_thumbnail":0},"_links":{"self":[{"href":"http:\/\/yoga-shri.de\/index.php\/wp-json\/wp\/v2\/pages\/819"}],"collection":[{"href":"http:\/\/yoga-shri.de\/index.php\/wp-json\/wp\/v2\/pages"}],"about":[{"href":"http:\/\/yoga-shri.de\/index.php\/wp-json\/wp\/v2\/types\/page"}],"author":[{"embeddable":true,"href":"http:\/\/yoga-shri.de\/index.php\/wp-json\/wp\/v2\/users\/1"}],"replies":[{"embeddable":true,"href":"http:\/\/yoga-shri.de\/index.php\/wp-json\/wp\/v2\/comments?post=819"}],"version-history":[{"count":3,"href":"http:\/\/yoga-shri.de\/index.php\/wp-json\/wp\/v2\/pages\/819\/revisions"}],"predecessor-version":[{"id":1940,"href":"http:\/\/yoga-shri.de\/index.php\/wp-json\/wp\/v2\/pages\/819\/revisions\/1940"}],"up":[{"embeddable":true,"href":"http:\/\/yoga-shri.de\/index.php\/wp-json\/wp\/v2\/pages\/331"}],"wp:attachment":[{"href":"http:\/\/yoga-shri.de\/index.php\/wp-json\/wp\/v2\/media?parent=819"}],"curies":[{"name":"wp","href":"https:\/\/api.w.org\/{rel}","templated":true}]}}