{"id":828,"date":"2020-01-25T21:48:53","date_gmt":"2020-01-25T20:48:53","guid":{"rendered":"http:\/\/localhost\/yogashri\/neu\/online\/?page_id=828"},"modified":"2020-02-23T23:21:46","modified_gmt":"2020-02-23T22:21:46","slug":"das-geistige-wissen","status":"publish","type":"page","link":"http:\/\/yoga-shri.de\/index.php\/satsangs-texte-gleichnisse\/das-geistige-wissen\/","title":{"rendered":"Das geistige Wissen"},"content":{"rendered":"<p>Wie kann man geistiges Wissen erlangen?<\/p>\n<p>Wer sowohl in der materiellen Welt, als auch im geistigen Leben Erfolg haben will, braucht jemanden, der ihm das Wissen vermitteln kann, das er dazu ben\u00f6tigt. Wenn man einen Beruf erlernen m\u00f6chte, so braucht man auf jeden Fall einen Lehrer oder Meister, der einem das lehren kann. Ebenso braucht man einen geistigen Lehrer, wenn man geistiges Wissen erlangen m\u00f6chte. Welcher Unterschied besteht nun zwischen diesen beiden Arten von Lehrern? Die Lehrer, die in den Schulen und Hochschulen unterrichten, beherrschen ihren Beruf perfekt. Ein geistiger Lehrer aber kann nur derjenige sein, der sich mit Gott verbunden, der Sein Licht gesehen, der Seine Seele erkannt hat. <img decoding=\"async\" loading=\"lazy\" class=\"aligncenter wp-image-489\" src=\"http:\/\/localhost\/yogashri\/neu\/online\/wp-content\/uploads\/2020\/01\/om-1769652_1280-1024x1024.png\" alt=\"\" width=\"367\" height=\"367\" srcset=\"http:\/\/yoga-shri.de\/wp-content\/uploads\/2020\/01\/om-1769652_1280-1024x1024.png 1024w, http:\/\/yoga-shri.de\/wp-content\/uploads\/2020\/01\/om-1769652_1280-300x300.png 300w, http:\/\/yoga-shri.de\/wp-content\/uploads\/2020\/01\/om-1769652_1280-150x150.png 150w, http:\/\/yoga-shri.de\/wp-content\/uploads\/2020\/01\/om-1769652_1280-768x768.png 768w, http:\/\/yoga-shri.de\/wp-content\/uploads\/2020\/01\/om-1769652_1280.png 1280w\" sizes=\"(max-width: 367px) 100vw, 367px\" \/>Nur in diesem Fall erwacht in seinem Inneren jenes Wissen, das ein geistiger Lehrer seinen Sch\u00fclern weitergeben kann. Es ist unm\u00f6glich, dieses Wissen aus B\u00fcchern zu erlangen. Es kann nur dann erwachen, wenn es sich in Form von Lebenserfahrung in einer Seele ansammelt, die den Zyklus der Wiedergeburten bereits durchlaufen hat. Erfahrung ist in allen Bereichen wichtig, wie im Berufsleben, so auch im geistigen Wachstum.<\/p>\n<p>Ein Mensch kann geistiges Wissen durch einen Blick seines Lehrers, durch sein Wort oder seine Ber\u00fchrung erlangen oder auch dadurch, dass er jede Arbeit als einen Dienst f\u00fcr Gott ansieht und ausf\u00fchrt. Selbst wenn er kein einziges Buch gelesen hat, aber seinem geistigen Lehrer, Gef\u00fchle der Liebe und der Achtung entgegen bringt, kann seine Seele dadurch eine gro\u00dfe Erfahrung in sich aufnehmen. Nach jedem Treffen mit dem Sadguru, nach jedem seiner Satsangs oder einem pers\u00f6nlichen Gespr\u00e4ch mit Ihm, ver\u00e4ndert sich der Mensch zum Besseren hin. Deshalb ist es leichter, geistiges Wissen zu erlangen, wenn man in seinem Leben einen geistigen Lehrer hat.<\/p>\n<p>Man sollte sich immer dessen bewusst sein, wie wichtig geistiges Wissen ist, und daf\u00fcr sorgen, dass die Kinder es von klein auf erlernen. Es ist nicht so wichtig, welche Schule oder Hochschule sie sp\u00e4ter besuchen werden, viel wichtiger ist, welches geistige Fundament in ihnen angelegt wird. Dies m\u00fcssen alle Menschen begreifen. Wenn der Mensch sich st\u00e4ndig darum bem\u00fcht, sich geistig weiter zu entwickeln, wird es ihm gelingen, ein sch\u00f6nes und gutes Leben zu f\u00fchren.<\/p>\n<p><a href=\"http:\/\/yoga-shri.de\/index.php\/satsangs-texte-gleichnisse\/\">zur\u00fcck zum &#8222;Satsangs Themen&#8220;<\/a><\/p>\n","protected":false},"excerpt":{"rendered":"<p>Wie kann man geistiges Wissen erlangen? Wer sowohl in der materiellen Welt, als auch im geistigen Leben Erfolg haben will, braucht jemanden, der ihm das Wissen vermitteln kann, das er dazu ben\u00f6tigt. Wenn man einen Beruf erlernen m\u00f6chte, so braucht man auf jeden Fall einen Lehrer oder Meister, der einem das lehren kann. Ebenso braucht man einen geistigen Lehrer, wenn man geistiges Wissen erlangen m\u00f6chte. Welcher Unterschied besteht nun zwischen diesen beiden Arten von Lehrern? &hellip; <\/p>\n","protected":false},"author":1,"featured_media":0,"parent":331,"menu_order":0,"comment_status":"closed","ping_status":"closed","template":"","meta":{"ngg_post_thumbnail":0},"_links":{"self":[{"href":"http:\/\/yoga-shri.de\/index.php\/wp-json\/wp\/v2\/pages\/828"}],"collection":[{"href":"http:\/\/yoga-shri.de\/index.php\/wp-json\/wp\/v2\/pages"}],"about":[{"href":"http:\/\/yoga-shri.de\/index.php\/wp-json\/wp\/v2\/types\/page"}],"author":[{"embeddable":true,"href":"http:\/\/yoga-shri.de\/index.php\/wp-json\/wp\/v2\/users\/1"}],"replies":[{"embeddable":true,"href":"http:\/\/yoga-shri.de\/index.php\/wp-json\/wp\/v2\/comments?post=828"}],"version-history":[{"count":2,"href":"http:\/\/yoga-shri.de\/index.php\/wp-json\/wp\/v2\/pages\/828\/revisions"}],"predecessor-version":[{"id":1941,"href":"http:\/\/yoga-shri.de\/index.php\/wp-json\/wp\/v2\/pages\/828\/revisions\/1941"}],"up":[{"embeddable":true,"href":"http:\/\/yoga-shri.de\/index.php\/wp-json\/wp\/v2\/pages\/331"}],"wp:attachment":[{"href":"http:\/\/yoga-shri.de\/index.php\/wp-json\/wp\/v2\/media?parent=828"}],"curies":[{"name":"wp","href":"https:\/\/api.w.org\/{rel}","templated":true}]}}