{"id":83,"date":"2020-01-18T14:23:16","date_gmt":"2020-01-18T13:23:16","guid":{"rendered":"http:\/\/localhost\/yogashri\/neu\/online\/?page_id=83"},"modified":"2020-03-08T16:28:17","modified_gmt":"2020-03-08T15:28:17","slug":"das-zentrum-shri-prakash-dham-e-v-in-berlin","status":"publish","type":"page","link":"http:\/\/yoga-shri.de\/index.php\/das-zentrum-shri-prakash-dham-e-v-in-berlin\/","title":{"rendered":"Das Zentrum &#8222;Shri Prakash Dham&#8220; e.V. in Berlin"},"content":{"rendered":"\r\n<p><strong>Shri Prakash Dham &#8211; Heimat des Lichts <\/strong>(Sanskrit)<\/p>\r\n\r\n\r\n\r\n<p>Im Zentrum Shri Prakash Dham e.V. werden vedische Traditionen vermittelt, die ihren Ursprung in der alten vedischen Kultur haben, welche als Sanatana Dharma verbreitet ist.<\/p>\r\n\r\n\r\n\r\n<p>Auf Sanskrit, der \u00e4ltesten geistigen Sprache, bedeutet Sanatana ewig und Dharma die richtige Lebensweise nach dem Vorbild der alten Schriften, das hei\u00dft unter Beachtung der g\u00f6ttlichen Gesetze und der \u00dcbernahme der Verantwortung des Menschen f\u00fcr sich selbst. Das Wort Veden bedeutet Wissen. Somit ist Sanatana-Dharma einer der Namen, der die Tradition der vedischen Kultur bezeichnet.<\/p>\r\n<p><img decoding=\"async\" loading=\"lazy\" class=\"aligncenter wp-image-121\" src=\"http:\/\/localhost\/yogashri\/neu\/online\/wp-content\/uploads\/2020\/01\/4_Shri_Prakash_Dham_Berlin_2107-300x200.jpg\" alt=\"\" width=\"500\" height=\"333\" srcset=\"http:\/\/yoga-shri.de\/wp-content\/uploads\/2020\/01\/4_Shri_Prakash_Dham_Berlin_2107-300x200.jpg 300w, http:\/\/yoga-shri.de\/wp-content\/uploads\/2020\/01\/4_Shri_Prakash_Dham_Berlin_2107-768x512.jpg 768w, http:\/\/yoga-shri.de\/wp-content\/uploads\/2020\/01\/4_Shri_Prakash_Dham_Berlin_2107-700x465.jpg 700w, http:\/\/yoga-shri.de\/wp-content\/uploads\/2020\/01\/4_Shri_Prakash_Dham_Berlin_2107.jpg 800w\" sizes=\"(max-width: 500px) 100vw, 500px\" \/><\/p>\r\n\r\n\r\n\r\n<p><strong>Vedische Weisheit und Traditionen<br><\/strong><\/p>\r\n\r\n\r\n\r\n<p>Das vedische Wissen ist das \u00e4lteste spirituelle Wissen, das uns bekannt ist. Sein Ursprung liegt in Indien.<\/p>\r\n\r\n\r\n\r\n<p>Die Weisen, die geistigen Lehrer, gaben in fr\u00fcheren Zeiten dieses besondere Wissen m\u00fcndlich an ihre ausgew\u00e4hlten Nachfolger weiter. Etwa II Jahrhunderte vor unserer Zeitrechnung wurden die Veden verfasst. Diese sind in ihrer damaligen&nbsp; Form in vier B\u00e4nden, als Sammelwerke alter Indischer Schriften, bis heute erhalten geblieben: die \u201eRig Veda\u201c, \u201eSama Veda\u201c, \u201eAtharva Veda\u201c und \u201eYadzhur Veda\u201c. Diese Schriften, sowie auch andere Texte des Sanatana-Dharma, enthalten sehr tiefes, allseitiges Wissen f\u00fcr alle Lebensbereiche das menschlichen Lebens \u2013 von der Beschreibung verschiedener Rituale bis hin zur richtigen, vollwertigen und gesunden Lebensweise, die bis heute nichts an ihrer Aktualit\u00e4t verloren haben.<\/p>\r\n\r\n\r\n\r\n<p>Es ist jedoch nicht leicht, die vedischen Texte zu verstehen. Diese wurden in der alten Sprache Sanskrit geschrieben. Sanskrit galt von jeher als heilige Sprache und wurde daher nie als allt\u00e4gliche Sprache genutzt. Seit der Niederschrift der Veden \u00e4nderten sich mit den Jahrhunderten nicht nur die Lebensweise der Menschen, sondern auch deren Bewusstsein. Deshalb ist es notwendig, das gesamte, erhaltene Wissen der Veden nicht nur richtig und unverf\u00e4lscht zu \u00fcbersetzen, sondern auch zu erkl\u00e4ren, auf die heutigen Lebensbedingungen zu \u00fcbertragen und aufzuzeigen, wie dieses wertvolle Wissen f\u00fcr die Menschen in der heutigen Zeit anwendbar ist. Daf\u00fcr reicht aber ein Dolmetscher nicht aus.<\/p>\r\n\r\n\r\n\r\n<div class=\"wp-block-image\">\r\n<figure class=\"alignright\">\r\n<p><img decoding=\"async\" loading=\"lazy\" class=\"alignright wp-image-216 size-medium\" src=\"http:\/\/localhost\/yogashri\/neu\/online\/wp-content\/uploads\/2020\/01\/13.shri-prakash-ji-berlin-218x300.jpg\" alt=\"Shri Prakash Ji\" width=\"218\" height=\"300\" srcset=\"http:\/\/yoga-shri.de\/wp-content\/uploads\/2020\/01\/13.shri-prakash-ji-berlin-218x300.jpg 218w, http:\/\/yoga-shri.de\/wp-content\/uploads\/2020\/01\/13.shri-prakash-ji-berlin.jpg 435w\" sizes=\"(max-width: 218px) 100vw, 218px\" \/><\/p>\r\n<\/figure>\r\n<\/div>\r\n\r\n\r\n\r\n<p>Nur jemand, der nicht nur den tiefen Sinn der Texte versteht, sondern alles durch eigene Erfahrung erlebt hat, kann dieser Aufgabe gerecht werden.<\/p>\r\n\r\n\r\n\r\n<p>Im Zentrum &#8222;Shri Prakash Dham&#8220;e.V. wird spirituelles Wissen und Weisheit nach dem Vorbild der vedischen Traditionen von dem <a href=\"http:\/\/yoga-shri.de\/index.php\/biografie\/\">geistigen Lehrer<\/a> <a href=\"http:\/\/www.yoga-shri.de\/biografie.html\">Shri Prakash Ji<\/a> vermittelt. Dieser ist ebenfalls der Gr\u00fcnder und Inspirator der T\u00e4tigkeit des Zentrums.<\/p>\r\n\r\n\r\n\r\n<p><strong>Was findet im Zentrum statt?<\/strong><\/p>\r\n\r\n\r\n\r\n<p>\u2022 <a href=\"http:\/\/yoga-shri.de\/index.php\/regelmaessige-treffen\/\">regelm\u00e4\u00dfige Treffen: Meditation, Satsangs<\/a><\/p>\r\n\r\n\r\n\r\n<p>\u2022 <a href=\"http:\/\/yoga-shri.de\/index.php\/veranstaltungen-in-berlin-und-treffen-mit-shri-prakash-ji-weltweit\/\">Veranstaltungen<\/a> und <a href=\"http:\/\/yoga-shri.de\/index.php\/spirituelle-feste\/\">Feste nach vedischer Tradition<\/a><\/p>\r\n\r\n\r\n\r\n<p>\u2022 M\u00f6glichkeit des Zusammentreffens mit dem geistigen Lehrer Shri Prakash Ji<\/p>\r\n\r\n\r\n\r\n<p>Die T\u00e4tigkeit der Organisatoren des spirituellen Zentrums Shri Prakash Dham e.V. wird ehrenamtlich, d.h. auf freiwilliger Basis, erbracht. Diese Menschen sind selbst geistig&nbsp; Praktizierende und m\u00f6chten mit ihrer, besonders in der heutigen Zeit, so wichtigen und sinnvollen T\u00e4tigkeit vielen Menschen die M\u00f6glichkeit geben, das wahre geistige Wissen zu erfahren.<\/p>\r\n\r\n\r\n\r\n<p>Die T\u00e4tigkeit des Zentrums ist gemeinn\u00fctzig. Alle T\u00e4tigkeiten im Zentrum werden durch Spendengelder finanziert.<br><strong>Kontakt<\/strong> Shri Prakash Dham e.V.<br>T\u00fcrrschmidtstr. 2<br>10317 Berlin Tel.: 030 &#8211; 23 97 56 42<br>0176 &#8211; 22 25 77 62<br>E-mail: <a href=\"https:\/\/3c-bap.web.de\/mail\/client\/mail\/mailto;jsessionid=149CB91DE4DA80C008954A1429B3E7B1-n4.bap63b?to=info%40yoga-shri.de\">info@yoga-shri.de<\/a><br><strong>Spendenkonto:<\/strong> Shri Prakash Dham e.V. Berliner Sparkasse <br>IBAN: DE17100500000190688459<br>BIC: BELADEBEXXX<\/p>\r\n","protected":false},"excerpt":{"rendered":"<p>Shri Prakash Dham &#8211; Heimat des Lichts (Sanskrit) Im Zentrum Shri Prakash Dham e.V. werden vedische Traditionen vermittelt, die ihren Ursprung in der alten vedischen Kultur haben, welche als Sanatana Dharma verbreitet ist. Auf Sanskrit, der \u00e4ltesten geistigen Sprache, bedeutet Sanatana ewig und Dharma die richtige Lebensweise nach dem Vorbild der alten Schriften, das hei\u00dft unter Beachtung der g\u00f6ttlichen Gesetze und der \u00dcbernahme der Verantwortung des Menschen f\u00fcr sich selbst. Das Wort Veden bedeutet Wissen. &hellip; <\/p>\n","protected":false},"author":1,"featured_media":0,"parent":0,"menu_order":0,"comment_status":"closed","ping_status":"closed","template":"","meta":{"ngg_post_thumbnail":0},"_links":{"self":[{"href":"http:\/\/yoga-shri.de\/index.php\/wp-json\/wp\/v2\/pages\/83"}],"collection":[{"href":"http:\/\/yoga-shri.de\/index.php\/wp-json\/wp\/v2\/pages"}],"about":[{"href":"http:\/\/yoga-shri.de\/index.php\/wp-json\/wp\/v2\/types\/page"}],"author":[{"embeddable":true,"href":"http:\/\/yoga-shri.de\/index.php\/wp-json\/wp\/v2\/users\/1"}],"replies":[{"embeddable":true,"href":"http:\/\/yoga-shri.de\/index.php\/wp-json\/wp\/v2\/comments?post=83"}],"version-history":[{"count":8,"href":"http:\/\/yoga-shri.de\/index.php\/wp-json\/wp\/v2\/pages\/83\/revisions"}],"predecessor-version":[{"id":122,"href":"http:\/\/yoga-shri.de\/index.php\/wp-json\/wp\/v2\/pages\/83\/revisions\/122"}],"wp:attachment":[{"href":"http:\/\/yoga-shri.de\/index.php\/wp-json\/wp\/v2\/media?parent=83"}],"curies":[{"name":"wp","href":"https:\/\/api.w.org\/{rel}","templated":true}]}}