{"id":833,"date":"2020-01-25T22:03:26","date_gmt":"2020-01-25T21:03:26","guid":{"rendered":"http:\/\/localhost\/yogashri\/neu\/online\/?page_id=833"},"modified":"2020-02-23T23:23:19","modified_gmt":"2020-02-23T22:23:19","slug":"anhaenglichkeiten-asakti","status":"publish","type":"page","link":"http:\/\/yoga-shri.de\/index.php\/satsangs-texte-gleichnisse\/anhaenglichkeiten-asakti\/","title":{"rendered":"Anh\u00e4nglichkeiten (Asakti)"},"content":{"rendered":"<p>Eine der wichtigsten Ursachen, weshalb der menschliche Verstand unruhig ist, sind die W\u00fcnsche. Der Mensch strebt immer danach, dass das Ergebnis seiner Handlungen so sei, wie er es sehen m\u00f6chte.<\/p>\n<p>Aber nicht immer funktioniert das so, daher kommt Unruhe auf. Die Anh\u00e4nglichkeiten verwirren den Menschen Schritt f\u00fcr Schritt, er beginnt, sein wichtigstes Lebensziel aus den Augen zu verlieren und sich in etwas zu vertiefen, das f\u00fcr ihn \u00fcberhaupt nicht n\u00fctzlich ist. Man sollte versuchen, seine Anh\u00e4nglichkeiten (Asakti) zu verringern. Dies kann man mithilfe der Meditation und der Konzentration auf die Gestalt Gottes sowie der Wiederholung von Gottesnamen tun. W\u00e4hrend dieser Zeit entwickelt und vervollkommnet sich der Mensch geistig. Wenn man die Asakti vermindert, dann wird der Verstand ruhig, und Sie werden den Zustand der g\u00f6ttlichen Freunde erlangen.<\/p>\n<p><img decoding=\"async\" loading=\"lazy\" class=\"wp-image-1574 aligncenter\" src=\"http:\/\/localhost\/yogashri\/neu\/online\/wp-content\/uploads\/2020\/02\/ketten.jpg\" alt=\"\" width=\"470\" height=\"282\" srcset=\"http:\/\/yoga-shri.de\/wp-content\/uploads\/2020\/02\/ketten.jpg 640w, http:\/\/yoga-shri.de\/wp-content\/uploads\/2020\/02\/ketten-300x180.jpg 300w\" sizes=\"(max-width: 470px) 100vw, 470px\" \/><\/p>\n<p>Auf dem Wege des geistigen Menschen k\u00f6nnen auch ernsthafte Hindernisse und Schwierigkeiten auftauchen, wie Pr\u00fcfungen, die zu bestehen man lernen muss. Auf jedem beliebigen Weg trifft man Hindernisse an, und der geistige Weg ist hiervon keine Ausnahme, welch Karma von Ihnen geschaffen, eben solch Resultat werden Sie in diesem Leben erhalten. Aber es ist wichtig, seinen geistigen Weg zu bestimmen, das Dharma, und das ganze Leben diesem Weg zu folgen und ihn sch\u00f6n zu gestalten, nach geistiger Entwicklung zu streben, nach Selbsterkenntnis und Vereinigung mit dem Licht Gottes.<\/p>\n<p><a href=\"http:\/\/yoga-shri.de\/index.php\/satsangs-texte-gleichnisse\/\">zur\u00fcck zum &#8222;Satsangs Themen&#8220;<\/a><\/p>\n","protected":false},"excerpt":{"rendered":"<p>Eine der wichtigsten Ursachen, weshalb der menschliche Verstand unruhig ist, sind die W\u00fcnsche. Der Mensch strebt immer danach, dass das Ergebnis seiner Handlungen so sei, wie er es sehen m\u00f6chte. Aber nicht immer funktioniert das so, daher kommt Unruhe auf. Die Anh\u00e4nglichkeiten verwirren den Menschen Schritt f\u00fcr Schritt, er beginnt, sein wichtigstes Lebensziel aus den Augen zu verlieren und sich in etwas zu vertiefen, das f\u00fcr ihn \u00fcberhaupt nicht n\u00fctzlich ist. Man sollte versuchen, seine &hellip; <\/p>\n","protected":false},"author":1,"featured_media":0,"parent":331,"menu_order":0,"comment_status":"closed","ping_status":"closed","template":"","meta":{"ngg_post_thumbnail":0},"_links":{"self":[{"href":"http:\/\/yoga-shri.de\/index.php\/wp-json\/wp\/v2\/pages\/833"}],"collection":[{"href":"http:\/\/yoga-shri.de\/index.php\/wp-json\/wp\/v2\/pages"}],"about":[{"href":"http:\/\/yoga-shri.de\/index.php\/wp-json\/wp\/v2\/types\/page"}],"author":[{"embeddable":true,"href":"http:\/\/yoga-shri.de\/index.php\/wp-json\/wp\/v2\/users\/1"}],"replies":[{"embeddable":true,"href":"http:\/\/yoga-shri.de\/index.php\/wp-json\/wp\/v2\/comments?post=833"}],"version-history":[{"count":3,"href":"http:\/\/yoga-shri.de\/index.php\/wp-json\/wp\/v2\/pages\/833\/revisions"}],"predecessor-version":[{"id":1943,"href":"http:\/\/yoga-shri.de\/index.php\/wp-json\/wp\/v2\/pages\/833\/revisions\/1943"}],"up":[{"embeddable":true,"href":"http:\/\/yoga-shri.de\/index.php\/wp-json\/wp\/v2\/pages\/331"}],"wp:attachment":[{"href":"http:\/\/yoga-shri.de\/index.php\/wp-json\/wp\/v2\/media?parent=833"}],"curies":[{"name":"wp","href":"https:\/\/api.w.org\/{rel}","templated":true}]}}