{"id":840,"date":"2020-01-25T22:18:44","date_gmt":"2020-01-25T21:18:44","guid":{"rendered":"http:\/\/localhost\/yogashri\/neu\/online\/?page_id=840"},"modified":"2020-02-23T23:25:55","modified_gmt":"2020-02-23T22:25:55","slug":"guru-purnima","status":"publish","type":"page","link":"http:\/\/yoga-shri.de\/index.php\/satsangs-texte-gleichnisse\/guru-purnima\/","title":{"rendered":"Guru Purnima &#8211; Satsang"},"content":{"rendered":"<section class=\"ce_text block\">\n<h5>Satsang vom 3. Juli 2012 Guru Purnima<\/h5>\n<p><img decoding=\"async\" loading=\"lazy\" class=\"aligncenter wp-image-676\" src=\"http:\/\/localhost\/yogashri\/neu\/online\/wp-content\/uploads\/2020\/01\/Image-9-1024x682.jpg\" alt=\"\" width=\"456\" height=\"304\" srcset=\"http:\/\/yoga-shri.de\/wp-content\/uploads\/2020\/01\/Image-9-1024x682.jpg 1024w, http:\/\/yoga-shri.de\/wp-content\/uploads\/2020\/01\/Image-9-300x200.jpg 300w, http:\/\/yoga-shri.de\/wp-content\/uploads\/2020\/01\/Image-9-768x512.jpg 768w, http:\/\/yoga-shri.de\/wp-content\/uploads\/2020\/01\/Image-9-700x465.jpg 700w, http:\/\/yoga-shri.de\/wp-content\/uploads\/2020\/01\/Image-9.jpg 1280w\" sizes=\"(max-width: 456px) 100vw, 456px\" \/><\/p>\n<p><span style=\"color: #ff6600;\"><strong>Die Verbindung zwischen Sch\u00fcler und Lehrer<\/strong><\/span><\/p>\n<p>Bem\u00fchen Sie sich immer, das Wort des Lehrers richtig zu verstehen. Je weniger Anbindungen der Mensch hat, umso besser kann er das Wort der Lehrers verstehen, denn wenn diese Anbindungen stark sind, dann m\u00f6chte der Mensch nur das h\u00f6ren, was mit seinen W\u00fcnschen \u00fcbereinstimmt. Deshalb ist es sehr wichtig \u00fcber das Wort oder den Ratschlag, welche der Lehrer Ihnen gegeben hat, tiefgr\u00fcndig nachzudenken.Das tiefgr\u00fcndige Nachdenken hilft Ihnen zu verstehen, mit welcher Liebe und Sorge um Sie er diese Worte gesprochen hat und somit k\u00f6nnen Sie diese im Leben richtig anwenden.<\/p>\n<p>Der Lehrer ist ein wunderbares Beispiel f\u00fcr Liebe, G\u00fcte, innere Reinheit und andere g\u00f6ttliche Eigenschaften. Man sollte diese Eigenschaften von ihm immer lernen, nicht jedoch versuchen seine Kopie zu werden,&nbsp;weil das zu tun, was in seinem Leben der Sadguru tut, steht nicht in der Macht eines gew\u00f6hnlichen Menschen. Man sollte sich geistig vervollkommnen und richtig den eigenen Weg gehen, indem man ihn sch\u00f6n gestaltet, so dass er nur Ihnen zugeh\u00f6rig ist.<\/p>\n<p><a href=\"http:\/\/yoga-shri.de\/index.php\/satsangs-texte-gleichnisse\/\">zur\u00fcck zum &#8222;Satsangs Themen&#8220;<\/a><\/p>\n<\/section>\n","protected":false},"excerpt":{"rendered":"<p>Satsang vom 3. Juli 2012 Guru Purnima Die Verbindung zwischen Sch\u00fcler und Lehrer Bem\u00fchen Sie sich immer, das Wort des Lehrers richtig zu verstehen. Je weniger Anbindungen der Mensch hat, umso besser kann er das Wort der Lehrers verstehen, denn wenn diese Anbindungen stark sind, dann m\u00f6chte der Mensch nur das h\u00f6ren, was mit seinen W\u00fcnschen \u00fcbereinstimmt. Deshalb ist es sehr wichtig \u00fcber das Wort oder den Ratschlag, welche der Lehrer Ihnen gegeben hat, tiefgr\u00fcndig &hellip; <\/p>\n","protected":false},"author":1,"featured_media":0,"parent":331,"menu_order":0,"comment_status":"closed","ping_status":"closed","template":"","meta":{"ngg_post_thumbnail":0},"_links":{"self":[{"href":"http:\/\/yoga-shri.de\/index.php\/wp-json\/wp\/v2\/pages\/840"}],"collection":[{"href":"http:\/\/yoga-shri.de\/index.php\/wp-json\/wp\/v2\/pages"}],"about":[{"href":"http:\/\/yoga-shri.de\/index.php\/wp-json\/wp\/v2\/types\/page"}],"author":[{"embeddable":true,"href":"http:\/\/yoga-shri.de\/index.php\/wp-json\/wp\/v2\/users\/1"}],"replies":[{"embeddable":true,"href":"http:\/\/yoga-shri.de\/index.php\/wp-json\/wp\/v2\/comments?post=840"}],"version-history":[{"count":3,"href":"http:\/\/yoga-shri.de\/index.php\/wp-json\/wp\/v2\/pages\/840\/revisions"}],"predecessor-version":[{"id":1945,"href":"http:\/\/yoga-shri.de\/index.php\/wp-json\/wp\/v2\/pages\/840\/revisions\/1945"}],"up":[{"embeddable":true,"href":"http:\/\/yoga-shri.de\/index.php\/wp-json\/wp\/v2\/pages\/331"}],"wp:attachment":[{"href":"http:\/\/yoga-shri.de\/index.php\/wp-json\/wp\/v2\/media?parent=840"}],"curies":[{"name":"wp","href":"https:\/\/api.w.org\/{rel}","templated":true}]}}