{"id":847,"date":"2020-01-25T22:27:17","date_gmt":"2020-01-25T21:27:17","guid":{"rendered":"http:\/\/localhost\/yogashri\/neu\/online\/?page_id=847"},"modified":"2020-02-23T23:28:04","modified_gmt":"2020-02-23T22:28:04","slug":"ueber-das-mantra","status":"publish","type":"page","link":"http:\/\/yoga-shri.de\/index.php\/satsangs-texte-gleichnisse\/ueber-das-mantra\/","title":{"rendered":"\u00dcber das Mantra"},"content":{"rendered":"<div>Alles, was wir denken, sprechen und tun, schafft Karma. Es gibt gutes Karma und negatives Karma.<\/div>\n<div>&nbsp;<\/div>\n<div>Wenn Sie etwas Schlechtes denken, sagen oder tun, dann entsteht negatives Karma, wenn sie etwas Gutes denken, sagen oder tun dann entsteht positives Karma. Nach diesem Prinzip funktioniert das ganze Universum. All Ihre Handlungen kehren, wie ein Echo, auf jeden Fall zu Ihnen zur\u00fcck. Deshalb ist es wichtig, dass Ihre Gedanken, Worte und Taten nicht zur Entstehung von negativem Karma f\u00fchren.<img decoding=\"async\" loading=\"lazy\" class=\"alignright wp-image-1946 \" src=\"http:\/\/yoga-shri.de\/wp-content\/uploads\/2020\/02\/Kette-mit-Hand.jpg\" alt=\"\" width=\"173\" height=\"260\" srcset=\"http:\/\/yoga-shri.de\/wp-content\/uploads\/2020\/02\/Kette-mit-Hand.jpg 394w, http:\/\/yoga-shri.de\/wp-content\/uploads\/2020\/02\/Kette-mit-Hand-200x300.jpg 200w\" sizes=\"(max-width: 173px) 100vw, 173px\" \/><\/div>\n<div>&nbsp;<\/div>\n<div>Um eine gro\u00dfe Reinigung vom Negativen zu erzielen, damit gute Eigenschaften aufwachen, ist es sehr wichtig, den Namen Gottes zu wiederholen. Noch st\u00e4rker wird diese Reinigung durch das Mantra erzielt. Das Mantra ist eine sehr gro\u00dfe Kraft, sehr reine Worte und sehr reine Energie. Unser gesamtes Karma befindet sich in diesem Weltall in Form von Worten, es kommt zuerst als Gedanke, dann wird es als Wort gesprochen und erzeugt es im weiteren eine Handlung. Und wenn ein reines Wort, ein Mantra ausgesprochen wird, dann wird es die unreinen Worte, das negative Karma des Menschen reinigen, es nach und nach annullieren. Wenn Sie das Mantra h\u00e4ufiger wiederholen, verschwindet mit der Zeit das Negative, und positive Eigenschaften beginnen zu erwachen.<\/div>\n<div>&nbsp;<\/div>\n<div>Das Mantra ist eine wirklich geistige Wissenschaft. Es bewirkt immer ein gutes Resultat, wenn der Mensch einiges ber\u00fccksichtigt.<\/div>\n<div>Erstens, bringt nicht jedes Mantra das gew\u00fcnschte Resultat. Nur das Mantra gibt ein positives Ergebnis, das der Lehrer pers\u00f6nlich gegeben hat. Wenn der Lehrer das Mantra gibt, wird es lebendig und seine Kraft f\u00e4ngt sofort an zu arbeiten.<\/div>\n<div>&nbsp;<\/div>\n<div>Zweitens, wenn Sie regelm\u00e4\u00dfig zu Hause die Praxis aus\u00fcben, dann&nbsp; sollte alles, der physische K\u00f6rper, die Kleidung, der Platz, wo Sie meditieren, und die Gebetskette, mithilfe derer Sie das Mantra wiederholen, rein sein.<\/div>\n<div>&nbsp;<\/div>\n<div>Es ist sehr gut, wenn das Mantra morgens und abends wiederholt wird, wenn Sie Ihren Tag mit dem Mantra beginnen und ihn mit dem Mantra beenden, und Sie somit den vergangenen Tag Gott anbieten.<\/div>\n<div>&nbsp;<\/div>\n<div>Es gibt drei Arten das Mantra zu wiederholen: laut (vachik dshap), fl\u00fcsternd (upanshu dshap), in Gedanken (mansik dshap). W\u00e4hrend der Anfangsetappe ist es besser, das Mantra laut zu wiederholen. Auch ist es besser, von Anfang an den Rhythmus, indem man das Mantra t\u00e4glich wiederholt, zu bestimmen.<\/div>\n<div>&nbsp;<\/div>\n<div>Das Wiederholen des Mantras, oder Dshap, ist eine sehr ernstzunehmende Praxis, und je ernster Sie diese nehmen, desto sp\u00fcrbarer wird das Resultat sein.<\/div>\n<div>&nbsp;<\/div>\n<div><a href=\"http:\/\/yoga-shri.de\/index.php\/satsangs-texte-gleichnisse\/\">zur\u00fcck zum &#8222;Satsangs Themen&#8220;<\/a><\/div>\n","protected":false},"excerpt":{"rendered":"<p>Alles, was wir denken, sprechen und tun, schafft Karma. Es gibt gutes Karma und negatives Karma. &nbsp; Wenn Sie etwas Schlechtes denken, sagen oder tun, dann entsteht negatives Karma, wenn sie etwas Gutes denken, sagen oder tun dann entsteht positives Karma. Nach diesem Prinzip funktioniert das ganze Universum. All Ihre Handlungen kehren, wie ein Echo, auf jeden Fall zu Ihnen zur\u00fcck. Deshalb ist es wichtig, dass Ihre Gedanken, Worte und Taten nicht zur Entstehung von &hellip; <\/p>\n","protected":false},"author":1,"featured_media":0,"parent":331,"menu_order":0,"comment_status":"closed","ping_status":"closed","template":"","meta":{"ngg_post_thumbnail":0},"_links":{"self":[{"href":"http:\/\/yoga-shri.de\/index.php\/wp-json\/wp\/v2\/pages\/847"}],"collection":[{"href":"http:\/\/yoga-shri.de\/index.php\/wp-json\/wp\/v2\/pages"}],"about":[{"href":"http:\/\/yoga-shri.de\/index.php\/wp-json\/wp\/v2\/types\/page"}],"author":[{"embeddable":true,"href":"http:\/\/yoga-shri.de\/index.php\/wp-json\/wp\/v2\/users\/1"}],"replies":[{"embeddable":true,"href":"http:\/\/yoga-shri.de\/index.php\/wp-json\/wp\/v2\/comments?post=847"}],"version-history":[{"count":2,"href":"http:\/\/yoga-shri.de\/index.php\/wp-json\/wp\/v2\/pages\/847\/revisions"}],"predecessor-version":[{"id":1947,"href":"http:\/\/yoga-shri.de\/index.php\/wp-json\/wp\/v2\/pages\/847\/revisions\/1947"}],"up":[{"embeddable":true,"href":"http:\/\/yoga-shri.de\/index.php\/wp-json\/wp\/v2\/pages\/331"}],"wp:attachment":[{"href":"http:\/\/yoga-shri.de\/index.php\/wp-json\/wp\/v2\/media?parent=847"}],"curies":[{"name":"wp","href":"https:\/\/api.w.org\/{rel}","templated":true}]}}