{"id":860,"date":"2020-01-25T22:41:25","date_gmt":"2020-01-25T21:41:25","guid":{"rendered":"http:\/\/localhost\/yogashri\/neu\/online\/?page_id=860"},"modified":"2020-02-23T23:29:27","modified_gmt":"2020-02-23T22:29:27","slug":"ueber-die-wuensche","status":"publish","type":"page","link":"http:\/\/yoga-shri.de\/index.php\/satsangs-texte-gleichnisse\/ueber-die-wuensche\/","title":{"rendered":"\u00dcber die W\u00fcnsche"},"content":{"rendered":"<section class=\"ce_text block\">\n<h5>\u00dcber die W\u00fcnsche. Satsang vom 2. Juni 2012<\/h5>\n<p>Der Mensch hat eine Vielzahl von W\u00fcnschen. Einige dieser W\u00fcnsche kommen und gehen, aber an andere bindet sich der Mensch sehr stark an. Er m\u00f6chte dann, dass in seinem Leben etwas ganz genau so geschieht, wie er es sich w\u00fcnscht &#8211; und nicht anders.<\/p>\n<p><img decoding=\"async\" loading=\"lazy\" class=\"wp-image-1948  aligncenter\" src=\"http:\/\/yoga-shri.de\/wp-content\/uploads\/2020\/02\/dill-2304158_960_720.jpg\" alt=\"\" width=\"490\" height=\"326\" srcset=\"http:\/\/yoga-shri.de\/wp-content\/uploads\/2020\/02\/dill-2304158_960_720.jpg 960w, http:\/\/yoga-shri.de\/wp-content\/uploads\/2020\/02\/dill-2304158_960_720-300x200.jpg 300w, http:\/\/yoga-shri.de\/wp-content\/uploads\/2020\/02\/dill-2304158_960_720-768x511.jpg 768w, http:\/\/yoga-shri.de\/wp-content\/uploads\/2020\/02\/dill-2304158_960_720-700x465.jpg 700w\" sizes=\"(max-width: 490px) 100vw, 490px\" \/><\/p>\n<p>Wenn sich dieser Wunsch erf\u00fcllt, dann freut sich der Mensch und ist gl\u00fccklich, wenn nicht, ist er sehr verstimmt und traurig und denkt, dass er gar nichts hat. Nach einiger Zeit entsteht dann ein neuer Wunsch in ihm. Die W\u00fcnsche \u00e4hneln den Wasserbl\u00e4schen, die w\u00e4hrend eines starken Regens entstehen, wenn die Tropfen auf eine Oberfl\u00e4che treffen. Sie entstehen f\u00fcr einen Augenblick und verschwinden sofort wieder. W\u00fcnsche kann man nicht nach Belieben verschwinden lassen, aber man kann sie in etwas H\u00f6heres transformieren.<\/p>\n<p>Jene W\u00fcnsche, an die man sich stark anbindet, bringen keine guten Resultate hervor. Um einen Zustand der Ruhe in ihrem Inneren zu haben, m\u00fcssen die Menschen immer daran denken, dass im Leben bereits alles vorbestimmt ist. Ob sie es wollen oder nicht &#8211; alles wird so geschehen, wie es vorgesehen ist. Aber von den W\u00fcnschen, an die sie sich angebunden haben, h\u00e4ngt es ab, ob &nbsp;sie Freude empfinden oder ungl\u00fccklich sind. Es ist nicht schlecht, W\u00fcnsche zu haben, aber die Anhaftung an ihnen f\u00fchrt dazu, dass im Leben Schwierigkeiten entstehen.<\/p>\n<p>Wie kann man es lernen, sich nicht an seine W\u00fcnsche anzubinden? Daf\u00fcr muss man in sein Inneres schauen, sich auf sich selbst fokussieren und Wissen \u00fcber sich selbst erwerben. Die Menschen schauen mehr auf das \u00c4u\u00dfere und vergessen, dass sich in ihnen etwas Wertvolles befindet. Wenn der Mensch sich auf sich selbst konzentrieren kann, dann wird er innerlich stark werden. Dann beginnt er vieles zu verstehen, was er fr\u00fcher nicht verstanden hat. Doch so lange die Anbindung an W\u00fcnsche da ist, wird dies mal zu Freude, mal zu Traurigkeit f\u00fchren. Morgens werden Sie sich gl\u00fccklich und voller Kraft f\u00fchlen und abends so schlecht, als w\u00e4ren Berge auf ihren Kopf gefallen &#8211; obwohl sich in Wirklichkeit gar nichts ver\u00e4ndert hat, au\u00dfer Ihrem inneren Zustand. Morgens haben Sie das bekommen, was Sie wollten, und abends stellen Sie fest, dass &nbsp;irgendwelche Ihrer W\u00fcnsche nicht in Erf\u00fcllung gegangen sind, und deshalb ist Ihnen so schwer ums Herz. Um keinen Verdruss zu empfinden, muss man seine W\u00fcnsche in etwas H\u00f6heres transformieren.<\/p>\n<p>Der Mensch m\u00f6chte in seinem Leben ein paar Dinge bekommen, und darum dreht sich sein ganzes Streben. Es sind nicht sehr viele W\u00fcnsche, man kann sie an den Fingern abz\u00e4hlen. Jeder aber m\u00f6chte das bekommen, was seinen pers\u00f6nlichen Bed\u00fcrfnissen und dem eigenen Niveau entspricht. Man sollte sich jedoch im Leben in allen Situationen freuen. Liebe, Ruhe, Freude \u2013 all das sind g\u00f6ttliche Eigenschaften, die man in sich selbst versuchen sollte zu erziehen.<\/p>\n<p>Bem\u00fchen Sie sich, Ihre W\u00fcnsche immer mehr zu reinigen und sich in Richtung auf das einzige Ziel des Lebens hin zu bewegen \u2013 zur Erkenntnis Gottes, zur Erkenntnis von sich selbst. Und sobald ein guter Wunsch in Ihnen entsteht, arbeiten Sie daran, ihn zu erf\u00fcllen &#8211; aber binden Sie sich nicht an das Ergebnis, sondern nehmen Sie es immer als eine Gnade Gottes an.<\/p>\n<p><a href=\"http:\/\/yoga-shri.de\/index.php\/satsangs-texte-gleichnisse\/\">zur\u00fcck zum &#8222;Satsangs Themen&#8220;<\/a><\/p>\n<\/section>\n","protected":false},"excerpt":{"rendered":"<p>\u00dcber die W\u00fcnsche. Satsang vom 2. Juni 2012 Der Mensch hat eine Vielzahl von W\u00fcnschen. Einige dieser W\u00fcnsche kommen und gehen, aber an andere bindet sich der Mensch sehr stark an. Er m\u00f6chte dann, dass in seinem Leben etwas ganz genau so geschieht, wie er es sich w\u00fcnscht &#8211; und nicht anders. Wenn sich dieser Wunsch erf\u00fcllt, dann freut sich der Mensch und ist gl\u00fccklich, wenn nicht, ist er sehr verstimmt und traurig und denkt, &hellip; <\/p>\n","protected":false},"author":1,"featured_media":0,"parent":331,"menu_order":0,"comment_status":"closed","ping_status":"closed","template":"","meta":{"ngg_post_thumbnail":0},"_links":{"self":[{"href":"http:\/\/yoga-shri.de\/index.php\/wp-json\/wp\/v2\/pages\/860"}],"collection":[{"href":"http:\/\/yoga-shri.de\/index.php\/wp-json\/wp\/v2\/pages"}],"about":[{"href":"http:\/\/yoga-shri.de\/index.php\/wp-json\/wp\/v2\/types\/page"}],"author":[{"embeddable":true,"href":"http:\/\/yoga-shri.de\/index.php\/wp-json\/wp\/v2\/users\/1"}],"replies":[{"embeddable":true,"href":"http:\/\/yoga-shri.de\/index.php\/wp-json\/wp\/v2\/comments?post=860"}],"version-history":[{"count":2,"href":"http:\/\/yoga-shri.de\/index.php\/wp-json\/wp\/v2\/pages\/860\/revisions"}],"predecessor-version":[{"id":1949,"href":"http:\/\/yoga-shri.de\/index.php\/wp-json\/wp\/v2\/pages\/860\/revisions\/1949"}],"up":[{"embeddable":true,"href":"http:\/\/yoga-shri.de\/index.php\/wp-json\/wp\/v2\/pages\/331"}],"wp:attachment":[{"href":"http:\/\/yoga-shri.de\/index.php\/wp-json\/wp\/v2\/media?parent=860"}],"curies":[{"name":"wp","href":"https:\/\/api.w.org\/{rel}","templated":true}]}}