{"id":875,"date":"2020-01-25T23:11:08","date_gmt":"2020-01-25T22:11:08","guid":{"rendered":"http:\/\/localhost\/yogashri\/neu\/online\/?page_id=875"},"modified":"2020-02-23T23:31:54","modified_gmt":"2020-02-23T22:31:54","slug":"ueber-reine-und-hingebungsvolle-liebe","status":"publish","type":"page","link":"http:\/\/yoga-shri.de\/index.php\/satsangs-texte-gleichnisse\/ueber-reine-und-hingebungsvolle-liebe\/","title":{"rendered":"\u00dcber reine und hingebungsvolle Liebe"},"content":{"rendered":"<p>Das Thema des ersten Satsangs im Jahr 2012 wurde das Thema der Liebe, Bhakti.<\/p>\n<p>Es gibt nichts Wichtigeres im Leben als die reine und hingebungsvolle Liebe. In der heutigen Welt kann man die reine Liebe nur selten finden. Aber es ist sehr wichtig, dass im Herzen des Menschen mehr Bhakti ist.<\/p>\n<p>Einer der gro\u00dfen Namen in der Geschichte der Menschheit ist Radha. Mit ihrem Leben zeigte sie, welche Kraft die Liebe in sich tr\u00e4gt. Doch Radha ist nicht nur ein M\u00e4dchen, das im alten Indien geboren wurde. Das Wort \u201eRadha\u201c hat einen viel tieferen Sinn. Radha ist ein Mensch, der hingebungsvoll Gott liebt und sich seiner Bhakti sicher ist. Es ist jemand, der voller Konzentration den Weg zu Gott geht und ihn immer lieben wird.<\/p>\n<p>Wenn der Mensch \u201eRadhe-Radhe\u201c sagt, bedeutet es, dass er immer an Liebe denkt. Diese Worte sind ein Symbol f\u00fcr die Liebe. In dem Wort Radhe ist ein Teil Gottes enthalten, und wenn der Mensch \u201eRadhe-Radhe\u201c sagt \u2013 wiederholt er einen Namen Gottes. Das ist die wahre Wissenschaft des Wortes, des Mantras.<\/p>\n<p><a href=\"http:\/\/yoga-shri.de\/index.php\/satsangs-texte-gleichnisse\/\">zur\u00fcck zum &#8222;Satsangs Themen&#8220;<\/a><\/p>\n","protected":false},"excerpt":{"rendered":"<p>Das Thema des ersten Satsangs im Jahr 2012 wurde das Thema der Liebe, Bhakti. Es gibt nichts Wichtigeres im Leben als die reine und hingebungsvolle Liebe. In der heutigen Welt kann man die reine Liebe nur selten finden. Aber es ist sehr wichtig, dass im Herzen des Menschen mehr Bhakti ist. Einer der gro\u00dfen Namen in der Geschichte der Menschheit ist Radha. Mit ihrem Leben zeigte sie, welche Kraft die Liebe in sich tr\u00e4gt. Doch &hellip; <\/p>\n","protected":false},"author":1,"featured_media":0,"parent":331,"menu_order":0,"comment_status":"closed","ping_status":"closed","template":"","meta":{"ngg_post_thumbnail":0},"_links":{"self":[{"href":"http:\/\/yoga-shri.de\/index.php\/wp-json\/wp\/v2\/pages\/875"}],"collection":[{"href":"http:\/\/yoga-shri.de\/index.php\/wp-json\/wp\/v2\/pages"}],"about":[{"href":"http:\/\/yoga-shri.de\/index.php\/wp-json\/wp\/v2\/types\/page"}],"author":[{"embeddable":true,"href":"http:\/\/yoga-shri.de\/index.php\/wp-json\/wp\/v2\/users\/1"}],"replies":[{"embeddable":true,"href":"http:\/\/yoga-shri.de\/index.php\/wp-json\/wp\/v2\/comments?post=875"}],"version-history":[{"count":2,"href":"http:\/\/yoga-shri.de\/index.php\/wp-json\/wp\/v2\/pages\/875\/revisions"}],"predecessor-version":[{"id":1952,"href":"http:\/\/yoga-shri.de\/index.php\/wp-json\/wp\/v2\/pages\/875\/revisions\/1952"}],"up":[{"embeddable":true,"href":"http:\/\/yoga-shri.de\/index.php\/wp-json\/wp\/v2\/pages\/331"}],"wp:attachment":[{"href":"http:\/\/yoga-shri.de\/index.php\/wp-json\/wp\/v2\/media?parent=875"}],"curies":[{"name":"wp","href":"https:\/\/api.w.org\/{rel}","templated":true}]}}