{"id":886,"date":"2020-01-25T23:22:33","date_gmt":"2020-01-25T22:22:33","guid":{"rendered":"http:\/\/localhost\/yogashri\/neu\/online\/?page_id=886"},"modified":"2020-02-23T23:34:35","modified_gmt":"2020-02-23T22:34:35","slug":"die-reinigung-von-karma-mit-hilfe-des-mantras","status":"publish","type":"page","link":"http:\/\/yoga-shri.de\/index.php\/satsangs-texte-gleichnisse\/die-reinigung-von-karma-mit-hilfe-des-mantras\/","title":{"rendered":"Die Reinigung von Karma mit Hilfe des Mantras"},"content":{"rendered":"<p>Das Allerwichtigste ist die innere Reinheit und die Konzentration auf sich selbst. Ein reiner und ruhiger Zustand hilft, besser zu verstehen, was der Lehrer sagt, und die Konzentration hilft, Fehler zu vermeiden. Die st\u00e4ndige Arbeit an sich selbst und die regelm\u00e4\u00dfige Aus\u00fcbung der geistigen Praxis, die der Lehrer gegeben hat, helfen dem Menschen, sich von allem Negativen zu befreien, sich zu vervollkommnen.<\/p>\n<p>Das negative Karma kann man reinigen, aber es ist ein langwieriger Prozess. Wenn man regelm\u00e4\u00dfig Jap (Wiederholung des Namens Gottes, Mantra) aus\u00fcbt, dann wird die Kraft des Mantras allm\u00e4hlich aufwachen und Ordnung ins Leben bringen. Wenn das negative Karma gereinigt wird, erwacht zu seiner Abl\u00f6sung ein Karma, das ein positives Resultat bringt. Schwierigkeiten k\u00f6nnen entstehen, aber die Aus\u00fcbung von Jap hilft Ihnen, den besten Ausweg aus der entstandenen Situation zu finden und Ihr Leben gl\u00fccklicher zu machen.<\/p>\n<p><a href=\"http:\/\/yoga-shri.de\/index.php\/satsangs-texte-gleichnisse\/\">zur\u00fcck zum &#8222;Satsangs Themen&#8220;<\/a><\/p>\n","protected":false},"excerpt":{"rendered":"<p>Das Allerwichtigste ist die innere Reinheit und die Konzentration auf sich selbst. Ein reiner und ruhiger Zustand hilft, besser zu verstehen, was der Lehrer sagt, und die Konzentration hilft, Fehler zu vermeiden. Die st\u00e4ndige Arbeit an sich selbst und die regelm\u00e4\u00dfige Aus\u00fcbung der geistigen Praxis, die der Lehrer gegeben hat, helfen dem Menschen, sich von allem Negativen zu befreien, sich zu vervollkommnen. Das negative Karma kann man reinigen, aber es ist ein langwieriger Prozess. Wenn &hellip; <\/p>\n","protected":false},"author":1,"featured_media":0,"parent":331,"menu_order":0,"comment_status":"closed","ping_status":"closed","template":"","meta":{"ngg_post_thumbnail":0},"_links":{"self":[{"href":"http:\/\/yoga-shri.de\/index.php\/wp-json\/wp\/v2\/pages\/886"}],"collection":[{"href":"http:\/\/yoga-shri.de\/index.php\/wp-json\/wp\/v2\/pages"}],"about":[{"href":"http:\/\/yoga-shri.de\/index.php\/wp-json\/wp\/v2\/types\/page"}],"author":[{"embeddable":true,"href":"http:\/\/yoga-shri.de\/index.php\/wp-json\/wp\/v2\/users\/1"}],"replies":[{"embeddable":true,"href":"http:\/\/yoga-shri.de\/index.php\/wp-json\/wp\/v2\/comments?post=886"}],"version-history":[{"count":2,"href":"http:\/\/yoga-shri.de\/index.php\/wp-json\/wp\/v2\/pages\/886\/revisions"}],"predecessor-version":[{"id":1956,"href":"http:\/\/yoga-shri.de\/index.php\/wp-json\/wp\/v2\/pages\/886\/revisions\/1956"}],"up":[{"embeddable":true,"href":"http:\/\/yoga-shri.de\/index.php\/wp-json\/wp\/v2\/pages\/331"}],"wp:attachment":[{"href":"http:\/\/yoga-shri.de\/index.php\/wp-json\/wp\/v2\/media?parent=886"}],"curies":[{"name":"wp","href":"https:\/\/api.w.org\/{rel}","templated":true}]}}