{"id":890,"date":"2020-01-25T23:31:00","date_gmt":"2020-01-25T22:31:00","guid":{"rendered":"http:\/\/localhost\/yogashri\/neu\/online\/?page_id=890"},"modified":"2020-02-23T23:35:09","modified_gmt":"2020-02-23T22:35:09","slug":"yoga-das-richtige-verstaendnis-des-wortes-yoga","status":"publish","type":"page","link":"http:\/\/yoga-shri.de\/index.php\/satsangs-texte-gleichnisse\/yoga-das-richtige-verstaendnis-des-wortes-yoga\/","title":{"rendered":"YOGA. Das richtige Verst\u00e4ndnis des Wortes \u201eYoga\u201c"},"content":{"rendered":"<p><span style=\"color: #008080;\"><em>Satsang vom 3. September 2011<\/em><\/span><\/p>\n<div style=\"text-align: left;\" align=\"center\">\n<h5><span style=\"color: #ff6600;\">Die drei Hauptwege von Yoga sind Gyan-, Bhakti- und Karma-Yoga.<\/span><\/h5>\n<p>Yoga ist eine uralte Wissenschaft die sich mit den Wegen der geistigen Befreiung, der Selbsterkenntnis, der eigenen Seele (Atma) und der Verbindung mit Gott besch\u00e4ftigt. Ein ruhiger innerer Zustand ist das erste, was daf\u00fcr notwendig ist. Das kann man erreichen, wenn man sein<\/p>\n<div style=\"text-align: left;\" align=\"center\"><img decoding=\"async\" loading=\"lazy\" class=\"alignright wp-image-1551\" src=\"http:\/\/localhost\/yogashri\/neu\/online\/wp-content\/uploads\/2020\/02\/2011-Satsang-in-Berlin.jpg\" alt=\"\" width=\"349\" height=\"281\" srcset=\"http:\/\/yoga-shri.de\/wp-content\/uploads\/2020\/02\/2011-Satsang-in-Berlin.jpg 450w, http:\/\/yoga-shri.de\/wp-content\/uploads\/2020\/02\/2011-Satsang-in-Berlin-300x241.jpg 300w\" sizes=\"(max-width: 349px) 100vw, 349px\" \/><\/div>\n<p>en Verstand beruhigt. Um den Verstand zu beruhigen gibt es im Yoga Praktiken: die Wiederholung des Namen Gottes, von Mantra, Mantra-Meditation.<\/p>\n<\/div>\n<div style=\"text-align: left;\" align=\"center\">&nbsp;<\/div>\n<div style=\"text-align: left;\" align=\"center\">Yoga ist ein sehr weitl\u00e4ufiger Begriff, der in sich die richtige Lebensweise des Menschen einschlie\u00dft: Disziplin und Selbstkontrolle. Erst wenn der Mensch lernt, sein Leben richtig zu f\u00fchren, sich geistige Eigenschaften anzueignen &#8211; wie Liebe, G\u00fcte und Vergebung &#8211; erst dann wird er sich geistig entwickeln und die Verbindung mit Gott erreichen k\u00f6nnen.<\/div>\n<div style=\"text-align: left;\" align=\"center\">&nbsp;<\/div>\n<div style=\"text-align: left;\" align=\"center\">Yoga lehrt den Menschen an sich zu arbeiten. Der Mensch schaut meistens auf die anderen, will sie ver\u00e4ndern, ihnen etwas beibringen. Sie k\u00f6nnen die anderen Menschen nicht ver\u00e4ndern. Ihre Gedanken, Worte und Taten werden nicht so sein, wie Sie es wollen. Lernen Sie es, immer bei sich anzufangen. Wenn Sie jemandem etwas beibringen m\u00f6chten, lernen Sie das zuerst selbst. Wenn jeder Mensch an sich arbeiten wird und nicht versucht, andere zu ver\u00e4ndern, wird es sehr gut. Dann wird sich vieles in dem Leben der Menschen ver\u00e4ndern. Einem anderen Menschen kann man nur etwas anbieten, es aber nicht aufzwingen, auch wenn das sehr gut sein mag. In jedem Menschen ist die Kraft Gottes und man muss dem Menschen die M\u00f6glichkeit geben, die Entscheidung selbst zu treffen.<\/div>\n<div style=\"text-align: left;\" align=\"center\">&nbsp;<\/div>\n<div style=\"text-align: left;\" align=\"center\">Was bedeutet es frei zu sein? Jeder Mensch sollte seinen Lebensweg und seinen spirituellen Weg frei w\u00e4hlen k\u00f6nnen. Im Leben sind jedoch Disziplin und Ordnung unabdingbar, denn ohne das kann der Mensch keine Ruhe und Freude erlangen. Der Mensch kann sich gute W\u00fcnsche erf\u00fcllen, sich dabei aber unter Kontrolle halten, dann wird es f\u00fcr ihn Gewinnbringend sein.<\/div>\n<div style=\"text-align: left;\" align=\"center\">&nbsp;<\/div>\n<div style=\"text-align: left;\" align=\"center\">In einem ruhigen Zustand wacht bei dem Menschen viel Energie auf, viele n\u00fctzliche Gedanken entstehen. Und wenn der Verstand unruhig ist, werden in ihm viele unrichtige Gedanken geboren. Deswegen sollte man in einem unruhigen Zustand keine wichtigen Entscheidungen treffen, in den meisten F\u00e4llen sind sie nicht richtig. Beruhigen Sie sich zuerst, denken Sie gut nach und treffen erst dann die Entscheidung.<\/div>\n<div style=\"text-align: left;\" align=\"center\">&nbsp;<\/div>\n<div style=\"text-align: left;\" align=\"center\">Es ist gut, den Tag mit Gebet zu beginnen, mit der Wiederholung des Namen Gottes, Mantra und Meditation. Indem Sie die Morgenzeit der geistigen Praxis widmen, erhalten Sie eine positive Energie, die Ihnen im Laufe des ganzen Tages helfen wird. Nach dem Aufwachen sammeln Sie zuerst innerlich die Kraft \u2013 die Energie \u2013 dann erst beginnen Sie mit Ihren T\u00e4tigkeiten und bem\u00fchen Sie sich, den Tag nicht mit Unruhe zu starten.<\/div>\n<div style=\"text-align: left;\" align=\"center\">&nbsp;<\/div>\n<div style=\"text-align: left;\" align=\"center\">Yoga lehrt den Menschen verantwortungsbewusst und qualitativ seine Verpflichtungen zu erf\u00fcllen.<\/div>\n<div style=\"text-align: left;\" align=\"center\">&nbsp;<\/div>\n<div style=\"text-align: left;\" align=\"center\">Seien Sie immer ehrlich und rein vor sich selbst. In Ihrem Inneren ist Gott und Er sieht alles und versteht alles sehr gut. \u00dcber einen anderen Menschen soll man nicht einmal schlecht denken, weil solche Gedanken mit der Zeit zu Ihnen zur\u00fcckkehren und Sie st\u00f6ren werden. Und einem anderen Menschen wird es nichts anhaben, wenn er alles ehrlich und richtig macht.<\/div>\n<div style=\"text-align: left;\" align=\"center\">&nbsp;<\/div>\n<div style=\"text-align: left;\" align=\"center\">Wenn Sie Ihre Arbeit mit reinem Herzen und Liebe erledigen, dann ist das auch ein Gebet. Und wenn man sich im Gebet an Gott wendet, sollte man Ihn nicht nur um etwas bitten, sondern sich auch bei Ihm f\u00fcr alles bedanken, was Er Ihnen gegeben hat.<\/div>\n<div style=\"text-align: left;\" align=\"center\">&nbsp;<\/div>\n<div style=\"text-align: left;\" align=\"center\">Yoga lehrt den Menschen Ruhe, Harmonie und wohlwollendes Verhalten gegen\u00fcber den Mitmenschen. Das wichtigste im Leben eines Menschen ist es zu lernen, richtig zu leben, sich anderen gegen\u00fcber gut zu verhalten und wahrhaftig zu lieben. Ohne das wird es im Leben des Menschen keine Ruhe geben. Das ist die Grundlage von Yoga, die Grundlage der Spiritualit\u00e4t. Dann werden auch die \u00fcbrigen geistigen Praktiken effektiv sein.<\/div>\n<div style=\"text-align: left;\" align=\"center\">&nbsp;<\/div>\n<div style=\"text-align: left;\" align=\"center\">Die Erleuchtung ist ein hoher geistiger Zustand. Und ebenso wie es unm\u00f6glich ist die Liebe, den wohlwollenden Umgang und die geistigen Eigenschaften zu kaufen, also alles was zur inneren Welt des Menschen geh\u00f6rt \u2013 dem Ort der st\u00e4ndigen Anwesenheit Gottes \u2013 genauso ist es nicht m\u00f6glich, f\u00fcr Geld die Chakren zu \u00f6ffnen oder die Erleuchtung zu erhalten. Das erlangt man mittels der st\u00e4ndigen Arbeit an sich selbst: der Selbstreinigung, der Erreichung von geistigen Eigenschaften unter der Leitung des Sadgurus. Das Wichtigste, um diesen Zustand zu erreichen, ist die innere Reinheit. F\u00fcr die Liebe gibt es keinen Preis. Demjenigen, der Sie von Herzen wahr und rein liebt, k\u00f6nnen Sie mit nichts bezahlen. So eine Liebe ist unbezahlbar. Die g\u00f6ttlichen Eigenschaften: Liebe, G\u00fcte und Vergebung kann man nicht kaufen. Deswegen sollte der Mensch, wenn er auf dem geistigen Weg geht, dies sehr gut verstehen.<\/div>\n<div style=\"text-align: left;\" align=\"center\">&nbsp;<\/div>\n<div style=\"text-align: left;\" align=\"center\">In den Veden wird gesagt, dass &#8211; wenn geistiges Wissen verkauft wird &#8211; es nicht funktionieren wird.<\/div>\n<div style=\"text-align: left;\" align=\"center\">&nbsp;<\/div>\n<div style=\"text-align: left;\" align=\"center\">Weiterhin wird gesagt, dass die Erde unser gemeinsames zu Hause ist und alle Menschen eine gro\u00dfe Familie sind.<\/div>\n<div align=\"center\">&nbsp;<\/div>\n<div style=\"text-align: left;\" align=\"center\"><a href=\"http:\/\/yoga-shri.de\/index.php\/satsangs-texte-gleichnisse\/\">zur\u00fcck zum &#8222;Satsangs Themen&#8220;<\/a><\/div>\n","protected":false},"excerpt":{"rendered":"<p>Satsang vom 3. September 2011 Die drei Hauptwege von Yoga sind Gyan-, Bhakti- und Karma-Yoga. Yoga ist eine uralte Wissenschaft die sich mit den Wegen der geistigen Befreiung, der Selbsterkenntnis, der eigenen Seele (Atma) und der Verbindung mit Gott besch\u00e4ftigt. Ein ruhiger innerer Zustand ist das erste, was daf\u00fcr notwendig ist. Das kann man erreichen, wenn man sein en Verstand beruhigt. Um den Verstand zu beruhigen gibt es im Yoga Praktiken: die Wiederholung des Namen &hellip; <\/p>\n","protected":false},"author":1,"featured_media":0,"parent":331,"menu_order":0,"comment_status":"closed","ping_status":"closed","template":"","meta":{"ngg_post_thumbnail":0},"_links":{"self":[{"href":"http:\/\/yoga-shri.de\/index.php\/wp-json\/wp\/v2\/pages\/890"}],"collection":[{"href":"http:\/\/yoga-shri.de\/index.php\/wp-json\/wp\/v2\/pages"}],"about":[{"href":"http:\/\/yoga-shri.de\/index.php\/wp-json\/wp\/v2\/types\/page"}],"author":[{"embeddable":true,"href":"http:\/\/yoga-shri.de\/index.php\/wp-json\/wp\/v2\/users\/1"}],"replies":[{"embeddable":true,"href":"http:\/\/yoga-shri.de\/index.php\/wp-json\/wp\/v2\/comments?post=890"}],"version-history":[{"count":9,"href":"http:\/\/yoga-shri.de\/index.php\/wp-json\/wp\/v2\/pages\/890\/revisions"}],"predecessor-version":[{"id":1957,"href":"http:\/\/yoga-shri.de\/index.php\/wp-json\/wp\/v2\/pages\/890\/revisions\/1957"}],"up":[{"embeddable":true,"href":"http:\/\/yoga-shri.de\/index.php\/wp-json\/wp\/v2\/pages\/331"}],"wp:attachment":[{"href":"http:\/\/yoga-shri.de\/index.php\/wp-json\/wp\/v2\/media?parent=890"}],"curies":[{"name":"wp","href":"https:\/\/api.w.org\/{rel}","templated":true}]}}